{"id":409,"date":"2025-08-27T23:30:33","date_gmt":"2025-08-27T21:30:33","guid":{"rendered":"https:\/\/mat.ub.edu\/comissio-igualtat\/?page_id=409"},"modified":"2025-08-27T23:30:37","modified_gmt":"2025-08-27T21:30:37","slug":"activitats","status":"publish","type":"page","link":"https:\/\/mat.ub.edu\/comissio-igualtat\/activitats\/","title":{"rendered":"Activitats"},"content":{"rendered":"<h2><strong>Perspectiva de g\u00e8nere en matem\u00e0tiques i inform\u00e0tica<\/strong><\/h2>\n<p>Dimecres 10 de setembre de 2025, Aula T1 \/\/ <a href=\"https:\/\/www.ub.edu\/gidp-matice\/faces\/formatice;jsessionid=lB7tcCNoj6xaCLwPTZp9LxQBI3ZbmUibZVBVnL32aiezoZ-dDrYr!-70651436?curs=66198\">Inscripci\u00f3<\/a><\/p>\n<p>Aquesta jornada, organitzada per la Comissi\u00f3 d\u2019Igualtat de la Facultat de Matem\u00e0tiques i Inform\u00e0tica de la Universitat de Barcelona i reconeguda per l&#8217;IDP-ICE, t\u00e9 com a finalitat promoure una reflexi\u00f3 constructiva sobre les desigualtats de g\u00e8nere en l\u2019\u00e0mbit de les matem\u00e0tiques i la inform\u00e0tica. Es pret\u00e9n visibilitzar la import\u00e0ncia d\u2019incorporar la perspectiva de g\u00e8nere en tot l\u2019\u00e0mbit de la inform\u00e0tica (en la doc\u00e8ncia, en el disseny i desenvolupament de sistemes inform\u00e0tics, en l\u2019activitat professional,&#8230;) i donar eines per fer efectiva aquesta incorporaci\u00f3. La jornada est\u00e0 adre\u00e7ada espec\u00edficament al professorat de la Facultat de Matem\u00e0tiques i Inform\u00e0tica de la UB, per\u00f2 oberta a l\u2019alumnat i el PTGAS.<\/p>\n<p>La jornada comptar\u00e0 amb tres pon\u00e8ncies destacades. Les dues primeres aniran a c\u00e0rrec de les professores S\u00f2nia Estrad\u00e9 i N\u00faria Castell, reconegudes tant per la seva expertesa com pel seu comprom\u00eds amb la igualtat de g\u00e8nere. Per cloure la jornada, Alba Tacoronte, alumna del M\u00e0ster en Matem\u00e0tica Avan\u00e7ada de la nostra facultat, oferir\u00e0 la darrera intervenci\u00f3, que donar\u00e0 pas a una sessi\u00f3 de discussi\u00f3.<\/p>\n<p><strong>Horari<\/strong><br \/>\n09:00 &#8211; 10:30 S\u00f2nia Estrad\u00e9<br \/>\n10:30 &#8211; 11:00 Pausa caf\u00e8<br \/>\n11:00 &#8211; 12:00 N\u00faria Castell<br \/>\n12:10 &#8211; 12:50 Alba Tacoronte<br \/>\n13:00 &#8211; 13:30 Discussi\u00f3<\/p>\n","protected":false},"excerpt":{"rendered":"<p>Perspectiva de g\u00e8nere en matem\u00e0tiques i inform\u00e0tica Dimecres 10 de setembre de 2025, Aula T1 \/\/ Inscripci\u00f3 Aquesta jornada, organitzada per la Comissi\u00f3 d\u2019Igualtat de la Facultat de Matem\u00e0tiques i Inform\u00e0tica de la Universitat de Barcelona i reconeguda per l&#8217;IDP-ICE, t\u00e9 com a finalitat promoure una reflexi\u00f3 constructiva sobre les desigualtats de g\u00e8nere en l\u2019\u00e0mbit [&hellip;]<\/p>\n","protected":false},"author":21,"featured_media":0,"parent":0,"menu_order":0,"comment_status":"closed","ping_status":"closed","template":"","meta":{"footnotes":""},"class_list":["post-409","page","type-page","status-publish","hentry"],"_links":{"self":[{"href":"https:\/\/mat.ub.edu\/comissio-igualtat\/wp-json\/wp\/v2\/pages\/409","targetHints":{"allow":["GET"]}}],"collection":[{"href":"https:\/\/mat.ub.edu\/comissio-igualtat\/wp-json\/wp\/v2\/pages"}],"about":[{"href":"https:\/\/mat.ub.edu\/comissio-igualtat\/wp-json\/wp\/v2\/types\/page"}],"author":[{"embeddable":true,"href":"https:\/\/mat.ub.edu\/comissio-igualtat\/wp-json\/wp\/v2\/users\/21"}],"replies":[{"embeddable":true,"href":"https:\/\/mat.ub.edu\/comissio-igualtat\/wp-json\/wp\/v2\/comments?post=409"}],"version-history":[{"count":1,"href":"https:\/\/mat.ub.edu\/comissio-igualtat\/wp-json\/wp\/v2\/pages\/409\/revisions"}],"predecessor-version":[{"id":410,"href":"https:\/\/mat.ub.edu\/comissio-igualtat\/wp-json\/wp\/v2\/pages\/409\/revisions\/410"}],"wp:attachment":[{"href":"https:\/\/mat.ub.edu\/comissio-igualtat\/wp-json\/wp\/v2\/media?parent=409"}],"curies":[{"name":"wp","href":"https:\/\/api.w.org\/{rel}","templated":true}]}}