{"id":42,"date":"2017-04-05T14:03:16","date_gmt":"2017-04-05T14:03:16","guid":{"rendered":"https:\/\/mat.ub.edu\/degreecomputer\/?page_id=42"},"modified":"2024-01-16T09:41:35","modified_gmt":"2024-01-16T09:41:35","slug":"calendari","status":"publish","type":"page","link":"https:\/\/mat.ub.edu\/degreecomputer\/treballs-finals-de-grau\/calendari\/","title":{"rendered":"Calendar End-of-Degree Project"},"content":{"rendered":"<p><strong>Deadlines<\/strong><\/p>\n<p><strong>-El calendari per al semestre de tardor 2019-2020 \u00e9s el seg\u00fcent:<\/strong><\/p>\n<p>Data m\u00e0xima per al dip\u00f2sit del TFG: 19 Gener 2020.<\/p>\n<p>Dies de defensa del TFG: del 3 al 7 de Febrer 2020.<\/p>\n<p>&nbsp;<\/p>\n<p><strong>-El calendari per al semestre de primavera 2019-2020 \u00e9s el seg\u00fcent:<\/strong><\/p>\n<p>Data m\u00e0xima per al dip\u00f2sit del TFG: 21 Juny 2020.<\/p>\n<p>Dies de defensa del TFG: del 1 al 10 de Juliol 2020.<\/p>\n<p><strong>Segon termini per al semestre de primavera 2019-2020<\/strong> (Per acollir-se a aquest segon termini, l\u2019estudiant ha d\u2019enviar un email al coordinador de TFG (<a href=\"mailto:sergio@maia.ub.es\">sergio@maia.ub.es<\/a>) amb tutor en c\u00f2pia al fer la sol\u00b7licitud. La <strong>data m\u00e0xima per acollir-se<\/strong> a aquest segon termini de dip\u00f2sit i defensa de TFG \u00e9s el <strong>31 de maig de 2020<\/strong>.):<\/p>\n<p>Data m\u00e0xima per al dip\u00f2sit del TFG: 13 Setembre 2020.<\/p>\n<p>Dies de defensa del TFG: del 21 al 25 de Setembre 2020.<\/p>\n<p>&nbsp;<\/p>\n<p>&nbsp;<\/p>\n<p><strong>Authorization<\/strong><\/p>\n<p>So that the TFG can be published at the digital deposit of the UB, the student must provide the license, signed, at the secretary, in order for the report and source code to be published.<\/p>\n<ul>\n<li>Authorization file in PDF format, <a href=\"https:\/\/mat.ub.edu\/grauinformatica\/wp-content\/uploads\/sites\/4\/2020\/06\/cessio_drets_EI.pdf\">here<\/a>. Do not forget to sign the document!<\/li>\n<li>In case it were necessary to sign a license with different conditions (for example, those who carry out the TFG at a company), contact with the TFG coordinator so that they can offer other types of license to sign.<\/li>\n<\/ul>\n","protected":false},"excerpt":{"rendered":"<p>Deadlines -El calendari per al semestre de tardor 2019-2020 \u00e9s el seg\u00fcent: Data m\u00e0xima per al dip\u00f2sit del TFG: 19 Gener 2020. Dies de defensa del TFG: del 3 al 7 de Febrer 2020. &nbsp; -El calendari per al semestre de primavera 2019-2020 \u00e9s el seg\u00fcent: Data m\u00e0xima per al dip\u00f2sit del TFG: 21 Juny [&hellip;]<\/p>\n","protected":false},"author":35,"featured_media":0,"parent":40,"menu_order":0,"comment_status":"closed","ping_status":"closed","template":"","meta":{"footnotes":""},"class_list":["post-42","page","type-page","status-publish","hentry"],"_links":{"self":[{"href":"https:\/\/mat.ub.edu\/degreecomputer\/wp-json\/wp\/v2\/pages\/42","targetHints":{"allow":["GET"]}}],"collection":[{"href":"https:\/\/mat.ub.edu\/degreecomputer\/wp-json\/wp\/v2\/pages"}],"about":[{"href":"https:\/\/mat.ub.edu\/degreecomputer\/wp-json\/wp\/v2\/types\/page"}],"author":[{"embeddable":true,"href":"https:\/\/mat.ub.edu\/degreecomputer\/wp-json\/wp\/v2\/users\/35"}],"replies":[{"embeddable":true,"href":"https:\/\/mat.ub.edu\/degreecomputer\/wp-json\/wp\/v2\/comments?post=42"}],"version-history":[{"count":14,"href":"https:\/\/mat.ub.edu\/degreecomputer\/wp-json\/wp\/v2\/pages\/42\/revisions"}],"predecessor-version":[{"id":211,"href":"https:\/\/mat.ub.edu\/degreecomputer\/wp-json\/wp\/v2\/pages\/42\/revisions\/211"}],"up":[{"embeddable":true,"href":"https:\/\/mat.ub.edu\/degreecomputer\/wp-json\/wp\/v2\/pages\/40"}],"wp:attachment":[{"href":"https:\/\/mat.ub.edu\/degreecomputer\/wp-json\/wp\/v2\/media?parent=42"}],"curies":[{"name":"wp","href":"https:\/\/api.w.org\/{rel}","templated":true}]}}