{"id":8,"date":"2017-06-09T08:31:53","date_gmt":"2017-06-09T08:31:53","guid":{"rendered":"https:\/\/mat.ub.edu\/graumatesfisica\/?page_id=6"},"modified":"2026-03-24T10:10:30","modified_gmt":"2026-03-24T10:10:30","slug":"presentacio","status":"publish","type":"page","link":"https:\/\/mat.ub.edu\/degreemathsphysics\/","title":{"rendered":"Presentation"},"content":{"rendered":"<div class=\"wpb-content-wrapper\"><p>[vc_row][vc_column][vc_single_image image=&#8221;11&#8243; img_size=&#8221;2001&#215;200&#8243; alignment=&#8221;center&#8221; style=&#8221;vc_box_rounded&#8221; css_animation=&#8221;appear&#8221;][vc_column_text]<\/p>\n<h1>Simultaneous Degree of Mathematics and Physics<\/h1>\n<p>[\/vc_column_text][vc_row_inner disable_element=&#8221;yes&#8221;][vc_column_inner width=&#8221;1\/2&#8243;][vc_btn title=&#8221;Minimun grades course 2019\/2020&#8243; style=&#8221;flat&#8221; color=&#8221;sky&#8221; align=&#8221;center&#8221; i_icon_fontawesome=&#8221;fa fa-bar-chart&#8221; add_icon=&#8221;true&#8221; link=&#8221;url:http%3A%2F%2Fwww.ub.edu%2Fweb%2Fub%2Fca%2Festudis%2Foferta_formativa%2Fgraus%2Fnotes_tall%2Fnotes_tall.html||target:%20_blank&#8221;][\/vc_column_inner][vc_column_inner width=&#8221;1\/2&#8243;][vc_btn title=&#8221;Information for new access students&#8221; style=&#8221;flat&#8221; color=&#8221;sky&#8221; align=&#8221;center&#8221; i_icon_fontawesome=&#8221;fa fa-pencil&#8221; add_icon=&#8221;true&#8221; link=&#8221;url:https%3A%2F%2Fmat.ub.edu%2Falumnat-nou-acces%2Fmatesfisica||target:%20_blank|&#8221;][\/vc_column_inner][\/vc_row_inner][vc_row_inner][vc_column_inner][vc_btn title=&#8221;Minimun grades course 2019\/2020&#8243; style=&#8221;flat&#8221; color=&#8221;sky&#8221; align=&#8221;center&#8221; i_icon_fontawesome=&#8221;fa fa-bar-chart&#8221; add_icon=&#8221;true&#8221; link=&#8221;url:http%3A%2F%2Fwww.ub.edu%2Fweb%2Fub%2Fca%2Festudis%2Foferta_formativa%2Fgraus%2Fnotes_tall%2Fnotes_tall.html||target:%20_blank&#8221;][\/vc_column_inner][\/vc_row_inner][\/vc_column][\/vc_row][vc_row][vc_column width=&#8221;1\/2&#8243;][vc_text_separator title=&#8221;Curriculum&#8221; i_icon_fontawesome=&#8221;fa fa-graduation-cap&#8221; i_color=&#8221;black&#8221; color=&#8221;custom&#8221; accent_color=&#8221;#2a2a2a&#8221; add_icon=&#8221;true&#8221;][vc_column_text]The University of Barcelona, from the faculties of Mathematics and Physics, has organized, since the year 2009-10, a specific itinerary that allows studying the Degrees of Mathematics and Physics simultaneously.<\/p>\n<p>Admission to this double degree is obtained, exclusively, by university preregistration. There are 20 seats.<\/p>\n<p>The basic features of this double itinerary are:<\/p>\n<ol>\n<li>Two degree titulations are obtained, with the respective minors:\n<ul>\n<li>Physics Degree, with intensification in Fundamental Physics and Minor in Mathematics.<\/li>\n<li>Mathematics Degree, with Minor in Physics.<\/li>\n<\/ul>\n<\/li>\n<li>From the 2020-2021 academic year, a total of 330 ECTS credits must be taken and passed, much less than the 480 required to do the two separate degrees.<\/li>\n<li>The total intended duration of the studies is 10 semesters (depending on the End-of-Degree project date), much less than the 16 semesters studying both degrees separately.<\/li>\n<li>The double itinerary consists in a scheduling of the subjects of both studies. The faculty has setteled equivalence tables to even out subjects of each major.<\/li>\n<li>Every semester has to combine teaching of both majors. The Mathematics subjects are taught in the morning; and the Physics&#8217;, in the afternoon.<\/li>\n<li>A double itinerary student is, in fact, student of both faculties, and has to handle every administrative matter in the coordinating center: Mathematics and Computes Science<\/li>\n<\/ol>\n<p>&nbsp;[\/vc_column_text][\/vc_column][vc_column width=&#8221;1\/2&#8243;][vc_text_separator title=&#8221;Distribuci\u00f3 dels cr\u00e8dits&#8221; i_icon_fontawesome=&#8221;fa fa-pencil&#8221; i_color=&#8221;black&#8221; color=&#8221;custom&#8221; accent_color=&#8221;#2a2a2a&#8221; add_icon=&#8221;true&#8221;][vc_column_text]<\/p>\n<div id=\"d1\">\n<p><strong>Distribuci\u00f3 dels cr\u00e8dits a superar, segons el tipus d&#8217;assignatura, \u00e9s la seg\u00fcent:<\/strong><\/p>\n<p>&nbsp;<\/p>\n<\/div>\n<table id=\"AutoNumber3\" style=\"border: 1px solid black; width: 100%;\" border=\"1\" width=\"100%\" cellspacing=\"0\">\n<tbody>\n<tr>\n<td style=\"border: 1px solid black; width: 60%;\" width=\"60%\">\n<p align=\"center\"><span style=\"font-size: small;\"><b>Type<\/b><\/span><\/p>\n<\/td>\n<td style=\"border: 1px solid black; width: 20%;\" align=\"center\" width=\"20%\"><span style=\"font-size: small;\"><b>Acronym<\/b><\/span><\/td>\n<td style=\"border: 1px solid black; width: 20%;\" align=\"center\" width=\"20%\"><span style=\"font-size: small;\"><b>\u00a0ECTS credits<br \/>\n<\/b><\/span><\/td>\n<\/tr>\n<tr>\n<td style=\"border: 1px solid black; width: 60%;\" width=\"60%\">Basic Training of the Mathematics Degree<\/td>\n<td style=\"border: 1px solid black; width: 20%; text-align: center;\" align=\"center\" width=\"20%\"><span style=\"font-size: small;\">FB<\/span><\/td>\n<td style=\"border: 1px solid black; width: 20%; text-align: center;\" align=\"center\" width=\"20%\"><span style=\"font-size: small;\">36<\/span><\/td>\n<\/tr>\n<tr>\n<td style=\"border: 1px solid black; width: 60%;\" width=\"60%\">Compulsary credits of the Mathematics Degree<\/td>\n<td style=\"border: 1px solid black; width: 20%; text-align: center;\" align=\"center\" width=\"20%\"><span style=\"font-size: small;\">OB<\/span><\/td>\n<td style=\"border: 1px solid black; width: 20%; text-align: center;\" align=\"center\" width=\"20%\"><span style=\"font-size: small;\">108<\/span><\/td>\n<\/tr>\n<tr>\n<td style=\"border: 1px solid black; width: 60%;\" width=\"60%\">Basic Training of the Physics Degree<\/td>\n<td style=\"border: 1px solid black; width: 20%; text-align: center;\" align=\"center\" width=\"20%\"><span style=\"font-size: small;\">FB<\/span><\/td>\n<td style=\"border: 1px solid black; width: 20%; text-align: center;\" align=\"center\" width=\"20%\"><span style=\"font-size: small;\">30<\/span><\/td>\n<\/tr>\n<tr>\n<td style=\"border: 1px solid black; width: 60%;\" width=\"60%\">Compulsary credits of the Physics Degree<\/td>\n<td style=\"border: 1px solid black; width: 20%; text-align: center;\" align=\"center\" width=\"20%\"><span style=\"font-size: small;\">OB<\/span><\/td>\n<td style=\"border: 1px solid black; width: 20%; text-align: center;\" align=\"center\" width=\"20%\"><span style=\"font-size: small;\">78<\/span><\/td>\n<\/tr>\n<tr>\n<td style=\"border: 1px solid black; width: 60%;\" width=\"60%\">Optative Training in Mention in Fundamental Phyiscs\u00a0and Minor in Mathematics of the Degree in Physics<\/td>\n<td style=\"border: 1px solid black; width: 20%; text-align: center;\" align=\"center\" width=\"20%\"><span style=\"font-size: small;\">OTM<\/span><\/td>\n<td style=\"border: 1px solid black; width: 20%; text-align: center;\" align=\"center\" width=\"20%\"><span style=\"font-size: small;\">48<\/span><\/td>\n<\/tr>\n<tr>\n<td style=\"border: 1px solid black; width: 60%;\" width=\"60%\">Optative Subject of Mathematics<\/td>\n<td style=\"border: 1px solid black; width: 20%; text-align: center;\" align=\"center\" width=\"20%\"><span style=\"font-size: small;\">OT<\/span><\/td>\n<td style=\"border: 1px solid black; width: 20%; text-align: center;\" align=\"center\" width=\"20%\"><span style=\"font-size: small;\">6<\/span><\/td>\n<\/tr>\n<tr>\n<td style=\"border: 1px solid black; width: 60%;\" width=\"60%\">Optative Subject of Physics<\/td>\n<td style=\"border: 1px solid black; width: 20%; text-align: center;\" align=\"center\" width=\"20%\"><span style=\"font-size: small;\">OT<\/span><\/td>\n<td style=\"border: 1px solid black; width: 20%; text-align: center;\" align=\"center\" width=\"20%\"><span style=\"font-size: small;\">6<\/span><\/td>\n<\/tr>\n<tr>\n<td style=\"border: 1px solid black; width: 60%;\" width=\"60%\">End-of-Degree Projects<\/td>\n<td style=\"border: 1px solid black; width: 20%; text-align: center;\" align=\"center\" width=\"20%\"><span style=\"font-size: small;\">TR<\/span><\/td>\n<td style=\"border: 1px solid black; width: 20%; text-align: center;\" align=\"center\" width=\"20%\"><span style=\"font-size: small;\">18 + 6<\/span><\/td>\n<\/tr>\n<\/tbody>\n<\/table>\n<p>&nbsp;[\/vc_column_text][\/vc_column][\/vc_row][vc_row][vc_column][vc_separator][vc_column_text css=&#8221;&#8221;]<\/p>\n<p style=\"text-align: left;\">You can find the regulation of the UB for simultaneous studies here:<\/p>\n<ul>\n<li style=\"text-align: left;\"><a href=\"http:\/\/www.giga.ub.edu\/acad\/gdoc\/fitxers\/pdf\/models_matricula_graus_simultania.pdf\" target=\"_blank\" rel=\"noopener noreferrer\">Models per cursar ensenyaments oficials de grau de manera simult\u00e0nia<\/a><\/li>\n<\/ul>\n<p style=\"text-align: left;\">Look up the specific information of each of the two studies:<\/p>\n<ul>\n<li style=\"text-align: left;\"><a href=\"https:\/\/mat.ub.edu\/graumatematiques\/\" target=\"_blank\" rel=\"noopener noreferrer\">Degree in Mathematics<\/a><\/li>\n<li style=\"text-align: left;\"><a href=\"https:\/\/www.ub.edu\/portal\/web\/fisica\/grau\/-\/ensenyaments\/detall\/6293998\/24\" target=\"_blank\" rel=\"noopener noreferrer\">Degree in Physics<\/a><\/li>\n<\/ul>\n<p>[\/vc_column_text][\/vc_column][\/vc_row]<\/p>\n<\/div>","protected":false},"excerpt":{"rendered":"<p>[vc_row][vc_column][vc_single_image image=&#8221;11&#8243; img_size=&#8221;2001&#215;200&#8243; alignment=&#8221;center&#8221; style=&#8221;vc_box_rounded&#8221; css_animation=&#8221;appear&#8221;][vc_column_text] Simultaneous Degree of Mathematics and Physics [\/vc_column_text][vc_row_inner disable_element=&#8221;yes&#8221;][vc_column_inner width=&#8221;1\/2&#8243;][vc_btn title=&#8221;Minimun grades course 2019\/2020&#8243; style=&#8221;flat&#8221; color=&#8221;sky&#8221; align=&#8221;center&#8221; i_icon_fontawesome=&#8221;fa fa-bar-chart&#8221; add_icon=&#8221;true&#8221; link=&#8221;url:http%3A%2F%2Fwww.ub.edu%2Fweb%2Fub%2Fca%2Festudis%2Foferta_formativa%2Fgraus%2Fnotes_tall%2Fnotes_tall.html||target:%20_blank&#8221;][\/vc_column_inner][vc_column_inner width=&#8221;1\/2&#8243;][vc_btn title=&#8221;Information for new access students&#8221; style=&#8221;flat&#8221; color=&#8221;sky&#8221; align=&#8221;center&#8221; i_icon_fontawesome=&#8221;fa fa-pencil&#8221; add_icon=&#8221;true&#8221; link=&#8221;url:https%3A%2F%2Fmat.ub.edu%2Falumnat-nou-acces%2Fmatesfisica||target:%20_blank|&#8221;][\/vc_column_inner][\/vc_row_inner][vc_row_inner][vc_column_inner][vc_btn title=&#8221;Minimun grades course 2019\/2020&#8243; style=&#8221;flat&#8221; color=&#8221;sky&#8221; align=&#8221;center&#8221; i_icon_fontawesome=&#8221;fa fa-bar-chart&#8221; add_icon=&#8221;true&#8221; link=&#8221;url:http%3A%2F%2Fwww.ub.edu%2Fweb%2Fub%2Fca%2Festudis%2Foferta_formativa%2Fgraus%2Fnotes_tall%2Fnotes_tall.html||target:%20_blank&#8221;][\/vc_column_inner][\/vc_row_inner][\/vc_column][\/vc_row][vc_row][vc_column width=&#8221;1\/2&#8243;][vc_text_separator title=&#8221;Curriculum&#8221; i_icon_fontawesome=&#8221;fa fa-graduation-cap&#8221; i_color=&#8221;black&#8221; [&hellip;]<\/p>\n","protected":false},"author":1,"featured_media":0,"parent":0,"menu_order":0,"comment_status":"closed","ping_status":"closed","template":"","meta":{"footnotes":""},"class_list":["post-8","page","type-page","status-publish","hentry"],"_links":{"self":[{"href":"https:\/\/mat.ub.edu\/degreemathsphysics\/wp-json\/wp\/v2\/pages\/8","targetHints":{"allow":["GET"]}}],"collection":[{"href":"https:\/\/mat.ub.edu\/degreemathsphysics\/wp-json\/wp\/v2\/pages"}],"about":[{"href":"https:\/\/mat.ub.edu\/degreemathsphysics\/wp-json\/wp\/v2\/types\/page"}],"author":[{"embeddable":true,"href":"https:\/\/mat.ub.edu\/degreemathsphysics\/wp-json\/wp\/v2\/users\/1"}],"replies":[{"embeddable":true,"href":"https:\/\/mat.ub.edu\/degreemathsphysics\/wp-json\/wp\/v2\/comments?post=8"}],"version-history":[{"count":27,"href":"https:\/\/mat.ub.edu\/degreemathsphysics\/wp-json\/wp\/v2\/pages\/8\/revisions"}],"predecessor-version":[{"id":162,"href":"https:\/\/mat.ub.edu\/degreemathsphysics\/wp-json\/wp\/v2\/pages\/8\/revisions\/162"}],"wp:attachment":[{"href":"https:\/\/mat.ub.edu\/degreemathsphysics\/wp-json\/wp\/v2\/media?parent=8"}],"curies":[{"name":"wp","href":"https:\/\/api.w.org\/{rel}","templated":true}]}}