{"id":121,"date":"2017-07-18T11:37:59","date_gmt":"2017-07-18T10:37:59","guid":{"rendered":"http:\/\/www.ub.edu\/dept_matinfo\/es\/?page_id=121"},"modified":"2022-07-22T15:50:29","modified_gmt":"2022-07-22T13:50:29","slug":"estudis-externs","status":"publish","type":"page","link":"https:\/\/mat.ub.edu\/departament\/docencia\/estudis-externs\/","title":{"rendered":"Estudis externs"},"content":{"rendered":"<p><span id=\"result_box\" class=\"\" lang=\"es\">El Departament de Matem\u00e0tiques\u00a0i Inform\u00e0tica tamb\u00e9 participa en la doc\u00e8ncia<\/span>\u00a0a altres facultats.<\/p>\n<ul>\n<li><strong>Graus<\/strong>\n<ul>\n<li><a href=\"https:\/\/www.ub.edu\/portal\/web\/quimica-es\/grados\/-\/ensenyament\/detallEnsenyament\/4382563\">Grau d&#8217;Enginyeria Qu\u00edmica\u00a0<\/a><\/li>\n<li><a href=\"http:\/\/www.ub.edu\/web\/ub\/es\/estudis\/oferta_formativa\/graus\/fitxa\/E\/G1020\/index.html\">Grau d&#8217;Estad\u00edstica<\/a><\/li>\n<li><a href=\"https:\/\/www.ub.edu\/portal\/web\/farmacia-es\/grados\/-\/ensenyament\/detallEnsenyament\/550141\">Grau de Farm\u00e0cia<\/a><\/li>\n<li><a href=\"https:\/\/www.ub.edu\/portal\/web\/quimica-es\/grados\/-\/ensenyament\/detallEnsenyament\/4382551\">Grau de Qu\u00edmica<\/a><\/li>\n<li><a href=\"https:\/\/www.ub.edu\/web\/ub\/ca\/estudis\/oferta_formativa\/graus\/fitxa\/B\/G1100\/index.html?\">Grau de Bioinform\u00e0tica<\/a><\/li>\n<\/ul>\n<\/li>\n<li><strong>M\u00e0sters<\/strong>\n<ul>\n<li><a href=\"http:\/\/www.ub.edu\/estudis\/ca\/mastersuniversitaris\/logicapura\/presentacio\">M\u00e0ster en L\u00f2gica Pura i Aplicada<\/a><\/li>\n<li><a href=\"https:\/\/mesioupcub.masters.upc.edu\/ca\">M\u00e0ster en Estad\u00edstica i Investigaci\u00f3 Operativa<\/a><\/li>\n<li><a href=\"https:\/\/www.ub.edu\/web\/ub\/ca\/estudis\/oferta_formativa\/master_universitari\/fitxa\/H\/M0C0G\/index.html\">M\u00e0ster en Hist\u00f2ria de la Ci\u00e8ncia<\/a><\/li>\n<li><a href=\"https:\/\/www.ub.edu\/portal\/web\/educacio\/masters-universitaris\/-\/ensenyament\/detallEnsenyament\/1029628\">M\u00e0ster en Formaci\u00f3 del Professorat<\/a><\/li>\n<li><a href=\"https:\/\/www.ub.edu\/portal\/web\/informacio-mitjans-audiovisuals\/masters-universitaris\/-\/ensenyament\/detallEnsenyament\/5900191\">M\u00e0ster en Humanitats Digitals<\/a><\/li>\n<li><a href=\"https:\/\/www.ub.edu\/portal\/web\/informacio-mitjans-audiovisuals\/masters-universitaris\/-\/ensenyament\/detallEnsenyament\/5185907\">M\u00e0ster en Gesti\u00f3 del Contingut Digital<\/a><\/li>\n<li><a href=\"https:\/\/www.ub.edu\/portal\/web\/fisica\/masters-universitaris\/-\/ensenyament\/detallEnsenyament\/6272940\">M\u00e0ster en Enginyeria Biom\u00e8dica<\/a><\/li>\n<li>M<a href=\"https:\/\/www.ub.edu\/portal\/web\/fisica\/masters-universitaris\/-\/ensenyament\/detallEnsenyament\/10186844\" data-wplink-edit=\"true\">\u00e0ster en F\u00edsica dels Sistemes Complexos i Biof\u00edsica<\/a><\/li>\n<\/ul>\n<\/li>\n<\/ul>\n","protected":false},"excerpt":{"rendered":"<p>El Departament de Matem\u00e0tiques\u00a0i Inform\u00e0tica tamb\u00e9 participa en la doc\u00e8ncia\u00a0a altres facultats. Graus Grau d&#8217;Enginyeria Qu\u00edmica\u00a0 Grau d&#8217;Estad\u00edstica Grau de Farm\u00e0cia Grau de Qu\u00edmica Grau de Bioinform\u00e0tica M\u00e0sters M\u00e0ster en L\u00f2gica Pura i Aplicada M\u00e0ster en Estad\u00edstica i Investigaci\u00f3 Operativa M\u00e0ster en Hist\u00f2ria de la Ci\u00e8ncia M\u00e0ster en Formaci\u00f3 del Professorat M\u00e0ster en Humanitats Digitals [&hellip;]<\/p>\n","protected":false},"author":3,"featured_media":0,"parent":84,"menu_order":0,"comment_status":"closed","ping_status":"closed","template":"","meta":{"footnotes":""},"class_list":["post-121","page","type-page","status-publish","hentry"],"_links":{"self":[{"href":"https:\/\/mat.ub.edu\/departament\/wp-json\/wp\/v2\/pages\/121","targetHints":{"allow":["GET"]}}],"collection":[{"href":"https:\/\/mat.ub.edu\/departament\/wp-json\/wp\/v2\/pages"}],"about":[{"href":"https:\/\/mat.ub.edu\/departament\/wp-json\/wp\/v2\/types\/page"}],"author":[{"embeddable":true,"href":"https:\/\/mat.ub.edu\/departament\/wp-json\/wp\/v2\/users\/3"}],"replies":[{"embeddable":true,"href":"https:\/\/mat.ub.edu\/departament\/wp-json\/wp\/v2\/comments?post=121"}],"version-history":[{"count":2,"href":"https:\/\/mat.ub.edu\/departament\/wp-json\/wp\/v2\/pages\/121\/revisions"}],"predecessor-version":[{"id":1345,"href":"https:\/\/mat.ub.edu\/departament\/wp-json\/wp\/v2\/pages\/121\/revisions\/1345"}],"up":[{"embeddable":true,"href":"https:\/\/mat.ub.edu\/departament\/wp-json\/wp\/v2\/pages\/84"}],"wp:attachment":[{"href":"https:\/\/mat.ub.edu\/departament\/wp-json\/wp\/v2\/media?parent=121"}],"curies":[{"name":"wp","href":"https:\/\/api.w.org\/{rel}","templated":true}]}}