{"id":123,"date":"2017-07-18T11:38:59","date_gmt":"2017-07-18T10:38:59","guid":{"rendered":"http:\/\/www.ub.edu\/dept_matinfo\/es\/?page_id=123"},"modified":"2017-07-18T11:38:59","modified_gmt":"2017-07-18T10:38:59","slug":"innovacio-docent","status":"publish","type":"page","link":"https:\/\/mat.ub.edu\/departament\/docencia\/innovacio-docent\/","title":{"rendered":"Innovaci\u00f3 docent"},"content":{"rendered":"<p>La doc\u00e8ncia de qualitat suposa innovar i repensar els procediments per aprendre i ensenyar per incorporar bones pr\u00e0ctiques, noves metodologies o eines cada any. Els grups d&#8217;innovaci\u00f3 docent s\u00f3n equips de persones compromesos amb aquesta qualitat i que estableixen objectius i propostes regularment per anar millorant la doc\u00e8ncia universit\u00e0ria.<br \/>\nEn el Departament comptem un grup d&#8217;innovaci\u00f3 consolidat:<\/p>\n<ul>\n<li><strong>INDOMAIN<\/strong>, coordinat per Laura Igual [<a href=\"http:\/\/mid.ub.edu\/webpmid\/content\/indomain\">http:\/\/mid.ub.edu\/webpmid\/content\/indomain<\/a>]<\/li>\n<\/ul>\n<div class=\"traductor-textarea form-group\">\n<div class=\"textarea-desti col-xs-12 col-sm-6\">\n<div class=\"form-control second-textarea\">Grup\u00a0de\u00a0treball\u00a0que\u00a0vol\u00a0facilitar la\u00a0transici\u00f3\u00a0de\u00a0batxillerat\u00a0a universitat i que contempla\u00a0accions tant\u00a0de\u00a0sensibilitzaci\u00f3\u00a0a\u00a0batxillerat\u00a0com\u00a0de\u00a0seguiment\u00a0a la universitat\u00a0amb\u00a0els\u00a0estudiants novells.<\/div>\n<\/div>\n<\/div>\n<div class=\"traductor-checkbox form-group\"><\/div>\n","protected":false},"excerpt":{"rendered":"<p>La doc\u00e8ncia de qualitat suposa innovar i repensar els procediments per aprendre i ensenyar per incorporar bones pr\u00e0ctiques, noves metodologies o eines cada any. Els grups d&#8217;innovaci\u00f3 docent s\u00f3n equips de persones compromesos amb aquesta qualitat i que estableixen objectius i propostes regularment per anar millorant la doc\u00e8ncia universit\u00e0ria. En el Departament comptem un grup [&hellip;]<\/p>\n","protected":false},"author":3,"featured_media":0,"parent":84,"menu_order":0,"comment_status":"closed","ping_status":"closed","template":"","meta":{"footnotes":""},"class_list":["post-123","page","type-page","status-publish","hentry"],"_links":{"self":[{"href":"https:\/\/mat.ub.edu\/departament\/wp-json\/wp\/v2\/pages\/123","targetHints":{"allow":["GET"]}}],"collection":[{"href":"https:\/\/mat.ub.edu\/departament\/wp-json\/wp\/v2\/pages"}],"about":[{"href":"https:\/\/mat.ub.edu\/departament\/wp-json\/wp\/v2\/types\/page"}],"author":[{"embeddable":true,"href":"https:\/\/mat.ub.edu\/departament\/wp-json\/wp\/v2\/users\/3"}],"replies":[{"embeddable":true,"href":"https:\/\/mat.ub.edu\/departament\/wp-json\/wp\/v2\/comments?post=123"}],"version-history":[{"count":0,"href":"https:\/\/mat.ub.edu\/departament\/wp-json\/wp\/v2\/pages\/123\/revisions"}],"up":[{"embeddable":true,"href":"https:\/\/mat.ub.edu\/departament\/wp-json\/wp\/v2\/pages\/84"}],"wp:attachment":[{"href":"https:\/\/mat.ub.edu\/departament\/wp-json\/wp\/v2\/media?parent=123"}],"curies":[{"name":"wp","href":"https:\/\/api.w.org\/{rel}","templated":true}]}}