{"id":147,"date":"2017-07-18T12:12:21","date_gmt":"2017-07-18T12:12:21","guid":{"rendered":"http:\/\/www.ub.edu\/dept_matinfo\/es\/?page_id=147"},"modified":"2025-02-26T12:14:43","modified_gmt":"2025-02-26T10:14:43","slug":"recerca","status":"publish","type":"page","link":"https:\/\/mat.ub.edu\/departament\/recerca\/","title":{"rendered":"Recerca"},"content":{"rendered":"<div class=\"wpb-content-wrapper\"><p>[vc_row][vc_column][vc_column_text css=&#8221;&#8221;]<\/p>\n<p>La recerca \u00e9s una part important del dia a dia del Departament de Matem\u00e0tiques i Inform\u00e0tica. Els membres del departament treballen en reptes cient\u00edfics tant a l\u2019\u00e0rea de matem\u00e0tiques com a la d\u2019inform\u00e0tica, aportant aven\u00e7os que contribueixen a la societat del coneixement i del benestar. Entre les activitats de recerca s&#8217;inclouen seminaris, confer\u00e8ncies i altres activitats de formaci\u00f3 i divulgaci\u00f3.<\/p>\n<div class=\"elementToProof\">\u00a0<\/div>\n<div class=\"elementToProof\">Les l\u00ednies de recerca (i els grups associats a les mateixes) els podeu trobar en la web de la Facultat:<\/div>\n<div><a href=\"https:\/\/mat.ub.edu\/recerca\/\">https:\/\/mat.ub.edu\/recerca\/<\/a><\/div>\n<div>\u00a0<\/div>\n<p>[\/vc_column_text][\/vc_column][\/vc_row]<\/p>\n<\/div>","protected":false},"excerpt":{"rendered":"<p>[vc_row][vc_column][vc_column_text css=&#8221;&#8221;] La recerca \u00e9s una part important del dia a dia del Departament de Matem\u00e0tiques i Inform\u00e0tica. Els membres del departament treballen en reptes cient\u00edfics tant a l\u2019\u00e0rea de matem\u00e0tiques com a la d\u2019inform\u00e0tica, aportant aven\u00e7os que contribueixen a la societat del coneixement i del benestar. Entre les activitats de recerca s&#8217;inclouen seminaris, confer\u00e8ncies [&hellip;]<\/p>\n","protected":false},"author":3,"featured_media":0,"parent":0,"menu_order":0,"comment_status":"closed","ping_status":"closed","template":"","meta":{"footnotes":""},"class_list":["post-147","page","type-page","status-publish","hentry"],"_links":{"self":[{"href":"https:\/\/mat.ub.edu\/departament\/wp-json\/wp\/v2\/pages\/147","targetHints":{"allow":["GET"]}}],"collection":[{"href":"https:\/\/mat.ub.edu\/departament\/wp-json\/wp\/v2\/pages"}],"about":[{"href":"https:\/\/mat.ub.edu\/departament\/wp-json\/wp\/v2\/types\/page"}],"author":[{"embeddable":true,"href":"https:\/\/mat.ub.edu\/departament\/wp-json\/wp\/v2\/users\/3"}],"replies":[{"embeddable":true,"href":"https:\/\/mat.ub.edu\/departament\/wp-json\/wp\/v2\/comments?post=147"}],"version-history":[{"count":4,"href":"https:\/\/mat.ub.edu\/departament\/wp-json\/wp\/v2\/pages\/147\/revisions"}],"predecessor-version":[{"id":1756,"href":"https:\/\/mat.ub.edu\/departament\/wp-json\/wp\/v2\/pages\/147\/revisions\/1756"}],"wp:attachment":[{"href":"https:\/\/mat.ub.edu\/departament\/wp-json\/wp\/v2\/media?parent=147"}],"curies":[{"name":"wp","href":"https:\/\/api.w.org\/{rel}","templated":true}]}}