{"id":184,"date":"2017-07-21T09:36:19","date_gmt":"2017-07-21T08:36:19","guid":{"rendered":"http:\/\/www.ub.edu\/dept_matinfo\/es\/?page_id=184"},"modified":"2023-03-01T17:47:36","modified_gmt":"2023-03-01T15:47:36","slug":"estudis-facultat","status":"publish","type":"page","link":"https:\/\/mat.ub.edu\/departament\/docencia\/estudis-facultat\/","title":{"rendered":"Estudis Facultat"},"content":{"rendered":"<article>\n<div class=\"traductor-textarea form-group\">\n<div class=\"textarea-desti col-xs-12 col-sm-6\">\n<div class=\"form-control second-textarea\">El Departament de Matem\u00e0tiques i Inform\u00e0tica imparteix doc\u00e8ncia principalment\u00a0a la Facultat de\u00a0Matem\u00e0tiques\u00a0i\u00a0Inform\u00e0tica\u00a0amb dos graus, tres m\u00e0sters i est\u00e0 involucrada en el programa de doctorat de Matem\u00e0tiques i Inform\u00e0tica. Visita la p\u00e0gina web de la <a href=\"https:\/\/mat.ub.edu\/estudis\/\">Facultat<\/a>\u00a0per a m\u00e9s informaci\u00f3 sobre tr\u00e0mits acad\u00e8mics, agenda d&#8217;activitats i enlla\u00e7os d&#8217;inter\u00e8s.<\/div>\n<\/div>\n<\/div>\n<div class=\"traductor-checkbox form-group\"><\/div>\n<\/article>\n<article>\n<ul>\n<li><strong>Graus<\/strong>\n<ul>\n<li><a href=\"https:\/\/mat.ub.edu\/grauinformatica\/\">Grau\u00a0d&#8217;Enginyeria Inform\u00e0tica<\/a><\/li>\n<li><a href=\"https:\/\/mat.ub.edu\/graumatematiques\/\">Grau\u00a0de Matem\u00e0tiques<\/a><\/li>\n<\/ul>\n<\/li>\n<li><strong>Dobles\u00a0graus<\/strong>\n<ul>\n<li><a href=\"https:\/\/mat.ub.edu\/graumatesinfo\/\"><span id=\"result_box\" class=\"short_text\" lang=\"es\">Grau\u00a0de Matem\u00e0tiques\u00a0i<span class=\"\">\u00a0Enginyeria Inform\u00e0tica<\/span><\/span><\/a><\/li>\n<li><a href=\"https:\/\/mat.ub.edu\/graumatesinfo\/\"><span id=\"result_box\" class=\"short_text\" lang=\"es\">Grau\u00a0de Matem\u00e0tiques i<\/span><\/a><a href=\"https:\/\/mat.ub.edu\/graumatesfisica\/\">\u00a0F\u00edsica<\/a><\/li>\n<li><span id=\"result_box\" class=\"short_text\" lang=\"es\"><a href=\"https:\/\/mat.ub.edu\/graumatesinfo\/\">Grau\u00a0de Matem\u00e0tiques\u00a0<\/a>i<\/span><a href=\"https:\/\/mat.ub.edu\/graumatesade\/\">\u00a0ADE<\/a><\/li>\n<\/ul>\n<\/li>\n<li><strong>M\u00e0sters<\/strong>\n<ul>\n<li><a href=\"http:\/\/www.ub.edu\/datascience\/master\/\"><span id=\"result_box\" class=\"short_text\" lang=\"es\"><span class=\"\">Fonaments\u00a0<\/span><span class=\"\">de la Ci\u00e8ncia de Dades<\/span><\/span><\/a><\/li>\n<li><a href=\"https:\/\/www.fib.upc.edu\/en\/studies\/masters\/master-artificial-intelligence\">Intel\u00b7lig\u00e8ncia Artificial<\/a> (M\u00e0ster en coordinaci\u00f3\u00a0amb la UPC\u00a0i la URV)<\/li>\n<li><a href=\"http:\/\/www.ub.edu\/estudis\/mastersuniversitaris\/matematicavan\/\">Matem\u00e0tica Avan\u00e7ada<\/a><\/li>\n<li><a href=\"https:\/\/www.urv.cat\/ca\/estudis\/masters\/oferta\/biomedical-data-science\/\">Biomedical Data Science<\/a> (M\u00e0ster en coordinaci\u00f3 amb la URV,UB,UdL,UPC,UVIC i UdG)<\/li>\n<li><a href=\"https:\/\/www.uab.cat\/web\/estudiar\/l-oferta-de-masters-oficials\/informacio-general-1096480139517.html?param1=1345875379850\">Computer Vision<\/a> (M\u00e0ster en coordinaci\u00f3 amb la UOC, UPC i UPF)<\/li>\n<\/ul>\n<\/li>\n<li><strong>Postgraus<\/strong>: <a href=\"http:\/\/www.ub.edu\/datascience\/postgraduate\/\">Posgtrau en ci\u00e8ncia de dades\u00a0i big data<\/a><\/li>\n<li><strong>Doctorat<\/strong>: <a href=\"https:\/\/mat.ub.edu\/doctorat\/\">Doctorat en Matem\u00e0tiques\u00a0i Inform\u00e0tica<\/a><\/li>\n<\/ul>\n<\/article>\n","protected":false},"excerpt":{"rendered":"<p>El Departament de Matem\u00e0tiques i Inform\u00e0tica imparteix doc\u00e8ncia principalment\u00a0a la Facultat de\u00a0Matem\u00e0tiques\u00a0i\u00a0Inform\u00e0tica\u00a0amb dos graus, tres m\u00e0sters i est\u00e0 involucrada en el programa de doctorat de Matem\u00e0tiques i Inform\u00e0tica. Visita la p\u00e0gina web de la Facultat\u00a0per a m\u00e9s informaci\u00f3 sobre tr\u00e0mits acad\u00e8mics, agenda d&#8217;activitats i enlla\u00e7os d&#8217;inter\u00e8s. Graus Grau\u00a0d&#8217;Enginyeria Inform\u00e0tica Grau\u00a0de Matem\u00e0tiques Dobles\u00a0graus Grau\u00a0de Matem\u00e0tiques\u00a0i\u00a0Enginyeria Inform\u00e0tica [&hellip;]<\/p>\n","protected":false},"author":3,"featured_media":0,"parent":84,"menu_order":0,"comment_status":"closed","ping_status":"closed","template":"","meta":{"footnotes":""},"class_list":["post-184","page","type-page","status-publish","hentry"],"_links":{"self":[{"href":"https:\/\/mat.ub.edu\/departament\/wp-json\/wp\/v2\/pages\/184","targetHints":{"allow":["GET"]}}],"collection":[{"href":"https:\/\/mat.ub.edu\/departament\/wp-json\/wp\/v2\/pages"}],"about":[{"href":"https:\/\/mat.ub.edu\/departament\/wp-json\/wp\/v2\/types\/page"}],"author":[{"embeddable":true,"href":"https:\/\/mat.ub.edu\/departament\/wp-json\/wp\/v2\/users\/3"}],"replies":[{"embeddable":true,"href":"https:\/\/mat.ub.edu\/departament\/wp-json\/wp\/v2\/comments?post=184"}],"version-history":[{"count":2,"href":"https:\/\/mat.ub.edu\/departament\/wp-json\/wp\/v2\/pages\/184\/revisions"}],"predecessor-version":[{"id":1425,"href":"https:\/\/mat.ub.edu\/departament\/wp-json\/wp\/v2\/pages\/184\/revisions\/1425"}],"up":[{"embeddable":true,"href":"https:\/\/mat.ub.edu\/departament\/wp-json\/wp\/v2\/pages\/84"}],"wp:attachment":[{"href":"https:\/\/mat.ub.edu\/departament\/wp-json\/wp\/v2\/media?parent=184"}],"curies":[{"name":"wp","href":"https:\/\/api.w.org\/{rel}","templated":true}]}}