{"id":280,"date":"2017-09-22T11:18:06","date_gmt":"2017-09-22T10:18:06","guid":{"rendered":"http:\/\/www.ub.edu\/dept_matinfo\/es\/?page_id=280"},"modified":"2026-03-04T14:15:18","modified_gmt":"2026-03-04T12:15:18","slug":"secretaria","status":"publish","type":"page","link":"https:\/\/mat.ub.edu\/departament\/secretaria\/","title":{"rendered":"Secretaria"},"content":{"rendered":"<div class=\"wpb-content-wrapper\"><p>[vc_row][vc_column][vc_column_text css=&#8221;&#8221;]<\/p>\n<p class=\"x_x_MsoNormal\"><span data-ogsc=\"rgb(47, 85, 151)\">La Secretaria Administrativa del departament es troba al despatx P2 16 i podeu contactar a trav\u00e9s del<\/span><\/p>\n<p class=\"x_x_MsoNormal\"><span data-ogsc=\"rgb(47, 85, 151)\">E-mail: <a href=\"mailto:dp.matematiques.informatica@ub.edu\" target=\"_blank\" rel=\"noopener noreferrer\" data-auth=\"NotApplicable\" data-safelink=\"true\" data-ogsc=\"\" data-linkindex=\"2\">dp.matematiques.informatica@ub.edu<\/a><\/span><\/p>\n<p class=\"x_x_MsoNormal\"><span data-ogsc=\"rgb(47, 85, 151)\">O a trav\u00e9s dels tel\u00e8fons de les seves integrants:<\/span><\/p>\n<ul type=\"disc\">\n<li class=\"x_x_MsoNormal\" data-ogsc=\"rgb(68, 114, 196)\"><span data-ogsc=\"rgb(47, 85, 151)\">Gemma\u00a0Fdez. Del Campo Sanchez<\/span>\n<ul type=\"circle\">\n<li class=\"x_x_MsoNormal\" data-ogsc=\"rgb(68, 114, 196)\"><span data-ogsc=\"rgb(47, 85, 151)\">Tel\u00e8fon: 93 403 93 30<\/span><\/li>\n<\/ul>\n<\/li>\n<li class=\"x_x_MsoNormal\" data-ogsc=\"rgb(68, 114, 196)\"><span data-ogsc=\"rgb(47, 85, 151)\">Marta Valls Castarlenas<\/span>\n<ul type=\"circle\">\n<li class=\"x_x_MsoNormal\" data-ogsc=\"rgb(68, 114, 196)\"><span data-ogsc=\"rgb(47, 85, 151)\">Tel\u00e8fon: 93 403 93 30<\/span><\/li>\n<\/ul>\n<\/li>\n<li class=\"x_x_MsoNormal\" data-ogsc=\"rgb(68, 114, 196)\"><span data-ogsc=\"rgb(47, 85, 151)\">Maria Jos\u00e9 Parra<\/span>\n<ul type=\"circle\">\n<li class=\"x_x_MsoNormal\" data-ogsc=\"rgb(68, 114, 196)\"><span data-ogsc=\"rgb(47, 85, 151)\">Tel\u00e8fon: 93 403 93 28<\/span><\/li>\n<\/ul>\n<\/li>\n<\/ul>\n<p>[\/vc_column_text][\/vc_column][\/vc_row]<\/p>\n<\/div>","protected":false},"excerpt":{"rendered":"<p>[vc_row][vc_column][vc_column_text css=&#8221;&#8221;] La Secretaria Administrativa del departament es troba al despatx P2 16 i podeu contactar a trav\u00e9s del E-mail: dp.matematiques.informatica@ub.edu O a trav\u00e9s dels tel\u00e8fons de les seves integrants: Gemma\u00a0Fdez. Del Campo Sanchez Tel\u00e8fon: 93 403 93 30 Marta Valls Castarlenas Tel\u00e8fon: 93 403 93 30 Maria Jos\u00e9 Parra Tel\u00e8fon: 93 403 93 28 [&hellip;]<\/p>\n","protected":false},"author":3,"featured_media":0,"parent":0,"menu_order":0,"comment_status":"closed","ping_status":"closed","template":"","meta":{"footnotes":""},"class_list":["post-280","page","type-page","status-publish","hentry"],"_links":{"self":[{"href":"https:\/\/mat.ub.edu\/departament\/wp-json\/wp\/v2\/pages\/280","targetHints":{"allow":["GET"]}}],"collection":[{"href":"https:\/\/mat.ub.edu\/departament\/wp-json\/wp\/v2\/pages"}],"about":[{"href":"https:\/\/mat.ub.edu\/departament\/wp-json\/wp\/v2\/types\/page"}],"author":[{"embeddable":true,"href":"https:\/\/mat.ub.edu\/departament\/wp-json\/wp\/v2\/users\/3"}],"replies":[{"embeddable":true,"href":"https:\/\/mat.ub.edu\/departament\/wp-json\/wp\/v2\/comments?post=280"}],"version-history":[{"count":7,"href":"https:\/\/mat.ub.edu\/departament\/wp-json\/wp\/v2\/pages\/280\/revisions"}],"predecessor-version":[{"id":1790,"href":"https:\/\/mat.ub.edu\/departament\/wp-json\/wp\/v2\/pages\/280\/revisions\/1790"}],"wp:attachment":[{"href":"https:\/\/mat.ub.edu\/departament\/wp-json\/wp\/v2\/media?parent=280"}],"curies":[{"name":"wp","href":"https:\/\/api.w.org\/{rel}","templated":true}]}}