{"id":33,"date":"2017-06-06T12:18:27","date_gmt":"2017-06-06T11:18:27","guid":{"rendered":"http:\/\/www.ub.edu\/dept_matinfo\/es\/?page_id=33"},"modified":"2025-12-19T11:53:33","modified_gmt":"2025-12-19T09:53:33","slug":"direccion","status":"publish","type":"page","link":"https:\/\/mat.ub.edu\/departament\/direccion\/","title":{"rendered":"Direcci\u00f3 i Reglament"},"content":{"rendered":"<div class=\"wpb-content-wrapper\"><p>[vc_row][vc_column][vc_column_text css=&#8221;&#8221;]<\/p>\r\n<p><a href=\"https:\/\/mat.ub.edu\/departament\/wp-content\/uploads\/sites\/40\/2025\/10\/ReglamentDMI.pdf\">Reglament del departament<\/a><\/p>\r\n<p>L&#8217;Equip\u00a0de Direcci\u00f3\u00a0el componen:<\/p>\r\n<p>Director: Xavier Jarque i Ribera<\/p>\r\n<ul>\r\n<li>Tel\u00e8fon: 93 402 44 99<\/li>\r\n<li>Correu electr\u00f2nic: <a href=\"mailto:xavier.jarque@ub.edu\" target=\"_blank\" rel=\"noopener\">xavier.jarque@ub.edu<\/a><\/li>\r\n<li>Despatx: P1 15<\/li>\r\n<\/ul>\r\n<p>Secretari: Eloi Puertas i Prats<\/p>\r\n<ul>\r\n<li>Tel\u00e8fon: 93 402 08 53<\/li>\r\n<li>Correu electr\u00f2nic: <a href=\"mailto:epuertas@ub.edu\" target=\"_blank\" rel=\"noopener\">epuertas@ub.edu<\/a><\/li>\r\n<li>Despatx: P2 04<\/li>\r\n<\/ul>\r\n<p>Vocal: Arnau Padrol i Sureda<\/p>\r\n<ul>\r\n<li>Tel\u00e8fon: 93 402 16 54<\/li>\r\n<li>Correu electr\u00f2nic: <a href=\"mailto:arnau.padrol@ub.edu\" target=\"_blank\" rel=\"noopener\">arnau.padrol@ub.edu<\/a><\/li>\r\n<li>Despatx: P2 39<\/li>\r\n<\/ul>\r\n<p>Vocal: Xavier Bar\u00f3 i Sol\u00e9<\/p>\r\n<ul>\r\n<li>Tel\u00e8fon: 93 403 47 40<\/li>\r\n<li>Correu electr\u00f2nic: <a href=\"mailto:xbaro@ub.edu\" target=\"_blank\" rel=\"noopener\">xbaro@ub.edu<\/a><\/li>\r\n<li>Despatx: P2 38<\/li>\r\n<\/ul>\r\n<p>&nbsp;<\/p>\r\n<ul><!-- \/wp:post-content --><\/ul>\r\n<p>[\/vc_column_text][\/vc_column][\/vc_row]<\/p><\/div>","protected":false},"excerpt":{"rendered":"<p>[vc_row][vc_column][vc_column_text css=&#8221;&#8221;] Reglament del departament L&#8217;Equip\u00a0de Direcci\u00f3\u00a0el componen: Director: Xavier Jarque i Ribera Tel\u00e8fon: 93 402 44 99 Correu electr\u00f2nic: xavier.jarque@ub.edu Despatx: P1 15 Secretari: Eloi Puertas i Prats Tel\u00e8fon: 93 402 08 53 Correu electr\u00f2nic: epuertas@ub.edu Despatx: P2 04 Vocal: Arnau Padrol i Sureda Tel\u00e8fon: 93 402 16 54 Correu electr\u00f2nic: arnau.padrol@ub.edu Despatx: P2 [&hellip;]<\/p>\n","protected":false},"author":3,"featured_media":0,"parent":0,"menu_order":0,"comment_status":"closed","ping_status":"closed","template":"","meta":{"footnotes":""},"class_list":["post-33","page","type-page","status-publish","hentry"],"_links":{"self":[{"href":"https:\/\/mat.ub.edu\/departament\/wp-json\/wp\/v2\/pages\/33","targetHints":{"allow":["GET"]}}],"collection":[{"href":"https:\/\/mat.ub.edu\/departament\/wp-json\/wp\/v2\/pages"}],"about":[{"href":"https:\/\/mat.ub.edu\/departament\/wp-json\/wp\/v2\/types\/page"}],"author":[{"embeddable":true,"href":"https:\/\/mat.ub.edu\/departament\/wp-json\/wp\/v2\/users\/3"}],"replies":[{"embeddable":true,"href":"https:\/\/mat.ub.edu\/departament\/wp-json\/wp\/v2\/comments?post=33"}],"version-history":[{"count":12,"href":"https:\/\/mat.ub.edu\/departament\/wp-json\/wp\/v2\/pages\/33\/revisions"}],"predecessor-version":[{"id":1787,"href":"https:\/\/mat.ub.edu\/departament\/wp-json\/wp\/v2\/pages\/33\/revisions\/1787"}],"wp:attachment":[{"href":"https:\/\/mat.ub.edu\/departament\/wp-json\/wp\/v2\/media?parent=33"}],"curies":[{"name":"wp","href":"https:\/\/api.w.org\/{rel}","templated":true}]}}