{"id":43,"date":"2017-06-06T12:20:52","date_gmt":"2017-06-06T11:20:52","guid":{"rendered":"http:\/\/www.ub.edu\/dept_matinfo\/es\/?page_id=43"},"modified":"2025-06-17T16:33:08","modified_gmt":"2025-06-17T14:33:08","slug":"pas","status":"publish","type":"page","link":"https:\/\/mat.ub.edu\/departament\/equip\/pas\/","title":{"rendered":"Personal d&#8217;Administraci\u00f3 i serveis"},"content":{"rendered":"<p>La \u00a0Secretar\u00eda Administrativa del departament es troba al Despatx P2 16 i la podeu contactar a trav\u00e9s del correu <a href=\"mailto:dp.matematiques.inform\u00e0tica@ub.edu\">dp.matematiques.inform\u00e0tica@ub.edu<\/a> o a trav\u00e9s dels tel\u00e8fons de les seves integrants:<\/p>\n<ul>\n<li>Gemma Fern\u00e1ndez del Campo Sanchez:\n<ul>\n<li>Tel\u00e8fon: 93 403 93 30<\/li>\n<\/ul>\n<\/li>\n<\/ul>\n<ul>\n<li>Marta Valls Castarlenas:\n<ul>\n<li>Tel\u00e8fon: 93 403 93 30<\/li>\n<\/ul>\n<\/li>\n<\/ul>\n<ul>\n<li>Maria Jos\u00e9 Parra:\n<ul>\n<li>Tel\u00e8fon: 93 403 93 28<\/li>\n<\/ul>\n<\/li>\n<\/ul>\n","protected":false},"excerpt":{"rendered":"<p>La \u00a0Secretar\u00eda Administrativa del departament es troba al Despatx P2 16 i la podeu contactar a trav\u00e9s del correu dp.matematiques.inform\u00e0tica@ub.edu o a trav\u00e9s dels tel\u00e8fons de les seves integrants: Gemma Fern\u00e1ndez del Campo Sanchez: Tel\u00e8fon: 93 403 93 30 Marta Valls Castarlenas: Tel\u00e8fon: 93 403 93 30 Maria Jos\u00e9 Parra: Tel\u00e8fon: 93 403 93 28<\/p>\n","protected":false},"author":3,"featured_media":0,"parent":83,"menu_order":0,"comment_status":"closed","ping_status":"closed","template":"","meta":{"footnotes":""},"class_list":["post-43","page","type-page","status-publish","hentry"],"_links":{"self":[{"href":"https:\/\/mat.ub.edu\/departament\/wp-json\/wp\/v2\/pages\/43","targetHints":{"allow":["GET"]}}],"collection":[{"href":"https:\/\/mat.ub.edu\/departament\/wp-json\/wp\/v2\/pages"}],"about":[{"href":"https:\/\/mat.ub.edu\/departament\/wp-json\/wp\/v2\/types\/page"}],"author":[{"embeddable":true,"href":"https:\/\/mat.ub.edu\/departament\/wp-json\/wp\/v2\/users\/3"}],"replies":[{"embeddable":true,"href":"https:\/\/mat.ub.edu\/departament\/wp-json\/wp\/v2\/comments?post=43"}],"version-history":[{"count":13,"href":"https:\/\/mat.ub.edu\/departament\/wp-json\/wp\/v2\/pages\/43\/revisions"}],"predecessor-version":[{"id":1773,"href":"https:\/\/mat.ub.edu\/departament\/wp-json\/wp\/v2\/pages\/43\/revisions\/1773"}],"up":[{"embeddable":true,"href":"https:\/\/mat.ub.edu\/departament\/wp-json\/wp\/v2\/pages\/83"}],"wp:attachment":[{"href":"https:\/\/mat.ub.edu\/departament\/wp-json\/wp\/v2\/media?parent=43"}],"curies":[{"name":"wp","href":"https:\/\/api.w.org\/{rel}","templated":true}]}}