{"id":633,"date":"2018-06-05T10:06:26","date_gmt":"2018-06-05T08:06:26","guid":{"rendered":"http:\/\/www.ub.edu\/dept_matinfo\/?page_id=633"},"modified":"2022-06-30T11:31:33","modified_gmt":"2022-06-30T09:31:33","slug":"academic","status":"publish","type":"page","link":"https:\/\/mat.ub.edu\/departament\/open-positions\/academic\/","title":{"rendered":"Ofertes de convocat\u00f2ria: Acad\u00e8mic"},"content":{"rendered":"<p>Aquesta p\u00e0gina esta gestionada totalment per codi. Open position Acad\u00e8mic.<\/p>\n","protected":false},"excerpt":{"rendered":"<p>Aquesta p\u00e0gina esta gestionada totalment per codi. Open position Acad\u00e8mic.<\/p>\n","protected":false},"author":3,"featured_media":0,"parent":635,"menu_order":0,"comment_status":"closed","ping_status":"closed","template":"ofertes-academic.php","meta":{"footnotes":""},"class_list":["post-633","page","type-page","status-publish","hentry"],"_links":{"self":[{"href":"https:\/\/mat.ub.edu\/departament\/wp-json\/wp\/v2\/pages\/633","targetHints":{"allow":["GET"]}}],"collection":[{"href":"https:\/\/mat.ub.edu\/departament\/wp-json\/wp\/v2\/pages"}],"about":[{"href":"https:\/\/mat.ub.edu\/departament\/wp-json\/wp\/v2\/types\/page"}],"author":[{"embeddable":true,"href":"https:\/\/mat.ub.edu\/departament\/wp-json\/wp\/v2\/users\/3"}],"replies":[{"embeddable":true,"href":"https:\/\/mat.ub.edu\/departament\/wp-json\/wp\/v2\/comments?post=633"}],"version-history":[{"count":2,"href":"https:\/\/mat.ub.edu\/departament\/wp-json\/wp\/v2\/pages\/633\/revisions"}],"predecessor-version":[{"id":1122,"href":"https:\/\/mat.ub.edu\/departament\/wp-json\/wp\/v2\/pages\/633\/revisions\/1122"}],"up":[{"embeddable":true,"href":"https:\/\/mat.ub.edu\/departament\/wp-json\/wp\/v2\/pages\/635"}],"wp:attachment":[{"href":"https:\/\/mat.ub.edu\/departament\/wp-json\/wp\/v2\/media?parent=633"}],"curies":[{"name":"wp","href":"https:\/\/api.w.org\/{rel}","templated":true}]}}