{"id":86,"date":"2017-06-06T12:17:35","date_gmt":"2017-06-06T12:17:35","guid":{"rendered":"http:\/\/www.ub.edu\/dept_matinfo\/es\/?page_id=29"},"modified":"2021-11-23T12:15:39","modified_gmt":"2021-11-23T10:15:39","slug":"historia","status":"publish","type":"page","link":"https:\/\/mat.ub.edu\/departament\/historia\/","title":{"rendered":"Hist\u00f2ria"},"content":{"rendered":"<p style=\"text-align: justify;\">Conven\u00e7uts que l&#8217;eliminaci\u00f3 de barreres departamentals millora la transversalitat dels continguts i les sinergies docents i de recerca, la Junta de la\u00a0Facultat\u00a0de\u00a0Matem\u00e0tiques\u00a0va acordar l&#8217;any 2015 la creaci\u00f3 d&#8217;un \u00fanic departament, el\u00a0Departament\u00a0de\u00a0Matem\u00e0tiques\u00a0i\u00a0Inform\u00e0tica, resultant de la integraci\u00f3 dels antics departaments d&#8217;\u00c0lgebra i Geometria, Matem\u00e0tica Aplicada i An\u00e0lisi, i Probabilitat, L\u00f2gica i Estad\u00edstica.<\/p>\n<p style=\"text-align: justify;\">Els estudis de matem\u00e0tiques han estat presents en la Universitat de Barcelona des dels seus inicis. A mitjan segle XVI es va crear una C\u00e0tedra de Matem\u00e0tiques i Astrologia dins de la Facultat d&#8217;Arts, encara que \u00e9s a partir de la creaci\u00f3 de la Secci\u00f3 de F\u00edsic-matem\u00e0tiques de la Facultat de Ci\u00e8ncies Exactes, F\u00edsiques i Naturals en mitjans del segle XIX que es pot parlar d&#8217;uns estudis m\u00e9s estructurats.<\/p>\n<p style=\"text-align: justify;\">Durant el segle XX i com a Secci\u00f3 de Matem\u00e0tiques de la Facultat de Ci\u00e8ncies de la Universitat de Barcelona, \u200b\u200bes produeixen fets bastant importants:\u00a0l&#8217;any 1928 es crea la Biblioteca de Matem\u00e0tiques, el 1947 s&#8217;inicia el Seminari Matem\u00e0tic i l&#8217;any 1948 apareix el primer\u00a0exemplar de la revista\u00a0Collectanea\u00a0Mathematica. Una mica m\u00e9s tard, el 1968, es crea el primer centre de c\u00e0lcul.<\/p>\n<p style=\"text-align: justify;\">La\u00a0Facultat\u00a0de\u00a0Matem\u00e0tiques\u00a0com la coneixem actualment va n\u00e9ixer\u00a0el 1974, arran de la divisi\u00f3 de l&#8217;antiga Facultat de Ci\u00e8ncies (1957-73) en cinc facultats: F\u00edsica, Qu\u00edmica, Geologia, Biologia i Matem\u00e0tiques i ha estat sempre situada a l&#8217;Edifici Hist\u00f2ric, al voltant de l&#8217;anomenat Pati de Ci\u00e8ncies. Des de la reforma de 2003, la Facultat s&#8217;organitzava en tres departaments: el Departament d&#8217;\u00c0lgebra i Geometria, el Departament de Matem\u00e0tica Aplicada i An\u00e0lisi i el Departament de Probabilitat, L\u00f2gica i Estad\u00edstica.<\/p>\n<p style=\"text-align: justify;\">La Junta de la\u00a0Facultat\u00a0de\u00a0Matem\u00e0tiques, en reuni\u00f3 ordin\u00e0ria de 19 de juny de 2015, va comunicar a la Secretaria General de la Universitat la voluntat de constituir un \u00fanic departament, amb el nom de\u00a0Departament\u00a0de\u00a0Matem\u00e0tiques\u00a0i\u00a0Inform\u00e0tica, a partir de la fusi\u00f3 dels existents tres departaments de la Facultat. El\u00a0Departament\u00a0de\u00a0Matem\u00e0tiques\u00a0i\u00a0Inform\u00e0tica va ser aprovat en la sessi\u00f3 extraordin\u00e0ria del Consell de Govern de la UB de 27 de gener de 2016 moment en el qual es va iniciar un proc\u00e9s de transici\u00f3 que va finalitzar el dia 28 d&#8217;Abril de 2016, amb l&#8217;elecci\u00f3 de la Dra. Laura Costa\u00a0com a directora del nou departament.<\/p>\n<div class=\"form-control second-textarea\">El nou departament \u00e9s l&#8217;\u00f2rgan encarregat de coordinar la doc\u00e8ncia de les \u00e0rees de coneixement d&#8217;\u00c0lgebra, An\u00e0lisi Matem\u00e0tica, Arquitectura de Computadors, Ci\u00e8ncies de la Computaci\u00f3 i Intel\u00b7lig\u00e8ncia Artificial, Did\u00e0ctica de la Matem\u00e0tica, Estad\u00edstica i Recerca Operativa, Geometria i topologia, Llenguatges i Sistemes Inform\u00e0tics, L\u00f2gica i Filosofia de la Ci\u00e8ncia, Matem\u00e0tica Aplicada i \u00e0rees afins,\u00a0a la Universitat de Barcelona.<\/div>\n<p>El\u00a0Departament\u00a0de\u00a0Matem\u00e0tiques\u00a0i\u00a0Inform\u00e0tica est\u00e0 integrat per m\u00e9s de 110 professors (m\u00e9s de setanta s\u00f3n professors permanents a temps complet) adscrits a una de les seg\u00fcents \u00e0rees de recerca: \u00c0lgebra, An\u00e0lisi Matem\u00e0tica, Geometria i Topologia, Inform\u00e0tica, L\u00f2gica i Hist\u00f2ria de les Matem\u00e0tiques, Matem\u00e0tica Aplicada, Probabilitat i Estad\u00edstica, Geometria i Topologia, L\u00f2gica i Filosofia de la Ci\u00e8ncia, Llenguatges i Sistemes Inform\u00e0tics, Matem\u00e0tica Aplicada.<\/p>\n","protected":false},"excerpt":{"rendered":"<p>Conven\u00e7uts que l&#8217;eliminaci\u00f3 de barreres departamentals millora la transversalitat dels continguts i les sinergies docents i de recerca, la Junta de la\u00a0Facultat\u00a0de\u00a0Matem\u00e0tiques\u00a0va acordar l&#8217;any 2015 la creaci\u00f3 d&#8217;un \u00fanic departament, el\u00a0Departament\u00a0de\u00a0Matem\u00e0tiques\u00a0i\u00a0Inform\u00e0tica, resultant de la integraci\u00f3 dels antics departaments d&#8217;\u00c0lgebra i Geometria, Matem\u00e0tica Aplicada i An\u00e0lisi, i Probabilitat, L\u00f2gica i Estad\u00edstica. Els estudis de matem\u00e0tiques han [&hellip;]<\/p>\n","protected":false},"author":3,"featured_media":0,"parent":0,"menu_order":0,"comment_status":"closed","ping_status":"closed","template":"","meta":{"footnotes":""},"class_list":["post-86","page","type-page","status-publish","hentry"],"_links":{"self":[{"href":"https:\/\/mat.ub.edu\/departament\/wp-json\/wp\/v2\/pages\/86","targetHints":{"allow":["GET"]}}],"collection":[{"href":"https:\/\/mat.ub.edu\/departament\/wp-json\/wp\/v2\/pages"}],"about":[{"href":"https:\/\/mat.ub.edu\/departament\/wp-json\/wp\/v2\/types\/page"}],"author":[{"embeddable":true,"href":"https:\/\/mat.ub.edu\/departament\/wp-json\/wp\/v2\/users\/3"}],"replies":[{"embeddable":true,"href":"https:\/\/mat.ub.edu\/departament\/wp-json\/wp\/v2\/comments?post=86"}],"version-history":[{"count":1,"href":"https:\/\/mat.ub.edu\/departament\/wp-json\/wp\/v2\/pages\/86\/revisions"}],"predecessor-version":[{"id":1027,"href":"https:\/\/mat.ub.edu\/departament\/wp-json\/wp\/v2\/pages\/86\/revisions\/1027"}],"wp:attachment":[{"href":"https:\/\/mat.ub.edu\/departament\/wp-json\/wp\/v2\/media?parent=86"}],"curies":[{"name":"wp","href":"https:\/\/api.w.org\/{rel}","templated":true}]}}