{"id":87,"date":"2017-06-06T12:19:05","date_gmt":"2017-06-06T11:19:05","guid":{"rendered":"http:\/\/www.ub.edu\/dept_matinfo\/es\/?page_id=35"},"modified":"2025-10-07T13:54:13","modified_gmt":"2025-10-07T11:54:13","slug":"comissions","status":"publish","type":"page","link":"https:\/\/mat.ub.edu\/departament\/comissions\/","title":{"rendered":"Consell i Comissions"},"content":{"rendered":"<div class=\"wpb-content-wrapper\"><p>[vc_row][vc_column][vc_column_text css=&#8221;&#8221;]<strong>CONSELL<\/strong><\/p>\n<p style=\"text-align: justify\">El Consell \u00e9s l&#8217;\u00f2rgan amb m\u00e0xima representaci\u00f3 del departament. El compon el personal acad\u00e8mic doctor i representants dels altres col\u00b7lectius implicats en la doc\u00e8ncia i gesti\u00f3 del departament, tamb\u00e9 estudiants.<br \/>\nEl Consell elabora el reglament del departament, modifica les \u00e0rees de recerca, tria el director, elabora el pla d&#8217;activitats anuals del departament, elabora els plans docents i proposa modificacions en els llocs de treball acad\u00e8mics i de personal administratiu.<\/p>\n<p style=\"text-align: justify\">S\u00f3n membres del Consell de Departament:<\/p>\n<p class=\"p1\">\u00a0 \u00a0 a) el personal acad\u00e8mic doctor,<\/p>\n<p class=\"p1\">\u00a0 \u00a0 b) una representaci\u00f3 de fins a un m\u00e0xim de deu membres de l\u2019altre personal docent i investigador,<\/p>\n<p class=\"p1\">\u00a0 \u00a0 c) una representaci\u00f3 de fins a un m\u00e0xim de vuit membres del col\u00b7lectiu d\u2019investigadors en formaci\u00f3,<\/p>\n<p class=\"p1\">\u00a0 \u00a0 d) una representaci\u00f3 de fins a cinc membres de l\u2019alumnat dels ensenyaments de tots els nivells docents,<\/p>\n<p class=\"p1\">\u00a0 \u00a0 e) una representaci\u00f3 de fins a cinc membres del personal t\u00e8cnic, de gesti\u00f3 i d\u2019administraci\u00f3 i serveis del Departament.<\/p>\n<p><strong>COMISSI\u00d3 DE PROFESSORAT<\/strong><\/p>\n<p>Proposa les modificacions de la relaci\u00f3 de llocs de treball de personal acad\u00e8mic i els membres de les comissions d&#8217;acc\u00e9s i contractaci\u00f3 d&#8217;aquest, i la componen:<\/p>\n<ul>\n<li><strong>Direcci\u00f3 del departament:<\/strong>\n<ul>\n<li>Xavier Jarque i Ribera<\/li>\n<\/ul>\n<\/li>\n<li><strong>Degana de la Facultat:<\/strong>\n<ul>\n<li>N\u00faria Fagella i Rabionet<\/li>\n<\/ul>\n<\/li>\n<li><strong>Representants del professorat permanent: <\/strong>\n<ul>\n<li>Xavier Bar\u00f3 Sol\u00e9<\/li>\n<li>Joana Cirici Nu\u00f1ez<\/li>\n<li>Laura Costa Farr\u00e0s<\/li>\n<li>Marcel Gu\u00e0rdia Mun\u00e1rriz<\/li>\n<li>Joaquim Ortega Cerd\u00e0<\/li>\n<li>Petia Radeva<\/li>\n<li>Santiago Segu\u00ed Mesquida<\/li>\n<\/ul>\n<\/li>\n<li><strong>Representant del PAS del Centre:<\/strong>\n<ul>\n<li>M. Carmen V\u00e1zquez Bao<\/li>\n<\/ul>\n<\/li>\n<li><strong>Representant del PAS del Departament:<\/strong>\n<ul>\n<li>Marta Valls Castarlenas<\/li>\n<\/ul>\n<\/li>\n<\/ul>\n<p>&nbsp;<\/p>\n<p>[\/vc_column_text][\/vc_column][\/vc_row]<\/p>\n<\/div>","protected":false},"excerpt":{"rendered":"<p>[vc_row][vc_column][vc_column_text css=&#8221;&#8221;]CONSELL El Consell \u00e9s l&#8217;\u00f2rgan amb m\u00e0xima representaci\u00f3 del departament. El compon el personal acad\u00e8mic doctor i representants dels altres col\u00b7lectius implicats en la doc\u00e8ncia i gesti\u00f3 del departament, tamb\u00e9 estudiants. El Consell elabora el reglament del departament, modifica les \u00e0rees de recerca, tria el director, elabora el pla d&#8217;activitats anuals del departament, elabora [&hellip;]<\/p>\n","protected":false},"author":3,"featured_media":0,"parent":0,"menu_order":0,"comment_status":"closed","ping_status":"closed","template":"","meta":{"footnotes":""},"class_list":["post-87","page","type-page","status-publish","hentry"],"_links":{"self":[{"href":"https:\/\/mat.ub.edu\/departament\/wp-json\/wp\/v2\/pages\/87","targetHints":{"allow":["GET"]}}],"collection":[{"href":"https:\/\/mat.ub.edu\/departament\/wp-json\/wp\/v2\/pages"}],"about":[{"href":"https:\/\/mat.ub.edu\/departament\/wp-json\/wp\/v2\/types\/page"}],"author":[{"embeddable":true,"href":"https:\/\/mat.ub.edu\/departament\/wp-json\/wp\/v2\/users\/3"}],"replies":[{"embeddable":true,"href":"https:\/\/mat.ub.edu\/departament\/wp-json\/wp\/v2\/comments?post=87"}],"version-history":[{"count":14,"href":"https:\/\/mat.ub.edu\/departament\/wp-json\/wp\/v2\/pages\/87\/revisions"}],"predecessor-version":[{"id":1779,"href":"https:\/\/mat.ub.edu\/departament\/wp-json\/wp\/v2\/pages\/87\/revisions\/1779"}],"wp:attachment":[{"href":"https:\/\/mat.ub.edu\/departament\/wp-json\/wp\/v2\/media?parent=87"}],"curies":[{"name":"wp","href":"https:\/\/api.w.org\/{rel}","templated":true}]}}