{"id":280,"date":"2017-09-22T11:18:06","date_gmt":"2017-09-22T10:18:06","guid":{"rendered":"http:\/\/www.ub.edu\/dept_matinfo\/es\/?page_id=280"},"modified":"2023-05-26T13:00:25","modified_gmt":"2023-05-26T11:00:25","slug":"secretaria","status":"publish","type":"page","link":"https:\/\/mat.ub.edu\/departamento\/secretaria\/","title":{"rendered":"Secretaria"},"content":{"rendered":"<p>La Secretar\u00eda Administrativa del departamento se encuentra en el Despacho P2 16, tiene el correo de contacto com\u00fan dp.matematiques.informatica@ub.edu y est\u00e1 compuesta por:<\/p>\n<ul>\n<li>Maria Jes\u00fas Ortigosa:\n<ul>\n<li>Tel\u00e9fono: 93 403 93 30<\/li>\n<\/ul>\n<\/li>\n<\/ul>\n<ul>\n<li>Marta Valls Castarlenas:\n<ul>\n<li>Tel\u00e9fono: 93 403 93 30<\/li>\n<\/ul>\n<\/li>\n<\/ul>\n<ul>\n<li>Maria Jos\u00e9 Parra:\n<ul>\n<li>Tel\u00e9fono: 93 403 93 28<\/li>\n<li>En substituci\u00f3n baja Dolors Rovira<\/li>\n<\/ul>\n<\/li>\n<\/ul>\n","protected":false},"excerpt":{"rendered":"<p>La Secretar\u00eda Administrativa del departamento se encuentra en el Despacho P2 16, tiene el correo de contacto com\u00fan dp.matematiques.informatica@ub.edu y est\u00e1 compuesta por: Maria Jes\u00fas Ortigosa: Tel\u00e9fono: 93 403 93 30 Marta Valls Castarlenas: Tel\u00e9fono: 93 403 93 30 Maria Jos\u00e9 Parra: Tel\u00e9fono: 93 403 93 28 En substituci\u00f3n baja Dolors Rovira<\/p>\n","protected":false},"author":3,"featured_media":0,"parent":0,"menu_order":0,"comment_status":"closed","ping_status":"closed","template":"","meta":{"footnotes":""},"class_list":["post-280","page","type-page","status-publish","hentry"],"_links":{"self":[{"href":"https:\/\/mat.ub.edu\/departamento\/wp-json\/wp\/v2\/pages\/280","targetHints":{"allow":["GET"]}}],"collection":[{"href":"https:\/\/mat.ub.edu\/departamento\/wp-json\/wp\/v2\/pages"}],"about":[{"href":"https:\/\/mat.ub.edu\/departamento\/wp-json\/wp\/v2\/types\/page"}],"author":[{"embeddable":true,"href":"https:\/\/mat.ub.edu\/departamento\/wp-json\/wp\/v2\/users\/3"}],"replies":[{"embeddable":true,"href":"https:\/\/mat.ub.edu\/departamento\/wp-json\/wp\/v2\/comments?post=280"}],"version-history":[{"count":4,"href":"https:\/\/mat.ub.edu\/departamento\/wp-json\/wp\/v2\/pages\/280\/revisions"}],"predecessor-version":[{"id":493,"href":"https:\/\/mat.ub.edu\/departamento\/wp-json\/wp\/v2\/pages\/280\/revisions\/493"}],"wp:attachment":[{"href":"https:\/\/mat.ub.edu\/departamento\/wp-json\/wp\/v2\/media?parent=280"}],"curies":[{"name":"wp","href":"https:\/\/api.w.org\/{rel}","templated":true}]}}