{"id":29,"date":"2017-06-06T12:17:35","date_gmt":"2017-06-06T11:17:35","guid":{"rendered":"http:\/\/www.ub.edu\/dept_matinfo\/es\/?page_id=29"},"modified":"2022-03-15T13:46:05","modified_gmt":"2022-03-15T11:46:05","slug":"historia","status":"publish","type":"page","link":"https:\/\/mat.ub.edu\/departamento\/historia\/","title":{"rendered":"Historia"},"content":{"rendered":"<p><span id=\"result_box\" class=\"\" lang=\"es\"><span title=\"Conven\u00e7uts de que l'eliminaci\u00f3 de barreres departamentals millora la transversalitat dels continguts i les sinergies docents i de recerca, la Junta de la Facultat de Matem\u00e0tiques va acordar l'any 2015 la creaci\u00f3 d'un \u00fanic Departament, el Departament de Matem\u00e0tiques i Inform\u00e0tica,\">Convencidos de que la eliminaci\u00f3n de barreras departamentales mejora la transversalidad de los contenidos y las sinergias docentes y de investigaci\u00f3n, la Junta de la Facultat de Matem\u00e0tiques acord\u00f3 el a\u00f1o 2015 la creaci\u00f3n de un \u00fanico departamento, el <span title=\"La Junta de la Facultat de Matem\u00e0tiques, en reuni\u00f3 ordin\u00e0ria de 19 de juny de 2015, va comunicar a la Secretaria General de la Universitat la voluntat de constituir un \u00fanic departament, amb el nom de Departament de Matem\u00e0tiques i Inform\u00e0tica, a partir de la fusi\u00f3\">Departament de Matem\u00e0tiques i Inform\u00e0tic<\/span>a, <\/span><span title=\"resultant de la integraci\u00f3 dels antics departaments d'\u00c0lgebra i Geometria, Matem\u00e0tica Aplicada i An\u00e0lisi, i Probabilitat, L\u00f2gica i Estad\u00edstica. \">resultante de la integraci\u00f3n de los antiguos departamentos de \u00c1lgebra y Geometr\u00eda, Matem\u00e1tica Aplicada y An\u00e1lisis, y Probabilidad, L\u00f3gica y Estad\u00edstica.<\/span><\/span><\/p>\n<p><span title=\"Els estudis de matem\u00e0tiques han estat presents a la Universitat de Barcelona des dels seus inicis.\">Los estudios de matem\u00e1ticas han estado presentes en la Universitat de Barcelona desde sus inicios. <\/span><span title=\"A mitjans del segle XVI es va crear una C\u00e0tedra de Matem\u00e0tiques i Astrologia dins de la Facultat d'Arts, tot i que \u00e9s a partir de la creaci\u00f3 de la Secci\u00f3 de Fisico-matem\u00e0tiques de la Facultat de Ci\u00e8ncies Exactes, F\u00edsiques i Naturals a mitjans\">A mediados del siglo XVI se cre\u00f3 una C\u00e1tedra de Matem\u00e1ticas y Astrolog\u00eda dentro de la Facultad de Artes, aunque es a partir de la creaci\u00f3n de la Secci\u00f3n de F\u00edsico-matem\u00e1ticas de la Facultad de Ciencias Exactas, F\u00edsicas y Naturales en medios <\/span><span title=\"del segle XIX que es pot parlar d'uns estudis m\u00e9s estructurats. \">del siglo XIX que se puede hablar de unos estudios m\u00e1s estructurados.<\/span><\/p>\n<p><span title=\"Durant el segle XX i com a Secci\u00f3 de Matem\u00e0tiques de la Facultat de Ci\u00e8ncies de la Universitat de Barcelona, es produeixen fets prou importants: el 1928 es crea la Biblioteca de Matem\u00e0tiques, el 1947 s'inicia el Seminario Matem\u00e1tico i el 1948 apareix el primer\">Durante el siglo XX y como Secci\u00f3n de Matem\u00e1ticas de la Facultad de Ciencias de la Universitat de Barcelona, \u200b\u200bse producen hechos bastante importantes: en 1928 se crea la Biblioteca de Matem\u00e1ticas, en 1947 se inicia el Seminario Matem\u00e1tico y en 1948 aparece el primer <\/span><span title=\"n\u00famero de la revista Collectanea Mathematica.\">n\u00famero de la revista Collectanea Mathematica. <\/span><span title=\"Una mica m\u00e9s tard, el 1968, es crea el primer centre de c\u00e0lcul. \">Un poco m\u00e1s tarde, en 1968, se crea el primer centro de c\u00e1lculo.<\/span><\/p>\n<p><span title=\"La Facultat de Matem\u00e0tiques com la coneixem actualment va n\u00e9ixer l'any 1974, arran de la divisi\u00f3 de l'antiga Facultat de Ci\u00e8ncies (1857-1973) en cinc facultats: F\u00edsica, Qu\u00edmica, Geologia, Biologia i Matem\u00e0tiques i ha estat sempre ubicada a\">La Facultat de Matem\u00e0tiques como la conocemos actualmente naci\u00f3 en 1974, a ra\u00edz de la divisi\u00f3n de la antigua Facultad de Ciencias (1957-73) en cinco facultades: F\u00edsica, Qu\u00edmica, Geolog\u00eda, Biolog\u00eda y Matem\u00e1ticas y ha sido siempre ubicada en <\/span><span title=\"l'Edifici Hist\u00f2ric, al voltant de l'anomenat Pati de Ci\u00e8ncies. \">el Edificio Hist\u00f3rico, alrededor del llamado Patio de Ciencias.<\/span><\/p>\n<p><span title=\"Des de la reforma de 2003, la Facultat s\u2019organitzava en tres departaments: el Departament d\u2019\u00c0lgebra i Geometria, el Departament de Matem\u00e0tica Aplicada i An\u00e0lisi i el Departament de Probabilitat, L\u00f2gica i Estad\u00edstica. \">Desde la reforma de 2003, la Facultad se organizaba en tres departamentos: el Departamento de \u00c1lgebra y Geometr\u00eda, el Departamento de Matem\u00e1tica Aplicada y An\u00e1lisis y el Departamento de Probabilidad, L\u00f3gica y Estad\u00edstica.<\/span><\/p>\n<p><span title=\"La Junta de la Facultat de Matem\u00e0tiques, en reuni\u00f3 ordin\u00e0ria de 19 de juny de 2015, va comunicar a la Secretaria General de la Universitat la voluntat de constituir un \u00fanic departament, amb el nom de Departament de Matem\u00e0tiques i Inform\u00e0tica, a partir de la fusi\u00f3\">La Junta de la Facultat de Matem\u00e0tiques, en reuni\u00f3n ordinaria de 19 de junio de 2015, comunic\u00f3 a la Secretar\u00eda General de la Universidad la voluntad de constituir un \u00fanico departamento, con el nombre de <span id=\"result_box\" class=\"\" lang=\"es\"><span title=\"Conven\u00e7uts de que l'eliminaci\u00f3 de barreres departamentals millora la transversalitat dels continguts i les sinergies docents i de recerca, la Junta de la Facultat de Matem\u00e0tiques va acordar l'any 2015 la creaci\u00f3 d'un \u00fanic Departament, el Departament de Matem\u00e0tiques i Inform\u00e0tica,\">Departament de Matem\u00e0tiques i Inform\u00e0tica<\/span><\/span>, a partir de la fusi\u00f3n <\/span><span title=\"dels existents tres departaments de la Facultat.\">los existentes tres departamentos de la Facultad. <\/span><span title=\"El Departament de Matem\u00e0tiques i Inform\u00e0tica fou aprovat en la sessi\u00f3 extraordin\u00e0ria del Consell de Govern de la UB de 27 de gener de 2016 moment en el que es va iniciar un proc\u00e9s de transici\u00f3 que finalitz\u00e0 el dia 28 d'Abril de 2016 monent en el qual\">El <span id=\"result_box\" class=\"\" lang=\"es\"><span title=\"Conven\u00e7uts de que l'eliminaci\u00f3 de barreres departamentals millora la transversalitat dels continguts i les sinergies docents i de recerca, la Junta de la Facultat de Matem\u00e0tiques va acordar l'any 2015 la creaci\u00f3 d'un \u00fanic Departament, el Departament de Matem\u00e0tiques i Inform\u00e0tica,\"><span title=\"La Junta de la Facultat de Matem\u00e0tiques, en reuni\u00f3 ordin\u00e0ria de 19 de juny de 2015, va comunicar a la Secretaria General de la Universitat la voluntat de constituir un \u00fanic departament, amb el nom de Departament de Matem\u00e0tiques i Inform\u00e0tica, a partir de la fusi\u00f3\">Departament de Matem\u00e0tiques i Inform\u00e0tic<\/span>a<\/span><\/span> fue aprobado en la sesi\u00f3n extraordinaria del Consejo de Gobierno de la UB de 27 de enero de 2016 momento en el que se inici\u00f3 un proceso de transici\u00f3n que finaliz\u00f3 el d\u00eda 28 de Abril de 2016 momento en el que <\/span><span title=\"la Dra.\">la Dra. <\/span><span title=\"Laura Costa fou escollida directora del nou Departament. \">Laura Costa fue elegida directora del nuevo departamento.<\/span><\/p>\n<p><span title=\"El nou departament \u00e9s l'\u00f2rgan encarregat de coordinar la doc\u00e8ncia de les \u00e0rees de coneixement d'\u00c0lgebra, An\u00e0lisi Matem\u00e0tica, Arquitectura de Computadors, Ci\u00e8ncies de la Computaci\u00f3 i Intel\u2022lig\u00e8ncia Artificial, Did\u00e0ctica de la Matem\u00e0tica, Estad\u00edstica i Investigaci\u00f3 Operativa, Geometria i\">El nuevo departamento es el \u00f3rgano encargado de coordinar la docencia de las \u00e1reas de conocimiento de \u00c1lgebra, An\u00e1lisis Matem\u00e1tico, Arquitectura de Computadores, Ciencias de la Computaci\u00f3n e Inteligencia Artificial, Did\u00e1ctica de la Matem\u00e1tica, Estad\u00edstica e Investigaci\u00f3n Operativa, Geometr\u00eda y <\/span><span title=\"Topologia, Llenguatges i Sistemes Inform\u00e0tics, L\u00f2gica i Filosofia de la Ci\u00e8ncia, Matem\u00e0tica Aplicada i \u00e0rees afins, en la Universitat de Barcelona. \">topolog\u00eda, Lenguajes y Sistemas Inform\u00e1ticos, L\u00f3gica y Filosof\u00eda de la Ciencia, Matem\u00e1tica Aplicada y \u00e1reas afines, en la Universitat de Barcelona.<\/span><\/p>\n<p><span title=\"El Departament de Matem\u00e0tiques i Inform\u00e0tica est\u00e0 integrat per m\u00e9s de 110 professors (m\u00e9s d'una setantena s\u00f3n professors permanents a temps complert) adscrits a una de les seg\u00fcents \u00e0rees de recerca: \u00c0lgebra, An\u00e0lisi Matem\u00e0tica, Geometria i Topologia, Inform\u00e0tica, L\u00f2gica i Hist\u00f2ria\">El <span id=\"result_box\" class=\"\" lang=\"es\"><span title=\"Conven\u00e7uts de que l'eliminaci\u00f3 de barreres departamentals millora la transversalitat dels continguts i les sinergies docents i de recerca, la Junta de la Facultat de Matem\u00e0tiques va acordar l'any 2015 la creaci\u00f3 d'un \u00fanic Departament, el Departament de Matem\u00e0tiques i Inform\u00e0tica,\"><span title=\"La Junta de la Facultat de Matem\u00e0tiques, en reuni\u00f3 ordin\u00e0ria de 19 de juny de 2015, va comunicar a la Secretaria General de la Universitat la voluntat de constituir un \u00fanic departament, amb el nom de Departament de Matem\u00e0tiques i Inform\u00e0tica, a partir de la fusi\u00f3\">Departament de Matem\u00e0tiques i Inform\u00e0tic<\/span>a<\/span><\/span> est\u00e1 integrado por m\u00e1s de 110 profesores (m\u00e1s de setenta son profesores permanentes a tiempo completo) adscritos a una de las siguientes \u00e1reas de investigaci\u00f3n: \u00c1lgebra, An\u00e1lisis Matem\u00e1tico, Geometr\u00eda y Topolog\u00eda, Inform\u00e1tica, L\u00f3gica e Historia <\/span><span title=\"de les Matem\u00e0tiques, Matem\u00e0tica Aplicada, Probabilitat i Estad\u00edstica, Geometria i Topologia, L\u00f2gica i Filosofia de la Ci\u00e8ncia, Llenguatges i Sistemes Inform\u00e0tics, Matem\u00e0tica Aplicada.\">de las Matem\u00e1ticas, Matem\u00e1tica Aplicada, Probabilidad y Estad\u00edstica, Geometr\u00eda y Topolog\u00eda, L\u00f3gica y Filosof\u00eda de la Ciencia, Lenguajes y Sistemas Inform\u00e1ticos, Matem\u00e1tica Aplicada.<\/span><\/p>\n","protected":false},"excerpt":{"rendered":"<p>Convencidos de que la eliminaci\u00f3n de barreras departamentales mejora la transversalidad de los contenidos y las sinergias docentes y de investigaci\u00f3n, la Junta de la Facultat de Matem\u00e0tiques acord\u00f3 el a\u00f1o 2015 la creaci\u00f3n de un \u00fanico departamento, el Departament de Matem\u00e0tiques i Inform\u00e0tica, resultante de la integraci\u00f3n de los antiguos departamentos de \u00c1lgebra y [&hellip;]<\/p>\n","protected":false},"author":3,"featured_media":0,"parent":0,"menu_order":0,"comment_status":"closed","ping_status":"closed","template":"","meta":{"footnotes":""},"class_list":["post-29","page","type-page","status-publish","hentry"],"_links":{"self":[{"href":"https:\/\/mat.ub.edu\/departamento\/wp-json\/wp\/v2\/pages\/29","targetHints":{"allow":["GET"]}}],"collection":[{"href":"https:\/\/mat.ub.edu\/departamento\/wp-json\/wp\/v2\/pages"}],"about":[{"href":"https:\/\/mat.ub.edu\/departamento\/wp-json\/wp\/v2\/types\/page"}],"author":[{"embeddable":true,"href":"https:\/\/mat.ub.edu\/departamento\/wp-json\/wp\/v2\/users\/3"}],"replies":[{"embeddable":true,"href":"https:\/\/mat.ub.edu\/departamento\/wp-json\/wp\/v2\/comments?post=29"}],"version-history":[{"count":1,"href":"https:\/\/mat.ub.edu\/departamento\/wp-json\/wp\/v2\/pages\/29\/revisions"}],"predecessor-version":[{"id":361,"href":"https:\/\/mat.ub.edu\/departamento\/wp-json\/wp\/v2\/pages\/29\/revisions\/361"}],"wp:attachment":[{"href":"https:\/\/mat.ub.edu\/departamento\/wp-json\/wp\/v2\/media?parent=29"}],"curies":[{"name":"wp","href":"https:\/\/api.w.org\/{rel}","templated":true}]}}