{"id":33,"date":"2017-06-06T12:18:27","date_gmt":"2017-06-06T11:18:27","guid":{"rendered":"http:\/\/www.ub.edu\/dept_matinfo\/es\/?page_id=33"},"modified":"2023-01-23T17:26:55","modified_gmt":"2023-01-23T15:26:55","slug":"direccion","status":"publish","type":"page","link":"https:\/\/mat.ub.edu\/departamento\/direccion\/","title":{"rendered":"Direcci\u00f3n y reglamento"},"content":{"rendered":"<p>El Equipo de Direcci\u00f3n est\u00e1 compuesto por:<\/p>\n<p>Directora: Laura Costa Farr\u00e0s<\/p>\n<ul>\n<li>Tel\u00e9fono: 93 402 16 20<\/li>\n<li>Correo electr\u00f3nico: costa@ub.edu<\/li>\n<li>Despacho: P2 19<\/li>\n<\/ul>\n<p>Secretaria: Mireia Ribera Turr\u00f3<\/p>\n<ul>\n<li>Tel\u00e9fono: 93 402 08 55<\/li>\n<li>Correo electr\u00f3nico: ribera@ub.edu<\/li>\n<li>Despacho: P2 06<\/li>\n<\/ul>\n<p>Vocal: Santiago Segu\u00ed Mesquida<\/p>\n<ul>\n<li>Tel\u00e9fono: 93 402 16 11<\/li>\n<li>Correo electr\u00f3nico: santi.segui@ub.edu<\/li>\n<li>Despacho: P1 35<\/li>\n<\/ul>\n\n\n<p>Vocal: Mart\u00ed Lahoz Vilalta<\/p>\n\n\n\n<ul class=\"wp-block-list\">\n<li>Tel\u00e9fono: 93 402 16 08<\/li>\n\n\n\n<li>Correo electr\u00f3nico: <a href=\"mailto:marti.lahoz@ub.edu\">marti.lahoz@ub.edu<\/a><\/li>\n\n\n\n<li>Despacho: P1 28A<\/li>\n<\/ul>\n","protected":false},"excerpt":{"rendered":"<p>El Equipo de Direcci\u00f3n est\u00e1 compuesto por: Directora: Laura Costa Farr\u00e0s Tel\u00e9fono: 93 402 16 20 Correo electr\u00f3nico: costa@ub.edu Despacho: P2 19 Secretaria: Mireia Ribera Turr\u00f3 Tel\u00e9fono: 93 402 08 55 Correo electr\u00f3nico: ribera@ub.edu Despacho: P2 06 Vocal: Santiago Segu\u00ed Mesquida Tel\u00e9fono: 93 402 16 11 Correo electr\u00f3nico: santi.segui@ub.edu Despacho: P1 35 Vocal: Mart\u00ed Lahoz [&hellip;]<\/p>\n","protected":false},"author":3,"featured_media":0,"parent":0,"menu_order":0,"comment_status":"closed","ping_status":"closed","template":"","meta":{"footnotes":""},"class_list":["post-33","page","type-page","status-publish","hentry"],"_links":{"self":[{"href":"https:\/\/mat.ub.edu\/departamento\/wp-json\/wp\/v2\/pages\/33","targetHints":{"allow":["GET"]}}],"collection":[{"href":"https:\/\/mat.ub.edu\/departamento\/wp-json\/wp\/v2\/pages"}],"about":[{"href":"https:\/\/mat.ub.edu\/departamento\/wp-json\/wp\/v2\/types\/page"}],"author":[{"embeddable":true,"href":"https:\/\/mat.ub.edu\/departamento\/wp-json\/wp\/v2\/users\/3"}],"replies":[{"embeddable":true,"href":"https:\/\/mat.ub.edu\/departamento\/wp-json\/wp\/v2\/comments?post=33"}],"version-history":[{"count":4,"href":"https:\/\/mat.ub.edu\/departamento\/wp-json\/wp\/v2\/pages\/33\/revisions"}],"predecessor-version":[{"id":480,"href":"https:\/\/mat.ub.edu\/departamento\/wp-json\/wp\/v2\/pages\/33\/revisions\/480"}],"wp:attachment":[{"href":"https:\/\/mat.ub.edu\/departamento\/wp-json\/wp\/v2\/media?parent=33"}],"curies":[{"name":"wp","href":"https:\/\/api.w.org\/{rel}","templated":true}]}}