{"id":35,"date":"2017-06-06T12:19:05","date_gmt":"2017-06-06T11:19:05","guid":{"rendered":"http:\/\/www.ub.edu\/dept_matinfo\/es\/?page_id=35"},"modified":"2025-10-07T15:01:01","modified_gmt":"2025-10-07T13:01:01","slug":"comissions","status":"publish","type":"page","link":"https:\/\/mat.ub.edu\/departamento\/comissions\/","title":{"rendered":"Consejo y Comisiones"},"content":{"rendered":"<div class=\"wpb-content-wrapper\"><p>[vc_row][vc_column][vc_column_text css=\u00bb\u00bb]<strong>CONSEJO<\/strong><\/p>\n<p style=\"text-align: justify\"><span class=\"\">El Consejo<\/span>\u00a0<span class=\"\">es el \u00f3rgano<\/span>\u00a0con m\u00e1xima representaci\u00f3n del departamento. Est\u00e1 compuesto por el\u00a0<span class=\"\">personal acad\u00e9mico<\/span>\u00a0<span class=\"\">doctor<\/span>\u00a0<span class=\"\">y representantes de los<\/span>\u00a0otros colectivos implicados en la docencia y gesti\u00f3n\u00a0<span class=\"\">del departamento,<\/span>\u00a0<span class=\"\">tambi\u00e9n<\/span>\u00a0estudiantes.<br \/>\nEl Consejo elabora el reglamento\u00a0<span class=\"\">del departamento<\/span>,\u00a0<span class=\"\">modifica las<\/span>\u00a0\u00e1reas de investigaci\u00f3n, elige el director, elabora el\u00a0<span class=\"\">plan de actividades<\/span>\u00a0anuales del departamento, elabora los planes docentes y\u00a0<span class=\"\">propone<\/span>\u00a0<span class=\"\">modificaciones<\/span>\u00a0en los puestos de trabajo acad\u00e9micos y de personal\u00a0<span class=\"\">administrativo.<\/span><\/p>\n<p>Son miembros del Consejo del Departamento:<\/p>\n<p class=\"p1\">\u00a0 \u00a0 a) el personal acad\u00e9mico doctor,<\/p>\n<p class=\"p1\">\u00a0 \u00a0 b) una representaci\u00f3n de hasta un m\u00e1ximo de diez miembros de otro personal docente i investigador,<\/p>\n<p class=\"p1\">\u00a0 \u00a0 c) una representaci\u00f3n de hasta un m\u00e1ximo de ocho miembros del colectivo de investigadores en formaci\u00f3n,<\/p>\n<p class=\"p1\">\u00a0 \u00a0 d) una representaci\u00f3n de hasta cinco miembros del alumnados de las ense de fins a cinc membres de l\u2019alumnat dels ensenyaments de tots els nivells docents,<\/p>\n<p class=\"p1\">\u00a0 \u00a0 e) una representaci\u00f3n de hasta cinco miembros del personal t\u00e9cnico, de gesti\u00f3n y de administraci\u00f3n i servicios del Departamento.<\/p>\n<p>&nbsp;<\/p>\n<p><strong>COMISI\u00d3N DE PROFESORADO<br \/>\n<\/strong><\/p>\n<p>Propone las modificaciones de la relaci\u00f3n de puestos de trabajo de personal acad\u00e9mico y los miembros de las comisiones de acceso y contrataci\u00f3n de este,\u00a0 y est\u00e1 compuesta por:<\/p>\n<ul>\n<li style=\"list-style-type: none\">\n<ul>\n<li><strong>Direcci\u00f3n del departamento:<\/strong>\n<ul>\n<li>Xavier Jarque i Ribera<\/li>\n<\/ul>\n<\/li>\n<li><strong>Degana de la Facultad:<\/strong>\n<ul>\n<li>N\u00faria Fagella i Rabionet<\/li>\n<\/ul>\n<\/li>\n<li><strong>Representantes del profesorado permanente:<\/strong>\n<ul>\n<li>Xavier Bar\u00f3 Sol\u00e9<\/li>\n<li>Joana Cirici Nu\u00f1ez<\/li>\n<li>Laura Costa Farr\u00e0s<\/li>\n<li>Marcel Gu\u00e0rdia Mun\u00e1rriz<\/li>\n<li>Joaquim Ortega Cerd\u00e0<\/li>\n<li>Petia Radeva<\/li>\n<li>Santiago Segu\u00ed Mesquida<\/li>\n<\/ul>\n<\/li>\n<li><strong>Representante del PAS del Centro:<\/strong>\n<ul>\n<li>M. Carmen V\u00e1zquez Bao<\/li>\n<\/ul>\n<\/li>\n<li><strong>Representante del PAS del Departamento:<\/strong>\n<ul>\n<li>Marta Valls Castarlenas<\/li>\n<\/ul>\n<\/li>\n<\/ul>\n<\/li>\n<\/ul>\n<p>[\/vc_column_text][\/vc_column][\/vc_row]<\/p>\n<\/div>","protected":false},"excerpt":{"rendered":"<p>[vc_row][vc_column][vc_column_text css=\u00bb\u00bb]CONSEJO El Consejo\u00a0es el \u00f3rgano\u00a0con m\u00e1xima representaci\u00f3n del departamento. Est\u00e1 compuesto por el\u00a0personal acad\u00e9mico\u00a0doctor\u00a0y representantes de los\u00a0otros colectivos implicados en la docencia y gesti\u00f3n\u00a0del departamento,\u00a0tambi\u00e9n\u00a0estudiantes. El Consejo elabora el reglamento\u00a0del departamento,\u00a0modifica las\u00a0\u00e1reas de investigaci\u00f3n, elige el director, elabora el\u00a0plan de actividades\u00a0anuales del departamento, elabora los planes docentes y\u00a0propone\u00a0modificaciones\u00a0en los puestos de trabajo acad\u00e9micos y [&hellip;]<\/p>\n","protected":false},"author":3,"featured_media":0,"parent":0,"menu_order":0,"comment_status":"closed","ping_status":"closed","template":"","meta":{"footnotes":""},"class_list":["post-35","page","type-page","status-publish","hentry"],"_links":{"self":[{"href":"https:\/\/mat.ub.edu\/departamento\/wp-json\/wp\/v2\/pages\/35","targetHints":{"allow":["GET"]}}],"collection":[{"href":"https:\/\/mat.ub.edu\/departamento\/wp-json\/wp\/v2\/pages"}],"about":[{"href":"https:\/\/mat.ub.edu\/departamento\/wp-json\/wp\/v2\/types\/page"}],"author":[{"embeddable":true,"href":"https:\/\/mat.ub.edu\/departamento\/wp-json\/wp\/v2\/users\/3"}],"replies":[{"embeddable":true,"href":"https:\/\/mat.ub.edu\/departamento\/wp-json\/wp\/v2\/comments?post=35"}],"version-history":[{"count":10,"href":"https:\/\/mat.ub.edu\/departamento\/wp-json\/wp\/v2\/pages\/35\/revisions"}],"predecessor-version":[{"id":515,"href":"https:\/\/mat.ub.edu\/departamento\/wp-json\/wp\/v2\/pages\/35\/revisions\/515"}],"wp:attachment":[{"href":"https:\/\/mat.ub.edu\/departamento\/wp-json\/wp\/v2\/media?parent=35"}],"curies":[{"name":"wp","href":"https:\/\/api.w.org\/{rel}","templated":true}]}}