{"id":43,"date":"2017-06-06T12:20:52","date_gmt":"2017-06-06T11:20:52","guid":{"rendered":"http:\/\/www.ub.edu\/dept_matinfo\/es\/?page_id=43"},"modified":"2023-04-17T11:59:51","modified_gmt":"2023-04-17T09:59:51","slug":"pas","status":"publish","type":"page","link":"https:\/\/mat.ub.edu\/departamento\/equip\/pas\/","title":{"rendered":"Personal de Administraci\u00f3n y servicios"},"content":{"rendered":"\n<p><a href=\"https:\/\/mat.ub.edu\/departamento\/wp-admin\/edit.php?post_type=page\"><\/a><\/p>\n\n\n<p>La Secretar\u00eda Administrativa del departamento se encuentra en el Despacho P2 16 y la pod\u00e9is contactar a trav\u00e9s del correo <a href=\"mailto:dp.matematiques.informatica@ub.edu\">dp.matematiques.informatica@ub.edu<\/a> o a trav\u00e9s de los tel\u00e9fonos de sus integrantes:<\/p>\n<ul>\n<li>M. Jes\u00fas Ortigosa:\n<ul>\n<li>Tel\u00e9fono: 93 403 93 30<\/li>\n<\/ul>\n<\/li>\n<\/ul>\n<ul>\n<li>Marta Valls Castarlenas:\n<ul>\n<li>Tel\u00e9fono: 93 403 93 30<\/li>\n<\/ul>\n<\/li>\n<\/ul>\n<ul>\n<li>Maria Jos\u00e9 Parra:\n<ul>\n<li>Tel\u00e9fono: 93 403 93 28<\/li>\n<\/ul>\n<\/li>\n<\/ul>","protected":false},"excerpt":{"rendered":"<p>La Secretar\u00eda Administrativa del departamento se encuentra en el Despacho P2 16 y la pod\u00e9is contactar a trav\u00e9s del correo dp.matematiques.informatica@ub.edu o a trav\u00e9s de los tel\u00e9fonos de sus integrantes: M. Jes\u00fas Ortigosa: Tel\u00e9fono: 93 403 93 30 Marta Valls Castarlenas: Tel\u00e9fono: 93 403 93 30 Maria Jos\u00e9 Parra: Tel\u00e9fono: 93 403 93 28<\/p>\n","protected":false},"author":3,"featured_media":0,"parent":6,"menu_order":0,"comment_status":"closed","ping_status":"closed","template":"","meta":{"footnotes":""},"class_list":["post-43","page","type-page","status-publish","hentry"],"_links":{"self":[{"href":"https:\/\/mat.ub.edu\/departamento\/wp-json\/wp\/v2\/pages\/43","targetHints":{"allow":["GET"]}}],"collection":[{"href":"https:\/\/mat.ub.edu\/departamento\/wp-json\/wp\/v2\/pages"}],"about":[{"href":"https:\/\/mat.ub.edu\/departamento\/wp-json\/wp\/v2\/types\/page"}],"author":[{"embeddable":true,"href":"https:\/\/mat.ub.edu\/departamento\/wp-json\/wp\/v2\/users\/3"}],"replies":[{"embeddable":true,"href":"https:\/\/mat.ub.edu\/departamento\/wp-json\/wp\/v2\/comments?post=43"}],"version-history":[{"count":9,"href":"https:\/\/mat.ub.edu\/departamento\/wp-json\/wp\/v2\/pages\/43\/revisions"}],"predecessor-version":[{"id":492,"href":"https:\/\/mat.ub.edu\/departamento\/wp-json\/wp\/v2\/pages\/43\/revisions\/492"}],"up":[{"embeddable":true,"href":"https:\/\/mat.ub.edu\/departamento\/wp-json\/wp\/v2\/pages\/6"}],"wp:attachment":[{"href":"https:\/\/mat.ub.edu\/departamento\/wp-json\/wp\/v2\/media?parent=43"}],"curies":[{"name":"wp","href":"https:\/\/api.w.org\/{rel}","templated":true}]}}