{"id":51,"date":"2017-06-06T12:23:47","date_gmt":"2017-06-06T11:23:47","guid":{"rendered":"http:\/\/www.ub.edu\/dept_matinfo\/es\/?page_id=51"},"modified":"2024-03-18T19:20:59","modified_gmt":"2024-03-18T17:20:59","slug":"grups","status":"publish","type":"page","link":"https:\/\/mat.ub.edu\/departamento\/recerca\/grups\/","title":{"rendered":"Grupos de investigaci\u00f3n"},"content":{"rendered":"<div class=\"wpb-content-wrapper\"><p>[vc_row][vc_column][vc_column_text]<\/p>\r\n<h2 class=\"wp-block-heading\">Grupos de investigaci\u00f3n al Departamento de Matem\u00e1ticas e Inform\u00e1tica<\/h2>\r\n\r\n<p>&nbsp;<\/p>\r\n\r\n<h3 class=\"wp-block-heading\">An\u00e1lisis Complejo<\/h3>\r\n\r\n<p><img decoding=\"async\" class=\"wp-image-1301\" style=\"width: 100px\" src=\"https:\/\/mat.ub.edu\/departament\/wp-content\/uploads\/sites\/40\/2022\/07\/analisicomplexa.png\" alt=\"\" \/> <strong>Personas:<\/strong> <a href=\"https:\/\/webgrec.ub.edu\/webpages\/000006\/cat\/cascante.ub.edu.html\">Carme Cascante<\/a>, <a href=\"https:\/\/www.icrea.cat\/Web\/ScientificStaff\/Konstantin-Dyakonov-393\">Konstantin Dyakonov<\/a>, <a href=\"http:\/\/www.maia.ub.es\/~jmarzo\/\">Jordi Marzo<\/a>, <a href=\"https:\/\/webgrec.ub.edu\/webpages\/000006\/cat\/xavier.massaneda.ub.edu.html\">Xavier Massaneda<\/a>, <a href=\"https:\/\/webgrec.ub.edu\/webpages\/000006\/ang\/jortega.ub.edu.html\">Joaquim Ortega<\/a> (persona de contacte), <a href=\"https:\/\/webgrec.ub.edu\/webpages\/000006\/cat\/jordi.pau.ub.edu.html\">Jordi Pau<\/a>, <a href=\"https:\/\/webgrec.ub.edu\/webpages\/personal\/cat\/007025_martiprats.ub.edu.html\">Mart\u00ed Prats<\/a>;\u00a0<em>Estudiantes de doctora<\/em>do: Victor de la Torre<\/p>\r\n\r\n<p><strong>Descripci\u00f3n:<\/strong>En el grupo de An\u00e1lisis Complejo trabajamos con problemas de funciones holomorfas en una y varias variables complejas as\u00ed como problemas de an\u00e1lisis arm\u00f3nico, teor\u00eda del potencial y teor\u00eda de operadores que aparecen de forma natural al estudiar problemas cl\u00e1sicos de teor\u00eda de funciones. \u00daltimamente hemos puesto en marcha una nueva l\u00ednea de investigaci\u00f3n en torno a los procesos de puntos aleatorios que aparecen al modelar part\u00edculas con repulsi\u00f3n.<\/p>\r\n\r\n<p>&nbsp;<\/p>\r\n\r\n<h3 class=\"wp-block-heading\">An\u00e0lisi Estoc\u00e0stica<\/h3>\r\n\r\n<p><img decoding=\"async\" class=\"wp-image-1302\" style=\"width: 150px\" src=\"https:\/\/mat.ub.edu\/departament\/wp-content\/uploads\/sites\/40\/2022\/07\/analisiestocastica.jpg\" alt=\"\" \/> <strong>Personas:<\/strong> Carme Florit, <a href=\"https:\/\/webgrec.ub.edu\/webpages\/tmp\/cas\/davidmarquez.ub.edu.html\">David M\u00e1rquez<\/a>, <a href=\"https:\/\/webgrec.ub.edu\/webpages\/000006\/cat\/carles.rovira.ub.edu.html\">Carles Rovira<\/a>.<\/p>\r\n\r\n<p><strong>Descripci\u00f3n:<\/strong> Uno de los principales campos es el estudio de ecuaciones diferenciales estoc\u00e1sticas: problemas de estabilidad, ecuaciones diferenciales estoc\u00e1sticas, con retraso o con reflexi\u00f3n, dirigidas por un ruido fraccionario y un tipo de modelos estoc\u00e1sticos con retraso aplicados a modelos biol\u00f3gicos. La otra l\u00ednea de investigaci\u00f3n se dedica a problemas de convergencia casi segura hacia procesos Gaussianos.<\/p>\r\n\r\n<p>&nbsp;<\/p>\r\n\r\n<h3 class=\"wp-block-heading\">An\u00e0lisi Estoc\u00e0stica i Finances Quantitatives<\/h3>\r\n\r\n<p> <img loading=\"lazy\" decoding=\"async\" width=\"295\" height=\"344\" class=\"wp-image-470\" style=\"width: 150px\" src=\"https:\/\/mat.ub.edu\/departamento\/wp-content\/uploads\/sites\/41\/2022\/10\/garf.jpg\" alt=\"\" srcset=\"https:\/\/mat.ub.edu\/departamento\/wp-content\/uploads\/sites\/41\/2022\/10\/garf.jpg 295w, https:\/\/mat.ub.edu\/departamento\/wp-content\/uploads\/sites\/41\/2022\/10\/garf-257x300.jpg 257w\" sizes=\"auto, (max-width: 295px) 100vw, 295px\" \/><em><strong>Personas:<\/strong> <em>M<\/em>embros del Departament<\/em>: Jos\u00e9 Manuel Corcuera, <a href=\"https:\/\/www.ub.edu\/probabilitats-seminaribcn\/Sanz-Sole\/\">Marta Sanz-Sol\u00e9 <\/a>, Josep Vives; <em>Membres externs al Departament<\/em>: Elisa Al\u00f2s (UPF), Luis Ortiz (UB, Facultat d\u2019Economia i Empresa), Rafael de Santiago (IESE); <em>Doctorandos<\/em>: Omar F. Arias, Augusto Blanc Blocquel, David Garcia-Lorite, Adri\u00e1n Hinojosa, Zororo S. Makumbe; <em>Postdoctorandos<\/em>: Mishari Alforaih<\/p>\r\n\r\n<p><strong>Web:<\/strong><a href=\"https:\/\/www.ub.edu\/probabilitats-seminaribcn\/Seminaris.html\">https:\/\/www.ub.edu\/probabilitats-seminaribcn\/Seminaris.html<\/a><\/p>\r\n\r\n<p><strong>Descripci\u00f3n:<\/strong> El grupo desarrolla su investigaci\u00f3n en el campo de las Finanzas Cuantitativas utilizando t\u00e9cnicas de An\u00e1lisis Estoc\u00e1stico (procesos gaussianos, procesos de L\u00e9vy, teor\u00eda de triqui\u00f1uelas, c\u00e1lculo de It\u00f4, c\u00e1lculo de Malliavin, ecuaciones diferenciales estoc\u00e1sticas, ecuaciones en derivadas parciales estoc\u00e1sticas, etc.) y m\u00e9todos num\u00e9ricos (simulaci\u00f3n de Monte-Carlo, Machine learning, Wavelets, etc.). Aborda problemas de modelizaci\u00f3n de precios mediante modelos de difusi\u00f3n con saltos y volatilidad estoc\u00e1stica. En particular problemas como valoraci\u00f3n y cobertura de derivados financieros, modelizaci\u00f3n de mercados, medida de riesgos, c\u00e1lculo de sensibilidades, descripci\u00f3n de superficies de volatilidad, etc.<\/p>\r\n\r\n<p>&nbsp;<\/p>\r\n\r\n<h3 class=\"wp-block-heading\">Artificial Intelligence in Medicine Lab (BCN-AIM)<\/h3>\r\n\r\n<p><img loading=\"lazy\" decoding=\"async\" class=\"alignnone wp-image-506\" src=\"https:\/\/mat.ub.edu\/departamento\/wp-content\/uploads\/sites\/41\/2024\/03\/BCNAIM-300x212.jpg\" alt=\"\" width=\"208\" height=\"147\" srcset=\"https:\/\/mat.ub.edu\/departamento\/wp-content\/uploads\/sites\/41\/2024\/03\/BCNAIM-300x212.jpg 300w, https:\/\/mat.ub.edu\/departamento\/wp-content\/uploads\/sites\/41\/2024\/03\/BCNAIM.jpg 619w\" sizes=\"auto, (max-width: 208px) 100vw, 208px\" \/> <strong>Personas:<\/strong> Karim Lekadir (persona de contacto), Polyxeni Gkontra, Oliver D\u00edaz, Cecilia Judmann, Catherine Gallin, X\u00e8nia Puig Bosch, Jamilia Arykbaeva, Paloma Fern\u00e1ndez Torres, Ang\u00e9lica Atehortua, V\u00edctor Campello Rom\u00e1n, Noussair Lazrak, Kaisar Kushibar, Esmeralda Ruiz Pujadas, Dimitri Kessler, Liaqat Ali, Ilia Stepin, Carlos Mart\u00edn-Isla, Grzegorz Skorupko, Joan Perramon, Lidia Garrucho Moras, Richard Osuala, Smriti Joshi, Vien Dang Ngoc, Zuzanna Szafranowska, Socayna Jouide El Kaderi, Marina Camacho..<\/p>\r\n\r\n<p><strong>Web:<\/strong><a href=\"https:\/\/www.bcn-aim.org\/\">https:\/\/www.bcn-aim.org\/<\/a><\/p>\r\n\r\n<p><strong>Descripci\u00f3n:<\/strong> El grupo BCN-AIM desarrolla nuevas soluciones de inteligencia artificial para aplicaciones de medicina personalizada en diversos campos m\u00e9dicos como la cardiolog\u00eda, la oncolog\u00eda, la salud materna, la neurolog\u00eda y la psiquiatr\u00eda. El laboratorio se centra en enfoques integrativos de ciencias de datos para analizar datos biom\u00e9dicos de varias fuentes y multic\u00e9ntricos, incluidos datos de imagen, biol\u00f3gicos, ambientales, cl\u00ednicos y m\u00f3viles. Lideran varios proyectos internacionales a gran escala, como EarlyCause, EuCanImage, DataTools4Heart y RadioVal. El laboratorio tambi\u00e9n forma parte de otros proyectos internacionales a gran escala como LongITools, Youth-GEMs, HappyMums y AI4HF. BCN-AIM est\u00e1 formado por un equipo internacional, multidisciplinar y din\u00e1mico de 26 miembros, con experiencia en matem\u00e1ticas, inform\u00e1tica, ingenier\u00eda biom\u00e9dica, desarrollo de software y gesti\u00f3n de proyectos.<\/p>\r\n\r\n<p>&nbsp;<\/p>\r\n\r\n<h3 class=\"wp-block-heading\">BCNLOGIC<\/h3>\r\n\r\n<p><img decoding=\"async\" class=\"wp-image-1305\" style=\"width: 150px\" src=\"https:\/\/mat.ub.edu\/departament\/wp-content\/uploads\/sites\/40\/2022\/07\/bcnlogic.png\" alt=\"\" \/> <strong>Personas:<\/strong> <a href=\"https:\/\/www.icrea.cat\/Web\/ScientificStaff\/joan--bagaria-i-pigrau-119\">Joan Bagaria <\/a>, <a href=\"http:\/\/www.ub.edu\/modeltheory\/casanovas\/i.html\">Enrique Casanovas <\/a>, <a href=\"https:\/\/mat.upc.edu\/en\/people\/rafel.farre\">Rafael Farr\u00e9<\/a>, <a href=\"http:\/\/www.joostjjoosten.nl\/\/\">Joost Joosten<\/a>, <a href=\"http:\/\/www.ub.edu\/dept_matinfo\/professors\/martinez-alonso-juan-carlos\/\">Juan Carlos Mart\u00ednez<\/a>; <em>Postdoctorandos<\/em>: <a href=\"https:\/\/www.ub.edu\/saifia\/luecke\/index.html\">Philipp L\u00fccke<\/a>, <a href=\"https:\/\/claudioternullo.academia.edu\/\">Claudio Ternullo<\/a>; <em>Doctorandos<\/em>: Marwan Mohammd, Ana de Almeida Borges, Esperanza Buitrago D\u00edaz, Petia Guintchev Toneva, Damiano Fornasiere.<\/p>\r\n\r\n<p><strong>Descripci\u00f3n:<\/strong> El Grupo de L\u00f3gica de Barcelona, con base en la UB, es un Grupo de Investigaci\u00f3n Consolidado (GRC) financiado por la Generalitat de Catalunya desde 2002. Esta compuesto actualmente de 5 profesores, 2 investigadores postdoctorales y 4 estudiantes de doctorado. El grupo trabaja en l\u00f3gica matem\u00e1tica (teor\u00eda de modelos, teor\u00eda de la demostraci\u00f3n, teor\u00eda de conjuntos) y sus aplicaciones. Su producci\u00f3n cient\u00edfica durante los \u00faltimos 5 a\u00f1os se resume en: m\u00e1s de 30 art\u00edculos ISI, adem\u00e1s de otros art\u00edculos, cap\u00edtulos de libros y vol\u00famenes editados; m\u00e1s de 500.000 Euros conseguidos en fondos competitivos, incluyendo 4 becas predoctorales, una beca postdoctoral Beatriz de Pin\u00f3s, y una beca postdoctoral MSC; 3 tesis doctorales, y 5 m\u00e1s en proceso; impartici\u00f3n de m\u00e1s de 40 conferencias invitadas en congresos internacionales.<\/p>\r\n\r\n<p>&nbsp;<\/p>\r\n\r\n<h3 class=\"wp-block-heading\">Equacions en derivades parcials<\/h3>\r\n\r\n<p><img decoding=\"async\" class=\"wp-image-1307\" style=\"width: 150px\" src=\"https:\/\/mat.ub.edu\/departament\/wp-content\/uploads\/sites\/40\/2022\/07\/equacionsderivades.jpg\" alt=\"\" \/> <strong>Personas:<\/strong> <a href=\"https:\/\/mat.uab.cat\/~albertcp\/wordpress\/\">Albert Clop<\/a>, <a href=\"https:\/\/sites.google.com\/view\/gyula-csato\/\">Gyula Csato<\/a>, <a href=\"https:\/\/sites.google.com\/view\/garciaferrero\">Mar\u00eda \u00c1ngeles Garc\u00eda Ferrero<\/a>, <a href=\"http:\/\/mat.uab.cat\/~mprats\/\">Mart\u00ed Prats<\/a>, <a href=\"https:\/\/www.ub.edu\/pde\/xros\/\">Xavier Ros Oton<\/a>, Marvin Weidner (postdoc), Dami\u00e0 Torres-Latorre (doctorando).<\/p>\r\n\r\n<p><strong>Web:<\/strong><a href=\"https:\/\/www.ub.edu\/pde\/\">https:\/\/www.ub.edu\/pde\/<\/a><\/p>\r\n\r\n<p><strong>Descripci\u00f3n:<\/strong> Los intereses de investigaci\u00f3n de nuestro grupo se centran en el an\u00e1lisis de Ecuaciones en Derivadas Parciales (EDP). Estudiamos problemas muy diversos, incluyendo: ecuaciones el\u00edpticas y parab\u00f3licas, problemas de frontera libre, desigualdades funcionales y geom\u00e9tricas, y mec\u00e1nica de fluidos, combinando t\u00e9cnicas del an\u00e1lisis variacional, an\u00e1lisis arm\u00f3nico, o teor\u00eda geom\u00e9trica de la medida.<\/p>\r\n\r\n<p>&nbsp;<\/p>\r\n\r\n<h3 class=\"wp-block-heading\">GAIAC: Geometria Algebraica i \u00c0lgebra Commutativa<\/h3>\r\n\r\n<p><img decoding=\"async\" class=\"wp-image-1308\" style=\"width: 150px\" src=\"https:\/\/mat.ub.edu\/departament\/wp-content\/uploads\/sites\/40\/2022\/07\/geometriaalgebraica.jpg\" alt=\"\" \/> <strong>Personas:<\/strong> Eduard Casas Alvero, <a href=\"http:\/\/www.ub.edu\/arcades\/cdandrea.html\">Carlos D\u2019Andrea<\/a>, <a href=\"http:\/\/www.ub.edu\/geomap\/lahoz\/\">Mart\u00ed Lahoz<\/a>, Maria Eul\u00e0lia Montoro<a href=\"https:\/\/webgrec.ub.edu\/webpages\/000006\/cas\/ignasi.mundet.ub.edu.html\">, Ignasi Mundet i Riera<\/a>, <a href=\"http:\/\/webgrec.ub.edu\/webpages\/000006\/ang\/jcnaranjo.ub.edu.html\">Joan Carles Naranjo<\/a>, <a href=\"http:\/\/www.maia.ub.es\/~sombra\/\">Mart\u00edn Sombra<\/a>.\u00a0<em>Pre y post doctorandos<\/em>: Jordi Daura Serrano, <a href=\"https:\/\/www.ub.edu\/grapes\/amrutha.html\">Amrutha Nair Balachandran<\/a>, Andr\u00e9s Rojas Gonz\u00e1lez.<\/p>\r\n\r\n<p><strong>Web:<\/strong><a href=\"http:\/\/www.ub.edu\/gaiac\/\">http:\/\/www.ub.edu\/gaiac\/<\/a><\/p>\r\n\r\n<p><strong>Descripci\u00f3n:<\/strong> Nuestro grupo est\u00e1 orientado al estudio de problemas de Matem\u00e1ticas en las \u00e1reas de Geometr\u00eda Lineal, Algebraica y Diferencial, no s\u00f3lo en los aspectos m\u00e1s te\u00f3ricos, sino tambi\u00e9n centr\u00e1ndose en las caracter\u00edsticas computacionales y en aplicaciones. Para ser m\u00e1s precisos, tratamos cuestiones importantes en temas diversos como son las teor\u00edas gauge, variedades abelianas, condiciones de estabilidad en categor\u00edas trianguladas, geometr\u00eda Arakelov, reconstrucci\u00f3n de formas a partir de nubes de puntos, teor\u00eda de la eliminaci\u00f3n, celos\u00edas en \u00e1lgebra lineal, y singularidades de curvas planas.<\/p>\r\n\r\n<p>&nbsp;<\/p>\r\n\r\n<h3 class=\"wp-block-heading\">learninG, pRocessing And oPtimising shapES (GRAPES)<\/h3>\r\n\r\n<p><img decoding=\"async\" class=\"wp-image-1309\" style=\"width: 150px\" src=\"https:\/\/mat.ub.edu\/departament\/wp-content\/uploads\/sites\/40\/2022\/07\/learningprocessing.png\" alt=\"\" \/> <strong>Personas:<\/strong> <a href=\"http:\/\/www.ub.edu\/arcades\/cdandrea.html\">Carlos D\u2019Andrea<\/a>, <a href=\"http:\/\/webgrec.ub.edu\/webpages\/000006\/ang\/jcnaranjo.ub.edu.html\">Juan Carlos Naranjo<\/a>, <a href=\"https:\/\/webgrec.ub.edu\/webpages\/personal\/cat\/001040_annapuig.ub.edu.html\">Anna Puig<\/a>, <a href=\"https:\/\/webgrec.ub.edu\/webpages\/personal\/ang\/002969_maria.salamo.ub.edu.html\">Maria Salam\u00f3<\/a>, <a href=\"https:\/\/www.ub.edu\/grapes\/amrutha.html\">Amrutha Balachandran Nair<\/a>, <a href=\"https:\/\/www.ub.edu\/grapes\/zoumpekas.html\">Thanasis Zoumpekas<\/a>.<\/p>\r\n\r\n<p><strong>Web:<\/strong><a href=\"https:\/\/www.ub.edu\/grapes\/\">https:\/\/www.ub.edu\/grapes\/<\/a><\/p>\r\n\r\n<p><strong>Descripci\u00f3n:<\/strong> \u00abGRAPAS\u00bb tiene como objetivo avanzar considerablemente el estado actual en matem\u00e1ticas, dise\u00f1o asistido por ordenador y aprendizaje autom\u00e1tico para promover enfoques que cambian el juego para generar, optimizar y aprender formas 3D, junto con una formaci\u00f3n multisectorial para j\u00f3venes investigadores. \u00abGRAPAS\u00bb se ha presentado bajo la convocatoria H2020-MSCA-ITN-2019 y forma parte de las Marie Sklodowska-Curie Actions &#8211; Innovative Training Networks (ITN). Su n\u00famero de convenio de subvenci\u00f3n es de 860843.<\/p>\r\n\r\n<p>&nbsp;<\/p>\r\n\r\n<h3 class=\"wp-block-heading\">Grup de Sistemes Din\u00e0mics<\/h3>\r\n\r\n<p><img decoding=\"async\" class=\"wp-image-1310\" style=\"width: 150px\" src=\"https:\/\/mat.ub.edu\/departament\/wp-content\/uploads\/sites\/40\/2022\/07\/sistemesdinamics.png\" alt=\"\" \/> <strong>Personas:<\/strong> <a href=\"https:\/\/webgrec.ub.edu\/webpages\/000006\/cas\/nfagella.ub.edu.html\">N\u00faria Fagella<\/a> (persona de contacte), Ernest Fontich, Gerard G\u00f3mez, Alex Haro, Angel Jorba, Bego\u00f1a Nicol\u00e1s (predoctoranda), Joan Carles Tatjer, Arturo Vieiro.<\/p>\r\n\r\n<p><strong>Web:<\/strong><a href=\"http:\/\/www.ub.edu\/gaiac\/\">http:\/\/www.ub.edu\/gaiac\/<\/a><\/p>\r\n\r\n<p><strong>Descripci\u00f3n:<\/strong> La investigaci\u00f3n del grupo se desarrolla en torno al estudio de los sistemas din\u00e1micos tanto desde un punto de vista te\u00f3rico como computacional, incluyendo aplicaciones a otras ciencias. Las l\u00edneas m\u00e1s importantes son el estudio de los sistemas hamiltonianos y los sistemas no conservativos, tanto en dimensi\u00f3n baja como infinita (incluyendo tambi\u00e9n los casos continuo y discreto). Se hace especial \u00e9nfasis en la mec\u00e1nica celeste y la astrodin\u00e1mica.<\/p>\r\n\r\n<p>&nbsp;<\/p>\r\n\r\n<h3 class=\"wp-block-heading\">Teoria de Nombres<\/h3>\r\n\r\n<p><img decoding=\"async\" class=\"wp-image-1311\" style=\"width: 150px\" src=\"https:\/\/mat.ub.edu\/departament\/wp-content\/uploads\/sites\/40\/2022\/07\/teorianombres.png\" alt=\"\" \/> <strong>Personas:<\/strong> <a href=\"http:\/\/www.ub.edu\/tn\/personal\/crespo.php\">Teresa Crespo<\/a>, <a href=\"https:\/\/sites.google.com\/site\/luisdieulefait\/\">Luis Dieulefait<\/a> (persona de contacte), <a href=\"https:\/\/www.ub.edu\/nt\/ffite\/\">Francesc Fit\u00e9<\/a>, <a href=\"https:\/\/enricflorit.com\/\">Enric Florit<\/a>, <a href=\"http:\/\/www.maia.ub.es\/~guitart\/\">Xavier Guitart<\/a>, Ignasi Sanchez, <a href=\"https:\/\/travesa.cat\/\">Artur Travesa<\/a>.<\/p>\r\n\r\n<p><strong>Descripci\u00f3n:<\/strong> En el grupo de investigaci\u00f3n en teor\u00eda de n\u00fameros trabajamos en problemas aritm\u00e9ticos relacionados con ecuaciones diof\u00e1nticas (como ecuaciones de tipo Fermat), curvas el\u00edpticas y variedades abelianas as\u00ed como su relaci\u00f3n con formas automorfas v\u00eda el programa de Langlands. Tambi\u00e9n existe una l\u00ednea de investigaci\u00f3n en teor\u00eda de Galois diferencial y teor\u00eda de Hopf Galois.<\/p>\r\n\r\n<p>&nbsp;<\/p>\r\n\r\n<h3 class=\"wp-block-heading\">Topologia<\/h3>\r\n\r\n<p><img decoding=\"async\" class=\"wp-image-1312\" style=\"width: 150px\" src=\"https:\/\/mat.ub.edu\/departament\/wp-content\/uploads\/sites\/40\/2022\/07\/topologia.png\" alt=\"\" \/> <strong>Personas:<\/strong><a href=\"http:\/\/www.ub.edu\/topologia\/casacuberta\">Carles Casacuberta<\/a>, <a href=\"http:\/\/www.ub.edu\/topologia\/jcirici\/\">Joana Cirici<\/a>, <a href=\"http:\/\/www.ub.edu\/topologia\/gutierrez\">Javier Guti\u00e9rrez<\/a>, Bashar Saleh, David Mart\u00ednez, Anna Sopena, Pedro Magalhaes<\/p>\r\n\r\n<p><strong>Web:<\/strong><a href=\"http:\/\/www.ub.edu\/topologia\/seminar.html\">http:\/\/www.ub.edu\/topologia\/seminar.html<\/a><\/p>\r\n\r\n<p><strong>Descripci\u00f3n:<\/strong> Las principales l\u00edneas de investigaci\u00f3n del Grupo de Investigaci\u00f3n en Topolog\u00eda incluyen el estudio de \u00e1lgebras oper\u00e1dicas y teor\u00eda de categor\u00edas de orden superior. Tambi\u00e9n trabajamos en el desarrollo de m\u00e9todos homot\u00f3picos para abordar cuestiones abiertas sobre geometr\u00eda y topolog\u00eda de variedades complejas y casi-complejas, y aplicamos t\u00e9cnicas de homotop\u00eda simplicial en an\u00e1lisis topol\u00f3gico de datos.<\/p>\r\n\r\n<p>&nbsp;<\/p>\r\n\r\n<h3 class=\"wp-block-heading\">WAI Research Group<\/h3>\r\n\r\n<p><img loading=\"lazy\" decoding=\"async\" width=\"500\" height=\"500\" class=\"wp-image-473\" style=\"width: 150px\" src=\"https:\/\/mat.ub.edu\/departamento\/wp-content\/uploads\/sites\/41\/2022\/10\/WAIdesc.jpg\" alt=\"\" srcset=\"https:\/\/mat.ub.edu\/departamento\/wp-content\/uploads\/sites\/41\/2022\/10\/WAIdesc.jpg 500w, https:\/\/mat.ub.edu\/departamento\/wp-content\/uploads\/sites\/41\/2022\/10\/WAIdesc-300x300.jpg 300w, https:\/\/mat.ub.edu\/departamento\/wp-content\/uploads\/sites\/41\/2022\/10\/WAIdesc-150x150.jpg 150w\" sizes=\"auto, (max-width: 500px) 100vw, 500px\" \/> <strong>Personas:<\/strong> Maite L\u00f3pez-S\u00e1nchez (persona de contacte), Inmaculada Rodr\u00edguez Santiago, Anna Puig Puig, Maria Salam\u00f3 Llorente, Jer\u00f3nimo Hern\u00e0ndez Gonz\u00e0lez, David Contreras; Doctoral students: Thanasis Zoumpekas, Ecem Kavaz, Alejandro Ariza, Elizabeth G\u00f3mez Yepes, Nariman Nakhjiri, Manel Rodriguez Soto, Leandro Zardain.<\/p>\r\n\r\n<p><strong>Web<\/strong>: <a href=\"http:\/\/www.ub.edu\/wai\/\">http:\/\/www.ub.edu\/wai\/<\/a><\/p>\r\n\r\n<p><strong>Descripci\u00f3n:<\/strong> Dentro del \u00e1rea de Ciencias de la Computaci\u00f3n, el grupo de investigaci\u00f3n WAI est\u00e1 compuesto por investigadores e investigadoras de diferentes \u00e1reas relacionadas con la Gr\u00e1ficos por Ordenador, la Interacci\u00f3n Persona-M\u00e1quina y la Inteligencia Artificial. Espec\u00edficamente, trabajamos en visualizaci\u00f3n de datos, mundos virtuales 3D, gamificaci\u00f3n y juegos serios, procesamiento de lenguaje natural, sistemas de recomendaci\u00f3n, aprendizaje autom\u00e1tico\/ciencia de datos, sistemas multiagente, agentes conversacionales y \u00e9tica e inteligencia artificial. La mayor parte de nuestra investigaci\u00f3n se aplica a la educaci\u00f3n, la medicina, la personalizaci\u00f3n y la interacci\u00f3n social\/participaci\u00f3n ciudadana. El grupo de investigaci\u00f3n WAI forma parte del grupo SGR del Language and Computation Center (CLiC) (<a href=\"http:\/\/clic.ub.edu\/en\">http:\/\/clic.ub.edu\/en<\/a>) y consta como unidad asociada del Instituto de Investigaci\u00f3n en Inteligencia Artificial (IIIA-CSIC) (<a href=\"http:\/\/www.iiia.csic.es\/\">http:\/\/www.iiia.csic.es\/<\/a>). As\u00edmismo, las personas que investigan en WAI tambi\u00e9n pertenecen al Instituto de Sistemas Complejos de la Universitat de Barcelona (UBICS) (<a href=\"http:\/\/ubics.ub.edu\/\">http:\/\/ubics.ub.edu\/<\/a>) y al Instituto de Matem\u00e1ticas de la Universidad de Barcelona (IMUB) (<a href=\"http:\/\/www.im\">http:\/\/www.im<\/a>ub. ub.edu\/).<\/p>\r\n\r\n<p>&nbsp;<\/p>\r\n<p>[\/vc_column_text][\/vc_column][\/vc_row]<\/p><\/div>","protected":false},"excerpt":{"rendered":"<p>[vc_row][vc_column][vc_column_text] Grupos de investigaci\u00f3n al Departamento de Matem\u00e1ticas e Inform\u00e1tica &nbsp; An\u00e1lisis Complejo Personas: Carme Cascante, Konstantin Dyakonov, Jordi Marzo, Xavier Massaneda, Joaquim Ortega (persona de contacte), Jordi Pau, Mart\u00ed Prats;\u00a0Estudiantes de doctorado: Victor de la Torre Descripci\u00f3n:En el grupo de An\u00e1lisis Complejo trabajamos con problemas de funciones holomorfas en una y varias variables complejas [&hellip;]<\/p>\n","protected":false},"author":3,"featured_media":0,"parent":147,"menu_order":0,"comment_status":"closed","ping_status":"closed","template":"","meta":{"footnotes":""},"class_list":["post-51","page","type-page","status-publish","hentry"],"_links":{"self":[{"href":"https:\/\/mat.ub.edu\/departamento\/wp-json\/wp\/v2\/pages\/51","targetHints":{"allow":["GET"]}}],"collection":[{"href":"https:\/\/mat.ub.edu\/departamento\/wp-json\/wp\/v2\/pages"}],"about":[{"href":"https:\/\/mat.ub.edu\/departamento\/wp-json\/wp\/v2\/types\/page"}],"author":[{"embeddable":true,"href":"https:\/\/mat.ub.edu\/departamento\/wp-json\/wp\/v2\/users\/3"}],"replies":[{"embeddable":true,"href":"https:\/\/mat.ub.edu\/departamento\/wp-json\/wp\/v2\/comments?post=51"}],"version-history":[{"count":6,"href":"https:\/\/mat.ub.edu\/departamento\/wp-json\/wp\/v2\/pages\/51\/revisions"}],"predecessor-version":[{"id":507,"href":"https:\/\/mat.ub.edu\/departamento\/wp-json\/wp\/v2\/pages\/51\/revisions\/507"}],"up":[{"embeddable":true,"href":"https:\/\/mat.ub.edu\/departamento\/wp-json\/wp\/v2\/pages\/147"}],"wp:attachment":[{"href":"https:\/\/mat.ub.edu\/departamento\/wp-json\/wp\/v2\/media?parent=51"}],"curies":[{"name":"wp","href":"https:\/\/api.w.org\/{rel}","templated":true}]}}