{"id":33,"date":"2017-06-06T12:18:27","date_gmt":"2017-06-06T11:18:27","guid":{"rendered":"http:\/\/www.ub.edu\/dept_matinfo\/es\/?page_id=33"},"modified":"2023-01-23T17:21:01","modified_gmt":"2023-01-23T16:21:01","slug":"direccion","status":"publish","type":"page","link":"https:\/\/mat.ub.edu\/department\/direccion\/","title":{"rendered":"Governing board"},"content":{"rendered":"<p>The members of the Governing Board of the Department of Mathematics and Computer Science are:<\/p>\n<p>Head: Laura Costa Farr\u00e0s<\/p>\n<ul>\n<li>Phone (landline): 93 402 16 20<\/li>\n<li>E-mail: <a href=\"mailto:costa@ub.edu\">costa@ub.edu<\/a><\/li>\n<li>Office: P2 19<\/li>\n<\/ul>\n<p>Secretary: Mireia Ribera Turr\u00f3<\/p>\n<ul>\n<li>Phone (landline): 93 402 08 55<\/li>\n<li>E-mail: <a href=\"mailto:ribera@ub.edu\">ribera@ub.edu<\/a><\/li>\n<li>Office: P2 06<\/li>\n<\/ul>\n<p>Member: Santiago Segu\u00ed Mesquida<\/p>\n<ul>\n<li>Phone (landline): 93 402 16 11<\/li>\n<li>E-mail: <a href=\"mailto:santi.segui@ub.edu\">santi.segui@ub.edu<\/a><\/li>\n<li>Office: P1 35<\/li>\n<\/ul>\n\n\n<p>Member: Mart\u00ed Lahoz Vilalta<\/p>\n\n\n\n<ul class=\"wp-block-list\">\n<li>Phone (landline): 93 402 16 08<\/li>\n\n\n\n<li>E-mail: <a href=\"mailto:marti.lahoz@ub.edu\">marti.lahoz@ub.edu<\/a><\/li>\n\n\n\n<li>Office: P1 28A<\/li>\n<\/ul>\n","protected":false},"excerpt":{"rendered":"<p>The members of the Governing Board of the Department of Mathematics and Computer Science are: Head: Laura Costa Farr\u00e0s Phone (landline): 93 402 16 20 E-mail: costa@ub.edu Office: P2 19 Secretary: Mireia Ribera Turr\u00f3 Phone (landline): 93 402 08 55 E-mail: ribera@ub.edu Office: P2 06 Member: Santiago Segu\u00ed Mesquida Phone (landline): 93 402 16 11 [&hellip;]<\/p>\n","protected":false},"author":3,"featured_media":0,"parent":0,"menu_order":0,"comment_status":"closed","ping_status":"closed","template":"","meta":{"footnotes":""},"class_list":["post-33","page","type-page","status-publish","hentry"],"_links":{"self":[{"href":"https:\/\/mat.ub.edu\/department\/wp-json\/wp\/v2\/pages\/33","targetHints":{"allow":["GET"]}}],"collection":[{"href":"https:\/\/mat.ub.edu\/department\/wp-json\/wp\/v2\/pages"}],"about":[{"href":"https:\/\/mat.ub.edu\/department\/wp-json\/wp\/v2\/types\/page"}],"author":[{"embeddable":true,"href":"https:\/\/mat.ub.edu\/department\/wp-json\/wp\/v2\/users\/3"}],"replies":[{"embeddable":true,"href":"https:\/\/mat.ub.edu\/department\/wp-json\/wp\/v2\/comments?post=33"}],"version-history":[{"count":4,"href":"https:\/\/mat.ub.edu\/department\/wp-json\/wp\/v2\/pages\/33\/revisions"}],"predecessor-version":[{"id":523,"href":"https:\/\/mat.ub.edu\/department\/wp-json\/wp\/v2\/pages\/33\/revisions\/523"}],"wp:attachment":[{"href":"https:\/\/mat.ub.edu\/department\/wp-json\/wp\/v2\/media?parent=33"}],"curies":[{"name":"wp","href":"https:\/\/api.w.org\/{rel}","templated":true}]}}