{"id":51,"date":"2017-06-06T12:23:47","date_gmt":"2017-06-06T11:23:47","guid":{"rendered":"http:\/\/www.ub.edu\/dept_matinfo\/es\/?page_id=51"},"modified":"2024-03-18T18:22:18","modified_gmt":"2024-03-18T17:22:18","slug":"grups","status":"publish","type":"page","link":"https:\/\/mat.ub.edu\/department\/recerca\/grups\/","title":{"rendered":"Research groups"},"content":{"rendered":"\r\n<h2 class=\"wp-block-heading\">Research groups in the Department of Mathematics and Computer Science<\/h2>\r\n\r\n\r\n\r\n<h3 class=\"wp-block-heading\">An\u00e0lisi Complexa<\/h3>\r\n\r\n\r\n\r\n<p>&nbsp;<\/p>\r\n\r\n\r\n\r\n<p><img decoding=\"async\" class=\"wp-image-1301\" style=\"width: 100px\" src=\"https:\/\/mat.ub.edu\/departament\/wp-content\/uploads\/sites\/40\/2022\/07\/analisicomplexa.png\" alt=\"\" \/><strong>Members:<\/strong> <a href=\"https:\/\/webgrec.ub.edu\/webpages\/000006\/cat\/cascante.ub.edu.html\">Carme Cascante<\/a>, <a href=\"https:\/\/www.icrea.cat\/Web\/ScientificStaff\/Konstantin-Dyakonov-393\">Konstantin Dyakonov<\/a>, <a href=\"http:\/\/www.maia.ub.es\/~jmarzo\/\">Jordi Marzo<\/a>, <a href=\"https:\/\/webgrec.ub.edu\/webpages\/000006\/cat\/xavier.massaneda.ub.edu.html\">Xavier Massaneda<\/a>, <a href=\"https:\/\/webgrec.ub.edu\/webpages\/000006\/ang\/jortega.ub.edu.html\">Joaquim Ortega<\/a>, <a href=\"https:\/\/webgrec.ub.edu\/webpages\/000006\/cat\/jordi.pau.ub.edu.html\">Jordi Pau<\/a>, <a href=\"https:\/\/webgrec.ub.edu\/webpages\/personal\/cat\/007025_martiprats.ub.edu.html\">Mart\u00ed Prats<\/a>;\u00a0<em>Estudiants de doctorat<\/em>: Victor de la Torre<\/p>\r\n\r\n\r\n\r\n<p><strong>Description:<\/strong> At the Complex Analysis group we work with problems of holomorphic functions in one and several complex variables as well as with problems of harmonic analysis, potential theory and operator theory that appear naturally when studying classical function theory problems. Lately, we have started a new line of research around the random point processes that appear when modeling repulsive particles.<\/p>\r\n\r\n\r\n\r\n<h3 class=\"wp-block-heading\">An\u00e0lisi Estoc\u00e0stica<\/h3>\r\n\r\n\r\n\r\n<p><img decoding=\"async\" class=\"wp-image-1302\" style=\"width: 150px\" src=\"https:\/\/mat.ub.edu\/departament\/wp-content\/uploads\/sites\/40\/2022\/07\/analisiestocastica.jpg\" alt=\"\" \/> <strong>Members:<\/strong> Carme Florit, <a href=\"https:\/\/webgrec.ub.edu\/webpages\/tmp\/cas\/davidmarquez.ub.edu.html\">David M\u00e1rquez<\/a>, <a href=\"https:\/\/webgrec.ub.edu\/webpages\/000006\/cat\/carles.rovira.ub.edu.html\">Carles Rovira<\/a>.<\/p>\r\n\r\n\r\n\r\n<p><strong>Description:<\/strong> One of our main fields of research is the study of stochastic differential equations: stability problems, stochastic differential equations, delayed or reflected, driven by fractional noise and a type of delayed stochastic models applied to biological models. The other line of research is devoted to problems of almost certain convergence towards Gaussian processes.<\/p>\r\n\r\n\r\n\r\n<h3 class=\"wp-block-heading\">An\u00e0lisi Estoc\u00e0stica i Finances Quantitatives<\/h3>\r\n\r\n\r\n\r\n<p><img loading=\"lazy\" decoding=\"async\" width=\"295\" height=\"344\" class=\"wp-image-516\" style=\"width: 150px\" src=\"https:\/\/mat.ub.edu\/department\/wp-content\/uploads\/sites\/42\/2022\/10\/garf.jpg\" alt=\"garf\" srcset=\"https:\/\/mat.ub.edu\/department\/wp-content\/uploads\/sites\/42\/2022\/10\/garf.jpg 295w, https:\/\/mat.ub.edu\/department\/wp-content\/uploads\/sites\/42\/2022\/10\/garf-257x300.jpg 257w\" sizes=\"auto, (max-width: 295px) 100vw, 295px\" \/> <strong>Members:<\/strong> Jos\u00e9 Manuel Corcuera, <a href=\"https:\/\/www.ub.edu\/probabilitats-seminaribcn\/Sanz-Sole\/\">Marta Sanz-Sol\u00e9 <\/a>, Josep Vives; External members: Elisa Al\u00f2s (UPF), Luis Ortiz (UB, Facultat d\u2019Economia i Empresa), Rafael de Santiago (IESE); <em>PhD Students<\/em>: Omar F. Arias, Augusto Blanc Blocquel, David Garcia-Lorite, Adri\u00e1n Hinojosa, Zororo S. Makumbe, ;<em> Postdocs<\/em>: Mishari Alforaih<\/p>\r\n\r\n\r\n\r\n<p><strong>Web:<\/strong><a href=\"https:\/\/www.ub.edu\/probabilitats-seminaribcn\/Seminaris.html\">https:\/\/www.ub.edu\/probabilitats-seminaribcn\/Seminaris.html<\/a><\/p>\r\n\r\n\r\n\r\n<p><strong>Description:<\/strong> The group develops its research in the field of Quantitative Finance using stochastic analysis techniques (Gaussian processes, L\u00e9vy processes, martingale theory, It\u00f4 calculus, Malliavin calculus, stochastic differential equations, stochastic partial derivative equations, etc.) and numerical methods (Monte Carlo simulation, Machine learning, Wavelets, etc.). Addresses financial problems using stochastic volatility jump-diffusion models. In particular, problems like pricing and hedging of financial derivatives, market modelling, risk modelling, computation of sensitivities, description of volatility surfaces, and others.<\/p>\r\n\r\n\r\n\r\n<h3 class=\"wp-block-heading\">Artificial Intelligence in Medicine Lab (BCN-AIM)<\/h3>\r\n\r\n\r\n\r\n<p><img loading=\"lazy\" decoding=\"async\" class=\"alignnone  wp-image-569\" src=\"https:\/\/mat.ub.edu\/department\/wp-content\/uploads\/sites\/42\/2024\/03\/BCNAIM-300x212.jpg\" alt=\"\" width=\"185\" height=\"131\" srcset=\"https:\/\/mat.ub.edu\/department\/wp-content\/uploads\/sites\/42\/2024\/03\/BCNAIM-300x212.jpg 300w, https:\/\/mat.ub.edu\/department\/wp-content\/uploads\/sites\/42\/2024\/03\/BCNAIM.jpg 619w\" sizes=\"auto, (max-width: 185px) 100vw, 185px\" \/> <strong>Members:<\/strong> Karim Lekadir (contact person), Polyxeni Gkontra, Oliver D\u00edaz, Cecilia Judmann, Catherine Gallin, X\u00e8nia Puig Bosch, Jamilia Arykbaeva, Paloma Fern\u00e1ndez Torres, Ang\u00e9lica Atehortua, V\u00edctor Campello Rom\u00e1n, Noussair Lazrak, Kaisar Kushibar, Esmeralda Ruiz Pujadas, Dimitri Kessler, Liaqat Ali, Ilia Stepin, Carlos Mart\u00edn-Isla, Grzegorz Skorupko, Joan Perramon, Lidia Garrucho Moras, Richard Osuala, Smriti Joshi, Vien Dang Ngoc, Zuzanna Szafranowska, Socayna Jouide El Kaderi, Marina Camacho.<\/p>\r\n\r\n\r\n\r\n<p><strong>Web:<\/strong><a href=\"https:\/\/www.bcn-aim.org\/\">https:\/\/www.bcn-aim.org\/<\/a><\/p>\r\n\r\n\r\n\r\n<p><strong>Description:<\/strong> The Artificial Intelligence in Medicine Lab (BCN-AIM) develops new artificial intelligence solutions for personalised medicine applications in various medical fields such as cardiology, oncology, maternal health, neurology and psychiatry. The lab focuses on integrative data sciences approaches for analysing multi-source and multi-centre biomedical data, including imaging, biological, environmental, clinical and mobile data. It is leading several large-scale international projects, including EarlyCause, EuCanImage, DataTools4Heart and RadioVal. The lab is also part of other large-scale international projects such as LongITools, Youth-GEMs, HappyMums and AI4HF. BCN-AIM comprises an international, multi-disciplinary and dynamic team of 26 members, with expertise in mathematics, computer science, biomedical engineering, software development and project management.<\/p>\r\n\r\n\r\n\r\n<h3 class=\"wp-block-heading\">BCNLOGIC<\/h3>\r\n\r\n\r\n\r\n<p><img decoding=\"async\" class=\"wp-image-1305\" style=\"width: 150px\" src=\"https:\/\/mat.ub.edu\/departament\/wp-content\/uploads\/sites\/40\/2022\/07\/bcnlogic.png\" alt=\"\" \/> <strong>Members:<\/strong> <a href=\"https:\/\/www.icrea.cat\/Web\/ScientificStaff\/joan--bagaria-i-pigrau-119\">Joan Bagaria <\/a>, <a href=\"http:\/\/www.ub.edu\/modeltheory\/casanovas\/i.html\">Enrique Casanovas <\/a>, <a href=\"https:\/\/mat.upc.edu\/en\/people\/rafel.farre\">Rafael Farr\u00e9<\/a>, <a href=\"http:\/\/www.joostjjoosten.nl\/\/\">Joost Joosten<\/a>, <a href=\"http:\/\/www.ub.edu\/dept_matinfo\/professors\/martinez-alonso-juan-carlos\/\">Juan Carlos Mart\u00ednez<\/a>; <em>Postdoctoral researchers<\/em>: <a href=\"https:\/\/www.ub.edu\/saifia\/luecke\/index.html\">Philipp L\u00fccke<\/a>, <a href=\"https:\/\/claudioternullo.academia.edu\/\">Claudio Ternullo<\/a>; <em>Doctoral students<\/em>: Marwan Mohammd, Ana de Almeida Borges, Esperanza Buitrago D\u00edaz, Petia Guintchev Toneva, Damiano Fornasiere.<\/p>\r\n\r\n\r\n\r\n<p><strong>Description:<\/strong> The Barcelona Logic Group, based at UB, is a Consolidated Research Group (GRC) funded by the Generalitat de Catalunya (Catalan Government) since 2002. The Group is currently composed of 5 professors, 2 postdoctoral researchers, and 4 doctoral students. The Group works on Mathematical Logic (model theory, proof theory, and set theory) and its applications. Its scientific output over the last 5 years comprises more than 30 research articles in leading journals in logic and mathematics, plus several book chapters and edited volumes; more than 500.000 Euros obtained competitively from funding institutions, including 4 predoctoral fellowships, a postdoctoral Beatriu de Pin\u00f3s fellowship, and a postdoctoral MSC fellowship; 3 doctoral theses, plus 5 more on the way; and more than 40 invited talks in international conferences and meetings.\u00a0<\/p>\r\n\r\n\r\n\r\n<h3 class=\"wp-block-heading\">Equacions en derivades parcials<\/h3>\r\n\r\n\r\n\r\n<p><img decoding=\"async\" class=\"wp-image-1307\" style=\"width: 150px\" src=\"https:\/\/mat.ub.edu\/departament\/wp-content\/uploads\/sites\/40\/2022\/07\/equacionsderivades.jpg\" alt=\"\" \/> <strong>Members:<\/strong> <a href=\"https:\/\/mat.uab.cat\/~albertcp\/wordpress\/\">Albert Clop<\/a>, <a href=\"https:\/\/sites.google.com\/view\/gyula-csato\/\">Gyula Csato<\/a>, <a href=\"https:\/\/sites.google.com\/view\/garciaferrero\">Mar\u00eda \u00c1ngeles Garc\u00eda Ferrero<\/a>, <a href=\"http:\/\/mat.uab.cat\/~mprats\/\">Mart\u00ed Prats<\/a>, <a href=\"https:\/\/www.ub.edu\/pde\/xros\/\">Xavier Ros Oton<\/a>, Marvin Weidner (postdoc), Dami\u00e0 Torres-Latorre (PhD student).<\/p>\r\n\r\n\r\n\r\n<p><strong>Web:<\/strong><a href=\"https:\/\/www.ub.edu\/pde\/\">https:\/\/www.ub.edu\/pde\/<\/a><\/p>\r\n\r\n\r\n\r\n<p><strong>Description:<\/strong> Our research interests focus on the analysis of Partial Derivative Equations (EDPs). We study a wide variety of problems, including: fluid mechanics, elliptic equations, functional and geometric inequalities, or spectral problems, combining techniques of variational analysis, harmonic analysis, geometric theory of measurement.<\/p>\r\n\r\n\r\n\r\n<h3 class=\"wp-block-heading\">GAIAC: Geometria Algebraica i \u00c0lgebra Commutativa<\/h3>\r\n\r\n\r\n\r\n<p><img decoding=\"async\" class=\"wp-image-1308\" style=\"width: 150px\" src=\"https:\/\/mat.ub.edu\/departament\/wp-content\/uploads\/sites\/40\/2022\/07\/geometriaalgebraica.jpg\" alt=\"\" \/> <strong>Members:<\/strong> Eduard Casas Alvero, <a href=\"http:\/\/www.ub.edu\/arcades\/cdandrea.html\">Carlos D\u2019Andrea<\/a>, <a href=\"http:\/\/www.ub.edu\/geomap\/lahoz\/\">Mart\u00ed Lahoz<\/a> (persona de contacte), Maria Eul\u00e0lia Montoro<a href=\"https:\/\/webgrec.ub.edu\/webpages\/000006\/cas\/ignasi.mundet.ub.edu.html\">, Ignasi Mundet i Riera<\/a>, <a href=\"http:\/\/webgrec.ub.edu\/webpages\/000006\/ang\/jcnaranjo.ub.edu.html\">Joan Carles Naranjo<\/a>, <a href=\"http:\/\/www.maia.ub.es\/~sombra\/\">Mart\u00edn Sombra<\/a>.\u00a0<em>Junior Members<\/em>: Jordi Daura Serrano, <a href=\"https:\/\/www.ub.edu\/grapes\/amrutha.html\">Amrutha Nair Balachandran<\/a>, Andr\u00e9s Rojas Gonz\u00e1lez.<\/p>\r\n\r\n\r\n\r\n<p><strong>Web:<\/strong><a href=\"http:\/\/www.ub.edu\/gaiac\/\">http:\/\/www.ub.edu\/gaiac\/<\/a><\/p>\r\n\r\n\r\n\r\n<p><strong>Description:<\/strong> Our group is aimed to the study of problems in Mathematics within the areas of Linear, Algebraic and Differential Geometry, not only in its theoretical aspects but also focusing in computational features and in applications. To be more precise, we will deal with important questions in diverse topics such as gauge theories, abelian varieties, stability conditions in triangulated categories, Arakelov geometry, reconstruction of shapes starting from clouds of points, elimination theory, lattices in Linear Algebra, and singularities of plane curves.<\/p>\r\n\r\n\r\n\r\n<h3 class=\"wp-block-heading\">learninG, pRocessing And oPtimising shapES (GRAPES)<\/h3>\r\n\r\n\r\n\r\n<p><img decoding=\"async\" class=\"wp-image-1309\" style=\"width: 150px\" src=\"https:\/\/mat.ub.edu\/departament\/wp-content\/uploads\/sites\/40\/2022\/07\/learningprocessing.png\" alt=\"\" \/> <strong>Members:<\/strong> <a href=\"http:\/\/www.ub.edu\/arcades\/cdandrea.html\">Carlos D\u2019Andrea<\/a>, <a href=\"http:\/\/webgrec.ub.edu\/webpages\/000006\/ang\/jcnaranjo.ub.edu.html\">Juan Carlos Naranjo<\/a>, <a href=\"https:\/\/webgrec.ub.edu\/webpages\/personal\/cat\/001040_annapuig.ub.edu.html\">Anna Puig<\/a>, <a href=\"https:\/\/webgrec.ub.edu\/webpages\/personal\/ang\/002969_maria.salamo.ub.edu.html\">Maria Salam\u00f3<\/a>, <a href=\"https:\/\/www.ub.edu\/grapes\/amrutha.html\">Amrutha Balachandran Nair<\/a>, <a href=\"https:\/\/www.ub.edu\/grapes\/zoumpekas.html\">Thanasis Zoumpekas<\/a>.<\/p>\r\n\r\n\r\n\r\n<p><strong>Web:<\/strong><a href=\"https:\/\/www.ub.edu\/grapes\/\">https:\/\/www.ub.edu\/grapes\/<\/a><\/p>\r\n\r\n\r\n\r\n<p><strong>Description:<\/strong> <strong>\u201c<\/strong>GRAPES\u201c aims at considerably advancing the state of the art in Mathematics, Computer-Aided Design, and Machine Learning in order to promote game changing approaches for generating, optimising, and learning 3D shapes, along with a multisectoral training for young researchers. &#8220;GRAPES\u201c has been submitted under the H2020-MSCA-ITN-2019 call and is part of the Marie Sklodowska-Curie Actions \u2014 Innovative Training Networks (ITN) funding scheme. Its grant agreement number is 860843.<\/p>\r\n\r\n\r\n\r\n<h3 class=\"wp-block-heading\">Grup de Sistemes Din\u00e0mics<\/h3>\r\n\r\n\r\n\r\n<p><img decoding=\"async\" class=\"wp-image-1310\" style=\"width: 150px\" src=\"https:\/\/mat.ub.edu\/departament\/wp-content\/uploads\/sites\/40\/2022\/07\/sistemesdinamics.png\" alt=\"\" \/> <strong>Members:<\/strong> <a href=\"https:\/\/webgrec.ub.edu\/webpages\/000006\/cas\/nfagella.ub.edu.html\">N\u00faria Fagella<\/a>, Ernest Fontich, Gerard G\u00f3mez, Alex Haro, Angel Jorba, Bego\u00f1a Nicol\u00e1s (PhD student), Joan Carles Tatjer, Arturo Vieiro,..<\/p>\r\n\r\n\r\n\r\n<p><strong>Web<\/strong><a href=\"http:\/\/www.maia.ub.es\/dsg\/\">: <\/a><a href=\"http:\/\/www.maia.ub.es\/dsg\/\">http:\/\/www.maia.ub.es\/dsg\/<\/a><\/p>\r\n\r\n\r\n\r\n<p><strong>Description:<\/strong> The research of the group revolves around the study of dynamical systems both from a theoretical point of view and computational, including applications to other sciences. The main research lines are the study of Hamiltonian systems and systems non-conservative, both in low and infinite dimension (including also continuous and discrete cases). Special emphasis is placed on celestial mechanics and astrodynamics.<\/p>\r\n\r\n\r\n\r\n<h3 class=\"wp-block-heading\">Teoria de Nombres<\/h3>\r\n\r\n\r\n\r\n<p><img decoding=\"async\" class=\"wp-image-1311\" style=\"width: 150px\" src=\"https:\/\/mat.ub.edu\/departament\/wp-content\/uploads\/sites\/40\/2022\/07\/teorianombres.png\" alt=\"\" \/> <strong>Members:<\/strong> <a href=\"http:\/\/www.ub.edu\/tn\/personal\/crespo.php\">Teresa Crespo<\/a>, <a href=\"https:\/\/sites.google.com\/site\/luisdieulefait\/\">Luis Dieulefait<\/a>, <a href=\"https:\/\/www.ub.edu\/nt\/ffite\/\">Francesc Fit\u00e9<\/a>, <a href=\"https:\/\/enricflorit.com\/\">Enric Florit<\/a>, <a href=\"http:\/\/www.maia.ub.es\/~guitart\/\">Xavier Guitart<\/a>, Ignasi Sanchez, <a href=\"https:\/\/travesa.cat\/\">Artur Travesa<\/a>.<\/p>\r\n\r\n\r\n\r\n<p><strong>Description:<\/strong> In the number theory research group we work in arithmetic problems related to diophantine equations (such as Fermat-type equacions), elliptic curves and abelian varieties as well as their relation to automorphic forms via the Langlands program. We also have a research line in differential Galois theory and Hopf Galois theory.<\/p>\r\n\r\n\r\n\r\n<h3 class=\"wp-block-heading\">Topologia<\/h3>\r\n\r\n\r\n\r\n<p><img decoding=\"async\" class=\"wp-image-1312\" style=\"width: 150px\" src=\"https:\/\/mat.ub.edu\/departament\/wp-content\/uploads\/sites\/40\/2022\/07\/topologia.png\" alt=\"\" \/> <strong>Members:<\/strong> <a href=\"http:\/\/www.ub.edu\/topologia\/casacuberta\">Carles Casacuberta<\/a>, <a href=\"http:\/\/www.ub.edu\/topologia\/jcirici\/\">Joana Cirici<\/a>, <a href=\"http:\/\/www.ub.edu\/topologia\/gutierrez\">Javier Guti\u00e9rrez<\/a>, Bashar Saleh, David Mart\u00ednez.<\/p>\r\n\r\n\r\n\r\n<p><strong>Web:<\/strong><a href=\"http:\/\/www.ub.edu\/topologia\/index.html\">http:\/\/www.ub.edu\/topologia\/index.html<\/a><\/p>\r\n\r\n\r\n\r\n<p><strong>Description:<\/strong> The main research lines of the Topology Research Group include the study of operadic algebras, higher categories and higher operads as well as and the development of homotopical methods to address open questions on the geometry and topology of complex and almost complex manifolds. We also combine techniques from simplicial homotopy and topological data analysis.<\/p>\r\n","protected":false},"excerpt":{"rendered":"<p>Research groups in the Department of Mathematics and Computer Science An\u00e0lisi Complexa &nbsp; Members: Carme Cascante, Konstantin Dyakonov, Jordi Marzo, Xavier Massaneda, Joaquim Ortega, Jordi Pau, Mart\u00ed Prats;\u00a0Estudiants de doctorat: Victor de la Torre Description: At the Complex Analysis group we work with problems of holomorphic functions in one and several complex variables as well [&hellip;]<\/p>\n","protected":false},"author":3,"featured_media":0,"parent":147,"menu_order":0,"comment_status":"closed","ping_status":"closed","template":"","meta":{"footnotes":""},"class_list":["post-51","page","type-page","status-publish","hentry"],"_links":{"self":[{"href":"https:\/\/mat.ub.edu\/department\/wp-json\/wp\/v2\/pages\/51","targetHints":{"allow":["GET"]}}],"collection":[{"href":"https:\/\/mat.ub.edu\/department\/wp-json\/wp\/v2\/pages"}],"about":[{"href":"https:\/\/mat.ub.edu\/department\/wp-json\/wp\/v2\/types\/page"}],"author":[{"embeddable":true,"href":"https:\/\/mat.ub.edu\/department\/wp-json\/wp\/v2\/users\/3"}],"replies":[{"embeddable":true,"href":"https:\/\/mat.ub.edu\/department\/wp-json\/wp\/v2\/comments?post=51"}],"version-history":[{"count":7,"href":"https:\/\/mat.ub.edu\/department\/wp-json\/wp\/v2\/pages\/51\/revisions"}],"predecessor-version":[{"id":571,"href":"https:\/\/mat.ub.edu\/department\/wp-json\/wp\/v2\/pages\/51\/revisions\/571"}],"up":[{"embeddable":true,"href":"https:\/\/mat.ub.edu\/department\/wp-json\/wp\/v2\/pages\/147"}],"wp:attachment":[{"href":"https:\/\/mat.ub.edu\/department\/wp-json\/wp\/v2\/media?parent=51"}],"curies":[{"name":"wp","href":"https:\/\/api.w.org\/{rel}","templated":true}]}}