{"id":20,"date":"2022-10-14T08:27:02","date_gmt":"2022-10-14T06:27:02","guid":{"rendered":"https:\/\/mat.ub.edu\/equality-comission\/?page_id=20"},"modified":"2025-07-18T11:41:57","modified_gmt":"2025-07-18T09:41:57","slug":"portada","status":"publish","type":"page","link":"https:\/\/mat.ub.edu\/equality-comission\/","title":{"rendered":"Equality Comission"},"content":{"rendered":"<div class=\"wpb-content-wrapper\"><p>[vc_row][vc_column][vc_column_text]<span style=\"font-size: 14pt\">La Comissi\u00f3 d\u2019Igualtat de la Facultat de Matem\u00e0tiques i Inform\u00e0tica t\u00e9 els objectius de visualitzar i sensibilitzar la igualtat entre dones i homes, fomentar la perspectiva de g\u00e8nere en la doc\u00e8ncia i la recerca, aix\u00ed com vetllar pel compliment en l\u2019\u00e0mbit de la Facultat dels objectius establerts per la Comissi\u00f3 d\u2019Igualtat de la Universitat de Barcelona.<\/span>[\/vc_column_text][vc_column_text css=&#8221;&#8221;]<span style=\"font-size: 14pt\"><strong>Contacte: <a href=\"mailto:igualtat.mat.inf@ub.edu\" target=\"_blank\" rel=\"noopener\">igualtat.mat.inf@ub.edu<\/a><\/strong><\/span><\/p>\n<ul>\n<li><span style=\"font-size: 14pt\">Joana Cirici<\/span><\/li>\n<li><span style=\"font-size: 14pt\">Carlos D\u2019Andrea<\/span><\/li>\n<li><span style=\"font-size: 14pt\">Luis Dieulefait<\/span><\/li>\n<li><span style=\"font-size: 14pt\">Aina Ferr\u00e0<\/span><\/li>\n<li><span style=\"font-size: 14pt\">David M\u00e1rquez<\/span><\/li>\n<li><span style=\"font-size: 14pt\">Anna Puig<\/span><\/li>\n<\/ul>\n<p><span style=\"font-size: 14pt\"><strong>Alumnat:<\/strong><\/span><\/p>\n<ul>\n<li><span style=\"font-size: 14pt\">Maria Ines Areosa Vega<\/span><\/li>\n<li><span style=\"font-size: 14pt\">Berta Homs<\/span><\/li>\n<\/ul>\n<p>[\/vc_column_text][vc_column_text]<span style=\"font-size: 14pt\"><a href=\"https:\/\/mat.ub.edu\/comissio-igualtat\/wp-content\/uploads\/sites\/34\/2022\/06\/PROTOCOL-CONTRA-LASSETJAMENT.png\" target=\"_blank\" rel=\"noopener\">Protocol contra l&#8217;assetjament sexual i per ra\u00f3 de sexe, g\u00e8nere o orientaci\u00f3 sexual, i altres conductes masclistes<\/a><\/span><\/p>\n<p><span style=\"font-size: 14pt\"><a href=\"https:\/\/www.ub.edu\/web\/ub\/ca\/sites\/genere\/pla_igualtat\/pla_igualtat.html\" target=\"_blank\" rel=\"noopener\">Igualtat UB<\/a><\/span>[\/vc_column_text][\/vc_column][\/vc_row]<\/p>\n<\/div>","protected":false},"excerpt":{"rendered":"<p>[vc_row][vc_column][vc_column_text]La Comissi\u00f3 d\u2019Igualtat de la Facultat de Matem\u00e0tiques i Inform\u00e0tica t\u00e9 els objectius de visualitzar i sensibilitzar la igualtat entre dones i homes, fomentar la perspectiva de g\u00e8nere en la doc\u00e8ncia i la recerca, aix\u00ed com vetllar pel compliment en l\u2019\u00e0mbit de la Facultat dels objectius establerts per la Comissi\u00f3 d\u2019Igualtat de la Universitat de [&hellip;]<\/p>\n","protected":false},"author":3,"featured_media":0,"parent":0,"menu_order":0,"comment_status":"closed","ping_status":"closed","template":"","meta":{"footnotes":""},"class_list":["post-20","page","type-page","status-publish","hentry"],"_links":{"self":[{"href":"https:\/\/mat.ub.edu\/equality-comission\/wp-json\/wp\/v2\/pages\/20","targetHints":{"allow":["GET"]}}],"collection":[{"href":"https:\/\/mat.ub.edu\/equality-comission\/wp-json\/wp\/v2\/pages"}],"about":[{"href":"https:\/\/mat.ub.edu\/equality-comission\/wp-json\/wp\/v2\/types\/page"}],"author":[{"embeddable":true,"href":"https:\/\/mat.ub.edu\/equality-comission\/wp-json\/wp\/v2\/users\/3"}],"replies":[{"embeddable":true,"href":"https:\/\/mat.ub.edu\/equality-comission\/wp-json\/wp\/v2\/comments?post=20"}],"version-history":[{"count":2,"href":"https:\/\/mat.ub.edu\/equality-comission\/wp-json\/wp\/v2\/pages\/20\/revisions"}],"predecessor-version":[{"id":30,"href":"https:\/\/mat.ub.edu\/equality-comission\/wp-json\/wp\/v2\/pages\/20\/revisions\/30"}],"wp:attachment":[{"href":"https:\/\/mat.ub.edu\/equality-comission\/wp-json\/wp\/v2\/media?parent=20"}],"curies":[{"name":"wp","href":"https:\/\/api.w.org\/{rel}","templated":true}]}}