{"id":1003,"date":"2017-04-05T13:34:08","date_gmt":"2017-04-05T11:34:08","guid":{"rendered":"https:\/\/mat.ub.edu\/cookie-policy\/"},"modified":"2017-04-05T13:34:08","modified_gmt":"2017-04-05T11:34:08","slug":"cookie-policy","status":"publish","type":"page","link":"https:\/\/mat.ub.edu\/es\/cookie-policy\/","title":{"rendered":"Pol\u00edtica de galetes"},"content":{"rendered":"<p><strong><span class=\"h2 float-left p-bottom-2y full-width\">1. Qu\u00e8 s\u00f3n les galetes?<\/span><\/strong><\/p>\n<p>Les galetes o \u00abcookies\u00bb s\u00f3n fitxers de text que es descarreguen a l\u2019equip terminal de l\u2019usuari (ordinador, tauleta, tel\u00e8fon m\u00f2bil&#8230;) i que es guarden a la mem\u00f2ria del seu navegador. Les dades contingudes a les galetes podran ser analitzades per la Facultat de Matem\u00e0tiques i Inform\u00e0tica per a millorar la usabilitat dels webs i oferir una informaci\u00f3 i uns serveis m\u00e9s personalitzats.<br \/> Les dades de navegaci\u00f3 recuperades per les galetes s\u00f3n an\u00f2nimes i no s\u2019associen a cap persona. La informaci\u00f3 personal haur\u00e0 de ser facilitada a la Facultat de Matem\u00e0tiques i Inform\u00e0tica de manera expl\u00edcita per l\u2019usuari.<br \/> L\u2019usuari podr\u00e0 esborrar o desactivar les galetes des de la configuraci\u00f3 dels seus navegadors. En aquest cas, la p\u00e0gina web continuar\u00e0 essent operativa, per\u00f2 sense els avantatges de la personalitzaci\u00f3. Per a m\u00e9s detall sobre l\u2019\u00fas, gesti\u00f3 i configuraci\u00f3 de les galetes des dels navegadors es recomana consultar el web <a class=\"text-decoration-underline\" href=\"http:\/\/www.aboutcookies.org\/\" target=\"_blank\">http:\/\/www.aboutcookies.org\/<\/a>.<\/p>\n<p>&nbsp;<\/p>\n<p><strong><span class=\"h2 float-left p-bottom-2y full-width\">2. Quin tipus de galetes s&#8217;utilitzen a la Facultat de Matem\u00e0tiques i Inform\u00e0tica i qui hi t\u00e9 acc\u00e9s?<\/span><\/strong><\/p>\n<p><strong>Pr\u00f2pies<\/strong>. S\u00f3n galetes que s\u2019envien des d\u2019un equip o domini gestionat per la Facultat de Matem\u00e0tiques i Inform\u00e0tica al terminal de l\u2019usuari.<\/p>\n<p><strong>De tercers<\/strong>. S\u00f3n galetes que s\u2019envien al terminal de l\u2019usuari des d\u2019un equip o domini no gestionat ni controlat per la Facultat de Matem\u00e0tiques i Inform\u00e0tica. En aquest cas s\u2019inclouen tamb\u00e9 les galetes que instal\u00b7lades per la Facultat de Matem\u00e0tiques i Inform\u00e0tica recopilen informaci\u00f3 gestionada per tercers. Les galetes de tercers poden ser utilitzades per al mesurament i an\u00e0lisi del comportament dels usuaris amb l\u2019objectiu de millorar la seva experi\u00e8ncia al web de la Facultat de Matem\u00e0tiques i Inform\u00e0tica.<\/p>\n<p><strong>De llocs de tercers<\/strong>. Al web de la Facultat de Matem\u00e0tiques i Inform\u00e0tica s\u2019insereixen continguts generats des de les xarxes socials (Youtube, Twitter, Flickr&#8230;); hi ha la possibilitat que aquests llocs web serveixin galetes als seus usuaris. La Facultat de Matem\u00e0tiques i Inform\u00e0tica no t\u00e9 control sobre la difusi\u00f3 i l\u2019\u00fas de la informaci\u00f3 que aquestes xarxes socials puguin recopilar amb les seves galetes i per aix\u00f2 recomana que es consulti la seva pol\u00edtica de privacitat.<\/p>\n<p>&nbsp;<\/p>\n<p><strong>3<\/strong><strong><span class=\"h2 float-left p-bottom-2y full-width\">. Quines s\u00f3n les finalitats de les galetes que s&#8217;utilitzen a la Facultat de Matem\u00e0tiques i Inform\u00e0tica?<\/span><\/strong><\/p>\n<p>Les finalitats de les galetes que es fan servir a la Facultat de Matem\u00e0tiques i Inform\u00e0tica s\u00f3n:<\/p>\n<p>\u2022 <strong>T\u00e8cniques<\/strong>. L\u2019objectiu d\u2019aquest tipus de galetes \u00e9s fer possible que la navegaci\u00f3 per la p\u00e0gina sigui satisfact\u00f2ria. Aquest tipus de galetes permet que el sistema reconegui els usuaris que s\u2019hagin registrat i recordar-los el seu nom d\u2019usuari i contrasenya, entre altres funcions.<\/p>\n<p>\u2022 <strong>De personalitzaci\u00f3<\/strong>. Aquestes galetes permeten que l\u2019usuari accedeixi al web de la Facultat de Matem\u00e0tiques i Inform\u00e0tica amb algunes caracter\u00edstiques de car\u00e0cter general predefinides com poden ser l\u2019idioma, el navegador o la localitzaci\u00f3 geogr\u00e0fica des d\u2019on s\u2019accedeix al servei. Aquesta informaci\u00f3 dels usuaris permet a la Facultat de Matem\u00e0tiques i Inform\u00e0tica poder-los oferir m\u00e9s bon servei i m\u00e9s personalitzat.<\/p>\n<p>\u2022 <strong>Anal\u00edtiques<\/strong>. Les dades an\u00f2nimes contingudes en aquestes galetes permeten el mesurament, el seguiment i l\u2019estudi de l\u2019activitat dels usuaris a fi d\u2019incorporar millores en llocs web, aplicacions i plataformes de la Facultat de Matem\u00e0tiques i Inform\u00e0tica.<\/p>\n<p>\u2022 <strong>Publicit\u00e0ries<\/strong>. Aquestes galetes fan possible la gesti\u00f3 dels espais publicitaris basant-se en criteris com l\u2019edici\u00f3 de continguts o els h\u00e0bits de navegaci\u00f3 dels usuaris.<\/p>\n<p>&nbsp;<\/p>\n<p><strong><span class=\"h2 float-left p-bottom-2y full-width\">4.\u00a0Com configurar les prefer\u00e8ncies?<\/span><\/strong><\/p>\n<p>La majoria dels navegadors accepten la utilitzaci\u00f3 de cookies de forma autom\u00e0tica, per\u00f2 tu pots configurar el teu navegador per no acceptar-les o perqu\u00e8 el navegador et avisi quan un servidor vulgui guardar una cookie. Pots fer-ho consultant:<\/p>\n<p><a href=\"https:\/\/support.microsoft.com\/ca-es\/help\/17442\/windows-internet-explorer-delete-manage-cookies\" target=\"_blank\">Internet explorer<\/a><\/p>\n<p><a href=\"https:\/\/support.google.com\/chrome\/answer\/95647?hl=es\" target=\"_blank\">Google Chrome<\/a><\/p>\n<p><a href=\"https:\/\/support.mozilla.org\/t5\/How-To\/Habilitar-y-deshabilitar-cookies-que-los-sitios-web-utilizan\/ta-p\/34665\" target=\"_blank\">Mozilla Firfeox<\/a><\/p>\n<p><a href=\"https:\/\/support.apple.com\/es-es\/HT201265\" target=\"_blank\">Safari, iOS<\/a><\/p>\n<p>&nbsp;<\/p>\n<p>&nbsp;<\/p>\n","protected":false},"excerpt":{"rendered":"<p>1. Qu\u00e8 s\u00f3n les galetes? Les galetes o \u00abcookies\u00bb s\u00f3n fitxers de text que es descarreguen a l\u2019equip terminal de l\u2019usuari (ordinador, tauleta, tel\u00e8fon m\u00f2bil&#8230;) i que es guarden a la mem\u00f2ria del seu navegador. Les dades contingudes a les galetes podran ser analitzades per la Facultat de Matem\u00e0tiques i Inform\u00e0tica per a millorar la [&hellip;]<\/p>\n","protected":false},"author":3,"featured_media":0,"parent":0,"menu_order":0,"comment_status":"closed","ping_status":"closed","template":"","meta":{"footnotes":""},"class_list":["post-1003","page","type-page","status-publish","hentry"],"_links":{"self":[{"href":"https:\/\/mat.ub.edu\/es\/wp-json\/wp\/v2\/pages\/1003","targetHints":{"allow":["GET"]}}],"collection":[{"href":"https:\/\/mat.ub.edu\/es\/wp-json\/wp\/v2\/pages"}],"about":[{"href":"https:\/\/mat.ub.edu\/es\/wp-json\/wp\/v2\/types\/page"}],"author":[{"embeddable":true,"href":"https:\/\/mat.ub.edu\/es\/wp-json\/wp\/v2\/users\/3"}],"replies":[{"embeddable":true,"href":"https:\/\/mat.ub.edu\/es\/wp-json\/wp\/v2\/comments?post=1003"}],"version-history":[{"count":0,"href":"https:\/\/mat.ub.edu\/es\/wp-json\/wp\/v2\/pages\/1003\/revisions"}],"wp:attachment":[{"href":"https:\/\/mat.ub.edu\/es\/wp-json\/wp\/v2\/media?parent=1003"}],"curies":[{"name":"wp","href":"https:\/\/api.w.org\/{rel}","templated":true}]}}