{"id":1119,"date":"2017-04-25T12:53:31","date_gmt":"2017-04-25T10:53:31","guid":{"rendered":"https:\/\/mat.ub.edu\/?page_id=1119"},"modified":"2018-01-18T11:03:05","modified_gmt":"2018-01-18T11:03:05","slug":"servei-tic","status":"publish","type":"page","link":"https:\/\/mat.ub.edu\/es\/serveis\/servei-tic\/","title":{"rendered":"Servicios TIC"},"content":{"rendered":"<p style=\"text-align: justify;\">Las <strong>tecnolog\u00edas de la informaci\u00f3n y de la comunicaci\u00f3n<\/strong> (<strong>TIC<\/strong> o\u00a0<strong>NTIC\u00a0<\/strong>para nuevas tecnolog\u00edas de la informaci\u00f3n y de la comunicaci\u00f3n o\u00a0IT\u00a0para \u00abInformation\u00a0Technology\u00bb)\u00a0agrupan los elementos y las t\u00e9cnicas utilizadas en el tratamiento y la transmisi\u00f3n de las informaciones, principalmente de inform\u00e1tica, internet y telecomunicaciones.<\/p>\n","protected":false},"excerpt":{"rendered":"<p>Las tecnolog\u00edas de la informaci\u00f3n y de la comunicaci\u00f3n (TIC o\u00a0NTIC\u00a0para nuevas tecnolog\u00edas de la informaci\u00f3n y de la comunicaci\u00f3n o\u00a0IT\u00a0para \u00abInformation\u00a0Technology\u00bb)\u00a0agrupan los elementos y las t\u00e9cnicas utilizadas en el tratamiento y la transmisi\u00f3n de las informaciones, principalmente de inform\u00e1tica, internet y telecomunicaciones.<\/p>\n","protected":false},"author":1,"featured_media":0,"parent":295,"menu_order":0,"comment_status":"closed","ping_status":"closed","template":"","meta":{"footnotes":""},"class_list":["post-1119","page","type-page","status-publish","hentry"],"_links":{"self":[{"href":"https:\/\/mat.ub.edu\/es\/wp-json\/wp\/v2\/pages\/1119","targetHints":{"allow":["GET"]}}],"collection":[{"href":"https:\/\/mat.ub.edu\/es\/wp-json\/wp\/v2\/pages"}],"about":[{"href":"https:\/\/mat.ub.edu\/es\/wp-json\/wp\/v2\/types\/page"}],"author":[{"embeddable":true,"href":"https:\/\/mat.ub.edu\/es\/wp-json\/wp\/v2\/users\/1"}],"replies":[{"embeddable":true,"href":"https:\/\/mat.ub.edu\/es\/wp-json\/wp\/v2\/comments?post=1119"}],"version-history":[{"count":5,"href":"https:\/\/mat.ub.edu\/es\/wp-json\/wp\/v2\/pages\/1119\/revisions"}],"predecessor-version":[{"id":2130,"href":"https:\/\/mat.ub.edu\/es\/wp-json\/wp\/v2\/pages\/1119\/revisions\/2130"}],"up":[{"embeddable":true,"href":"https:\/\/mat.ub.edu\/es\/wp-json\/wp\/v2\/pages\/295"}],"wp:attachment":[{"href":"https:\/\/mat.ub.edu\/es\/wp-json\/wp\/v2\/media?parent=1119"}],"curies":[{"name":"wp","href":"https:\/\/api.w.org\/{rel}","templated":true}]}}