{"id":287,"date":"2016-06-23T10:54:02","date_gmt":"2016-06-23T08:54:02","guid":{"rendered":"https:\/\/mat.ub.edu\/?page_id=287"},"modified":"2020-10-17T05:25:45","modified_gmt":"2020-10-17T05:25:45","slug":"la-facultat","status":"publish","type":"page","link":"https:\/\/mat.ub.edu\/es\/la-facultat\/","title":{"rendered":"La Facultad"},"content":{"rendered":"<div class=\"wpb-content-wrapper\"><p>[vc_row][vc_column][vc_row_inner][vc_column_inner width=\u00bb1\/2&#8243;][vc_column_text]<\/p>\n<p>&nbsp;<\/p>\n<p style=\"text-align: justify\">La Facultad de Matem\u00e1ticas e Inform\u00e1tica est\u00e1 ubicada en el Edificio Hist\u00f3rico de la Universidad de Barcelona, situado en uno de los puntos m\u00e1s c\u00e9ntricos de la ciudad.<\/p>\n<p style=\"text-align: justify\">La Facultad acoge m\u00e1s de un millar de estudiantes y m\u00e1s de un centenar de profesores. La oferta docente de la Facultad incluye dos t\u00edtulos de grado, tres dobles grados y tres m\u00e1steres universitarios, junto con posgrados propios y un programa de doctorado.<\/p>\n<p style=\"text-align: justify\">[\/vc_column_text][\/vc_column_inner][vc_column_inner width=\u00bb1\/2&#8243;][vc_column_text]<\/p>\n<p style=\"text-align: center\">\n<p style=\"text-align: center\"><img loading=\"lazy\" decoding=\"async\" width=\"300\" height=\"300\" class=\"size-medium wp-image-972 responsive-img\" src=\"https:\/\/mat.ub.edu\/es\/wp-content\/uploads\/sites\/2\/2016\/06\/16906732_1367342159978622_2306470817468252160_n-300x300.jpg\" srcset=\"https:\/\/mat.ub.edu\/es\/wp-content\/uploads\/sites\/2\/2016\/06\/16906732_1367342159978622_2306470817468252160_n-300x300.jpg 300w, https:\/\/mat.ub.edu\/es\/wp-content\/uploads\/sites\/2\/2016\/06\/16906732_1367342159978622_2306470817468252160_n-150x150.jpg 150w, https:\/\/mat.ub.edu\/es\/wp-content\/uploads\/sites\/2\/2016\/06\/16906732_1367342159978622_2306470817468252160_n.jpg 750w\" sizes=\"auto, (max-width: 300px) 100vw, 300px\" \/><\/p>\n<p>[\/vc_column_text][\/vc_column][\/vc_row]<\/p>\n<\/div>","protected":false},"excerpt":{"rendered":"<p>[vc_row][vc_column][vc_row_inner][vc_column_inner width=\u00bb1\/2&#8243;][vc_column_text] &nbsp; La Facultad de Matem\u00e1ticas e Inform\u00e1tica est\u00e1 ubicada en el Edificio Hist\u00f3rico de la Universidad de Barcelona, situado en uno de los puntos m\u00e1s c\u00e9ntricos de la ciudad. La Facultad acoge m\u00e1s de un millar de estudiantes y m\u00e1s de un centenar de profesores. La oferta docente de la Facultad incluye dos [&hellip;]<\/p>\n","protected":false},"author":1,"featured_media":0,"parent":0,"menu_order":0,"comment_status":"closed","ping_status":"closed","template":"","meta":{"footnotes":""},"class_list":["post-287","page","type-page","status-publish","hentry"],"_links":{"self":[{"href":"https:\/\/mat.ub.edu\/es\/wp-json\/wp\/v2\/pages\/287","targetHints":{"allow":["GET"]}}],"collection":[{"href":"https:\/\/mat.ub.edu\/es\/wp-json\/wp\/v2\/pages"}],"about":[{"href":"https:\/\/mat.ub.edu\/es\/wp-json\/wp\/v2\/types\/page"}],"author":[{"embeddable":true,"href":"https:\/\/mat.ub.edu\/es\/wp-json\/wp\/v2\/users\/1"}],"replies":[{"embeddable":true,"href":"https:\/\/mat.ub.edu\/es\/wp-json\/wp\/v2\/comments?post=287"}],"version-history":[{"count":9,"href":"https:\/\/mat.ub.edu\/es\/wp-json\/wp\/v2\/pages\/287\/revisions"}],"predecessor-version":[{"id":2627,"href":"https:\/\/mat.ub.edu\/es\/wp-json\/wp\/v2\/pages\/287\/revisions\/2627"}],"wp:attachment":[{"href":"https:\/\/mat.ub.edu\/es\/wp-json\/wp\/v2\/media?parent=287"}],"curies":[{"name":"wp","href":"https:\/\/api.w.org\/{rel}","templated":true}]}}