{"id":295,"date":"2016-06-23T11:00:50","date_gmt":"2016-06-23T11:00:50","guid":{"rendered":"https:\/\/mat.ub.edu\/?page_id=295"},"modified":"2023-09-18T12:49:56","modified_gmt":"2023-09-18T10:49:56","slug":"serveis","status":"publish","type":"page","link":"https:\/\/mat.ub.edu\/es\/serveis\/","title":{"rendered":"Servicios"},"content":{"rendered":"<div class=\"wpb-content-wrapper\"><p>[vc_row][vc_column][vc_tta_tabs alignment=\u00bbcenter\u00bb active_section=\u00bb1&#8243;][vc_tta_section i_type=\u00bblinecons\u00bb i_icon_linecons=\u00bbvc_li vc_li-location\u00bb add_icon=\u00bbtrue\u00bb title=\u00bbPatio Mates-Info\u00bb tab_id=\u00bbinstalacions\u00bb][vc_column_text]<\/p>\n<h1>Patio de Matem\u00e1ticas e Inform\u00e1tica<\/h1>\n<p>[\/vc_column_text][vc_row_inner][vc_column_inner width=\u00bb1\/4&#8243;][\/vc_column_inner][vc_column_inner width=\u00bb1\/4&#8243;][vc_btn title=\u00bbSoftware a las aulas\u00bb style=\u00bbflat\u00bb color=\u00bbsky\u00bb align=\u00bbcenter\u00bb i_icon_fontawesome=\u00bbfa fa-linux\u00bb add_icon=\u00bbtrue\u00bb link=\u00bburl:https%3A%2F%2Fmat.ub.edu%2Fes%2Fserveis%2Fservei-tic%2Fsoftware-installat%2F|||\u00bb][\/vc_column_inner][vc_column_inner width=\u00bb1\/4&#8243;][vc_btn title=\u00bbDesplegar mapa\u00bb style=\u00bbflat\u00bb align=\u00bbcenter\u00bb i_icon_fontawesome=\u00bbfa fa-map-o\u00bb add_icon=\u00bbtrue\u00bb link=\u00bburl:https%3A%2F%2Fwww.google.com%2Fmaps%2Fplace%2FUniversitat%2Bde%2BBarcelona%2B-%2BEdifici%2BHist%C3%B2ric%2C%2BCarrer%2Bd&#8217;Aribau%2C%2B2%2C%2B08011%2BBarcelona%2C%2BEspanya%2F%4041.3868193%2C2.1638648%2C19.5z%2Fdata%3D!3m1!5s0x12a4a28cbeb157a9%3A0x2bc3e3a01185164c!4m13!1m7!3m6!1s0x12a4a28cb755c76b%3A0xcb3cc1d1e532155b!2sUniversitat%2Bde%2BBarcelona%2B-%2BEdifici%2BHist%C3%B2ric%2C%2BCarrer%2Bd&#8217;Aribau%2C%2B2%2C%2B08011%2BBarcelona%2C%2BEspanya!3b1!8m2!3d41.3868272!4d2.1637047!3m4!1s0x12a4a28cb755c76b%3A0xcb3cc1d1e532155b!8m2!3d41.3868272!4d2.1637047%3Fhl%3Dca||target:%20_blank\u00bb][\/vc_column_inner][vc_column_inner width=\u00bb1\/4&#8243;][\/vc_column_inner][\/vc_row_inner][vc_row_inner][vc_column_inner width=\u00bb1\/2&#8243;][vc_column_text]<\/p>\n<h2 style=\"text-align: left\"><strong>Planta Baja<\/strong><\/h2>\n<p style=\"text-align: justify\">En la planta baja encontrar\u00e9is las aulas de docencia y el lugar donde se realizan las clases de teoria (B1, B2, B3, B5, B6 y B7) y laboratorios de Inform\u00e1tica(IA, IB, IC, ID, IE e IF). Tambi\u00e9n encontrareis el Punto de Informaci\u00f3n y la secretaria de la Facultad.<\/p>\n<h2 style=\"text-align: left\"><strong>Primer Piso<\/strong><\/h2>\n<p>En el Primer Piso encontrar\u00e9is parte del Departamento de Matem\u00e1ticas e Inform\u00e1tica.<\/p>\n<h2 style=\"text-align: left\"><strong>Segon\u00a0Pis<\/strong><\/h2>\n<p>En el Segundo Piso encontrar\u00e9is parte del Departamento de Matem\u00e1ticas e Inform\u00e1tica,las aulas T1 y T2, y la Biblioteca de la Facultad.<\/p>\n<h2 style=\"text-align: left\"><strong>Pabell\u00f3n del Jard\u00edn de Matem\u00e1ticas e Inform\u00e1tica<\/strong><\/h2>\n<p>Edificio situado en jardin de Matem\u00e1ticas e Inform\u00e1tica.<\/p>\n<h2 style=\"text-align: left\"><strong>Subterr\u00e1neo<\/strong><\/h2>\n<p>En el subterr\u00e1neo encontrar\u00e9is las aulas S1, S2, S3, S4 y S5.<\/p>\n<p>[\/vc_column_text][\/vc_column_inner][vc_column_inner width=\u00bb1\/2&#8243;][vc_column_text]<\/p>\n<h2 style=\"text-align: left\"><strong>Biblioteca<\/strong><\/h2>\n<div style=\"text-align: justify\">\n<div>El CRAI Biblioteca de Matem\u00e1ticas e Inform\u00e1tica ofrece los fondos bibliogr\u00e1ficos de soporte a los programas docentes e investigaci\u00f3n de los estudios impartidos en la Facultad: Matem\u00e1ticas e Ingenieria Inform\u00e1tica. Tambi\u00e9n otorga servicio a los investigadores del Instituto de Matem\u00e1tica de la Universidad de Barcelona (IMUB). Es miembro fundador de\u00a0<a class=\"ext\" title=\"Documat\" href=\"https:\/\/documat.unirioja.es\/\" target=\"_blank\" rel=\"noopener noreferrer\">Documat<\/a>.<\/div>\n<p>&nbsp;<\/p>\n<div>Heredera de la biblioteca de la Secci\u00f3n de Matem\u00e1ticas de la antigua Facultad de Ci\u00e9ncias y del posterior Seminario Matem\u00e1tico, dispone de un fondo antiguo notable sobre matem\u00e1ticas (de 1821 a 1945), con publicaciones de los autores m\u00e1s representativos del siglo XIX y XX: Fourier, Lagrange, Poincar\u00e9, Rey Pastor, Puig Adam, etc., de gran inter\u00e9s para la hist\u00f3ria de la matem\u00e1tica.<\/div>\n<\/div>\n<p>&nbsp;<\/p>\n<div>M\u00e1s informaci\u00f3n\u00a0<a href=\"http:\/\/crai.ub.edu\/ca\/coneix-el-crai\/biblioteques\/biblioteca-matematiques\">aqu\u00ed<\/a>.<\/div>\n<div><\/div>\n<div><a href=\"https:\/\/mat.ub.edu\/fac\/documents\/biblioteca_coneixer.pdf\" target=\"_blank\" rel=\"noopener\">Presentaci\u00f3n CRAI Biblioteca Matem\u00e1ticas e Inform\u00e1tica curso 2020-21 (<em>catal\u00e1n<\/em>)<\/a><\/div>\n<p>[\/vc_column_text][\/vc_column_inner][\/vc_row_inner][vc_row_inner][vc_column_inner width=\u00bb1\/2&#8243;][vc_single_image image=\u00bb535&#8243; img_size=\u00bbfull\u00bb onclick=\u00bbzoom\u00bb title=\u00bbPlanta Baja\u00bb][\/vc_column_inner][vc_column_inner width=\u00bb1\/4&#8243;][vc_single_image image=\u00bb538&#8243; img_size=\u00bbfull\u00bb onclick=\u00bbzoom\u00bb title=\u00bbPrimer Piso\u00bb][vc_single_image image=\u00bb2106&#8243; img_size=\u00bbfull\u00bb onclick=\u00bbzoom\u00bb title=\u00bbPabell\u00f3n del Jard\u00edn\u00bb][\/vc_column_inner][vc_column_inner width=\u00bb1\/4&#8243;][vc_single_image image=\u00bb2104&#8243; img_size=\u00bbfull\u00bb onclick=\u00bbzoom\u00bb title=\u00bbSegundo Piso\u00bb][vc_single_image image=\u00bb2105&#8243; img_size=\u00bbfull\u00bb onclick=\u00bbzoom\u00bb title=\u00bbSubterr\u00e1neo\u00bb][\/vc_column_inner][\/vc_row_inner][\/vc_tta_section][vc_tta_section i_type=\u00bblinecons\u00bb i_icon_linecons=\u00bbvc_li vc_li-shop\u00bb add_icon=\u00bbtrue\u00bb title=\u00bbAlquiler de Espacios\u00bb tab_id=\u00bblloguer-espais\u00bb][vc_row_inner][vc_column_inner][vc_column_text]<\/p>\n<h1>Alquiler de espacios<\/h1>\n<p style=\"text-align: justify\">La Universitat de Barcelona pone a disposici\u00f3n de la sociedad sus instalaciones para llevar a cabo actos acad\u00e9micos,\u00a0cient\u00edficos y otras actividades sociales y culturales, de acuerdo con su normativa de uso. Desde los enlaces siguientes pod\u00e9is consultar las caracter\u00edsticas, el equipamiento t\u00e9cnico, las tarifas y algunas fotograf\u00edas de los espacios situados a diferentes edificios de la Universitat de Barcelona, como tambi\u00e9n la informaci\u00f3n de contacto para reservarlos.<\/p>\n<p>[\/vc_column_text][\/vc_column_inner][\/vc_row_inner][vc_row_inner][vc_column_inner][vc_column_text]<\/p>\n<ul class=\"list-bullets llista\">\n<li class=\"views-row views-row-1 views-row-odd views-row-first\" style=\"text-align: left\"><a href=\"http:\/\/www.ub.edu\/espais\/ca\/paranimf\">Paranimf<\/a> (Capacidad:\u00a0<span class=\"campus\">495)<\/span><\/li>\n<li class=\"views-row views-row-2 views-row-even\" style=\"text-align: left\"><a href=\"http:\/\/www.ub.edu\/espais\/ca\/galeria-del-paranimf\">Galeria del Paranimf<\/a>\u00a0(Capacidad:\u00a0<span class=\"campus\">400)<\/span><\/li>\n<li class=\"views-row views-row-3 views-row-odd\" style=\"text-align: left\"><a href=\"http:\/\/www.ub.edu\/espais\/ca\/parquing-de-ledifici-historic\">P\u00e0rquing de l&#8217;Edifici Hist\u00f2ric<\/a>\u00a0(Capacidad<span class=\"campus\">400)<\/span><\/li>\n<li class=\"views-row views-row-4 views-row-even\" style=\"text-align: left\"><a href=\"http:\/\/www.ub.edu\/espais\/ca\/vestibul-principal-de-ledifici-historic\">Vest\u00edbul Principal de l&#8217;Edifici Hist\u00f2ric<\/a>\u00a0(Capacidad<span class=\"campus\">: 400)<\/span><\/li>\n<li class=\"views-row views-row-5 views-row-odd\" style=\"text-align: left\"><a href=\"http:\/\/www.ub.edu\/espais\/ca\/jardi-central-ferran-soldevila\">Jard\u00ed Central Ferran Soldevila<\/a>\u00a0(Capacidad<span class=\"campus\">: 250)<\/span><\/li>\n<li class=\"views-row views-row-6 views-row-even\" style=\"text-align: left\"><a href=\"http:\/\/www.ub.edu\/espais\/ca\/jardins-laterals-de-ledifici-historic\">Jardins Laterals de l&#8217;Edifici Hist\u00f2ric<\/a>\u00a0(Capacidad<span class=\"campus\">: 250)<\/span><\/li>\n<li class=\"views-row views-row-7 views-row-odd\" style=\"text-align: left\"><a href=\"http:\/\/www.ub.edu\/espais\/ca\/patis-de-ciencies-i-de-lletres\">Patis de Ci\u00e8ncies i de Lletres<\/a>\u00a0(Capacidad<span class=\"campus\">: 200)<\/span><\/li>\n<li class=\"views-row views-row-8 views-row-even\" style=\"text-align: left\"><a href=\"http:\/\/www.ub.edu\/espais\/ca\/aula-magna\">Aula Magna<\/a>\u00a0(Capacidad:\u00a0<span class=\"campus\">184)\u00a0<\/span><\/li>\n<li class=\"views-row views-row-9 views-row-odd\" style=\"text-align: left\"><a href=\"http:\/\/www.ub.edu\/espais\/ca\/claustres\">Claustres<\/a> <span class=\"campus\">(Capacidad<\/span><span class=\"campus\">: 170)<\/span><\/li>\n<li class=\"views-row views-row-10 views-row-even views-row-last\" style=\"text-align: left\"><a href=\"http:\/\/www.ub.edu\/espais\/ca\/aula-capella\">Aula Capella<\/a> <span class=\"campus\">(Capacidad<\/span><span class=\"campus\">: 150)<\/span><\/li>\n<li class=\"views-row views-row-1 views-row-odd views-row-first\" style=\"text-align: left\"><a href=\"http:\/\/www.ub.edu\/espais\/ca\/sala-de-professors-de-filologia\">Sala de professors de Filologia<\/a>\u00a0 (Capacidad<span class=\"campus\">: 70)<\/span><\/li>\n<li class=\"views-row views-row-2 views-row-even\" style=\"text-align: left\"><a href=\"http:\/\/www.ub.edu\/espais\/ca\/sala-de-graus-de-filologia\">Sala de Graus de Filologia<\/a> <span class=\"campus\">\u00a0(Capacidad<\/span><span class=\"campus\">: 52)<\/span><\/li>\n<li class=\"views-row views-row-3 views-row-odd\" style=\"text-align: left\"><a href=\"http:\/\/www.ub.edu\/espais\/ca\/sala-gabriel-oliver\">Sala Gabriel Oliver<\/a> <span class=\"campus\">\u00a0(Capacidad<\/span><span class=\"campus\">: 50)<\/span><\/li>\n<li class=\"views-row views-row-4 views-row-even\" style=\"text-align: left\"><a href=\"http:\/\/www.ub.edu\/espais\/ca\/aula-ramon-i-cajal\">Aula Ram\u00f3n i Cajal<\/a>\u00a0 (Capacidad<span class=\"campus\">: 30)<\/span><\/li>\n<li class=\"views-row views-row-5 views-row-odd\" style=\"text-align: left\"><a href=\"http:\/\/www.ub.edu\/espais\/ca\/sala-de-juntes-de-filologia\">Sala de Juntes de Filologia<\/a>\u00a0(Capacidad<span class=\"campus\">: 26)<\/span><\/li>\n<li class=\"views-row views-row-6 views-row-even\" style=\"text-align: left\"><a href=\"http:\/\/www.ub.edu\/espais\/ca\/sala-de-reunions-del-departament-de-grec\">Sala de reunions del Departament de Grec<\/a> <span class=\"campus\">\u00a0(Capacidad<\/span><span class=\"campus\">: 20)<\/span><\/li>\n<li class=\"views-row views-row-7 views-row-odd\" style=\"text-align: left\"><a href=\"http:\/\/www.ub.edu\/espais\/ca\/sala-de-juntes-de-matematiques\">Sala de Juntes de Matem\u00e0tiques<\/a> <span class=\"campus\">\u00a0(Capacidad<\/span><span class=\"campus\">: 15)<\/span><\/li>\n<li class=\"views-row views-row-8 views-row-even\" style=\"text-align: left\"><a href=\"http:\/\/www.ub.edu\/espais\/ca\/aules-docents-de-ledifici-historic-1\">Aules docents de l&#8217;Edifici Hist\u00f2ric<\/a>\u00a0(Capacidad<span class=\"campus\">: 50)<\/span><\/li>\n<li class=\"views-row views-row-9 views-row-odd\" style=\"text-align: left\"><a href=\"http:\/\/www.ub.edu\/espais\/ca\/aules-docents-de-ledifici-historic\">Aules docents de l&#8217;Edifici Hist\u00f2ric<\/a>\u00a0(Capacidad<span class=\"campus\">: 150)<\/span><\/li>\n<li class=\"views-row views-row-10 views-row-even views-row-last\" style=\"text-align: left\"><a href=\"http:\/\/www.ub.edu\/espais\/ca\/aules-docents-de-ledifici-historic-2\">Aules docents de l&#8217;Edifici Hist\u00f2ric<\/a> <span class=\"campus\">\u00a0(Capacidad: 50)<\/span><\/li>\n<li class=\"views-row views-row-1 views-row-odd views-row-first\" style=\"text-align: left\"><a href=\"http:\/\/www.ub.edu\/espais\/ca\/aules-docents-de-ledifici-historic-1\">Aules docents de l&#8217;Edifici Hist\u00f2ric<\/a>\u00a0(Capacidad<span class=\"campus\">: 50)<\/span><\/li>\n<li class=\"views-row views-row-2 views-row-even\" style=\"text-align: left\"><a href=\"http:\/\/www.ub.edu\/espais\/ca\/aules-docents-de-ledifici-josep-carner\">Aules docents de l&#8217;Edifici Josep Carner<\/a> <span class=\"campus\">\u00a0(Capacidad<\/span><span class=\"campus\">: 80)<\/span><\/li>\n<li class=\"views-row views-row-3 views-row-odd\" style=\"text-align: left\"><a href=\"http:\/\/www.ub.edu\/espais\/ca\/aules-docents-de-ledifici-josep-carner-0\">Aules docents de l&#8217;Edifici Josep Carner<\/a>\u00a0(Capacidad<span class=\"campus\">: 60)<\/span><\/li>\n<li class=\"views-row views-row-4 views-row-even\" style=\"text-align: left\"><a href=\"http:\/\/www.ub.edu\/espais\/ca\/biblioteca-de-lletres\">Biblioteca de Lletres<\/a><\/li>\n<li class=\"views-row views-row-5 views-row-odd\" style=\"text-align: left\"><a href=\"http:\/\/www.ub.edu\/espais\/ca\/biblioteca-de-lletres-us-parcial\">Biblioteca de Lletres (\u00fas parcial)<\/a><\/li>\n<li class=\"views-row views-row-6 views-row-even\" style=\"text-align: left\"><a href=\"http:\/\/www.ub.edu\/espais\/ca\/repla-del-rectorat\">Repl\u00e0 del rectorat<\/a><\/li>\n<li class=\"views-row views-row-7 views-row-odd\" style=\"text-align: left\"><a href=\"http:\/\/www.ub.edu\/espais\/ca\/vestibul-de-filologia\">Vest\u00edbul de Filologia<\/a><\/li>\n<li class=\"views-row views-row-8 views-row-even views-row-last\" style=\"text-align: left\"><a href=\"http:\/\/www.ub.edu\/espais\/ca\/vestibul-de-la-facultat-de-matematiques\">Vest\u00edbul de la Facultat de Matem\u00e0tiques<\/a><\/li>\n<\/ul>\n<p>&nbsp;<\/p>\n<p>[\/vc_column_text][\/vc_column_inner][\/vc_row_inner][\/vc_tta_section][vc_tta_section i_type=\u00bblinecons\u00bb i_icon_linecons=\u00bbvc_li vc_li-clip\u00bb add_icon=\u00bbtrue\u00bb title=\u00bbOtros\u00bb tab_id=\u00bbAltres\u00bb][vc_column_text]<\/p>\n<h1><strong>Otros<\/strong><\/h1>\n<p>[\/vc_column_text][vc_row_inner][vc_column_inner width=\u00bb1\/2&#8243;][vc_column_text]<\/p>\n<h3><\/h3>\n<h3><b>Taquillas<\/b><\/h3>\n<p>La Facultad dispone de taquillas para que el alumnado que lo desee, pueda guardar el material durante el curso.<br \/>\nSe puede solicitar en el Punto de Informaci\u00f3n de la Facultad en los siguientes horarios:<br \/>\nTodos los mi\u00e9rcoles de 9:00 a 13:00 horas y de 16:00 a 20:00 horas, desde el inicio de curso hasta finales de octubre.<\/p>\n<h3 style=\"text-align: left\"><b>Cafeter\u00eda<\/b><\/h3>\n<p>Servicio actualmente cerrado.<\/p>\n<p>Teca-Teca (espacio para fiambreras): Espacio situado en el s\u00f3tano que dispone de mesas, microondas y m\u00e1quinas de vending. El horario de apertura es de 9:00 a 19:00.B<\/p>\n<h3><strong>Fotocopias<\/strong><\/h3>\n<ul class=\"llista\">\n<li><strong>Horari<\/strong>: de 9.00 a 14.00 h\u00a0y de 16.00 a 20.00 h\n<ol>\n<li><em>Julio:<\/em>\u00a0de 9.00 a 14.00h<\/li>\n<li><em>Agosto:\u00a0<\/em><strong>Cerrado<\/strong>.<\/li>\n<\/ol>\n<\/li>\n<li><strong>Tel.:<\/strong>\u00a0933 185 870<\/li>\n<\/ul>\n<p>&nbsp;<\/p>\n<p>[\/vc_column_text][\/vc_column_inner][vc_column_inner width=\u00bb1\/2&#8243;][vc_column_text]<\/p>\n<h3><strong>Microondas<br \/>\n<\/strong><\/h3>\n<p>Al lado de la Secretaria de Estudiantes y Docencia, se ponen a disposici\u00f3n del alumnado unos microondas para calentar la comida.<\/p>\n<h3 style=\"text-align: left\"><strong>SAE<\/strong><\/h3>\n<p style=\"text-align: justify\">El Servicio de Atenci\u00f3n al Estudiante (SAE) se crea con el objetivo de generar un espacio especializado para atender de una manera personalizada el futuro del alumnado, estudiantes y estudiantes con necesidad de educaciones especiales, temporales e interculturales para facilitarles la informaci\u00f3n, orientaci\u00f3n, asesoramiento, el soporte y la ayuda necesaria durante todo el periodo de aprendizaje y proceso de inserci\u00f3n profesional, y as\u00ed conseguir que todos los estudiantes puedan conocer las orientaciones generales de la pol\u00edtica universitaria de la UB.<\/p>\n<p align=\"center\"><a href=\"http:\/\/www.ub.edu\/sae\/orientacio\/index.html\"><img loading=\"lazy\" decoding=\"async\" class=\"size-medium wp-image-1914 aligncenter\" src=\"https:\/\/mat.ub.edu\/wp-content\/uploads\/2017\/06\/logoSAEnou-nomes-300x114.png\" alt=\"\" width=\"300\" height=\"114\" \/><\/a><\/p>\n<p>\u00a0[\/vc_column_text][\/vc_column_inner][\/vc_row_inner][vc_row_inner][vc_column_inner][vc_column_text]<\/p>\n<h3 style=\"text-align: center\"><strong>Esports UB<\/strong><\/h3>\n<p>&nbsp;<\/p>\n<p style=\"text-align: justify\">La misi\u00f3n de Esports UB consiste en dar un servicio en materia de deporte, salud y ocio tanto a los miembros de la comunidad de BKC (Barcelona Knowledge Campus) como a los de la ciudadania en general.<\/p>\n<p style=\"text-align: left\">Tiene el objetivo de contribuir a la mejora de la salud, las relaciones interpersonales y la calidad de vida, Esports UB se orienta para una gesti\u00f3n de calidad y excelencia para contribuir en el desarrollo integral de la Sociedad.<\/p>\n<p style=\"text-align: left\">Los 100.000 m2 de equipamientos deportivos acogen una amplia oferta de actividades dirigidas y ponen al alcance de la comunidad universitaria un conjunto de instalaciones como por ejemplo piscina, pistas de tenis y\u00a0p\u00e0del, salas de actividades dirigidas y de acondicionamiento f\u00edsico, campo de f\u00fatbol con c\u00e9sped artificial y campo rugby, pabell\u00f3n polideportivo y pista de atletismo, entre otros.<\/p>\n<p style=\"text-align: left\">M\u00e1s informaci\u00f3n\u00a0<a href=\"http:\/\/www.ub.edu\/esports\/\">aqu\u00ed<\/a>.<\/p>\n<p>[\/vc_column_text][\/vc_column_inner][\/vc_row_inner][vc_single_image image=\u00bb496&#8243; img_size=\u00bbfull\u00bb alignment=\u00bbcenter\u00bb onclick=\u00bbcustom_link\u00bb link=\u00bbhttp:\/\/www.ub.edu\/esports\/\u00bb][\/vc_tta_section][\/vc_tta_tabs][\/vc_column][\/vc_row]<\/p>\n<\/div>","protected":false},"excerpt":{"rendered":"<p>[vc_row][vc_column][vc_tta_tabs alignment=\u00bbcenter\u00bb active_section=\u00bb1&#8243;][vc_tta_section i_type=\u00bblinecons\u00bb i_icon_linecons=\u00bbvc_li vc_li-location\u00bb add_icon=\u00bbtrue\u00bb title=\u00bbPatio Mates-Info\u00bb tab_id=\u00bbinstalacions\u00bb][vc_column_text] Patio de Matem\u00e1ticas e Inform\u00e1tica [\/vc_column_text][vc_row_inner][vc_column_inner width=\u00bb1\/4&#8243;][\/vc_column_inner][vc_column_inner width=\u00bb1\/4&#8243;][vc_btn title=\u00bbSoftware a las aulas\u00bb style=\u00bbflat\u00bb color=\u00bbsky\u00bb align=\u00bbcenter\u00bb i_icon_fontawesome=\u00bbfa fa-linux\u00bb add_icon=\u00bbtrue\u00bb link=\u00bburl:https%3A%2F%2Fmat.ub.edu%2Fes%2Fserveis%2Fservei-tic%2Fsoftware-installat%2F|||\u00bb][\/vc_column_inner][vc_column_inner width=\u00bb1\/4&#8243;][vc_btn title=\u00bbDesplegar mapa\u00bb style=\u00bbflat\u00bb align=\u00bbcenter\u00bb i_icon_fontawesome=\u00bbfa fa-map-o\u00bb add_icon=\u00bbtrue\u00bb link=\u00bburl:https%3A%2F%2Fwww.google.com%2Fmaps%2Fplace%2FUniversitat%2Bde%2BBarcelona%2B-%2BEdifici%2BHist%C3%B2ric%2C%2BCarrer%2Bd&#8217;Aribau%2C%2B2%2C%2B08011%2BBarcelona%2C%2BEspanya%2F%4041.3868193%2C2.1638648%2C19.5z%2Fdata%3D!3m1!5s0x12a4a28cbeb157a9%3A0x2bc3e3a01185164c!4m13!1m7!3m6!1s0x12a4a28cb755c76b%3A0xcb3cc1d1e532155b!2sUniversitat%2Bde%2BBarcelona%2B-%2BEdifici%2BHist%C3%B2ric%2C%2BCarrer%2Bd&#8217;Aribau%2C%2B2%2C%2B08011%2BBarcelona%2C%2BEspanya!3b1!8m2!3d41.3868272!4d2.1637047!3m4!1s0x12a4a28cb755c76b%3A0xcb3cc1d1e532155b!8m2!3d41.3868272!4d2.1637047%3Fhl%3Dca||target:%20_blank\u00bb][\/vc_column_inner][vc_column_inner width=\u00bb1\/4&#8243;][\/vc_column_inner][\/vc_row_inner][vc_row_inner][vc_column_inner width=\u00bb1\/2&#8243;][vc_column_text] Planta Baja En la planta baja encontrar\u00e9is las aulas de docencia y el lugar donde [&hellip;]<\/p>\n","protected":false},"author":1,"featured_media":0,"parent":0,"menu_order":0,"comment_status":"closed","ping_status":"closed","template":"","meta":{"footnotes":""},"class_list":["post-295","page","type-page","status-publish","hentry"],"_links":{"self":[{"href":"https:\/\/mat.ub.edu\/es\/wp-json\/wp\/v2\/pages\/295","targetHints":{"allow":["GET"]}}],"collection":[{"href":"https:\/\/mat.ub.edu\/es\/wp-json\/wp\/v2\/pages"}],"about":[{"href":"https:\/\/mat.ub.edu\/es\/wp-json\/wp\/v2\/types\/page"}],"author":[{"embeddable":true,"href":"https:\/\/mat.ub.edu\/es\/wp-json\/wp\/v2\/users\/1"}],"replies":[{"embeddable":true,"href":"https:\/\/mat.ub.edu\/es\/wp-json\/wp\/v2\/comments?post=295"}],"version-history":[{"count":19,"href":"https:\/\/mat.ub.edu\/es\/wp-json\/wp\/v2\/pages\/295\/revisions"}],"predecessor-version":[{"id":3575,"href":"https:\/\/mat.ub.edu\/es\/wp-json\/wp\/v2\/pages\/295\/revisions\/3575"}],"wp:attachment":[{"href":"https:\/\/mat.ub.edu\/es\/wp-json\/wp\/v2\/media?parent=295"}],"curies":[{"name":"wp","href":"https:\/\/api.w.org\/{rel}","templated":true}]}}