{"id":2985,"date":"2021-12-25T18:03:57","date_gmt":"2021-12-25T18:03:57","guid":{"rendered":"https:\/\/mat.ub.edu\/es\/?page_id=2985"},"modified":"2021-12-25T18:14:38","modified_gmt":"2021-12-25T18:14:38","slug":"programa-dintroduccio-a-la-recerca","status":"publish","type":"page","link":"https:\/\/mat.ub.edu\/es\/recerca\/programa-dintroduccio-a-la-recerca\/","title":{"rendered":"Introducci\u00f3n a la Investigaci\u00f3n Matem\u00e1tica"},"content":{"rendered":"\n<p>La primera edici\u00f3n del <strong>Programa de Verano de Introducci\u00f3n a la Investigaci\u00f3n en Matem\u00e1ticas<\/strong> tendr\u00e1 lugar durante el mes de Julio de 2022 en la Facultad de Matem\u00e1ticas e Inform\u00e1tica de la Universidad de Barcelona. El programa\u00a0est\u00e1 dirigido a alumnos del grado en matem\u00e1ticas de los \u00faltimos cursos de cualquier Universidad.<\/p>\n<p>El programa consiste en la realizaci\u00f3n de un proyecto de investigaci\u00f3n supervisado, cuatro mini-cursos de introducci\u00f3n a la investigaci\u00f3n y actividades diversas: mesa redonda sobre el mundo de la investigaci\u00f3n, actividades sociales semanales y un workshop online en septiembre para la presentaci\u00f3n de los trabajos realizados durante el programa.<\/p>\n<p><strong>Periodo de solicitudes:<\/strong> del 1 de febrero al 15 de marzo de 2022.<br \/><strong>M\u00e1s informaci\u00f3n e inscripciones:<\/strong> <a href=\"https:\/\/www.crm.cat\/barcelona-introduction-to-mathematical-research-2022\/\">https:\/\/www.crm.cat\/barcelona-introduction-to-mathematical-research-2022\/<\/a><br \/><strong>Organizadores:<\/strong> <a href=\"https:\/\/web.math.princeton.edu\/~jg27\/\">Javier G\u00f3mez Serrano<\/a>\u00a0(UB),\u00a0<a href=\"https:\/\/web.mat.upc.edu\/gemma.huguet\/\">Gemma Huguet<\/a> (UPC) y <a href=\"https:\/\/www.ub.edu\/pde\/xros\/\">Xavier Ros Oton<\/a>\u00a0(UB).<\/p>\n<p><br \/><em>Con la colaboraci\u00f3n del <a href=\"https:\/\/www.crm.cat\/\">CRM<\/a> y el <a href=\"http:\/\/www.imub.ub.edu\/\">IMUB<\/a>.<\/em><\/p>\n","protected":false},"excerpt":{"rendered":"<p>La primera edici\u00f3n del Programa de Verano de Introducci\u00f3n a la Investigaci\u00f3n en Matem\u00e1ticas tendr\u00e1 lugar durante el mes de Julio de 2022 en la Facultad de Matem\u00e1ticas e Inform\u00e1tica de la Universidad de Barcelona. El programa\u00a0est\u00e1 dirigido a alumnos del grado en matem\u00e1ticas de los \u00faltimos cursos de cualquier Universidad. El programa consiste en [&hellip;]<\/p>\n","protected":false},"author":21,"featured_media":0,"parent":313,"menu_order":0,"comment_status":"closed","ping_status":"closed","template":"","meta":{"footnotes":""},"class_list":["post-2985","page","type-page","status-publish","hentry"],"_links":{"self":[{"href":"https:\/\/mat.ub.edu\/es\/wp-json\/wp\/v2\/pages\/2985","targetHints":{"allow":["GET"]}}],"collection":[{"href":"https:\/\/mat.ub.edu\/es\/wp-json\/wp\/v2\/pages"}],"about":[{"href":"https:\/\/mat.ub.edu\/es\/wp-json\/wp\/v2\/types\/page"}],"author":[{"embeddable":true,"href":"https:\/\/mat.ub.edu\/es\/wp-json\/wp\/v2\/users\/21"}],"replies":[{"embeddable":true,"href":"https:\/\/mat.ub.edu\/es\/wp-json\/wp\/v2\/comments?post=2985"}],"version-history":[{"count":2,"href":"https:\/\/mat.ub.edu\/es\/wp-json\/wp\/v2\/pages\/2985\/revisions"}],"predecessor-version":[{"id":2988,"href":"https:\/\/mat.ub.edu\/es\/wp-json\/wp\/v2\/pages\/2985\/revisions\/2988"}],"up":[{"embeddable":true,"href":"https:\/\/mat.ub.edu\/es\/wp-json\/wp\/v2\/pages\/313"}],"wp:attachment":[{"href":"https:\/\/mat.ub.edu\/es\/wp-json\/wp\/v2\/media?parent=2985"}],"curies":[{"name":"wp","href":"https:\/\/api.w.org\/{rel}","templated":true}]}}