{"id":313,"date":"2016-06-23T11:10:19","date_gmt":"2016-06-23T09:10:19","guid":{"rendered":"https:\/\/mat.ub.edu\/?page_id=313"},"modified":"2025-11-06T09:28:00","modified_gmt":"2025-11-06T08:28:00","slug":"recerca","status":"publish","type":"page","link":"https:\/\/mat.ub.edu\/es\/recerca\/","title":{"rendered":"Investigaci\u00f3n"},"content":{"rendered":"<div class=\"wpb-content-wrapper\"><p>[vc_row][vc_column][vc_column_text]<\/p>\n<p style=\"text-align: center\"><span style=\"font-size: 18pt\"><strong>L\u00edneas de Investigaci\u00f3n<\/strong><\/span><\/p>\n<p>[\/vc_column_text][vc_tta_accordion c_icon=\u00bbchevron\u00bb active_section=\u00bb666&#8243; no_fill=\u00bbtrue\u00bb collapsible_all=\u00bbtrue\u00bb][vc_tta_section title=\u00bb\u00c1lgebra Conmutativa y Geometr\u00eda Algebr\u00e1ica\u00bb tab_id=\u00bb1708343294622-8bff626a-c830&#8243;][vc_column_text css=\u00bb\u00bb]En Geometr\u00eda Algebraica se estudia principalmente la geometr\u00eda de las variedades definidas por ecuaciones polin\u00f3micas y estructuras algebraicas asociadas. En el programa se consideran aspectos muy variados, como los fibrados definidos sobre estas\u00a0 variedades y los correspondientes espacios de moduli, la clasificaci\u00f3n de complejos de haces y las condiciones de estabilidad en categor\u00edas trianguladas, la Teor\u00eda de Arakelov, las variedades abelianas e irregulares, las variedades t\u00f3ricas, y, finalmente,\u00a0 esquemas de Hilbert. Desde un punto de vista m\u00e1s computacional, se trabaja en teor\u00eda de la eliminaci\u00f3n y en m\u00e9todos efectivos aplicables a la geometr\u00eda algebraica.<\/p>\n<p>En \u00c1lgebra Conmutativa se trabaja en m\u00e9todos homol\u00f3gicos en caracter\u00edstica positiva, en la transformada de Mellin algebraica y en la determinaci\u00f3n de la estructura de los anillos Gorenstein en dimensi\u00f3n arbitraria. Tambi\u00e9n en el estudio moderno de las sizigias y de los invariantes asociados a las resoluciones libres y, desde un punto de vista m\u00e1s\u00a0 aplicado, en diversos problemas relacionados con los semigrupos.<\/p>\n<p>Miembros:<\/p>\n<p><a href=\"https:\/\/mat.ub.edu\/departament\/professors\/costa-farras-laura\/\">Laura Costa Farr\u00e0s<\/a><\/p>\n<p><a href=\"http:\/\/www.ub.edu\/arcades\/cdandrea.html\">Carlos D\u2019Andrea<\/a><\/p>\n<p><a href=\"https:\/\/mat.ub.edu\/departament\/professors\/elias-garcia-joan\/\">Joan Elias Garcia<\/a><\/p>\n<p><a href=\"https:\/\/mat.ub.edu\/departament\/professors\/garcia-lopez-ricardo\/\">Ricardo Garc\u00eda L\u00f3pez<\/a><\/p>\n<p><a href=\"http:\/\/www.ub.edu\/geomap\/lahoz\/\">Mart\u00ed Lahoz Vilalta<\/a><\/p>\n<p><a href=\"https:\/\/www.ub.edu\/grega\/Marchesi\/index.html\">Simone Marchesi<\/a><\/p>\n<p><a href=\"https:\/\/mat.ub.edu\/departament\/professors\/miro-roig-rosa-m\/\">Rosa M. Mir\u00f3-Roig<\/a><\/p>\n<p><a href=\"https:\/\/mat.ub.edu\/departament\/professors\/320-2\/\">Joan Carles Naranjo del Val<\/a><\/p>\n<p><a href=\"https:\/\/www.ub.edu\/geomap\/rojas\/\">Andr\u00e9s Rojas Gonz\u00e1lez<\/a><\/p>\n<p><a href=\"http:\/\/www.maia.ub.es\/~sombra\/\">Mart\u00edn Sombra<\/a><\/p>\n<p><a href=\"https:\/\/mat.ub.edu\/departament\/professors\/zarzuela-armengou-santiago\/\">Santiago Zarzuela Armengou<\/a>[\/vc_column_text][\/vc_tta_section][vc_tta_section title=\u00bbTeor\u00eda de N\u00fameros\u00bb tab_id=\u00bb1708344383350-fc4e9278-3241&#8243;][vc_column_text]Se estudia principalmente el \u00e1rea de la Geometr\u00eda Aritm\u00e9tica, en la interrelaci\u00f3n entre objetos geom\u00e9tricos definidos sobre cuerpos de n\u00fameros tales como curvas el\u00edpticas, variedades abelianas o variedades algebraicas y formas modulares y automorfas. Esto\u00a0 es parte de una red de conjeturas conocidas como el Programa de Langlands, que incluye conjeturas de reciprocidad (o modularidad) y la functorialidad de Langlands. Se trabaja con representaciones de Galois, con aplicaciones al Problema Inverso de Galois.\u00a0 Adem\u00e1s del Programa de Langlands, se trabaja en la conjetura de Sato-Tate, en Teor\u00eda de Galois Diferencial, en ecuaciones diof\u00e1nticas y en criptograf\u00eda.<\/p>\n<p>Miembros:<\/p>\n<p>Paloma Bengochea<\/p>\n<p><a href=\"https:\/\/www.ub.edu\/nt\/ffite\/\">Francesc Fit\u00e9<\/a><\/p>\n<p><a href=\"https:\/\/sites.google.com\/site\/luisdieulefait\/\">Lu\u00eds V\u00edctor Dieulefait<\/a><\/p>\n<p><a href=\"http:\/\/www.maia.ub.es\/~guitart\/\">Xavier Guitart Morales<\/a><\/p>\n<p><a href=\"https:\/\/travesa.cat\/contacte.html\">Artur Travesa Grau<\/a>[\/vc_column_text][\/vc_tta_section][vc_tta_section title=\u00bbGeometr\u00eda Diferencial y Topolog\u00eda\u00bb tab_id=\u00bb1708344621902-b7434285-f778&#8243;][vc_column_text css=\u00bb\u00bb]Esta l\u00ednea de investigaci\u00f3n incluye varios temas en Geometr\u00eda, como teor\u00edas gauge, fibrados de Higgs, espacios de m\u00f3duli de estructuras geom\u00e9tricas y acciones de grupos en variedades. Tambi\u00e9n abarca una serie de temas de topolog\u00eda algebraica, como\u00a0 estructuras homot\u00f3picas superiores, c\u00e1lculo oper\u00e1dico y homotop\u00eda racional y p-\u00e1dica. En la interacci\u00f3n entre Geometr\u00eda y Topolog\u00eda, estudiamos invariantes cohomol\u00f3gicos y homot\u00f3picos de variedades complejas, variedades algebraicas y otros espacios\u00a0 geom\u00e9tricos relacionados, como K\u00e4hler y variedades simpl\u00e9cticas. Tanto las variedades de contacto como las simpl\u00e9cticas se estudian desde un punto de vista topol\u00f3gico y geom\u00e9trico, as\u00ed como su conexi\u00f3n con sistemas din\u00e1micos. Tambi\u00e9n realizamos\u00a0 investigaci\u00f3n en an\u00e1lisis topol\u00f3gico de datos, una t\u00e9cnica innovadora y poderosa para aplicaciones de Topolog\u00eda a Redes Neuronales y Ciencia de Datos. M\u00e1s informaci\u00f3n en la <a href=\"https:\/\/www.ub.edu\/topologia\/\">web de Topologia-UB<\/a>.<\/p>\n<p>Miembros:<\/p>\n<p><a href=\"https:\/\/sites.google.com\/view\/robertcardona\/robert-cardonas-homepage\">Robert Cardona<\/a><\/p>\n<p><a href=\"https:\/\/www.ub.edu\/topologia\/casacuberta\/\">Carles Casacuberta Verg\u00e9s<\/a><\/p>\n<p><a href=\"https:\/\/www.ub.edu\/topologia\/jcirici\/\">Joana Cirici<\/a><\/p>\n<p><a href=\"https:\/\/www.ub.edu\/topologia\/gutierrez\/\">Javier J. Guti\u00e9rrez Mar\u00edn<\/a><\/p>\n<p><a href=\"https:\/\/mat.ub.edu\/departament\/professors\/mundet-riera-ignasi\/\">Ignasi Mundet i Riera<\/a><\/p>\n<p>Leopold Zoller[\/vc_column_text][\/vc_tta_section][vc_tta_section title=\u00bbCombinatoria\u00bb tab_id=\u00bb1708344625123-0820061d-9afc\u00bb][vc_column_text css=\u00bb\u00bb]Estudiamos diversos aspectos de la geometr\u00eda combinatoria, la combinatoria algebraica y la teor\u00eda de grafos, as\u00ed como sus interacciones con otras \u00e1reas de las matem\u00e1ticas (teor\u00eda de grupos, teor\u00eda de la representaci\u00f3n) y la inform\u00e1tica (optimizaci\u00f3n,\u00a0 geometr\u00eda computacional). Nuestras principales l\u00edneas de investigaci\u00f3n tratan sobre la interacci\u00f3n entre la geometr\u00eda y la combinatoria. Estudiamos propiedades combinatorias de objetos geom\u00e9tricos (politopos convexos, conjuntos de puntos finitos, arreglos\u00a0 de hiperplanos, grafos geom\u00e9tricos), objetos combinatorios motivados por instancias geom\u00e9tricas (matroides orientados y su relaci\u00f3n con la teor\u00eda m\u00e9trica de grafos), y realizaciones geom\u00e9tricas de objetos combinatorios (politopos de matroides,\u00a0 permutaedros, associaedros y sus generalizaciones). Nuestra investigaci\u00f3n tambi\u00e9n est\u00e1 motivada por las interacciones con el \u00e1lgebra y la teor\u00eda algebraica de grafos. Estudiamos estructuras algebraicas asociadas a la geometr\u00eda combinatoria y a la teor\u00eda de\u00a0 grafos (ideales t\u00f3ricos, grupos de automorfismos, monoides de endomorfismos), y estructuras combinatorias y geom\u00e9tricas que surgen del \u00e1lgebra (grafos de Cayley, arreglos de reflexi\u00f3n, \u00e1lgebras de c\u00famulos). M\u00e1s informaci\u00f3n en nuestro sitio web: <a href=\"https:\/\/www.ub.edu\/comb\/\">https:\/\/www.ub.edu\/comb\/<\/a><\/p>\n<p>Miembros:<\/p>\n<p><a href=\"https:\/\/sites.google.com\/view\/alberto-espuny-diaz\/\">Alberto Espuny<\/a><\/p>\n<p><a href=\"https:\/\/pageperso.lis-lab.fr\/~kolja.knauer\/\">Kolja Knauer<\/a><\/p>\n<p><a href=\"https:\/\/www.ub.edu\/comb\/arnaupadrol\/\">Arnau Padrol Sureda<\/a><\/p>\n<p><a href=\"https:\/\/www.lix.polytechnique.fr\/Labo\/Vincent.Pilaud\/\">Vincent Pilaud<\/a>[\/vc_column_text][\/vc_tta_section][vc_tta_section title=\u00bbAn\u00e1lisis Estoc\u00e1stico\u00bb tab_id=\u00bb1708344856241-5685a9cc-17be\u00bb][vc_column_text]La investigaci\u00f3n pivota equilibradamente entre la investigaci\u00f3n fundamental y la transferencia de conocimiento al sector de las finanzas, articul\u00e1ndose en dos ejes: la teor\u00eda de las ecuaciones en derivadas parciales estoc\u00e1sticas (EDPs) y el estudio de modelos\u00a0 en tiempo continuo en mercados financieros. Los temas tratados sobre EDPs son variados, como teor\u00eda probabilista del potencial, ecuaciones estoc\u00e1sticas de ondas con coeficientes no lineales, EDPs con ruido fraccionario, y c\u00e1lculo del Malliavin. Respecto al\u00a0 estudio de mercados financieros, se aplican las herramientas de An\u00e1lisis Estoc\u00e1stico para tratar temas como el problema de equilibrio cuando hay inversores con informaci\u00f3n asim\u00e9trica, modelos de burbujas financieras, valoraci\u00f3n de productos h\u00edbridos, y\u00a0 los modelos de volatilidad fraccionaria. Los departamentos de riesgos financieros podr\u00edan ser el destino profesional por los doctorandos formados en esta \u00e1rea.<\/p>\n<p>Miembros:<\/p>\n<p><a href=\"https:\/\/mat.ub.edu\/departament\/professors\/corcuera-valverde-jose-manuel\/\">Jos\u00e9 Manuel Corcuera Valverde<\/a><\/p>\n<p><a href=\"https:\/\/mat.ub.edu\/departament\/professors\/marquez-carreras-david\/\">David M\u00e1rquez Carreras<\/a><\/p>\n<p><a href=\"https:\/\/mat.ub.edu\/departament\/professors\/rovira-escofet-carles\/\">Carles Rovira Escofet<\/a><\/p>\n<p><a href=\"https:\/\/www.ub.edu\/probabilitats-seminaribcn\/Sanz-Sole\/\">Marta Sanz-Sol\u00e9<\/a>[\/vc_column_text][\/vc_tta_section][vc_tta_section title=\u00bbSistemas Din\u00e1micos\u00bb tab_id=\u00bb1708344972676-880b373f-21d9&#8243;][vc_column_text css=\u00bb\u00bb]Los Sistemas Din\u00e1micos pueden considerarse, en la actualidad, como una forma de describir problemas de evoluci\u00f3n con respecto al tiempo, ya sean dados por ecuaciones diferenciales ordinarias o parciales o por transformaciones discretas. Tanto los\u00a0 aspectos cualitativos como los cuantitativos de los sistemas caen en este estudio.<\/p>\n<p>En el grupo de sistemas din\u00e1micos de la Universitat de Barcelona estudiamos problemas muy diversos, entre ellos: Astrodin\u00e1mica, Mec\u00e1nica Celeste, sistemas hamiltonianos y din\u00e1mica holomorfa.<\/p>\n<p>M\u00e1s informaci\u00f3n en la p\u00e1gina web de Sistemas Din\u00e1micos: <a href=\"https:\/\/www.ub.edu\/dynsys\">https:\/\/www.ub.edu\/dynsys<\/a><\/p>\n<p>Membres:<\/p>\n<p><a href=\"https:\/\/sites.google.com\/view\/kdrach\">Kostiantyn Drach<\/a><\/p>\n<p><a href=\"https:\/\/webgrec.ub.edu\/webpages\/000006\/ang\/nfagella.ub.edu.html\">N\u00faria Fagella Rabionet<\/a><\/p>\n<p><a href=\"https:\/\/webgrec.ub.edu\/webpages\/000006\/cat\/fontich.ub.edu.html\">Ernest Fontich Juli\u00e0<\/a><\/p>\n<p><a href=\"https:\/\/www.racab.cat\/academics\/numeraris\/g\/gomez\">Gerard G\u00f3mez Muntan\u00e9<\/a><\/p>\n<p><a href=\"https:\/\/mat.ub.edu\/departament\/professors\/gonchenko-marina\/\">Marina Gonchenko<\/a><\/p>\n<p><a href=\"https:\/\/www.ub.edu\/dynsys\/mguardia\/\">Marcel Gu\u00e0rdia<\/a><\/p>\n<p><a href=\"http:\/\/www.maia.ub.es\/~alex\/\">\u00c0lex Haro<\/a><\/p>\n<p><a href=\"https:\/\/webgrec.ub.edu\/webpages\/000006\/ang\/xavier.jarque.ub.edu.html\">Xavier Jarque i Ribera<\/a><\/p>\n<p><a href=\"http:\/\/www.maia.ub.es\/~angel\/\">\u00c0ngel Jorba Monte<\/a><\/p>\n<p><a href=\"https:\/\/sites.google.com\/view\/leticiapardosimon\/home\">Leticia Pardo-Sim\u00f3n<\/a><\/p>\n<p>Joan Carles Tatjer Monta\u00f1a<\/p>\n<p><a href=\"http:\/\/www.maia.ub.es\/~vieiro\/\">Arturo Vieiro Yanes<\/a>[\/vc_column_text][\/vc_tta_section][vc_tta_section title=\u00bbAn\u00e1lisis Matem\u00e1tico\u00bb tab_id=\u00bb1708345176625-250baf63-c62d\u00bb][vc_column_text css=\u00bb\u00bb]En An\u00e1lisis Matem\u00e1tico se consideran problemas cl\u00e1sicos de teor\u00eda de funciones y teor\u00eda de operadores, principalmente en varias variables complejas, de teor\u00eda del potencial, as\u00ed como de teor\u00eda geom\u00e9trica de la medida y de an\u00e1lisis arm\u00f3nico, incluidas las\u00a0 teor\u00edas de funciones quasi-conformes y de integrales singulares. Algunas de estas t\u00e9cnicas se utilizan para estudiar procesos de puntos aleatorios motivados por modelos de part\u00edculas con repulsi\u00f3n y que tambi\u00e9n aparecen al describir el espectro de matrices\u00a0 aleatorias.<\/p>\n<p>Miembros:<\/p>\n<p><a href=\"https:\/\/webgrec.ub.edu\/webpages\/000006\/cat\/cascante.ub.edu.html\">Carme Cascante Canut<\/a><\/p>\n<p><a href=\"https:\/\/mat.ub.edu\/departament\/professors\/dyakonov-konstantin\/\">Konstantin Dyakonov<\/a><\/p>\n<p><a href=\"https:\/\/sites.google.com\/view\/analysisgroupub\/home\">Matteo Levi<\/a><\/p>\n<p><a href=\"http:\/\/www.maia.ub.es\/~jmarzo\/\">Jordi Marzo S\u00e1nchez<\/a><\/p>\n<p><a href=\"https:\/\/mat.ub.edu\/departament\/professors\/massaneda-clares-f-xavier\/\">Xavier Massaneda Clares<\/a><\/p>\n<p><a href=\"https:\/\/webgrec.ub.edu\/webpages\/000006\/ang\/jortega.ub.edu.html\">Joaquim Ortega-Cerd\u00e0<\/a><\/p>\n<p><a href=\"https:\/\/mat.ub.edu\/departament\/professors\/pau-plana-jordi\/\">Jordi Pau Plana<\/a>[\/vc_column_text][\/vc_tta_section][vc_tta_section title=\u00bbEcuaciones en Derivadas Parciales\u00bb tab_id=\u00bb1708345330546-c5723de0-8930&#8243;][vc_column_text]Nuestra investigaci\u00f3n se centra en aspectos te\u00f3ricos de Ecuaciones en Derivadas Parciales (EDPs) y temas relacionados.<\/p>\n<p>Estudiamos problemas muy diversos, incluyendo: EDPs el\u00edpticas y parab\u00f3licas, c\u00e1lculo de variaciones, problemas de frontera libre,\u00a0 ecuaciones no-locales, desigualdades geom\u00e9tricas, y mec\u00e1nica cu\u00e1ntica relativista. Algunas de estas l\u00edneas de investigaci\u00f3n tienen conexiones interesantes con geometr\u00eda, f\u00edsica o probabilidad.<\/p>\n<p>Nuestro grupo ha obtenido tres proyectos europeos ERC as\u00ed como\u00a0 varios premios, y pod\u00e9is encontrar m\u00e1s informaci\u00f3n en nuestra p\u00e1gina web: <a href=\"http:\/\/www.ub.edu\/pde\/\">www.ub.edu\/pde\/<\/a><\/p>\n<p>Miembros:<\/p>\n<p>Albert Clop Ponte<\/p>\n<p><a href=\"https:\/\/sites.google.com\/view\/gyula-csato\/home\">Gyula Csat\u00f3<\/a><\/p>\n<p><a href=\"https:\/\/www.ub.edu\/pde\/xros\/\">Xavier Ros Oton<\/a><\/p>\n<p><a href=\"https:\/\/www.ub.edu\/pde\/tomas.sanz.perela\/\">Tom\u00e1s Sanz Perela<\/a><\/p>\n<p>[\/vc_column_text][\/vc_tta_section][vc_tta_section title=\u00bbL\u00f3gica Matem\u00e1tica\u00bb tab_id=\u00bb1708345377087-19b25502-57b8&#8243;][vc_column_text css=\u00bb\u00bb]Se consideran temas de L\u00f3gica Algebraica (sistemas l\u00f3gicos como l\u00f3gicas modales, difusas o intuicionistas y cuestiones metal\u00f3gicas tratadas con \u00e1lgebra universal y teor\u00eda de categor\u00edas), Teor\u00eda de Modelos (cuestiones de definibilidad en Matem\u00e1tica cl\u00e1sica, principalmente en el contexto de la Teor\u00eda de la Estabilidad y sus generalizaciones), Teor\u00eda de la Demostraci\u00f3n (sistemas deductivos y el contenido computacional y constructivo de las demostraciones), Teor\u00eda de Conjuntos (grandes cardinales, combinatoria y\u00a0 forcing), fundamentos y de topolog\u00eda conjuntista (secuencias de cardinales para \u00e1lgebras de Boole y P-espacios de Lindel\u00f6f).<\/p>\n<p>Miembros:<\/p>\n<p><a href=\"https:\/\/mat.ub.edu\/departament\/professors\/bagaria-pigrau-joan\/\">Joan Bagaria Pigrau<\/a><\/p>\n<p><a href=\"http:\/\/www.ub.edu\/modeltheory\/casanovas\/e.html\">Enrique Casanovas Ruiz-Fornells<\/a><\/p>\n<p>Joan Gispert Braso<\/p>\n<p><a href=\"https:\/\/mat.ub.edu\/departament\/professors\/martinez-alonso-juan-carlos\/\">Juan Carlos Mart\u00ednez Alonso<\/a><\/p>\n<p><a href=\"https:\/\/moraschini.github.io\/\">Tommaso Moraschini<\/a><\/p>\n<p><a href=\"http:\/\/www.alejandropovedaruzafa.com\/\">Alejandro Poveda<\/a>[\/vc_column_text][\/vc_tta_section][vc_tta_section title=\u00bbAprendizaje Autom\u00e1tico y Intel\u00b7lig\u00e9ncia Artificial\u00bb tab_id=\u00bb1708345459566-96fc9c0e-241d\u00bb][vc_column_text css=\u00bb\u00bb]El Grupo de Aprendizaje Autom\u00e1tico y Intel\u00b7lig\u00e9ncia Artificial en la Universidad de Barcelona re\u00fane a un grupo de investigadores interesados tanto en los procesos de procesamiento, an\u00e1lisis e interacci\u00f3n con sistemas de datos complejos como en los m\u00e9todos\u00a0 de inteligencia artificial que permiten convertirlos en conocimiento o desarrollar sistemas de ayuda a la decisi\u00f3n. Sus actividades de investigaci\u00f3n incluyen aspectos te\u00f3ricos (aprendizaje profundo, aprendizaje autom\u00e1tico, sistemas multi-agentes,\u00a0 inferencia causal), diversas aplicaciones (que incluyen el \u00e1mbito visi\u00f3n per computador, lenguaje natural, de la salud y la medicina) y tambi\u00e9n aspectos metodol\u00f3gicos (como el desarrollo de sistemas de IA confiables).<\/p>\n<p>M\u00e1s informaci\u00f3n en la p\u00e1gina web del SGR <a id=\"OWA88805a0c-77c6-9350-dc4d-cf589d6b3076\" class=\"x_OWAAutoLink\" title=\"https:\/\/www.ub.edu\/aiba\/\" href=\"https:\/\/www.ub.edu\/aiba\/\" target=\"_blank\" rel=\"noopener noreferrer\" data-linkindex=\"0\" data-auth=\"NotApplicable\" data-ogsc=\"\">\u00abArtificial Intelligence and Biomedical Applications\u00bb<\/a>.<\/p>\n<p><strong>Miembros<\/strong>:<\/p>\n<p><a href=\"http:\/\/www.maia.ub.es\/~maite\/\">Maite L\u00f3pez S\u00e1nchez<\/a><\/p>\n<p>Daniel Ortiz Mart\u00ednez<\/p>\n<p><a href=\"http:\/\/www.maia.ub.es\/~oriol\/\">Oriol Pujol Vila<\/a><\/p>\n<p><a href=\"http:\/\/www.ub.edu\/cvub\/petiaradeva\/\">Petia Radeva<\/a><\/p>\n<p><a href=\"http:\/\/www.maia.ub.edu\/~maria\/\">Maria Salam\u00f3 Llorente<\/a><\/p>\n<p><a href=\"https:\/\/datascience.ub.edu\/research\/member\/santi-segui\">Santi Segu\u00ed Mesquida<\/a><\/p>\n<p>Muriel Rovira<\/p>\n<p>Nahuel Statuto<\/p>\n<p><a href=\"https:\/\/algorismes.github.io\/\">Jordi Vitri\u00e0 Marca<\/a>[\/vc_column_text][\/vc_tta_section][vc_tta_section title=\u00bbInteligencia Artificial para Ciencias de la Vida y Aplicaciones de IA\u00bb tab_id=\u00bb1708345524529-5f94a974-0dc7&#8243;][vc_column_text css=\u00bb\u00bb]En esta l\u00ednea de investigaci\u00f3n interdisciplinaria, los investigadores exploran soluciones innovadoras en la intersecci\u00f3n de la Inteligencia Artificial (IA) y diversos campos. Este campo din\u00e1mico abarca el impacto transformador de la IA en la salud y las ciencias\u00a0 de la vida, aprovechando algoritmos avanzados en el an\u00e1lisis de im\u00e1genes m\u00e9dicas, la IA m\u00e9dica confiable y la medicina personalizada. Las ciencias sociales, como la educaci\u00f3n o la gesti\u00f3n y administraci\u00f3n de empresas, se benefician de las\u00a0 aplicaciones de la IA, contribuyendo a la ciencia cognitiva y enriqueciendo la exploraci\u00f3n de los desaf\u00edos sociales. La rob\u00f3tica tambi\u00e9n presencia la integraci\u00f3n de la IA, mejorando la autonom\u00eda y adaptabilidad de los sistemas inteligentes. Arraigada en la\u00a0 Ciencia de Datos Biom\u00e9dicos y Sociales, esta l\u00ednea de investigaci\u00f3n navega por las complejidades de grandes conjuntos de datos, explorando nuevos caminos en la comprensi\u00f3n, diagn\u00f3stico y tratamiento. El objetivo es forjar soluciones inteligentes, \u00e9ticas y\u00a0 efectivas, dando forma a un futuro en el que la IA est\u00e9 armoniosamente entrelazada con las complejidades de las ciencias de la vida, las din\u00e1micas sociales y los avances tecnol\u00f3gicos.<\/p>\n<p>M\u00e1s informaci\u00f3n en la p\u00e1gina web del SGR <a id=\"OWA88805a0c-77c6-9350-dc4d-cf589d6b3076\" class=\"x_OWAAutoLink\" title=\"https:\/\/www.ub.edu\/aiba\/\" href=\"https:\/\/www.ub.edu\/aiba\/\" target=\"_blank\" rel=\"noopener noreferrer\" data-linkindex=\"0\" data-auth=\"NotApplicable\" data-ogsc=\"\">\u00abArtificial Intelligence and Biomedical Applications\u00bb<\/a>.<\/p>\n<p><strong>Descriptores:<\/strong> IA para la salud y las ciencias de la vida, IA para las ciencias sociales, IA en la educaci\u00f3n, IA en la gesti\u00f3n y administraci\u00f3n de empresas, IA en la rob\u00f3tica, ciencia cognitiva, an\u00e1lisis de im\u00e1genes m\u00e9dicas, medicina personalizada impulsada por\u00a0 IA, IA m\u00e9dica confiable, Ciencia de Datos Biom\u00e9dicos.<\/p>\n<p>Miembros:<\/p>\n<p><a href=\"https:\/\/mat.ub.edu\/departament\/professors\/balocco-simone\/\">Simone Balocco<\/a><\/p>\n<p><a href=\"https:\/\/novecentous.github.io\/ignasicosweb\/webpage\/contact.htm\">Ignasi Cos<\/a><\/p>\n<p><a href=\"https:\/\/mat.ub.edu\/departament\/professors\/diaz-montesdeoca-oliver\/\">Oliver Fernando D\u00edaz Montesdeoca<\/a><\/p>\n<p>Polyxeni Gkontra<\/p>\n<p><a href=\"http:\/\/www.ub.edu\/cvub\/lauraigual\/\">Laura Igual Mu\u00f1oz<\/a><\/p>\n<p><a href=\"https:\/\/www.bcn-aim.org\/\">Karim Lekadir<\/a><\/p>\n<p><a href=\"https:\/\/mat.ub.edu\/departament\/professors\/puertas-i-prats-eloi\/\">Eloi Puertas Prats<\/a>[\/vc_column_text][\/vc_tta_section][vc_tta_section title=\u00bbVisi\u00f3n por Computador, Gr\u00e1ficos e Interacci\u00f3n Humano-Computador\u00bb tab_id=\u00bb1708345610331-6afaaf2c-d160&#8243;][vc_column_text css=\u00bb\u00bb]La visi\u00f3n por computador (VC) es un campo multidisciplinar que permite a los ordenadores interpretar y comprender la informaci\u00f3n visual del mundo. Implica el desarrollo de algoritmos de aprendizaje profundo y sistemas que permiten a las m\u00e1quinas\u00a0 obtener comprensi\u00f3n de alto nivel a partir de im\u00e1genes o v\u00eddeos digitales. El objetivo de la VC es replicar y mejorar la visi\u00f3n humana. Los problemas de VC cubren el procesamiento de im\u00e1genes, extracci\u00f3n de caracter\u00edsticas, reconocimiento y detecci\u00f3n de\u00a0 objetos, segmentaci\u00f3n de im\u00e1genes, comprensi\u00f3n de escenas, reconstrucci\u00f3n 3D, an\u00e1lisis de movimiento, etc. Las aplicaciones de VC incluyen veh\u00edculos aut\u00f3nomos, imagen m\u00e9dica, vigilancia, realidad aumentada, reconocimiento facial e industrial\u00a0 automatizaci\u00f3n, entre otros.<\/p>\n<p>La gr\u00e1fica por ordenador (GO) es un campo de estudio y tecnolog\u00eda que implica la creaci\u00f3n, manipulaci\u00f3n y representaci\u00f3n de im\u00e1genes visuales y animaciones mediante ordenadores. GO engloba una amplia gama de t\u00e9cnicas y tecnolog\u00edas para generar y\u00a0 procesar informaci\u00f3n visual. Los componentes y conceptos clave incluyen la representaci\u00f3n, modelado, animaci\u00f3n, texturado, sombreado, im\u00e1genes generadas por ordenador, dise\u00f1o asistido, realidad virtual, API de gr\u00e1ficos, gr\u00e1ficos r\u00e1ster y vectoriales,\u00a0 basados en \u200bGPU optimizaciones, etc. GO desempe\u00f1a un papel crucial en diversas aplicaciones, incluidas entretenimiento, dise\u00f1o, simulaci\u00f3n, realidad virtual, datos y visualizaci\u00f3n cient\u00edfica.<\/p>\n<p>La interacci\u00f3n humano-ordenador (IHO) es un campo de estudio e investigaci\u00f3n que se centra en el dise\u00f1o y uso de la tecnolog\u00eda inform\u00e1tica, especialmente la interacci\u00f3n entre humanos y ordenadores. El objetivo de IHO es crear interfaces de usuario y\u00a0 sistemas que permitan interacciones efectivas y satisfactorias entre usuarios y ordenadores. Aspectos clave del HCI incluyen dise\u00f1o centrado en el usuario, dise\u00f1o de experiencia de usuario, usabilidad, dise\u00f1o de interacci\u00f3n, arquitectura de la informaci\u00f3n,\u00a0 accesibilidad, psicolog\u00eda cognitiva, factores humanos ingenier\u00eda, investigaci\u00f3n de usuarios, interfaces de lenguaje natural, etc. El HCI desempe\u00f1a un papel esencial para garantizar que el dise\u00f1o de las interfaces humano-ordenador sigue el ritmo del usuario,\u00a0 expectativas y necesidades.<\/p>\n<p>M\u00e1s informaci\u00f3n en la p\u00e1gina web del SGR <a id=\"OWA88805a0c-77c6-9350-dc4d-cf589d6b3076\" class=\"x_OWAAutoLink\" title=\"https:\/\/www.ub.edu\/aiba\/\" href=\"https:\/\/www.ub.edu\/aiba\/\" target=\"_blank\" rel=\"noopener noreferrer\" data-linkindex=\"0\" data-auth=\"NotApplicable\" data-ogsc=\"\">\u00abArtificial Intelligence and Biomedical Applications\u00bb<\/a>.<\/p>\n<p><strong>Miembros:<\/strong><\/p>\n<p>Xavier Bar\u00f3<\/p>\n<p>Albert Clap\u00e9s Sintes<\/p>\n<p><a href=\"https:\/\/sergioescalera.com\/\">Sergio Escalera Guerrero<\/a><\/p>\n<p><a href=\"http:\/\/www.maia.ub.es\/~anna\/\">Anna Puig Puig<\/a><\/p>\n<p><a href=\"http:\/\/www.ub.edu\/cvub\/petiaradeva\/\">Petia Radeva<\/a><\/p>\n<p><a href=\"https:\/\/mat.ub.edu\/departament\/professors\/ribera-turro-mireia\/\">Mireia Isabel Ribera Turr\u00f3<\/a><\/p>\n<p><a href=\"https:\/\/webgrec.ub.edu\/webpages\/000006\/ang\/inmarodriguez.ub.edu.html\">Inmaculada Cristina Rodr\u00edguez Santiago<\/a><\/p>\n<p><a href=\"https:\/\/sites.google.com\/view\/juliojj\">Julio Cezar Silveira Jacques-Junior<\/a>[\/vc_column_text][\/vc_tta_section][\/vc_tta_accordion][\/vc_column][\/vc_row]<\/p>\n<\/div>","protected":false},"excerpt":{"rendered":"<p>[vc_row][vc_column][vc_column_text] L\u00edneas de Investigaci\u00f3n [\/vc_column_text][vc_tta_accordion c_icon=\u00bbchevron\u00bb active_section=\u00bb666&#8243; no_fill=\u00bbtrue\u00bb collapsible_all=\u00bbtrue\u00bb][vc_tta_section title=\u00bb\u00c1lgebra Conmutativa y Geometr\u00eda Algebr\u00e1ica\u00bb tab_id=\u00bb1708343294622-8bff626a-c830&#8243;][vc_column_text css=\u00bb\u00bb]En Geometr\u00eda Algebraica se estudia principalmente la geometr\u00eda de las variedades definidas por ecuaciones polin\u00f3micas y estructuras algebraicas asociadas. En el programa se consideran aspectos muy variados, como los fibrados definidos sobre estas\u00a0 variedades y los correspondientes espacios de moduli, [&hellip;]<\/p>\n","protected":false},"author":1,"featured_media":0,"parent":0,"menu_order":0,"comment_status":"closed","ping_status":"closed","template":"page-segell.php","meta":{"footnotes":""},"class_list":["post-313","page","type-page","status-publish","hentry"],"_links":{"self":[{"href":"https:\/\/mat.ub.edu\/es\/wp-json\/wp\/v2\/pages\/313","targetHints":{"allow":["GET"]}}],"collection":[{"href":"https:\/\/mat.ub.edu\/es\/wp-json\/wp\/v2\/pages"}],"about":[{"href":"https:\/\/mat.ub.edu\/es\/wp-json\/wp\/v2\/types\/page"}],"author":[{"embeddable":true,"href":"https:\/\/mat.ub.edu\/es\/wp-json\/wp\/v2\/users\/1"}],"replies":[{"embeddable":true,"href":"https:\/\/mat.ub.edu\/es\/wp-json\/wp\/v2\/comments?post=313"}],"version-history":[{"count":15,"href":"https:\/\/mat.ub.edu\/es\/wp-json\/wp\/v2\/pages\/313\/revisions"}],"predecessor-version":[{"id":3925,"href":"https:\/\/mat.ub.edu\/es\/wp-json\/wp\/v2\/pages\/313\/revisions\/3925"}],"wp:attachment":[{"href":"https:\/\/mat.ub.edu\/es\/wp-json\/wp\/v2\/media?parent=313"}],"curies":[{"name":"wp","href":"https:\/\/api.w.org\/{rel}","templated":true}]}}