{"id":315,"date":"2016-06-23T11:12:09","date_gmt":"2016-06-23T09:12:09","guid":{"rendered":"https:\/\/mat.ub.edu\/?page_id=315"},"modified":"2024-06-03T16:05:58","modified_gmt":"2024-06-03T14:05:58","slug":"ajuts-de-recerca","status":"publish","type":"page","link":"https:\/\/mat.ub.edu\/es\/recerca\/ajuts-de-recerca\/","title":{"rendered":"Ayudas a la investigaci\u00f3n"},"content":{"rendered":"<div class=\"wpb-content-wrapper\"><p>[vc_row][vc_column][vc_column_text]<\/p>\n<p>La Facultad de Matem\u00e1ticas e Inform\u00e1tica ofrece financiaci\u00f3n al personal en formaci\u00f3n y al profesorado en las modalidades que se detallan a continuaci\u00f3n. En algunas de estas modalidades las resoluciones se podr\u00e1n adoptar conjuntamente con el Departamento de Matem\u00e1ticas e Inform\u00e1tica y con el Instituto de Matem\u00e1tica (IMUB).<\/p>\n<p>Las solicitudes se pueden presentar o bien a trav\u00e9s de los siguientes enlaces, o bien en el apartado <a href=\"http:\/\/www.imub.ub.edu\/index.php?option=com_content&amp;view=article&amp;id=14&amp;Itemid=120\">Call of Members<\/a> de la web del IMUB (solo por una de las dos v\u00edas). Como norma general, el IMUB cofinanciar\u00e1 estancias largas de investigadores visitantes y congresos o cursos avanzados, y el Departamento podr\u00e1 hacerse cargo de gastos que requieran actuaciones a corto plazo.<\/p>\n<p>[\/vc_column_text][\/vc_column][\/vc_row][vc_row][vc_column css=\u00bb.vc_custom_1498639401746{margin-top: 0px !important;border-top-width: 0px !important;border-right-width: 5px !important;padding-top: 0px !important;border-right-color: #f4f4f4 !important;border-right-style: solid !important;border-top-color: #f4f4f4 !important;border-top-style: solid !important;border-radius: 1px !important;}\u00bb][vc_column_text]<\/p>\n<p style=\"text-align: left\"><strong>MODALIDADES (de mayor a menor prioridad)<\/strong><\/p>\n<ul>\n<li style=\"text-align: left\"><a href=\"https:\/\/mat.ub.edu\/es\/recerca\/form-ajuts\/?id=4\">Actividades de formaci\u00f3n (dirigidas a alumnado de m\u00e1ster y doctorado)<\/a><\/li>\n<li><a href=\"https:\/\/mat.ub.edu\/es\/recerca\/form-ajuts\/?id=5\">Apoyo a la conciliaci\u00f3n familiar y la investigaci\u00f3n<\/a><\/li>\n<li style=\"text-align: left\"><a href=\"https:\/\/mat.ub.edu\/es\/recerca\/form-ajuts\/?id=3\">Organizaci\u00f3n de encuentros cient\u00edficos<\/a><\/li>\n<li style=\"text-align: left\"><a href=\"https:\/\/mat.ub.edu\/es\/recerca\/form-ajuts\/?id=2\">Estancias de investigadores visitantes<\/a><\/li>\n<li style=\"text-align: left\"><a href=\"https:\/\/mat.ub.edu\/es\/recerca\/form-ajuts\/?id=1\">Bolsas de viaje (dirigidas a personal investigador doctor de la Facultad)<\/a><\/li>\n<\/ul>\n<p>&nbsp;<\/p>\n<ul>\n<li><a href=\"https:\/\/mat.ub.edu\/wp-content\/uploads\/2024\/06\/visitor_call_2024_signed.pdf\">Ayuda especial de investigaci\u00f3n (convocatoria 2024)\u00a0<\/a> Presentaci\u00f3n de solicitudes hasta el 25 de junio de 2024 incluido.<\/li>\n<\/ul>\n<p>[\/vc_column_text][\/vc_column][\/vc_row]<\/p>\n<\/div>","protected":false},"excerpt":{"rendered":"<p>[vc_row][vc_column][vc_column_text] La Facultad de Matem\u00e1ticas e Inform\u00e1tica ofrece financiaci\u00f3n al personal en formaci\u00f3n y al profesorado en las modalidades que se detallan a continuaci\u00f3n. En algunas de estas modalidades las resoluciones se podr\u00e1n adoptar conjuntamente con el Departamento de Matem\u00e1ticas e Inform\u00e1tica y con el Instituto de Matem\u00e1tica (IMUB). Las solicitudes se pueden presentar o [&hellip;]<\/p>\n","protected":false},"author":1,"featured_media":0,"parent":313,"menu_order":0,"comment_status":"closed","ping_status":"closed","template":"","meta":{"footnotes":""},"class_list":["post-315","page","type-page","status-publish","hentry"],"_links":{"self":[{"href":"https:\/\/mat.ub.edu\/es\/wp-json\/wp\/v2\/pages\/315","targetHints":{"allow":["GET"]}}],"collection":[{"href":"https:\/\/mat.ub.edu\/es\/wp-json\/wp\/v2\/pages"}],"about":[{"href":"https:\/\/mat.ub.edu\/es\/wp-json\/wp\/v2\/types\/page"}],"author":[{"embeddable":true,"href":"https:\/\/mat.ub.edu\/es\/wp-json\/wp\/v2\/users\/1"}],"replies":[{"embeddable":true,"href":"https:\/\/mat.ub.edu\/es\/wp-json\/wp\/v2\/comments?post=315"}],"version-history":[{"count":17,"href":"https:\/\/mat.ub.edu\/es\/wp-json\/wp\/v2\/pages\/315\/revisions"}],"predecessor-version":[{"id":3688,"href":"https:\/\/mat.ub.edu\/es\/wp-json\/wp\/v2\/pages\/315\/revisions\/3688"}],"up":[{"embeddable":true,"href":"https:\/\/mat.ub.edu\/es\/wp-json\/wp\/v2\/pages\/313"}],"wp:attachment":[{"href":"https:\/\/mat.ub.edu\/es\/wp-json\/wp\/v2\/media?parent=315"}],"curies":[{"name":"wp","href":"https:\/\/api.w.org\/{rel}","templated":true}]}}