{"id":519,"date":"2016-10-18T10:45:14","date_gmt":"2016-10-18T10:45:14","guid":{"rendered":"https:\/\/mat.ub.edu\/?page_id=519"},"modified":"2021-04-19T06:28:51","modified_gmt":"2021-04-19T06:28:51","slug":"futurs-estudiants","status":"publish","type":"page","link":"https:\/\/mat.ub.edu\/es\/futurs-estudiants\/","title":{"rendered":"Futuros estudiantes"},"content":{"rendered":"<div class=\"wpb-content-wrapper\"><p>[vc_row][vc_column][vc_row_inner][vc_column_inner width=\u00bb1\/2&#8243;][vc_column_text]<\/p>\n<p style=\"text-align: center;\"><strong>\u00bfQuieres venir a estudiar a nuestra facultad?<\/strong><\/p>\n<p>En estas p\u00e1ginas encontrar\u00e1s un mont\u00f3n de actividades que organizamos para que nos conozcas.<\/p>\n<p>Encontrar\u00e1s actividades de todo tipo: charlas-taller, competiciones, sesiones de preparaci\u00f3n para las Olimpiadas Matem\u00e1ticas, la fiesta de las Matem\u00e1ticas y la Inform\u00e1tica (Matefest-Infofest)&#8230;\u00a0 \u00a1y muchas otras![\/vc_column_text][\/vc_column_inner][vc_column_inner width=\u00bb1\/2&#8243;][vc_column_text]<\/p>\n<p align=\"center\"><img loading=\"lazy\" decoding=\"async\" class=\"size-medium wp-image-495\" src=\"https:\/\/mat.ub.edu\/wp-content\/uploads\/2016\/06\/preveu-fusionar-les-seves-facultats-1403274640885-300x200.jpg\" alt=\"\" width=\"300\" height=\"200\" align=\"center\" srcset=\"https:\/\/mat.ub.edu\/es\/wp-content\/uploads\/sites\/2\/2016\/06\/preveu-fusionar-les-seves-facultats-1403274640885-300x200.jpg 300w, https:\/\/mat.ub.edu\/es\/wp-content\/uploads\/sites\/2\/2016\/06\/preveu-fusionar-les-seves-facultats-1403274640885.jpg 639w\" sizes=\"auto, (max-width: 300px) 100vw, 300px\" \/><\/p>\n<p style=\"text-align: center;\"><em>Foto Carlos Monta\u00f1\u00e9s<\/em><\/p>\n<p>[\/vc_column_text][\/vc_column_inner][\/vc_row_inner][vc_row_inner][vc_column_inner width=\u00bb1\/2&#8243;][vc_column_text]<strong>Jornada de Puertas Abiertas del grado de Matem\u00e1ticas y sus grados dobles con F\u00edsica y ADE:<\/strong><\/p>\n<p>14 de abril de 2021 &#8211;\u00a0<em>catal\u00e1n<\/em><\/p>\n<div style=\"width: 640px;\" class=\"wp-video\"><!--[if lt IE 9]><script>document.createElement('video');<\/script><![endif]-->\n<video class=\"wp-video-shortcode\" id=\"video-519-1\" width=\"640\" height=\"360\" preload=\"metadata\" controls=\"controls\"><source type=\"video\/mp4\" src=\"https:\/\/mat.ub.edu\/futurs_ub\/videos\/JPO2021-Mat.mp4?_=1\" \/><a href=\"https:\/\/mat.ub.edu\/futurs_ub\/videos\/JPO2021-Mat.mp4\">https:\/\/mat.ub.edu\/futurs_ub\/videos\/JPO2021-Mat.mp4<\/a><\/video><\/div>\n<p>[\/vc_column_text][\/vc_column_inner][vc_column_inner width=\u00bb1\/2&#8243;][vc_column_text]<strong>Jornada de Puertas Abiertas del grado de Ingenier\u00eda Inform\u00e1tica y su grado doble con Matem\u00e1ticas:<\/strong><\/p>\n<p>14 de abril de 2021 &#8211;\u00a0<em>catal\u00e1n<\/em><\/p>\n<div style=\"width: 640px;\" class=\"wp-video\"><video class=\"wp-video-shortcode\" id=\"video-519-2\" width=\"640\" height=\"360\" preload=\"metadata\" controls=\"controls\"><source type=\"video\/mp4\" src=\"https:\/\/mat.ub.edu\/futurs_ub\/videos\/JPO2021-Inf.mp4?_=2\" \/><a href=\"https:\/\/mat.ub.edu\/futurs_ub\/videos\/JPO2021-Inf.mp4\">https:\/\/mat.ub.edu\/futurs_ub\/videos\/JPO2021-Inf.mp4<\/a><\/video><\/div>\n<p>[\/vc_column_text][\/vc_column_inner][\/vc_row_inner][vc_row_inner][vc_column_inner width=\u00bb1\/2&#8243;][vc_column_text]<span style=\"font-size: 12pt;\"><strong>Inspira&#8217;m! del grado de Matem\u00e1ticas y sus grados dobles con ADE y F\u00edsica:<\/strong><\/span><\/p>\n<p>7 de abril de 2021 &#8211;\u00a0<em>catal\u00e1n<\/em><\/p>\n<div style=\"width: 640px;\" class=\"wp-video\"><video class=\"wp-video-shortcode\" id=\"video-519-3\" width=\"640\" height=\"360\" preload=\"metadata\" controls=\"controls\"><source type=\"video\/mp4\" src=\"https:\/\/mat.ub.edu\/futurs_ub\/videos\/inspiram_mat.mp4?_=3\" \/><a href=\"https:\/\/mat.ub.edu\/futurs_ub\/videos\/inspiram_mat.mp4\">https:\/\/mat.ub.edu\/futurs_ub\/videos\/inspiram_mat.mp4<\/a><\/video><\/div>\n<p>[\/vc_column_text][\/vc_column_inner][vc_column_inner width=\u00bb1\/2&#8243;][vc_column_text]<span style=\"font-size: 12pt;\"><strong>Inspira&#8217;m! del grado de Ingenier\u00eda Inform\u00e1tica y su grado doble con Matem\u00e1ticas:<\/strong><\/span><\/p>\n<p>7 de abril de 2021\u00a0<em>&#8211; catal\u00e1n<\/em><\/p>\n<div style=\"width: 640px;\" class=\"wp-video\"><video class=\"wp-video-shortcode\" id=\"video-519-4\" width=\"640\" height=\"360\" preload=\"metadata\" controls=\"controls\"><source type=\"video\/mp4\" src=\"https:\/\/mat.ub.edu\/futurs_ub\/videos\/inspiram_inf.mp4?_=4\" \/><a href=\"https:\/\/mat.ub.edu\/futurs_ub\/videos\/inspiram_inf.mp4\">https:\/\/mat.ub.edu\/futurs_ub\/videos\/inspiram_inf.mp4<\/a><\/video><\/div>\n<p>[\/vc_column_text][\/vc_column_inner][\/vc_row_inner][vc_row_inner][vc_column_inner][vc_column_text]<a href=\"https:\/\/mat.ub.edu\/wp-content\/uploads\/2021\/04\/JPO21-Vicedeg\u00e0Acad.pdf\" target=\"_blank\" rel=\"noopener\">Presentaci\u00f3n del vice-decano acad\u00e9mico<\/a>\u00a0<em>&#8211; catal\u00e1n<\/em><\/p>\n<p><a href=\"https:\/\/mat.ub.edu\/wp-content\/uploads\/2021\/04\/JPO21-CapEstudisMat.pdf\" target=\"_blank\" rel=\"noopener\">Presentaci\u00f3n del jefe de estudios de Matem\u00e1ticas<\/a>\u00a0<em>&#8211; catal\u00e1n<\/em><\/p>\n<p><a href=\"https:\/\/mat.ub.edu\/futurs_ub\/pdf\/JPO21-CapEstudisEInf.pdf\" target=\"_blank\" rel=\"noopener\">Presentaci\u00f3n del jefe de estudios de Ingenier\u00eda Inform\u00e1tica<\/a><em> &#8211; catal\u00e1n<\/em>[\/vc_column_text][\/vc_column_inner][\/vc_row_inner][vc_column_text]<\/p>\n<p style=\"text-align: center;\"><strong>Jornada de Puertas Abiertas (virtual) celebrada el 27 de mayo de 2020<\/strong><\/p>\n<p style=\"text-align: center;\">Documentaci\u00f3n<\/p>\n<p>[\/vc_column_text][\/vc_column][\/vc_row][vc_row][vc_column width=\u00bb1\/2&#8243;][vc_btn title=\u00bbGrado en Ingenier\u00eda Inform\u00e1tica y doble grado con Matem\u00e1ticas (v\u00eddeo) &#8211; <i>catal\u00e1n<\/i>\u00bb color=\u00bbprimary\u00bb align=\u00bbcenter\u00bb link=\u00bburl:https%3A%2F%2Fmat.ub.edu%2Ffac%2Fdocuments%2Fmedia%2FJPO2020-Inf.mp4||target:%20_blank|rel:nofollow\u00bb][vc_btn title=\u00bbPresentaci\u00f3n del jefe de estudios de Ingenier\u00eda Inform\u00e1tica &#8211; <i>catal\u00e1n<\/i>\u00bb color=\u00bbprimary\u00bb align=\u00bbcenter\u00bb link=\u00bburl:https%3A%2F%2Fmat.ub.edu%2Ffac%2Fdocuments%2FJornada_PortesObertes_EI_27_5_20.pdf||target:%20_blank|rel:nofollow\u00bb][\/vc_column][vc_column width=\u00bb1\/2&#8243;][vc_btn title=\u00bbGrado en Matem\u00e1ticas y dobles grados con F\u00edsica y ADE (v\u00eddeo) &#8211; <i>catal\u00e1n<\/i>\u00bb color=\u00bbprimary\u00bb align=\u00bbcenter\u00bb link=\u00bburl:https%3A%2F%2Fmat.ub.edu%2Ffac%2Fdocuments%2Fmedia%2FJPO2020-Mat.mp4||target:%20_blank|rel:nofollow\u00bb][vc_btn title=\u00bbPresentaci\u00f3n del jefe de estudios de Matem\u00e1ticas &#8211; <i>catal\u00e1n<\/i>\u00bb color=\u00bbprimary\u00bb align=\u00bbcenter\u00bb link=\u00bburl:https%3A%2F%2Fmat.ub.edu%2Ffac%2Fdocuments%2FJornada_PortesObertes_MA_27_5_20.pdf||target:%20_blank|rel:nofollow\u00bb][\/vc_column][\/vc_row][vc_row][vc_column css=\u00bb.vc_custom_1591360743277{margin-top: 20px !important;}\u00bb][vc_btn title=\u00bbPreguntas frecuentes &#8211; <i>catal\u00e1n<\/i>\u00bb color=\u00bbprimary\u00bb align=\u00bbcenter\u00bb link=\u00bburl:https%3A%2F%2Fwww.ub.edu%2Ffuturs%2Ftens-preguntes||target:%20_blank|rel:nofollow\u00bb][\/vc_column][\/vc_row]<\/p>\n<\/div>","protected":false},"excerpt":{"rendered":"<p>[vc_row][vc_column][vc_row_inner][vc_column_inner width=\u00bb1\/2&#8243;][vc_column_text] \u00bfQuieres venir a estudiar a nuestra facultad? En estas p\u00e1ginas encontrar\u00e1s un mont\u00f3n de actividades que organizamos para que nos conozcas. Encontrar\u00e1s actividades de todo tipo: charlas-taller, competiciones, sesiones de preparaci\u00f3n para las Olimpiadas Matem\u00e1ticas, la fiesta de las Matem\u00e1ticas y la Inform\u00e1tica (Matefest-Infofest)&#8230;\u00a0 \u00a1y muchas otras![\/vc_column_text][\/vc_column_inner][vc_column_inner width=\u00bb1\/2&#8243;][vc_column_text] Foto Carlos Monta\u00f1\u00e9s [\/vc_column_text][\/vc_column_inner][\/vc_row_inner][vc_row_inner][vc_column_inner width=\u00bb1\/2&#8243;][vc_column_text]Jornada [&hellip;]<\/p>\n","protected":false},"author":1,"featured_media":0,"parent":0,"menu_order":0,"comment_status":"closed","ping_status":"closed","template":"","meta":{"footnotes":""},"class_list":["post-519","page","type-page","status-publish","hentry"],"_links":{"self":[{"href":"https:\/\/mat.ub.edu\/es\/wp-json\/wp\/v2\/pages\/519","targetHints":{"allow":["GET"]}}],"collection":[{"href":"https:\/\/mat.ub.edu\/es\/wp-json\/wp\/v2\/pages"}],"about":[{"href":"https:\/\/mat.ub.edu\/es\/wp-json\/wp\/v2\/types\/page"}],"author":[{"embeddable":true,"href":"https:\/\/mat.ub.edu\/es\/wp-json\/wp\/v2\/users\/1"}],"replies":[{"embeddable":true,"href":"https:\/\/mat.ub.edu\/es\/wp-json\/wp\/v2\/comments?post=519"}],"version-history":[{"count":22,"href":"https:\/\/mat.ub.edu\/es\/wp-json\/wp\/v2\/pages\/519\/revisions"}],"predecessor-version":[{"id":2764,"href":"https:\/\/mat.ub.edu\/es\/wp-json\/wp\/v2\/pages\/519\/revisions\/2764"}],"wp:attachment":[{"href":"https:\/\/mat.ub.edu\/es\/wp-json\/wp\/v2\/media?parent=519"}],"curies":[{"name":"wp","href":"https:\/\/api.w.org\/{rel}","templated":true}]}}