{"id":946,"date":"2017-03-29T14:21:36","date_gmt":"2017-03-29T12:21:36","guid":{"rendered":"https:\/\/mat.ub.edu\/?page_id=946"},"modified":"2025-12-19T13:11:53","modified_gmt":"2025-12-19T12:11:53","slug":"secretaria","status":"publish","type":"page","link":"https:\/\/mat.ub.edu\/es\/secretaria\/","title":{"rendered":"Secretar\u00eda"},"content":{"rendered":"<div class=\"wpb-content-wrapper\"><p>[vc_row disable_element=\u00bbyes\u00bb][vc_column][vc_column_text]<\/p>\n<h1 style=\"text-align: left;padding: 0px\"><strong>Horarios de Secretar\u00eda<\/strong><\/h1>\n<p>[\/vc_column_text][vc_message color=\u00bbinfo\u00bb]<\/p>\n<h1 style=\"text-align: left\"><strong>Cita previa<\/strong><\/h1>\n<p>Pod\u00e9is pedirla pulsando sobre los siguientes enlaces:<\/p>\n<ul>\n<li><a href=\"http:\/\/www.ub.edu\/acad\/cipr\/indexGeneral.php?filtre=MAT001\" target=\"_blank\" rel=\"noopener\">Estudios de grado, m\u00e1ster y postgrado<\/a><\/li>\n<li><a href=\"http:\/\/www.ub.edu\/acad\/cipr\/indexGeneral.php?filtre=MAT002\" target=\"_blank\" rel=\"noopener\">Doctorado<\/a><\/li>\n<li><a href=\"http:\/\/www.ub.edu\/acad\/cipr\/indexGeneral.php?filtre=MAT003\" target=\"_blank\" rel=\"noopener\">Convenios y proyectos formativos de pr\u00e1cticas<\/a><\/li>\n<li><a href=\"http:\/\/www.ub.edu\/acad\/cipr\/indexGeneral.php?filtre=MAT004\" target=\"_blank\" rel=\"noopener\">Oficina de Relaciones Internacionales<\/a><\/li>\n<\/ul>\n<p>Tambi\u00e9n pod\u00e9is contactar a trav\u00e9s de la direcci\u00f3n de correo electr\u00f3nico:\u00a0<a href=\"mailto:sec.mat.inf@ub.edu\">sec.mat.inf@ub.edu<\/a>\u00a0y\u00a0 del buz\u00f3n de dudas y consultas.<\/p>\n<p>Si necesit\u00e1is entregar alguna documentaci\u00f3n que deba estar registrada, la ten\u00e9is que entregar en qualquier <a href=\"http:\/\/www.ub.edu\/registre\/ca\/horari.html#\">Oficina del Registro General de la Universidad de Barcelona<\/a> o hacerlo\u00a0 a trav\u00e9s de la\u00a0<u><a href=\"https:\/\/www.ub.edu\/eadministracio\/IG.html\">instancia gen\u00e9rica<\/a><\/u>.[\/vc_message][\/vc_column][\/vc_row][vc_row][vc_column][vc_column_text css=\u00bb\u00bb]<\/p>\n<h1><span style=\"font-size: 36pt;\">Horarios de Secretar\u00eda<\/span><\/h1>\n<h3><span style=\"font-size: 18pt;\"><strong>Horario de atenci\u00f3n general<\/strong><\/span><\/h3>\n<p style=\"text-align: center;\"><span style=\"font-size: 18pt;\"><strong>CERRADO POR VACACIONES DE NAVIDAD: DEL 24 DE DICIEMBRE AL 6 DE ENERO<\/strong><\/span><\/p>\n<p>&nbsp;<\/p>\n<table style=\"width: 100%; border-collapse: collapse; background-color: #acbae6;\">\n<tbody>\n<tr>\n<td style=\"width: 100%;\">\n<p style=\"text-align: center;\"><span style=\"color: #ff0000; font-size: 24pt;\"><strong>Aviso: La secretar\u00eda no dar\u00e1 atenci\u00f3n presencial por la tarde<\/strong><\/span><\/p>\n<p style=\"text-align: center;\"><span style=\"color: #ff0000; font-size: 14pt;\"><strong>En el caso que tengas que venir presencialmente a la secretar\u00eda (SED) fuera del horario de oficina, puedes contactar con nosotros por correo electr\u00f3nico\/tel\u00e9fono y encontraremos la soluci\u00f3n para poder atenderte.<\/strong><\/span><\/p>\n<\/td>\n<\/tr>\n<\/tbody>\n<\/table>\n<p>&nbsp;<\/p>\n<table style=\"border-collapse: collapse; width: 100%;\">\n<tbody>\n<tr>\n<td style=\"width: 100%;\">\n<p><strong>Horario:<\/strong> lunes a viernes, de 10:00 a 13:00 horas<\/p>\n<p><strong>Correo electr\u00f3nico: <\/strong><a href=\"mailto:sec.mat.inf@ub.edu\">sec.mat.inf@ub.edu<\/a><\/p>\n<p><strong>Tel\u00e9fono de contacto:<\/strong>\u00a093 402 15 97 \/ 93 402 15 98<\/p>\n<p><strong>Atenci\u00f3n telef\u00f3nica: <\/strong>de 10 a 13h de dilluns a divendres<\/td>\n<\/tr>\n<\/tbody>\n<\/table>\n<p><span style=\"font-size: 12pt;\"><span style=\"color: #ff0000;\"><strong>Agosto\u00a0 \u2013 CERRADO. Pod\u00e9is dejar vuestras dudas en el correo sec.mat.inf@ub.edu y se responder\u00e1n a partir 1 septiembre<\/strong><\/span><\/span><\/p>\n<p><span style=\"font-size: 18pt;\"><strong>Horarios de atenci\u00f3n espec\u00edficos<\/strong><\/span><\/p>\n<p style=\"text-align: center;\"><em><span style=\"font-size: 14pt; color: #0000ff;\"><strong>(IMPORTANTE:\u00a0 La mayor\u00eda de tr\u00e1mites se pueden hacer telem\u00e1ticamente. Dispon\u00e9is de informaci\u00f3n en los men\u00fas de esta misma p\u00e1gina web)<\/strong><\/span><\/em><\/p>\n<table style=\"border-collapse: collapse; width: 100%; height: 330px;\">\n<tbody>\n<tr style=\"height: 55px;\">\n<td style=\"width: 19.4209%; height: 55px;\"><strong>Estudios de grado:<\/strong><\/td>\n<td style=\"width: 80.5791%; height: 55px;\">\n<ul>\n<li>Informaci\u00f3n y contacto: <a href=\"mailto:sec.mat.inf@ub.edu\">sec.mat.inf@ub.edu\u00a0<\/a>(Atenci\u00f3n presencial y telem\u00e1tica\u00a0 de lunes a viernes)<\/li>\n<\/ul>\n<\/td>\n<\/tr>\n<tr style=\"height: 55px;\">\n<td style=\"width: 19.4209%; height: 55px;\"><strong>Estudios de m\u00e1ster y postgrado:<\/strong><\/td>\n<td style=\"width: 80.5791%; height: 55px;\">\n<ul>\n<li>Informaci\u00f3n y contacto:\u00a0<a href=\"mailto:sec.mat.inf@ub.edu\">sec.mat.inf@ub.edu<\/a>\u00a0 (Atenci\u00f3n presencial lunes, jueves y viernes. Atenci\u00f3n telem\u00e1tica de lunes a viernes)<\/li>\n<\/ul>\n<\/td>\n<\/tr>\n<tr style=\"height: 55px;\">\n<td style=\"width: 19.4209%; height: 55px;\"><strong>Estudios de doctorado:<\/strong><\/td>\n<td style=\"width: 80.5791%; height: 55px;\">\n<ul>\n<li>Informaci\u00f3n y contacto:\u00a0<a href=\"mailto:sec.mat.inf@ub.edu\">sec.mat.inf@ub.edu<\/a>\u00a0 (Atenci\u00f3n presencial\u00a0 lunes, martes y jueves. Atenci\u00f3n telem\u00e1tica de lunes a viernes)<\/li>\n<\/ul>\n<\/td>\n<\/tr>\n<tr style=\"height: 55px;\">\n<td style=\"width: 19.4209%; height: 55px;\"><strong>Pr\u00e1cticas externas:<\/strong><\/td>\n<td style=\"width: 80.5791%; height: 55px;\">\n<ul>\n<li>Informaci\u00f3n y contacto: <a href=\"mailto:practiques.mat@ub.edu\">practiques.mat@ub.edu\u00a0<\/a> (Atenci\u00f3n presencial martes, mi\u00e9rcoles y viernes. Atenci\u00f3n telem\u00e1tica de lunes a viernes)<\/li>\n<\/ul>\n<\/td>\n<\/tr>\n<tr style=\"height: 55px;\">\n<td style=\"width: 19.4209%; height: 55px;\"><strong>Movilidad internacional:<\/strong><\/td>\n<td style=\"width: 80.5791%; height: 55px;\">\n<ul>\n<li>Informaci\u00f3n y contacto:\u00a0<a href=\"mailto:ori-matematiques.informatica@ub.edu\">ori-matematiques@ub.edu<\/a>\u00a0(Atenci\u00f3n presencial lunes y jueves. Atenci\u00f3n telem\u00e1tica de lunes a viernes)<\/li>\n<li>Tel\u00e9fono: 93 40 209 71<\/li>\n<\/ul>\n<\/td>\n<\/tr>\n<tr style=\"height: 55px;\">\n<td style=\"width: 19.4209%; height: 55px;\"><strong>Movilidad nacional:<\/strong><\/td>\n<td style=\"width: 80.5791%; height: 55px;\">\n<ul>\n<li>Informaci\u00f3n y contacto: <a href=\"mailto:sec.mat.inf@ub.edu\">sec.mat.inf@ub.edu<\/a> (Atenci\u00f3n presencial martes, mi\u00e9rcoles y viernes. Atenci\u00f3n telem\u00e1tica de lunes a viernes)<\/li>\n<\/ul>\n<\/td>\n<\/tr>\n<\/tbody>\n<\/table>\n<p>&nbsp;<\/p>\n<p><strong><a href=\"http:\/\/directori.ub.edu\/dir\/?accio=SRCH&amp;unitat=58311\">Directorio<\/a><\/strong>[\/vc_column_text][\/vc_column][\/vc_row]<\/p>\n<\/div>","protected":false},"excerpt":{"rendered":"<p>[vc_row disable_element=\u00bbyes\u00bb][vc_column][vc_column_text] Horarios de Secretar\u00eda [\/vc_column_text][vc_message color=\u00bbinfo\u00bb] Cita previa Pod\u00e9is pedirla pulsando sobre los siguientes enlaces: Estudios de grado, m\u00e1ster y postgrado Doctorado Convenios y proyectos formativos de pr\u00e1cticas Oficina de Relaciones Internacionales Tambi\u00e9n pod\u00e9is contactar a trav\u00e9s de la direcci\u00f3n de correo electr\u00f3nico:\u00a0sec.mat.inf@ub.edu\u00a0y\u00a0 del buz\u00f3n de dudas y consultas. Si necesit\u00e1is entregar alguna documentaci\u00f3n [&hellip;]<\/p>\n","protected":false},"author":1,"featured_media":0,"parent":0,"menu_order":0,"comment_status":"closed","ping_status":"closed","template":"","meta":{"footnotes":""},"class_list":["post-946","page","type-page","status-publish","hentry"],"_links":{"self":[{"href":"https:\/\/mat.ub.edu\/es\/wp-json\/wp\/v2\/pages\/946","targetHints":{"allow":["GET"]}}],"collection":[{"href":"https:\/\/mat.ub.edu\/es\/wp-json\/wp\/v2\/pages"}],"about":[{"href":"https:\/\/mat.ub.edu\/es\/wp-json\/wp\/v2\/types\/page"}],"author":[{"embeddable":true,"href":"https:\/\/mat.ub.edu\/es\/wp-json\/wp\/v2\/users\/1"}],"replies":[{"embeddable":true,"href":"https:\/\/mat.ub.edu\/es\/wp-json\/wp\/v2\/comments?post=946"}],"version-history":[{"count":95,"href":"https:\/\/mat.ub.edu\/es\/wp-json\/wp\/v2\/pages\/946\/revisions"}],"predecessor-version":[{"id":3961,"href":"https:\/\/mat.ub.edu\/es\/wp-json\/wp\/v2\/pages\/946\/revisions\/3961"}],"wp:attachment":[{"href":"https:\/\/mat.ub.edu\/es\/wp-json\/wp\/v2\/media?parent=946"}],"curies":[{"name":"wp","href":"https:\/\/api.w.org\/{rel}","templated":true}]}}