{"id":234,"date":"2018-07-03T11:32:42","date_gmt":"2018-07-03T11:32:42","guid":{"rendered":"https:\/\/mat.ub.edu\/gradoinformatica\/?page_id=234"},"modified":"2025-10-01T05:20:51","modified_gmt":"2025-10-01T05:20:51","slug":"premi-joaquim-font","status":"publish","type":"page","link":"https:\/\/mat.ub.edu\/gradoinformatica\/premi-joaquim-font\/","title":{"rendered":"Premio Joaquim Font"},"content":{"rendered":"<div class=\"wpb-content-wrapper\"><p>[vc_row][vc_column][vc_column_text css=\u00bb\u00bb]<\/p>\n<p style=\"text-align: justify;\">El premio Joaquim Font se otorga a la\/el alumna\/o que finaliza los estudios del grado de Ingenier\u00eda Inform\u00e1tica con mejor expediente acad\u00e9mico.<\/p>\n<p style=\"text-align: justify;\">El profesor Joaquim Font i Arj\u00f3 (1958-2010) se licenci\u00f3 y doctor\u00f3 en Matem\u00e1ticas por la Universitat de Barcelona. Empez\u00f3 su tarea docente e investigadora en el antiguo Departamento de Matem\u00e1tica Aplicada i An\u00e1lisis. El a\u00f1o 2000 recibi\u00f3 el encargo del rector para establecer los estudios de Ingenier\u00eda T\u00e9cnica en Inform\u00e1tica de Sistemas, del cual\u00a0 que fue el primer jefe de estudios.<\/p>\n<p style=\"text-align: justify;\">Su investigaci\u00f3n versa en el campo de la mec\u00e1nica celeste, estudiando aspectos del problema restringido de tres cuerpos y de potenciales gal\u00e1cticos. Todos recordamos su pasi\u00f3n por ense\u00f1ar y la gran\u00a0 dedicaci\u00f3n a la creaci\u00f3n e impulso de los estudios de inform\u00e1tica en la UB.<\/p>\n<p style=\"text-align: justify;\">Con la intenci\u00f3n de visibilizar estos estudios, la Facultad de Matem\u00e1ticas cambi\u00f3 el nombre oficial por Facultad de Matem\u00e1ticas e Inform\u00e1tica y ha instaurado este premio el curso 2017-2018 con el patrocinio de GMS Management Solutions. El premio se otorga de oficio al mejor expediente de Ingenier\u00eda Inform\u00e1tica sin que sea necesario presentarse formalmente.<\/p>\n<p style=\"text-align: justify;\">El premio consta de un diploma y 1.000\u20ac (excepto retenciones legales), que se reciben en el acto de entrega de diplomas y premios que se celebra en el Paranimf de la UB cada a\u00f1o en el oto\u00f1o.<\/p>\n<p><a href=\"https:\/\/mat.ub.edu\/fac\/documents\/2019_Premi_Font.pdf\" target=\"_blank\" rel=\"noopener\">Convocatoria 2018-2019<\/a><\/p>\n<p><a href=\"https:\/\/mat.ub.edu\/wp-content\/uploads\/2020\/12\/convocat\u00f2ria_2020_Premi_Font_EI.pdf\">Convocatoria 2019-2020<\/a><\/p>\n<p><a href=\"https:\/\/mat.ub.edu\/wp-content\/uploads\/2021\/07\/convocato\u0300ria_2021_Premi_Font_EI_signed.pdf\">Convocatoria 2020-2021<\/a><\/p>\n<p><a href=\"https:\/\/mat.ub.edu\/wp-content\/uploads\/2022\/05\/convocato\u0300ria_2022_Premi_Font_EI-MODIFICAT-definitiu_signed.pdf\">Convocatoria 2021-2022<\/a><\/p>\n<p><a href=\"https:\/\/mat.ub.edu\/wp-content\/uploads\/2023\/06\/eg-convocatoria-premi-Font-2022.pdf\">Convocatoria 2022-2023<\/a><\/p>\n<p><a href=\"https:\/\/mat.ub.edu\/wp-content\/uploads\/2024\/10\/eg-convocatoria-Joaquim-Font-2023-23-1.pdf\">Convocatoria\u00a0 2023-2024<\/a><\/p>\n<p><a href=\"https:\/\/mat.ub.edu\/wp-content\/uploads\/2025\/10\/eg-convocatoria-Joaquim-Font-2024-25-signat.pdf\">Convocatoria 2024-2025<\/a><\/p>\n<p style=\"text-align: center;\"><b>Ganadores del premio Joaquim Font<\/b><\/p>\n<table style=\"margin: auto; width: 349px;\">\n<thead>\n<tr>\n<td style=\"width: 151px; text-align: center; border: 2px solid #707070 !important; background-color: #dddddd !important;\"><b>Curso<\/b><\/td>\n<td style=\"width: 198px; text-align: center; border: 2px solid #707070 !important; background-color: #dddddd !important;\"><b>Ganador<\/b><\/td>\n<\/tr>\n<\/thead>\n<tbody>\n<tr>\n<td style=\"width: 151px; text-align: center; padding: 5px !important;\">2024-2025<\/td>\n<td style=\"width: 198px; text-align: left; padding: 5px !important;\"><\/td>\n<\/tr>\n<tr>\n<td style=\"width: 151px; text-align: center; padding: 5px !important;\">2023-2024<\/td>\n<td style=\"width: 198px; text-align: left; padding: 5px !important;\">Miquel Albert\u00ed Binimelis<\/td>\n<\/tr>\n<tr>\n<td style=\"width: 151px; text-align: center; padding: 5px !important;\">2022-2023<\/td>\n<td style=\"width: 198px; text-align: left; padding: 5px !important;\">Nazar Puriy<\/td>\n<\/tr>\n<tr>\n<td style=\"width: 151px; text-align: center; padding: 5px !important;\">2021-2022<\/td>\n<td style=\"width: 198px; text-align: left; padding: 5px !important;\">Nil Ball\u00fas Riu<\/td>\n<\/tr>\n<tr>\n<td style=\"width: 151px; text-align: center; padding: 5px !important;\">2020-2021<\/td>\n<td style=\"width: 198px; text-align: left; padding: 5px !important;\">Mart\u00ed Pedemonte Bernat<\/td>\n<\/tr>\n<tr>\n<td style=\"width: 151px; text-align: center;\">2019 \u2013 2020<\/td>\n<td style=\"width: 198px;\">Sergio Montoya de Paco<\/td>\n<\/tr>\n<tr>\n<td style=\"width: 151px; text-align: center; padding: 5px !important;\">2018 &#8211; 2019<\/td>\n<td style=\"width: 198px; text-align: left; padding: 5px !important;\">Mart\u00ed Huerta Climent<\/td>\n<\/tr>\n<tr>\n<td style=\"width: 151px; text-align: center; padding: 5px !important;\">2017 &#8211; 2018<\/td>\n<td style=\"width: 198px; text-align: left; padding: 5px !important;\">Dol\u00e7a Tellols Asensi<\/td>\n<\/tr>\n<\/tbody>\n<\/table>\n<p>[\/vc_column_text][\/vc_column][\/vc_row]<\/p>\n<\/div>","protected":false},"excerpt":{"rendered":"<p>[vc_row][vc_column][vc_column_text css=\u00bb\u00bb] El premio Joaquim Font se otorga a la\/el alumna\/o que finaliza los estudios del grado de Ingenier\u00eda Inform\u00e1tica con mejor expediente acad\u00e9mico. El profesor Joaquim Font i Arj\u00f3 (1958-2010) se licenci\u00f3 y doctor\u00f3 en Matem\u00e1ticas por la Universitat de Barcelona. Empez\u00f3 su tarea docente e investigadora en el antiguo Departamento de Matem\u00e1tica Aplicada [&hellip;]<\/p>\n","protected":false},"author":7,"featured_media":0,"parent":0,"menu_order":0,"comment_status":"closed","ping_status":"closed","template":"","meta":{"footnotes":""},"class_list":["post-234","page","type-page","status-publish","hentry"],"_links":{"self":[{"href":"https:\/\/mat.ub.edu\/gradoinformatica\/wp-json\/wp\/v2\/pages\/234","targetHints":{"allow":["GET"]}}],"collection":[{"href":"https:\/\/mat.ub.edu\/gradoinformatica\/wp-json\/wp\/v2\/pages"}],"about":[{"href":"https:\/\/mat.ub.edu\/gradoinformatica\/wp-json\/wp\/v2\/types\/page"}],"author":[{"embeddable":true,"href":"https:\/\/mat.ub.edu\/gradoinformatica\/wp-json\/wp\/v2\/users\/7"}],"replies":[{"embeddable":true,"href":"https:\/\/mat.ub.edu\/gradoinformatica\/wp-json\/wp\/v2\/comments?post=234"}],"version-history":[{"count":21,"href":"https:\/\/mat.ub.edu\/gradoinformatica\/wp-json\/wp\/v2\/pages\/234\/revisions"}],"predecessor-version":[{"id":347,"href":"https:\/\/mat.ub.edu\/gradoinformatica\/wp-json\/wp\/v2\/pages\/234\/revisions\/347"}],"wp:attachment":[{"href":"https:\/\/mat.ub.edu\/gradoinformatica\/wp-json\/wp\/v2\/media?parent=234"}],"curies":[{"name":"wp","href":"https:\/\/api.w.org\/{rel}","templated":true}]}}