{"id":4,"date":"2016-11-28T11:25:19","date_gmt":"2016-11-28T11:25:19","guid":{"rendered":"http:\/\/mat.ub.edu\/grauinfcat\/?page_id=4"},"modified":"2021-07-02T22:57:39","modified_gmt":"2021-07-02T22:57:39","slug":"presentacion","status":"publish","type":"page","link":"https:\/\/mat.ub.edu\/gradoinformatica\/","title":{"rendered":"Presentaci\u00f3n"},"content":{"rendered":"<div class=\"wpb-content-wrapper\"><p>[vc_row][vc_column][vc_single_image image=\u00bb8&#8243; img_size=\u00bb2000&#215;200&#8243; alignment=\u00bbcenter\u00bb style=\u00bbvc_box_rounded\u00bb css_animation=\u00bbappear\u00bb][vc_column_text]<\/p>\n<div class=\"textarea-desti col-xs-12 col-sm-6\">\n<h1 class=\"form-control second-textarea\">Grado de Ingenier\u00eda Inform\u00e1tica<\/h1>\n<\/div>\n<p>[\/vc_column_text][vc_row_inner disable_element=\u00bbyes\u00bb][vc_column_inner width=\u00bb1\/3&#8243;][vc_btn title=\u00bbNotas de corte\u00bb style=\u00bbflat\u00bb color=\u00bbsky\u00bb align=\u00bbcenter\u00bb i_icon_fontawesome=\u00bbfa fa-bar-chart\u00bb add_icon=\u00bbtrue\u00bb link=\u00bburl:http%3A%2F%2Fwww.ub.edu%2Fweb%2Fub%2Fes%2Festudis%2Foferta_formativa%2Fgraus%2Fnotes_tall%2Fnotes_tall.html|title:Notas%20de%20corte|target:%20_blank|\u00bb][\/vc_column_inner][vc_column_inner width=\u00bb1\/3&#8243;][\/vc_column_inner][vc_column_inner width=\u00bb1\/3&#8243;][vc_btn title=\u00bbJornada introductoria\u00bb style=\u00bbflat\u00bb color=\u00bbsky\u00bb align=\u00bbcenter\u00bb i_icon_fontawesome=\u00bbfa fa-pencil\u00bb add_icon=\u00bbtrue\u00bb link=\u00bburl:https%3A%2F%2Fmat.ub.edu%2Fgradoinformatica%2Fjornada-introductoria%2F|title:Jornada%20Introductoria||\u00bb][\/vc_column_inner][\/vc_row_inner][vc_row_inner disable_element=\u00bbyes\u00bb][vc_column_inner width=\u00bb1\/2&#8243;][vc_btn title=\u00bbNotas de corte curso 2019\/2020&#8243; style=\u00bbflat\u00bb color=\u00bbsky\u00bb align=\u00bbcenter\u00bb i_icon_fontawesome=\u00bbfa fa-bar-chart\u00bb add_icon=\u00bbtrue\u00bb link=\u00bburl:http%3A%2F%2Fwww.ub.edu%2Fweb%2Fub%2Fes%2Festudis%2Foferta_formativa%2Fgraus%2Fnotes_tall%2Fnotes_tall.html|title:Notas%20de%20corte|target:%20_blank|\u00bb][\/vc_column_inner][vc_column_inner width=\u00bb1\/2&#8243;][vc_btn title=\u00bbInformaci\u00f3n para Alumnado de nuevo acceso\u00bb style=\u00bbflat\u00bb color=\u00bbsky\u00bb align=\u00bbcenter\u00bb i_icon_fontawesome=\u00bbfa fa-pencil\u00bb add_icon=\u00bbtrue\u00bb link=\u00bburl:https%3A%2F%2Fmat.ub.edu%2Falumnat-nou-acces%2Fgrauinformatica|title:Jornada%20Introductoria|target:%20_blank|\u00bb][\/vc_column_inner][\/vc_row_inner][vc_row_inner][vc_column_inner][vc_btn title=\u00bbPresentaci\u00f3n Jornada Introductoria curso 2020 &#8211; 2021&#8243; style=\u00bbflat\u00bb color=\u00bbsky\u00bb align=\u00bbcenter\u00bb i_icon_fontawesome=\u00bbfa fa-users\u00bb add_icon=\u00bbtrue\u00bb link=\u00bburl:https%3A%2F%2Fmat.ub.edu%2Fdocsec%2Fdocuments%2FJornada_Introductoria_22_09_20.pdf|title:Sesi%C3%B3n%20informativa|target:%20_blank|\u00bb][vc_btn title=\u00bbNotas de corte curso 2019\/2020&#8243; style=\u00bbflat\u00bb color=\u00bbsky\u00bb align=\u00bbcenter\u00bb i_icon_fontawesome=\u00bbfa fa-bar-chart\u00bb add_icon=\u00bbtrue\u00bb link=\u00bburl:http%3A%2F%2Fwww.ub.edu%2Fweb%2Fub%2Fes%2Festudis%2Foferta_formativa%2Fgraus%2Fnotes_tall%2Fnotes_tall.html|title:Notas%20de%20corte|target:%20_blank|\u00bb][\/vc_column_inner][\/vc_row_inner][\/vc_column][\/vc_row][vc_row][vc_column][vc_text_separator title=\u00bbPlan de estudios\u00bb i_icon_fontawesome=\u00bbfa fa-graduation-cap\u00bb i_color=\u00bbblack\u00bb color=\u00bbcustom\u00bb add_icon=\u00bbtrue\u00bb accent_color=\u00bb#2a2a2a\u00bb][vc_column_text]<\/p>\n<p style=\"text-align: justify;\">El Plan de estudios del grado de Ingenier\u00eda Inform\u00e1tica consta de 240 cr\u00e9ditos ECTS, distribuidos en cuatro a\u00f1os.<\/p>\n<p style=\"text-align: justify;\">Los tres primeros a\u00f1os se cursan 180 cr\u00e9ditos correspondientes a materias b\u00e1sicas y obligatorias. Todas estas materias se desarrollan en asignaturas de 6 cr\u00e9ditos ECTS.<\/p>\n<p style=\"text-align: justify;\">El cuarto a\u00f1o se cursan 12 cr\u00e9ditos obligatorios, 30 cr\u00e9ditos optativos y 18 cr\u00e9ditos del Trabajo Final de Grau. Estos cr\u00e9ditos optativos se pueden escoger entre los ofrecidos en la menci\u00f3n de Inform\u00e1tica:<\/p>\n<ul>\n<li><a href=\"http:\/\/www.ub.edu\/gestio-ensenyaments\/Matematiques\/G1077_Z0002_APL.pdf\" target=\"_blank\" rel=\"noopener\">Menci\u00f3n de Inform\u00e1tica<\/a><\/li>\n<li><a href=\"http:\/\/www.ub.edu\/gestio-ensenyaments\/Matematiques\/G1077_Z0003_APL.pdf\" target=\"_blank\" rel=\"noopener\">Menci\u00f3n de Matem\u00e1ticas<\/a><\/li>\n<li><a href=\"http:\/\/www.ub.edu\/gestio-ensenyaments\/Matematiques\/G1077_Z0004_APL.pdf\" target=\"_blank\" rel=\"noopener\">Menci\u00f3n de Gesti\u00f3n Empresarial<\/a><\/li>\n<li><a href=\"http:\/\/www.ub.edu\/gestio-ensenyaments\/Matematiques\/G1077_Z0005_APL.pdf\" target=\"_blank\" rel=\"noopener\">Menci\u00f3n de Bioinform\u00e1tica<\/a><\/li>\n<\/ul>\n<p style=\"text-align: justify;\">Estas menciones se recogen en el suplemento europeo del t\u00edtulo. En todos los casos hay la posibilidad de obtener 6 cr\u00e9ditos ECTS mediante la participaci\u00f3n en actividades universitarias, culturales, deportivas, de representaci\u00f3n estudiantil, solidarias y de cooperaci\u00f3n (hasta un m\u00e1ximo de 6 cr\u00e9ditos)<\/p>\n<p style=\"text-align: justify;\">En el caso de la <span style=\"text-decoration: underline;\">Menci\u00f3n en Inform\u00e1tica se pueden realizar pr\u00e1cticas en empresa<\/span> hasta un m\u00e1ximo de 12 cr\u00e9ditos.<\/p>\n<p style=\"text-align: justify;\">En la resta de menciones no se pueden realizar pr\u00e1cticas curriculares en empresa.<\/p>\n<p>[\/vc_column_text][\/vc_column][\/vc_row][vc_row][vc_column][vc_column_text]<\/p>\n<p style=\"text-align: center;\"><b>Consultad las asignaturas por Menci\u00f3n<\/b><\/p>\n<p>[\/vc_column_text][vc_btn title=\u00bbCurso 2021\/2022&#8243; color=\u00bbsky\u00bb align=\u00bbcenter\u00bb link=\u00bburl:http%3A%2F%2Fwww.ub.edu%2Fgrad%2Finfes%2FfitxaInfe.jsp%3Fn0%3DN%26n1%3D0%26n2%3D0%26curs%3D2021%26ens%3DTG1077%26idioma%3Dcas|target:_blank\u00bb][vc_tta_tabs alignment=\u00bbcenter\u00bb active_section=\u00bb1&#8243;][vc_tta_section i_icon_fontawesome=\u00bbfa fa-mouse-pointer\u00bb add_icon=\u00bbtrue\u00bb title=\u00bbObjetivos\u00bb tab_id=\u00bbobjectius\u00bb][vc_column_text]<\/p>\n<p style=\"text-align: justify;\"><strong>El t\u00edtulo de Ingenier\u00eda Inform\u00e1tica tiene como objetivo fundamental la formaci\u00f3n tecnol\u00f3gica, cient\u00edfica y socioecon\u00f3mica en el \u00e1mbito de la inform\u00e1tica.<\/strong><\/p>\n<p style=\"text-align: justify;\">La titulaci\u00f3n proporciona un estudio amplio de los ordenadores y de los algoritmos como procesos computacionales incluyendo los principios, el dise\u00f1o de software y hardware, las aplicaciones y el impacto en la sociedad. El t\u00edtulo se orienta hacia la formaci\u00f3n b\u00e1sica de profesionales que puedan llevar a cabo dos tipos espec\u00edficos de tareas en el mundo de la inform\u00e1tica:<\/p>\n<ul>\n<li style=\"text-align: justify;\">(1) dise\u00f1ar e implementar software, y<\/li>\n<li style=\"text-align: justify;\">(2) dise\u00f1ar e implementar soluciones inform\u00e1ticas innovadoras en \u00e1reas de trabajo de aparici\u00f3n reciente.<\/li>\n<\/ul>\n<p style=\"text-align: justify;\">El primer perfil pretende formar profesionales que sean capaces de cubrir puestos de trabajo que requieran un nivel de programaci\u00f3n elevado, ya sea por la complejidad de los proyectos que se desarrollen o por el nivel de innovaci\u00f3n que suponga la aplicaci\u00f3n propuesta. Estos profesionales tienen que tener una formaci\u00f3n b\u00e1sica s\u00f3lida a nivel te\u00f3rico, que se complete con conocimientos sobre metodolog\u00edas y estrategias de trabajo en este tipo de entornos y sobre el mundo de la empresa.<\/p>\n<p style=\"text-align: justify;\">El segundo perfil pretende formar profesionales que, dentro del \u00e1mbito de las aplicaciones de la inform\u00e1tica, puedan trabajar en alg\u00fan campo que est\u00e9 innovando en el uso de la inform\u00e1tica. M\u00e1s concretamente, se han identificado tres \u00e1reas de especial inter\u00e9s:<\/p>\n<ul style=\"text-align: justify;\">\n<li>-Las aplicaciones avanzadas de la inform\u00e1tica en el \u00e1mbito de Internet (incluyendo la inform\u00e1tica m\u00f3vil).<\/li>\n<li>-Las aplicaciones de la inform\u00e1tica en \u00e1reas cient\u00edficas, como en el caso de la biotecnolog\u00eda.<\/li>\n<li>-Las aplicaciones de la inform\u00e1tica en el procesamiento y el an\u00e1lisis de grandes<\/li>\n<\/ul>\n<p style=\"text-align: justify;\">La carrera, adem\u00e1s de preparar para el ejercicio profesional en el desarrollo y la aplicaci\u00f3n de las tecnolog\u00edas de la informaci\u00f3n, tiene que dar una formaci\u00f3n b\u00e1sica y experta en inform\u00e1tica que permita al diplomado de estar capacidad para continuar los estudios a un nivel superior (m\u00e1ster, doctorado, etc.).<\/p>\n<p style=\"text-align: justify;\">Adem\u00e1s, se transmitir\u00e1 a los estudiantes el respeto por los derechos fundamentales y por los derechos de igualdad entre hombres y mujeres, de no discriminaci\u00f3n y de accesibilidad universal a las personas con discapacitado.<\/p>\n<p>[\/vc_column_text][\/vc_tta_section][vc_tta_section i_icon_fontawesome=\u00bbfa fa-book\u00bb add_icon=\u00bbtrue\u00bb title=\u00bbCompetencias\u00bb tab_id=\u00bbcompetencies\u00bb][vc_column_text]<\/p>\n<p style=\"text-align: justify;\"><strong>Competencias generales:<\/strong><\/p>\n<ul style=\"text-align: justify;\">\n<li>Saber aplicar los conocimientos adquiridos para elaborar y defender argumentos y para resolver problemas relacionados con la inform\u00e1tica.<\/li>\n<li>Ser capaz de reunir y de interpretar datos relevantes para emitir juicios que incluyan una reflexi\u00f3n sobre temas relevantes relacionados con la inform\u00e1tica.<\/li>\n<li>Ser capaz de trabajar aut\u00f3nomamente y de tomar decisiones.<\/li>\n<li>Tener capacidad para el razonamiento cr\u00edtico y l\u00f3gico.<\/li>\n<li>Tener capacidad comunicativa.<\/li>\n<li>Tener capacidad de abstracci\u00f3n: crear y utilizar modelos que reflejen situaciones reales.<\/li>\n<li>Saber trabajar en equipo.<\/li>\n<li>Tener capacidad creativa y emprendedora.<\/li>\n<li>Dise\u00f1ar y llevar a cabo tests y experimentos, y analizar e interpretar los resultados.<\/li>\n<li>Adquirir de manera aut\u00f3noma nuevos conocimientos y t\u00e9cnicas adecuados a la concepci\u00f3n, el desarrollo y la explotaci\u00f3n de sistemas inform\u00e1ticos.<\/li>\n<\/ul>\n<p style=\"text-align: justify;\"><strong>Competencias espec\u00edficas de la titulaci\u00f3n:<\/strong><\/p>\n<ul>\n<li style=\"text-align: justify;\">Capacidad de concebir, organizar, planificar, desarrollar, redactar y firmar proyectos del \u00e1mbito de la ingenier\u00eda inform\u00e1tica, que de acuerdo con los conocimientos adquiridos en el grado tengan el objetivo de concebir, desarrollar o explotar sistemas, servicios y aplicaciones inform\u00e1ticas.<\/li>\n<li style=\"text-align: justify;\">Capacidad de dirigir las actividades de los proyectos del \u00e1mbito de la inform\u00e1tica, de acuerdo con los conocimientos adquiridos en el grado.<\/li>\n<li style=\"text-align: justify;\">Capacidad de dise\u00f1ar, desarrollar, evaluar y asegurar la accesibilidad, la ergonom\u00eda, la usabilitat y la seguridad de los sistemas, servicios y aplicaciones inform\u00e1ticas, y de la informaci\u00f3n que gestionan.<\/li>\n<li style=\"text-align: justify;\">Capacidad de definir, evaluar y seleccionar plataformas de hardware y de software para desarrollar y ejecutar sistemas, servicios y aplicaciones inform\u00e1ticas, de acuerdo con los conocimientos adquiridos en el grado.<\/li>\n<li style=\"text-align: justify;\">Capacidad de concebir, desarrollar y mantener sistemas, servicios y aplicaciones inform\u00e1ticas empleando los m\u00e9todos de la ingenier\u00eda del software como instrumento para asegurar la calidad, de acuerdo con los conocimientos adquiridos en el grado.<\/li>\n<li style=\"text-align: justify;\">Capacidad de concebir y desarrollar sistemas o arquitecturas inform\u00e1ticas centralizadas o distribuidas que integren hardware, software y redes, de acuerdo con los conocimientos adquiridos en el grado.<\/li>\n<li style=\"text-align: justify;\">Capacidad de conocer, comprender y aplicar la legislaci\u00f3n necesaria, y de manejar especificaciones, reglamentos y normas de cumplimiento obligatorio durante el desarrollo de la profesi\u00f3n de ingeniero t\u00e9cnico en inform\u00e1tica.<\/li>\n<li style=\"text-align: justify;\">Conocimiento de las materias b\u00e1sicas y de las tecnolog\u00edas que capacitan para aprender m\u00e9todos y tecnolog\u00edas nuevos y desarrollarlos, y que los dotan de una gran versatilidad para adaptarse a situaciones nuevas.<\/li>\n<li style=\"text-align: justify;\">Capacidad de resolver problemas con iniciativa, toma de decisiones, autonom\u00eda y creatividad.<\/li>\n<li style=\"text-align: justify;\">Capacidad de saber comunicar y transmitir conocimientos, habilidades y destrezas referentes a la ingenier\u00eda t\u00e9cnica en inform\u00e1tica.<\/li>\n<li style=\"text-align: justify;\">Conocimientos para elaborar medidas, c\u00e1lculos, valoraciones, tasaciones, peritaciones, estudios, informes, planificaci\u00f3n de tareas y otros trabajos an\u00e1logos de inform\u00e1tica, de acuerdo con los conocimientos adquiridos en el grado.<\/li>\n<\/ul>\n<p>[\/vc_column_text][\/vc_tta_section][vc_tta_section i_icon_fontawesome=\u00bbfa fa-briefcase\u00bb add_icon=\u00bbtrue\u00bb title=\u00bbSalidas\u00bb tab_id=\u00bbcapacitacio\u00bb][vc_column_text]<\/p>\n<ul style=\"text-align: justify;\">\n<li style=\"text-align: justify;\">Durante los \u00faltimos a\u00f1os, se han llevado a cabo estudios de inserci\u00f3n laboral de los graduados en Ingenier\u00eda Inform\u00e1tica, que muestran que las expectativas laborales para estos titulados son muy atractivas y de una gran aplicaci\u00f3n en diferentes campos, como por ejemplo: Direcci\u00f3n de proyectos de inform\u00e1tica relacionados con programaci\u00f3n y con maquinaria, incluida la gesti\u00f3n de equipos de personas, de recursos y de relaci\u00f3n con los clientes.<\/li>\n<li>Gesti\u00f3n y explotaci\u00f3n del conocimiento y de la informaci\u00f3n en apoyo digital.<\/li>\n<li>Estudio y transferencia de tecnolog\u00eda a otros profesionales.<\/li>\n<li>Participaci\u00f3n en I+D en centros p\u00fablicos y privados.<\/li>\n<li>Industria.<\/li>\n<li>Docencia e investigaci\u00f3n.<\/li>\n<li>An\u00e1lisis y programaci\u00f3n en aplicaciones inform\u00e1ticas de cualquier tipo.<\/li>\n<li>Administraci\u00f3n de sistemas inform\u00e1ticos y redes de ordenadores de gran complejidad.<\/li>\n<li>Responsabilidad en departamentos de tecnolog\u00eda inform\u00e1tica.<\/li>\n<\/ul>\n<p>[\/vc_column_text][\/vc_tta_section][vc_tta_section i_icon_fontawesome=\u00bbfa fa-line-chart\u00bb add_icon=\u00bbtrue\u00bb title=\u00bbInserci\u00f3n Laboral\u00bb tab_id=\u00bblaboral\u00bb][vc_column_text]Un informe de inserci\u00f3n laboral de la titulaci\u00f3n proporcionado por AQU-Catalu\u00f1a confirma la aplicaci\u00f3n en las \u00e1reas de:<\/p>\n<ul>\n<li>Tecnolog\u00edas de la comunicaci\u00f3n.<\/li>\n<li>Educaci\u00f3n e investigaci\u00f3n.<\/li>\n<li>Servicios a las empresas.<\/li>\n<li>Instituciones financieras.<\/li>\n<li>Para las otras titulaciones relacionadas con la inform\u00e1tica, los datos de ocupaci\u00f3n son similares.<\/li>\n<\/ul>\n<p><a href=\"http:\/\/www.aqucatalunya.org\/uploads\/insercio_laboral\/enquesta2008\/appl\/tec\/Eng.%20Tec.%20Informatica%20de%20Sistemes.pdf\">M\u00e1s informaci\u00f3n<\/a>[\/vc_column_text][\/vc_tta_section][vc_tta_section i_icon_fontawesome=\u00bbfa fa-gavel\u00bb add_icon=\u00bbtrue\u00bb title=\u00bbPermanencia\u00bb tab_id=\u00bbnormativa\u00bb][vc_column_text]<\/p>\n<div id=\"d6\">\n<p>Para conocer las normas que regulan la permanencia de los estudiantes a la Universidad, consultad los enlaces siguientes:<\/p>\n<ul>\n<li><a href=\"http:\/\/www.ub.edu\/acad\/noracad\/permanencia.pdf\">http:\/\/www.ub.edu\/acad\/noracad\/permanencia.pdf<\/a><\/li>\n<\/ul>\n<div class=\"btn-group\">\u00a0Para saber cu\u00e1l es el n\u00famero m\u00ednimo de cr\u00e9ditos de matr\u00edcula por estudiante y periodo lectivo que establece la Universitat de Barcelona, consultad los enlaces siguientes:<\/div>\n<ul>\n<li><a href=\"http:\/\/www.ub.edu\/acad\/grau\/matricula\/matricula.html\">http:\/\/www.ub.edu\/acad\/grau\/matricula\/matricula.html<\/a><\/li>\n<li>Art\u00edculo 7.2 \u00abCr\u00e9ditos m\u00ednimos y m\u00e1ximos de matr\u00edcula\u00bb: <a href=\"http:\/\/www.ub.edu\/acad\/noracad\/matricula\/welcome.html\">http:\/\/www.ub.edu\/acad\/noracad\/matricula\/welcome.html<br \/>\n<\/a><\/li>\n<\/ul>\n<\/div>\n<p>N\u00famero de plazas de nuevo ingreso[\/vc_column_text][\/vc_tta_section][\/vc_tta_tabs][vc_text_separator title=\u00bbAsignaturas\u00bb i_icon_fontawesome=\u00bbfa fa-pencil\u00bb i_color=\u00bbblack\u00bb color=\u00bbcustom\u00bb add_icon=\u00bbtrue\u00bb accent_color=\u00bb#2a2a2a\u00bb][vc_single_image image=\u00bb230&#8243; img_size=\u00bb900&#215;800&#8243; alignment=\u00bbcenter\u00bb][\/vc_column][\/vc_row]<\/p>\n<\/div>","protected":false},"excerpt":{"rendered":"<p>[vc_row][vc_column][vc_single_image image=\u00bb8&#8243; img_size=\u00bb2000&#215;200&#8243; alignment=\u00bbcenter\u00bb style=\u00bbvc_box_rounded\u00bb css_animation=\u00bbappear\u00bb][vc_column_text] Grado de Ingenier\u00eda Inform\u00e1tica [\/vc_column_text][vc_row_inner disable_element=\u00bbyes\u00bb][vc_column_inner width=\u00bb1\/3&#8243;][vc_btn title=\u00bbNotas de corte\u00bb style=\u00bbflat\u00bb color=\u00bbsky\u00bb align=\u00bbcenter\u00bb i_icon_fontawesome=\u00bbfa fa-bar-chart\u00bb add_icon=\u00bbtrue\u00bb link=\u00bburl:http%3A%2F%2Fwww.ub.edu%2Fweb%2Fub%2Fes%2Festudis%2Foferta_formativa%2Fgraus%2Fnotes_tall%2Fnotes_tall.html|title:Notas%20de%20corte|target:%20_blank|\u00bb][\/vc_column_inner][vc_column_inner width=\u00bb1\/3&#8243;][\/vc_column_inner][vc_column_inner width=\u00bb1\/3&#8243;][vc_btn title=\u00bbJornada introductoria\u00bb style=\u00bbflat\u00bb color=\u00bbsky\u00bb align=\u00bbcenter\u00bb i_icon_fontawesome=\u00bbfa fa-pencil\u00bb add_icon=\u00bbtrue\u00bb link=\u00bburl:https%3A%2F%2Fmat.ub.edu%2Fgradoinformatica%2Fjornada-introductoria%2F|title:Jornada%20Introductoria||\u00bb][\/vc_column_inner][\/vc_row_inner][vc_row_inner disable_element=\u00bbyes\u00bb][vc_column_inner width=\u00bb1\/2&#8243;][vc_btn title=\u00bbNotas de corte curso 2019\/2020&#8243; style=\u00bbflat\u00bb color=\u00bbsky\u00bb align=\u00bbcenter\u00bb i_icon_fontawesome=\u00bbfa fa-bar-chart\u00bb add_icon=\u00bbtrue\u00bb link=\u00bburl:http%3A%2F%2Fwww.ub.edu%2Fweb%2Fub%2Fes%2Festudis%2Foferta_formativa%2Fgraus%2Fnotes_tall%2Fnotes_tall.html|title:Notas%20de%20corte|target:%20_blank|\u00bb][\/vc_column_inner][vc_column_inner width=\u00bb1\/2&#8243;][vc_btn title=\u00bbInformaci\u00f3n para Alumnado de nuevo acceso\u00bb [&hellip;]<\/p>\n","protected":false},"author":1,"featured_media":0,"parent":0,"menu_order":0,"comment_status":"closed","ping_status":"closed","template":"","meta":{"footnotes":""},"class_list":["post-4","page","type-page","status-publish","hentry"],"_links":{"self":[{"href":"https:\/\/mat.ub.edu\/gradoinformatica\/wp-json\/wp\/v2\/pages\/4","targetHints":{"allow":["GET"]}}],"collection":[{"href":"https:\/\/mat.ub.edu\/gradoinformatica\/wp-json\/wp\/v2\/pages"}],"about":[{"href":"https:\/\/mat.ub.edu\/gradoinformatica\/wp-json\/wp\/v2\/types\/page"}],"author":[{"embeddable":true,"href":"https:\/\/mat.ub.edu\/gradoinformatica\/wp-json\/wp\/v2\/users\/1"}],"replies":[{"embeddable":true,"href":"https:\/\/mat.ub.edu\/gradoinformatica\/wp-json\/wp\/v2\/comments?post=4"}],"version-history":[{"count":34,"href":"https:\/\/mat.ub.edu\/gradoinformatica\/wp-json\/wp\/v2\/pages\/4\/revisions"}],"predecessor-version":[{"id":298,"href":"https:\/\/mat.ub.edu\/gradoinformatica\/wp-json\/wp\/v2\/pages\/4\/revisions\/298"}],"wp:attachment":[{"href":"https:\/\/mat.ub.edu\/gradoinformatica\/wp-json\/wp\/v2\/media?parent=4"}],"curies":[{"name":"wp","href":"https:\/\/api.w.org\/{rel}","templated":true}]}}