{"id":87,"date":"2017-04-05T13:55:16","date_gmt":"2017-04-05T13:55:16","guid":{"rendered":"https:\/\/mat.ub.edu\/gradoinformatica\/?page_id=87"},"modified":"2024-01-16T09:39:44","modified_gmt":"2024-01-16T09:39:44","slug":"informacio-general","status":"publish","type":"page","link":"https:\/\/mat.ub.edu\/gradoinformatica\/treballs-finals-de-grau\/informacio-general\/","title":{"rendered":"Informaci\u00f3n general"},"content":{"rendered":"<p>Qu\u00e9 es el Trabajo de Fin de Grado (TFG)? Es una asignatura obligatoria que:<\/p>\n<ul>\n<li>Consiste en la ejecuci\u00f3n de un proyecto, supervisado por uno (o m\u00e1s) directores, en que se integran y desarrollan los contenidos formativos recibos, y las capacidades, competencias y habilidades adquiridas durante el periodo de docencia del grado.<\/li>\n<li>Hay que tener aprobados 180 cr\u00e9ditos al grado para poderse matricular de esta asignatura.<\/li>\n<li>El TFG tiene asignados a la Facultad de Matem\u00e1ticas e Inform\u00e1tica 18 cr\u00e9ditos ECTS. No es una asignatura, son tres asignaturas de 6 ECTS!<\/li>\n<\/ul>\n<p>En este documento ten\u00e9is la normativa asociada al TFG:\u00a0<a href=\"https:\/\/mat.ub.edu\/grauinformatica\/wp-content\/uploads\/sites\/4\/2017\/04\/normativa_TFG_200314.pdf\">normativa del TFG\u00a0<i class=\" tiny material-icons\">launch<\/i><\/a><\/p>\n<p><strong>Qu\u00e9 implica realizar el TFG?<\/strong><\/p>\n<p>El TFG implica<\/p>\n<ul>\n<li>Realizar un proyecto al largo de un semestre.<\/li>\n<li>Escribir una mem\u00f3ria en que se describa el trabajo realizado.<\/li>\n<li>Hacer una defensa p\u00fablica delante de un tribunal.<\/li>\n<\/ul>\n<p>Los criterios de evaluaci\u00f3n est\u00e1n descritos en este <a href=\"https:\/\/mat.ub.edu\/gradoinformatica\/treballs-finals-de-grau\/criteris-davaluacio\/\">enlace<\/a>.<\/p>\n<p><strong>La memoria del TFG<\/strong><\/p>\n<div id=\"page-content\">\n<div>\n<p>La normativa recomienda las siguientes caracter\u00edsticas para la memoria:<\/p>\n<ul>\n<li>El formato de la memoria deber\u00e1 ser: Tama\u00f1o del papel, DIN A4;, portada, de acuerdo con el modelo que se encuentra en el campus virtual de la asignatura; letra, tama\u00f1o de 11 o 12 puntos.<\/li>\n<li>No existe l\u00edmite espec\u00edfico para el trabajo, pero se recomienda que contenga alrededor de 50 p\u00e1ginas (en el formato especificado anteriormente)<\/li>\n<\/ul>\n<p>La normativa propone que la esctructura de la memoria siga estos puntos:<\/p>\n<ul>\n<li>Resumen en ingl\u00e9s, catal\u00e1n y castellano (entre 300 y 1200 palabras).<\/li>\n<li>Introducci\u00f3n y antecedentes.<\/li>\n<li>Definici\u00f3n de objetivos y motivaci\u00f3n del problema.<\/li>\n<li>Desarrollo.<\/li>\n<li>Metodolog\u00eda y resultados, si es necesario.<\/li>\n<li>Concordancia de resultados y objetivos, si es necesario.<\/li>\n<li>Conclusiones.<\/li>\n<li>Bibliografia.<\/li>\n<li>Annexos, si es necesario.<\/li>\n<\/ul>\n<p>En cualquier caso, <strong>hablad con vuestro tutor\u00a0<\/strong>para definir con precisi\u00f3n la estructura de vuestra mem\u00f2ria.<\/p>\n<p>El dep\u00f3sito de la memoria se realiza electr\u00f3nicamente en el Campus Virtual en los plazos detallados en el calendario. La memoria se presentar\u00e1 en formato pdf, y el material adicional en el formato conveniente.<\/p>\n<p>Se deber\u00e1 entregar la cesi\u00f3n de derechos de la memoria en la Secretar\u00eda de la Facultad.<\/p>\n<\/div>\n<p align=\"justify\"><strong>Alumnos de la doble titulaci\u00f3n Matem\u00e1tiques + Ingenier\u00eda Inform\u00e1tica<\/strong><\/p>\n<ul>\n<li>Los alumnos de esta doble titulaci\u00f3n se han de matricular del TFG para los dos grados, y pueden optar a hacer un \u00fanico TFG o hacer 2 TFG, uno en cada titulaci\u00f3n. En el caso de hacer s\u00f3lo uno, el alumno tendr\u00e1 que realizar una \u00fanica defensa del trabajo y la nota ser\u00e1 aplicada a los dos TFG matriculados. En este caso se crear\u00e1n tribunales espec\u00edficos mixtos, formados siempre por profesores de Matem\u00e1ticas e Ingenier\u00eda Inform\u00e1tica, y se regir\u00e1n por los criterios de evaluaci\u00f3n de los tribunales de Ingenier\u00eda Inform\u00e1tica.<\/li>\n<\/ul>\n<\/div>\n","protected":false},"excerpt":{"rendered":"<p>Qu\u00e9 es el Trabajo de Fin de Grado (TFG)? Es una asignatura obligatoria que: Consiste en la ejecuci\u00f3n de un proyecto, supervisado por uno (o m\u00e1s) directores, en que se integran y desarrollan los contenidos formativos recibos, y las capacidades, competencias y habilidades adquiridas durante el periodo de docencia del grado. Hay que tener aprobados [&hellip;]<\/p>\n","protected":false},"author":35,"featured_media":0,"parent":89,"menu_order":0,"comment_status":"closed","ping_status":"closed","template":"","meta":{"footnotes":""},"class_list":["post-87","page","type-page","status-publish","hentry"],"_links":{"self":[{"href":"https:\/\/mat.ub.edu\/gradoinformatica\/wp-json\/wp\/v2\/pages\/87","targetHints":{"allow":["GET"]}}],"collection":[{"href":"https:\/\/mat.ub.edu\/gradoinformatica\/wp-json\/wp\/v2\/pages"}],"about":[{"href":"https:\/\/mat.ub.edu\/gradoinformatica\/wp-json\/wp\/v2\/types\/page"}],"author":[{"embeddable":true,"href":"https:\/\/mat.ub.edu\/gradoinformatica\/wp-json\/wp\/v2\/users\/35"}],"replies":[{"embeddable":true,"href":"https:\/\/mat.ub.edu\/gradoinformatica\/wp-json\/wp\/v2\/comments?post=87"}],"version-history":[{"count":12,"href":"https:\/\/mat.ub.edu\/gradoinformatica\/wp-json\/wp\/v2\/pages\/87\/revisions"}],"predecessor-version":[{"id":264,"href":"https:\/\/mat.ub.edu\/gradoinformatica\/wp-json\/wp\/v2\/pages\/87\/revisions\/264"}],"up":[{"embeddable":true,"href":"https:\/\/mat.ub.edu\/gradoinformatica\/wp-json\/wp\/v2\/pages\/89"}],"wp:attachment":[{"href":"https:\/\/mat.ub.edu\/gradoinformatica\/wp-json\/wp\/v2\/media?parent=87"}],"curies":[{"name":"wp","href":"https:\/\/api.w.org\/{rel}","templated":true}]}}