{"id":91,"date":"2017-04-05T13:55:42","date_gmt":"2017-04-05T13:55:42","guid":{"rendered":"https:\/\/mat.ub.edu\/gradoinformatica\/?page_id=91"},"modified":"2024-01-16T09:39:35","modified_gmt":"2024-01-16T09:39:35","slug":"calendari","status":"publish","type":"page","link":"https:\/\/mat.ub.edu\/gradoinformatica\/treballs-finals-de-grau\/calendari\/","title":{"rendered":"Calendario TFG"},"content":{"rendered":"<p><strong>Plazos<\/strong><\/p>\n<p><strong>-El calendario para el semestre de oto\u00f1o 2019-2020 es el siguiente:<\/strong><\/p>\n<p>Fecha m\u00e1xima para el dep\u00f3sito del TFG: 19 Enero 2020.<\/p>\n<p>D\u00edas de defensa del TFG: del 3 al 7 de Febrero 2020.<\/p>\n<p>&nbsp;<\/p>\n<p><strong>-El calendario para el semestre de primavera 2019-2020 es el siguiente:<\/strong><\/p>\n<p>Fecha m\u00e1xima para el dep\u00f3sito del TFG: 21 Junio 2020.<\/p>\n<p>D\u00edas de defensa del TFG: del 1 al 10 de Julio 2020.<\/p>\n<p><strong>Segundo periodo para el semestre de primavera 2019-2020<\/strong> (Para acogerse a este segundo periodo, el estudiante tiene que enviar un mail al coordinador de TFG (<a href=\"mailto:sergio@maia.ub.es\">sergio@maia.ub.es<\/a>) con el tutor en copia al enviar el mail con la solicitud. La <strong>fecha m\u00e1xima para acogerse <\/strong>a este segundo periodo de dip\u00f3sito y defensa de TFG es el <strong>31 de Mayo de 2020<\/strong>.):<\/p>\n<p>Fecha m\u00e1xima para el dep\u00f3sito del TFG: 13 de Septiembre 2020.<\/p>\n<p>D\u00edas de defensa del TFG: del 21 al 25 de Septiembre 2020.<\/p>\n<p>&nbsp;<\/p>\n<p><strong>Autorizaci\u00f3n:<\/strong><\/p>\n<p>Para que se pueda publicar el TFG en el<a href=\"http:\/\/diposit.ub.edu\/dspace\/handle\/2445\/34465\"> dep\u00f3sito digital de la UB<\/a>, har\u00e1 falta que el estudiante entregue a Secretaria la licencia <strong>firmada por el estudiante<\/strong> con la cual se publicar\u00e1 la memoria (y c\u00f3digo fuente) .<\/p>\n<ul>\n<li>Fichero de autorizaci\u00f3n en formato PDF, <a href=\"https:\/\/mat.ub.edu\/grauinformatica\/wp-content\/uploads\/sites\/4\/2020\/06\/cessio_drets_EI.pdf\">aqu\u00ed<\/a>. No olvid\u00e9is firmar el documento!<\/li>\n<li>En caso de que haya que firmar una licencia con condiciones diferentes (por ejemplo, aquellos que realiz\u00e1is el TFG a una empresa) contact\u00e1is con el coordinador de TFG porque os pueda ofrecer otros tipos de licencia a firmar.<\/li>\n<\/ul>\n","protected":false},"excerpt":{"rendered":"<p>Plazos -El calendario para el semestre de oto\u00f1o 2019-2020 es el siguiente: Fecha m\u00e1xima para el dep\u00f3sito del TFG: 19 Enero 2020. D\u00edas de defensa del TFG: del 3 al 7 de Febrero 2020. &nbsp; -El calendario para el semestre de primavera 2019-2020 es el siguiente: Fecha m\u00e1xima para el dep\u00f3sito del TFG: 21 Junio [&hellip;]<\/p>\n","protected":false},"author":35,"featured_media":0,"parent":89,"menu_order":0,"comment_status":"closed","ping_status":"closed","template":"","meta":{"footnotes":""},"class_list":["post-91","page","type-page","status-publish","hentry"],"_links":{"self":[{"href":"https:\/\/mat.ub.edu\/gradoinformatica\/wp-json\/wp\/v2\/pages\/91","targetHints":{"allow":["GET"]}}],"collection":[{"href":"https:\/\/mat.ub.edu\/gradoinformatica\/wp-json\/wp\/v2\/pages"}],"about":[{"href":"https:\/\/mat.ub.edu\/gradoinformatica\/wp-json\/wp\/v2\/types\/page"}],"author":[{"embeddable":true,"href":"https:\/\/mat.ub.edu\/gradoinformatica\/wp-json\/wp\/v2\/users\/35"}],"replies":[{"embeddable":true,"href":"https:\/\/mat.ub.edu\/gradoinformatica\/wp-json\/wp\/v2\/comments?post=91"}],"version-history":[{"count":15,"href":"https:\/\/mat.ub.edu\/gradoinformatica\/wp-json\/wp\/v2\/pages\/91\/revisions"}],"predecessor-version":[{"id":277,"href":"https:\/\/mat.ub.edu\/gradoinformatica\/wp-json\/wp\/v2\/pages\/91\/revisions\/277"}],"up":[{"embeddable":true,"href":"https:\/\/mat.ub.edu\/gradoinformatica\/wp-json\/wp\/v2\/pages\/89"}],"wp:attachment":[{"href":"https:\/\/mat.ub.edu\/gradoinformatica\/wp-json\/wp\/v2\/media?parent=91"}],"curies":[{"name":"wp","href":"https:\/\/api.w.org\/{rel}","templated":true}]}}