{"id":93,"date":"2017-04-05T13:55:53","date_gmt":"2017-04-05T13:55:53","guid":{"rendered":"https:\/\/mat.ub.edu\/gradoinformatica\/?page_id=93"},"modified":"2024-01-16T09:39:48","modified_gmt":"2024-01-16T09:39:48","slug":"sollicitud","status":"publish","type":"page","link":"https:\/\/mat.ub.edu\/gradoinformatica\/treballs-finals-de-grau\/sollicitud\/","title":{"rendered":"Solicitud"},"content":{"rendered":"<p style=\"text-align: justify\">Hay varias modalidades para realizar el TFG<\/p>\n<ul style=\"text-align: justify\">\n<li>La m\u00e1s habitual es aquella en que un profesor de la Facultad de Matem\u00e1ticas e Inform\u00e1tica, el tutor, hace de gu\u00eda y da conocimientos para traer adelante el trabajo del estudiante. El tutor formar\u00e1 parte del tribunal que evaluar\u00e1 el trabajo del estudiante.<\/li>\n<\/ul>\n<ul style=\"text-align: justify\">\n<li>Una segunda opci\u00f3n es realizar el TFG a una empresa. Es responsabilidad del estudiante encontrar la empresa donde quiere realizar el TFG. En este caso el trabajo ser\u00e1 realizado bajo la supervisi\u00f3n de un tutor de la empresa. Habr\u00e1 tambi\u00e9n la figura de un tutor de la Facultad que no realizar\u00e1 tutorizaci\u00f3n a nivel t\u00e9cnico, pero revisar\u00e1 la memoria y formar\u00e1 parte del tribunal que evaluar\u00e1 el estudiante.<\/li>\n<\/ul>\n","protected":false},"excerpt":{"rendered":"<p>Hay varias modalidades para realizar el TFG La m\u00e1s habitual es aquella en que un profesor de la Facultad de Matem\u00e1ticas e Inform\u00e1tica, el tutor, hace de gu\u00eda y da conocimientos para traer adelante el trabajo del estudiante. El tutor formar\u00e1 parte del tribunal que evaluar\u00e1 el trabajo del estudiante. Una segunda opci\u00f3n es realizar [&hellip;]<\/p>\n","protected":false},"author":35,"featured_media":0,"parent":89,"menu_order":0,"comment_status":"closed","ping_status":"closed","template":"","meta":{"footnotes":""},"class_list":["post-93","page","type-page","status-publish","hentry"],"_links":{"self":[{"href":"https:\/\/mat.ub.edu\/gradoinformatica\/wp-json\/wp\/v2\/pages\/93","targetHints":{"allow":["GET"]}}],"collection":[{"href":"https:\/\/mat.ub.edu\/gradoinformatica\/wp-json\/wp\/v2\/pages"}],"about":[{"href":"https:\/\/mat.ub.edu\/gradoinformatica\/wp-json\/wp\/v2\/types\/page"}],"author":[{"embeddable":true,"href":"https:\/\/mat.ub.edu\/gradoinformatica\/wp-json\/wp\/v2\/users\/35"}],"replies":[{"embeddable":true,"href":"https:\/\/mat.ub.edu\/gradoinformatica\/wp-json\/wp\/v2\/comments?post=93"}],"version-history":[{"count":7,"href":"https:\/\/mat.ub.edu\/gradoinformatica\/wp-json\/wp\/v2\/pages\/93\/revisions"}],"predecessor-version":[{"id":262,"href":"https:\/\/mat.ub.edu\/gradoinformatica\/wp-json\/wp\/v2\/pages\/93\/revisions\/262"}],"up":[{"embeddable":true,"href":"https:\/\/mat.ub.edu\/gradoinformatica\/wp-json\/wp\/v2\/pages\/89"}],"wp:attachment":[{"href":"https:\/\/mat.ub.edu\/gradoinformatica\/wp-json\/wp\/v2\/media?parent=93"}],"curies":[{"name":"wp","href":"https:\/\/api.w.org\/{rel}","templated":true}]}}