{"id":99,"date":"2017-04-05T13:56:32","date_gmt":"2017-04-05T13:56:32","guid":{"rendered":"https:\/\/mat.ub.edu\/gradoinformatica\/?page_id=99"},"modified":"2024-01-16T09:40:10","modified_gmt":"2024-01-16T09:40:10","slug":"tribunals","status":"publish","type":"page","link":"https:\/\/mat.ub.edu\/gradoinformatica\/treballs-finals-de-grau\/tribunals\/","title":{"rendered":"Tribunales"},"content":{"rendered":"<p>El coordinador de TFG nombrar\u00e1, para cada estudiante que haya confirmado que defender\u00e1 su TFG, un tribunal formado por tres personas.<\/p>\n<ul>\n<li>El tutor del TFG, por defecto, formar\u00e1 parte de este tribunal.<\/li>\n<li>El tribunal evaluar\u00e1 la memoria y la defensa oral del TFG del estudiante. El tutor evaluar\u00e1 el trabajo realizado por el estudiante a lo largo de la realizaci\u00f3n del TFG. Ver apartado &#8216;Evaluaci\u00f3n&#8217; para m\u00e1s informaci\u00f3n.<\/li>\n<\/ul>\n<p><a href=\"https:\/\/mat.ub.edu\/grauinformatica\/treballs-finals-de-grau\/tribunals\/\">M\u00e1s informaci\u00f3n aqu\u00ed<\/a><\/p>\n","protected":false},"excerpt":{"rendered":"<p>El coordinador de TFG nombrar\u00e1, para cada estudiante que haya confirmado que defender\u00e1 su TFG, un tribunal formado por tres personas. El tutor del TFG, por defecto, formar\u00e1 parte de este tribunal. El tribunal evaluar\u00e1 la memoria y la defensa oral del TFG del estudiante. El tutor evaluar\u00e1 el trabajo realizado por el estudiante a [&hellip;]<\/p>\n","protected":false},"author":35,"featured_media":0,"parent":89,"menu_order":0,"comment_status":"closed","ping_status":"closed","template":"","meta":{"footnotes":""},"class_list":["post-99","page","type-page","status-publish","hentry"],"_links":{"self":[{"href":"https:\/\/mat.ub.edu\/gradoinformatica\/wp-json\/wp\/v2\/pages\/99","targetHints":{"allow":["GET"]}}],"collection":[{"href":"https:\/\/mat.ub.edu\/gradoinformatica\/wp-json\/wp\/v2\/pages"}],"about":[{"href":"https:\/\/mat.ub.edu\/gradoinformatica\/wp-json\/wp\/v2\/types\/page"}],"author":[{"embeddable":true,"href":"https:\/\/mat.ub.edu\/gradoinformatica\/wp-json\/wp\/v2\/users\/35"}],"replies":[{"embeddable":true,"href":"https:\/\/mat.ub.edu\/gradoinformatica\/wp-json\/wp\/v2\/comments?post=99"}],"version-history":[{"count":13,"href":"https:\/\/mat.ub.edu\/gradoinformatica\/wp-json\/wp\/v2\/pages\/99\/revisions"}],"predecessor-version":[{"id":278,"href":"https:\/\/mat.ub.edu\/gradoinformatica\/wp-json\/wp\/v2\/pages\/99\/revisions\/278"}],"up":[{"embeddable":true,"href":"https:\/\/mat.ub.edu\/gradoinformatica\/wp-json\/wp\/v2\/pages\/89"}],"wp:attachment":[{"href":"https:\/\/mat.ub.edu\/gradoinformatica\/wp-json\/wp\/v2\/media?parent=99"}],"curies":[{"name":"wp","href":"https:\/\/api.w.org\/{rel}","templated":true}]}}