{"id":10,"date":"2016-11-28T11:59:52","date_gmt":"2016-11-28T11:59:52","guid":{"rendered":"http:\/\/mat.ub.edu\/grauinfcat\/?page_id=10"},"modified":"2025-07-30T10:29:58","modified_gmt":"2025-07-30T10:29:58","slug":"assignatures","status":"publish","type":"page","link":"https:\/\/mat.ub.edu\/gradomatematicas\/assignatures\/","title":{"rendered":"Asignaturas y Horarios"},"content":{"rendered":"<div class=\"wpb-content-wrapper\"><p>[vc_row][vc_column][vc_row_inner][vc_column_inner width=\u00bb1\/2&#8243; css=\u00bb.vc_custom_1499081006093{border-right-width: 1px !important;border-right-color: #cccccc !important;border-right-style: solid !important;border-radius: 1px !important;}\u00bb][vc_column_text css=\u00bb\u00bb]<\/p>\n<p style=\"text-align: center;\"><b>Informaci\u00f3n de cada asignatura<\/b><\/p>\n<p style=\"text-align: center;\">Matr\u00edcula de pr\u00e1cticas curso 2025-2026 (m\u00e1s informaci\u00f3n <a href=\"https:\/\/mat.ub.edu\/wp-content\/uploads\/2024\/07\/Grups-a-matricular-alumnes-nou-acces.docx\">AQU\u00cd<\/a>)<\/p>\n<p style=\"text-align: center;\">Matr\u00edcula de pr\u00e1cticas FEBRERO 2024 (m\u00e1s informaci\u00f3n <a href=\"https:\/\/mat.ub.edu\/wp-content\/uploads\/2023\/02\/Grups-a-matricular-alumnes-nou-acces-febrer-2023.pdf\">AQU\u00cd)<\/a><\/p>\n<p>[\/vc_column_text][vc_btn title=\u00bbCurso 2025\/2026&#8243; style=\u00bbflat\u00bb color=\u00bbsky\u00bb align=\u00bbcenter\u00bb i_icon_fontawesome=\u00bb\u00bb css=\u00bb\u00bb add_icon=\u00bbtrue\u00bb link=\u00bburl:http%3A%2F%2Fwww.ub.edu%2Fgrad%2Finfes%2FfitxaInfe.jsp%3Fn0%3DL%26n1%3D0%26n2%3D1%26curs%3D2025%26ens%3DTG1042|target:_blank\u00bb][\/vc_column_inner][vc_column_inner width=\u00bb1\/2&#8243; css=\u00bb.vc_custom_1499081043755{border-right-width: 1px !important;border-left-width: 1px !important;border-left-color: #cccccc !important;border-left-style: solid !important;border-right-color: #cccccc !important;border-right-style: solid !important;border-radius: 1px !important;}\u00bb][vc_column_text]<\/p>\n<p style=\"text-align: center;\"><b>Asignaturas por menci\u00f3n<\/b><\/p>\n<p>[\/vc_column_text][vc_btn title=\u00bbCurso 2025\/ 2026&#8243; style=\u00bbflat\u00bb color=\u00bbsky\u00bb align=\u00bbcenter\u00bb i_icon_fontawesome=\u00bb\u00bb css=\u00bb\u00bb add_icon=\u00bbtrue\u00bb link=\u00bburl:http%3A%2F%2Fwww.ub.edu%2Fgrad%2Finfes%2FfitxaInfe.jsp%3Fn0%3DN%26n1%3D0%26n2%3D0%26curs%3D2025%26ens%3DTG1042%26idioma%3Dcas|target:_blank\u00bb][vc_empty_space height=\u00bb68px\u00bb][\/vc_column_inner][\/vc_row_inner][vc_row_inner][vc_column_inner width=\u00bb1\/2&#8243; css=\u00bb.vc_custom_1499081006093{border-right-width: 1px !important;border-right-color: #cccccc !important;border-right-style: solid !important;border-radius: 1px !important;}\u00bb][vc_column_text]<\/p>\n<p style=\"text-align: center;\"><b>Calendario de ex\u00e1menes<\/b><\/p>\n<p>[\/vc_column_text][vc_btn title=\u00bbCurso 2025\/ 2026&#8243; style=\u00bbflat\u00bb color=\u00bbsky\u00bb align=\u00bbcenter\u00bb i_icon_fontawesome=\u00bb\u00bb css=\u00bb\u00bb add_icon=\u00bbtrue\u00bb link=\u00bburl:http%3A%2F%2Fwww.ub.edu%2Fgrad%2Finfes%2FfitxaInfe.jsp%3Fn0%3D3%26n1%3D0%26n2%3D0%26curs%3D2025%26ens%3DTG1042|target:_blank\u00bb][\/vc_column_inner][vc_column_inner width=\u00bb1\/2&#8243; css=\u00bb.vc_custom_1499081071177{border-left-width: 1px !important;border-left-color: #cccccc !important;border-left-style: solid !important;border-radius: 1px !important;}\u00bb][vc_column_text]<\/p>\n<p align=\"center\"><strong>Chronos<\/strong><\/p>\n<p>Ayuda para la confecci\u00f3n de horarios y la agenda acad\u00e9mica.[\/vc_column_text][vc_btn title=\u00bbCurso 2025 \/ 2026&#8243; style=\u00bbflat\u00bb color=\u00bbsky\u00bb align=\u00bbcenter\u00bb i_icon_fontawesome=\u00bb\u00bb css=\u00bb\u00bb add_icon=\u00bbtrue\u00bb link=\u00bburl:http%3A%2F%2Fgrad.ub.edu%2Fchronos%2Fpages%2Fhoraris%2Findex2.xhtml%3Fensenyament%3DTG1042%26curs%3D2025|target:_blank\u00bb][\/vc_column_inner][\/vc_row_inner][vc_column_text]<\/p>\n<p style=\"text-align: left;\"><em><strong>Nota<\/strong>: <\/em><\/p>\n<ul>\n<li><em>La informaci\u00f3n de grupos, horarios y calendarios est\u00e1n sujetos a cambios. Se deben verificar antes que comiencen las clases.<\/em><\/li>\n<li style=\"text-align: left;\"><em>Cuando naveg\u00e1is dentro del aplicativo de las asignaturas, si ten\u00e9is que volver atr\u00e1s ten\u00e9is que clicar el bot\u00f3n \u00abVolver\u00bb situado a la parte superior derecha de la pantalla.<\/em><\/li>\n<\/ul>\n<p>[\/vc_column_text][\/vc_column][\/vc_row][vc_row][vc_column][vc_btn title=\u00bbActivitats amb reconeixement de cr\u00e8dits\u00bb style=\u00bbflat\u00bb color=\u00bbsky\u00bb align=\u00bbcenter\u00bb i_icon_fontawesome=\u00bbfa fa-check\u00bb add_icon=\u00bbtrue\u00bb link=\u00bburl:http%3A%2F%2Fmat.ub.edu%2Fmatapps%2Fact-credits%2Factivitats%2F||target:%20_blank|\u00bb][\/vc_column][\/vc_row]<\/p>\n<\/div>","protected":false},"excerpt":{"rendered":"<p>[vc_row][vc_column][vc_row_inner][vc_column_inner width=\u00bb1\/2&#8243; css=\u00bb.vc_custom_1499081006093{border-right-width: 1px !important;border-right-color: #cccccc !important;border-right-style: solid !important;border-radius: 1px !important;}\u00bb][vc_column_text css=\u00bb\u00bb] Informaci\u00f3n de cada asignatura Matr\u00edcula de pr\u00e1cticas curso 2025-2026 (m\u00e1s informaci\u00f3n AQU\u00cd) Matr\u00edcula de pr\u00e1cticas FEBRERO 2024 (m\u00e1s informaci\u00f3n AQU\u00cd) [\/vc_column_text][vc_btn title=\u00bbCurso 2025\/2026&#8243; style=\u00bbflat\u00bb color=\u00bbsky\u00bb align=\u00bbcenter\u00bb i_icon_fontawesome=\u00bb\u00bb css=\u00bb\u00bb add_icon=\u00bbtrue\u00bb link=\u00bburl:http%3A%2F%2Fwww.ub.edu%2Fgrad%2Finfes%2FfitxaInfe.jsp%3Fn0%3DL%26n1%3D0%26n2%3D1%26curs%3D2025%26ens%3DTG1042|target:_blank\u00bb][\/vc_column_inner][vc_column_inner width=\u00bb1\/2&#8243; css=\u00bb.vc_custom_1499081043755{border-right-width: 1px !important;border-left-width: 1px !important;border-left-color: #cccccc !important;border-left-style: solid !important;border-right-color: #cccccc !important;border-right-style: solid [&hellip;]<\/p>\n","protected":false},"author":1,"featured_media":0,"parent":0,"menu_order":0,"comment_status":"closed","ping_status":"closed","template":"","meta":{"footnotes":""},"class_list":["post-10","page","type-page","status-publish","hentry"],"_links":{"self":[{"href":"https:\/\/mat.ub.edu\/gradomatematicas\/wp-json\/wp\/v2\/pages\/10","targetHints":{"allow":["GET"]}}],"collection":[{"href":"https:\/\/mat.ub.edu\/gradomatematicas\/wp-json\/wp\/v2\/pages"}],"about":[{"href":"https:\/\/mat.ub.edu\/gradomatematicas\/wp-json\/wp\/v2\/types\/page"}],"author":[{"embeddable":true,"href":"https:\/\/mat.ub.edu\/gradomatematicas\/wp-json\/wp\/v2\/users\/1"}],"replies":[{"embeddable":true,"href":"https:\/\/mat.ub.edu\/gradomatematicas\/wp-json\/wp\/v2\/comments?post=10"}],"version-history":[{"count":59,"href":"https:\/\/mat.ub.edu\/gradomatematicas\/wp-json\/wp\/v2\/pages\/10\/revisions"}],"predecessor-version":[{"id":300,"href":"https:\/\/mat.ub.edu\/gradomatematicas\/wp-json\/wp\/v2\/pages\/10\/revisions\/300"}],"wp:attachment":[{"href":"https:\/\/mat.ub.edu\/gradomatematicas\/wp-json\/wp\/v2\/media?parent=10"}],"curies":[{"name":"wp","href":"https:\/\/api.w.org\/{rel}","templated":true}]}}