{"id":186,"date":"2018-07-03T11:49:12","date_gmt":"2018-07-03T11:49:12","guid":{"rendered":"https:\/\/mat.ub.edu\/gradomatematicas\/?page_id=186"},"modified":"2025-07-09T07:55:05","modified_gmt":"2025-07-09T07:55:05","slug":"premi-august-palanques","status":"publish","type":"page","link":"https:\/\/mat.ub.edu\/gradomatematicas\/premi-august-palanques\/","title":{"rendered":"Premio August Palanques"},"content":{"rendered":"<div class=\"wpb-content-wrapper\"><p>[vc_row][vc_column][vc_column_text css=\u00bb\u00bb]<\/p>\n<p style=\"text-align: justify;\">El premio August Palanques se otorga al alumno\/a que finaliza les estudios de grado de Matem\u00e1ticas con mejor expediente acad\u00e9mico.<\/p>\n<p style=\"text-align: justify;\">El profesor August Palanques i Mestre (1957-1997) se licenci\u00f3 y doctor\u00f3 en F\u00edsica por la Universitat de Barcelona y licenci\u00f3 en Matem\u00e0ticas por la Universitat Aut\u00f2noma de Barcelona. Inici\u00f3 su tarea docente en el antiguo Departament d&#8217;Equacions Funcionals, m\u00e1s tarde incluido en el Departament de\u00a0 Matem\u00e0tica Aplicada i An\u00e0lisi del cual el profesor Palanques fue secretario; tambi\u00e9n asumi\u00f3 la Secretaria de la Facultat.<\/p>\n<p style=\"text-align: justify;\">Dedic\u00f3 su investigaci\u00f3n a la aplicaci\u00f3n de diversos campos del an\u00e1lisis funcional a algunas teor\u00ed\u00adas de la f\u00ed\u00adsica.<\/p>\n<p style=\"text-align: justify;\">A su prematura muerte, su familia estableci\u00f3 un fondo para premiar la\/el alumna\/o de la licenciatura en Matem\u00e1ticas con mejor expediente al acabar el primer ciclo (dos cursos). La Facultat ha continuado otorgando el premio que, con la evoluci\u00f3n de la estructura de los estudios, ha acabado con el formato actual y se otorga de oficio al mejor expediente de Matem\u00e1ticas sin ser necesario presentar se formalmente al premio.<\/p>\n<p style=\"text-align: justify;\">Desde el curso 2017-2018, el premio consta de un diploma y 1.000\u20ac (excepto retenciones legales), que se reciben en el acto de entrega de diplomas y premios que se celebra en el Paraninfo de la UB cada oto\u00f1o.<\/p>\n<p><a href=\"https:\/\/mat.ub.edu\/fac\/documents\/2019_Premi_Palanques.pdf\" target=\"_blank\" rel=\"noopener\">Convocatoria curso 2018\/2019<\/a><\/p>\n<p><a href=\"https:\/\/mat.ub.edu\/fac\/documents\/2019_Premi_Palanques.pdf\" target=\"_blank\" rel=\"noopener\">Convocatoria\u00a0 2018-2019<\/a><\/p>\n<p><a href=\"https:\/\/mat.ub.edu\/graumatematiques\/wp-content\/uploads\/sites\/7\/2020\/12\/convocat\u00f2ria_2020_Premi_Palanques_Mates.pdf\">Convocatoria 2019-2020<\/a><\/p>\n<p><a href=\"https:\/\/mat.ub.edu\/wp-content\/uploads\/2021\/07\/convocato\u0300ria_2021_Premi_Palanques_Mates_signed.pdf\">Convocatoria 2020-2021<\/a><\/p>\n<p><a href=\"https:\/\/mat.ub.edu\/wp-content\/uploads\/2022\/05\/convocato\u0300ria_2022_Premi_Palanques_Mates.-MODIFICAT-definitiu_signed-1.pdf\">Convocatoria 2021-2022<\/a><\/p>\n<p><a href=\"https:\/\/mat.ub.edu\/wp-content\/uploads\/2024\/10\/eg-convocatoria-premi-palanques-2023-2024-2.pdf\">Convocatoria\u00a0 2023-2024<\/a><\/p>\n<p><a href=\"https:\/\/mat.ub.edu\/wp-content\/uploads\/2025\/07\/eg-convocatoria-premi-palanques-millor-expedient-matematiques-2024-2025.pdf\">Convocatoria 2024-2025<\/a><\/p>\n<p style=\"text-align: center;\"><b>Ganadores del premio August Palanques<\/b><\/p>\n<table style=\"margin: auto; width: 349px;\">\n<thead>\n<tr>\n<td style=\"width: 151px; text-align: center; border: 2px solid #707070 !important; background-color: #dddddd !important;\"><b>Curso<\/b><\/td>\n<td style=\"width: 198px; text-align: center; border: 2px solid #707070 !important; background-color: #dddddd !important;\"><b>Ganador<\/b><\/td>\n<\/tr>\n<\/thead>\n<tbody>\n<tr>\n<td style=\"width: 151px; text-align: center;\">2024-2025<\/td>\n<td style=\"width: 198px;\"><\/td>\n<\/tr>\n<tr>\n<td style=\"width: 151px; text-align: center;\">2023-2024<\/td>\n<td style=\"width: 198px;\">Ruben Jim\u00e9nez Lumbreras<\/td>\n<\/tr>\n<tr>\n<td style=\"width: 151px; text-align: center;\">2022-2023<\/td>\n<td style=\"width: 198px;\">Joaquim Duran Lamiel<\/td>\n<\/tr>\n<tr>\n<td style=\"width: 151px; text-align: center; padding: 5px !important;\" rowspan=\"2\">2021-2022<\/td>\n<td style=\"width: 198px; text-align: left; padding: 5px !important;\">Alejandro Garc\u00eda Rivas<\/td>\n<\/tr>\n<tr>\n<td style=\"width: 198px; text-align: left; padding: 5px !important;\">Marc Miranda Riaza<\/td>\n<\/tr>\n<tr>\n<td style=\"width: 151px; text-align: center; padding: 5px !important;\">2020-2021<\/td>\n<td style=\"width: 198px; text-align: left; padding: 5px !important;\">N\u00faria Foguet Coll<\/td>\n<\/tr>\n<tr>\n<td style=\"width: 151px; text-align: center; padding: 5px !important;\">2019 &#8211; 2020<\/td>\n<td style=\"width: 198px; text-align: left; padding: 5px !important;\">Roger Porta Grau<\/td>\n<\/tr>\n<tr>\n<td style=\"width: 151px; text-align: center; padding: 5px !important;\">2018 &#8211; 2019<\/td>\n<td style=\"width: 198px; text-align: left; padding: 5px !important;\">Jordi Daura Serrano<\/td>\n<\/tr>\n<tr>\n<td style=\"width: 151px; text-align: center; padding: 5px !important;\">2017 &#8211; 2018<\/td>\n<td style=\"width: 198px; text-align: left; padding: 5px !important;\">Guillem Garcia Tarrach<\/td>\n<\/tr>\n<tr>\n<td style=\"width: 151px; text-align: center; padding: 5px !important;\">2016 &#8211; 2017<\/td>\n<td style=\"width: 198px; text-align: left; padding: 5px !important;\">Joan Bruguera Mic\u00f3<\/td>\n<\/tr>\n<tr>\n<td style=\"width: 151px; text-align: center; padding: 5px !important;\">2015 &#8211; 2016<\/td>\n<td style=\"width: 198px; text-align: left; padding: 5px !important;\">Marc Caelles Vidal<\/td>\n<\/tr>\n<tr>\n<td style=\"width: 151px; text-align: center; padding: 5px !important;\">2014 &#8211; 2015<\/td>\n<td style=\"width: 198px; text-align: left; padding: 5px !important;\">Manel Vila Vidal<\/td>\n<\/tr>\n<tr>\n<td style=\"width: 151px; text-align: center; padding: 5px !important;\">2013 &#8211; 2014<\/td>\n<td style=\"width: 198px; text-align: left; padding: 5px !important;\">Joan Gimeno Alqu\u00e9zar i<br \/>\nEduard Roure Perdices<\/td>\n<\/tr>\n<tr>\n<td style=\"width: 151px; text-align: center; padding: 5px !important;\">2012 &#8211; 2013<\/td>\n<td style=\"width: 198px; text-align: left; padding: 5px !important;\">Marina Vegu\u00e9 Llorente i<br \/>\nVictoria Gras Andreu<\/td>\n<\/tr>\n<tr>\n<td style=\"width: 151px; text-align: center; padding: 5px !important;\">2011 &#8211; 2012<\/td>\n<td style=\"width: 198px; text-align: left; padding: 5px !important;\">Laura Fern\u00e0ndez Juli\u00e0<\/td>\n<\/tr>\n<tr>\n<td style=\"width: 151px; text-align: center; padding: 5px !important;\">2010 &#8211; 2011<\/td>\n<td style=\"width: 198px; text-align: left; padding: 5px !important;\"><\/td>\n<\/tr>\n<tr>\n<td style=\"width: 151px; text-align: center; padding: 5px !important;\">2009 &#8211; 2010<\/td>\n<td style=\"width: 198px; text-align: left; padding: 5px !important;\">Carlos Domingo Salazar<\/td>\n<\/tr>\n<tr>\n<td style=\"width: 151px; text-align: center; padding: 5px !important;\">2008 &#8211; 2009<\/td>\n<td style=\"width: 198px; text-align: left; padding: 5px !important;\">Daniel P\u00e9rez Palau<\/td>\n<\/tr>\n<tr>\n<td style=\"width: 151px; text-align: center; padding: 5px !important;\">2007 &#8211; 2008<\/td>\n<td style=\"width: 198px; text-align: left; padding: 5px !important;\">Teresa Catal\u00e0 Marqu\u00e8s<\/td>\n<\/tr>\n<tr>\n<td style=\"width: 151px; text-align: center; padding: 5px !important;\">2006 &#8211; 2007<\/td>\n<td style=\"width: 198px; text-align: left; padding: 5px !important;\">Eva Marina P\u00e9rez Nueno i<br \/>\nMeritxell Saez Cornellana<\/td>\n<\/tr>\n<tr>\n<td style=\"width: 151px; text-align: center; padding: 5px !important;\">2005 &#8211; 2006<\/td>\n<td style=\"width: 198px; text-align: left; padding: 5px !important;\">Alberto C\u00e1mara L\u00f3pez<\/td>\n<\/tr>\n<\/tbody>\n<\/table>\n<p>[\/vc_column_text][\/vc_column][\/vc_row]<\/p>\n<\/div>","protected":false},"excerpt":{"rendered":"<p>[vc_row][vc_column][vc_column_text css=\u00bb\u00bb] El premio August Palanques se otorga al alumno\/a que finaliza les estudios de grado de Matem\u00e1ticas con mejor expediente acad\u00e9mico. El profesor August Palanques i Mestre (1957-1997) se licenci\u00f3 y doctor\u00f3 en F\u00edsica por la Universitat de Barcelona y licenci\u00f3 en Matem\u00e0ticas por la Universitat Aut\u00f2noma de Barcelona. Inici\u00f3 su tarea docente en [&hellip;]<\/p>\n","protected":false},"author":7,"featured_media":0,"parent":0,"menu_order":0,"comment_status":"closed","ping_status":"closed","template":"","meta":{"footnotes":""},"class_list":["post-186","page","type-page","status-publish","hentry"],"_links":{"self":[{"href":"https:\/\/mat.ub.edu\/gradomatematicas\/wp-json\/wp\/v2\/pages\/186","targetHints":{"allow":["GET"]}}],"collection":[{"href":"https:\/\/mat.ub.edu\/gradomatematicas\/wp-json\/wp\/v2\/pages"}],"about":[{"href":"https:\/\/mat.ub.edu\/gradomatematicas\/wp-json\/wp\/v2\/types\/page"}],"author":[{"embeddable":true,"href":"https:\/\/mat.ub.edu\/gradomatematicas\/wp-json\/wp\/v2\/users\/7"}],"replies":[{"embeddable":true,"href":"https:\/\/mat.ub.edu\/gradomatematicas\/wp-json\/wp\/v2\/comments?post=186"}],"version-history":[{"count":14,"href":"https:\/\/mat.ub.edu\/gradomatematicas\/wp-json\/wp\/v2\/pages\/186\/revisions"}],"predecessor-version":[{"id":299,"href":"https:\/\/mat.ub.edu\/gradomatematicas\/wp-json\/wp\/v2\/pages\/186\/revisions\/299"}],"wp:attachment":[{"href":"https:\/\/mat.ub.edu\/gradomatematicas\/wp-json\/wp\/v2\/media?parent=186"}],"curies":[{"name":"wp","href":"https:\/\/api.w.org\/{rel}","templated":true}]}}