{"id":14,"date":"2017-06-09T10:25:41","date_gmt":"2017-06-09T10:25:41","guid":{"rendered":"https:\/\/mat.ub.edu\/graumatesade\/?page_id=14"},"modified":"2025-07-30T11:07:02","modified_gmt":"2025-07-30T11:07:02","slug":"assignatures","status":"publish","type":"page","link":"https:\/\/mat.ub.edu\/gradomatesade\/assignatures\/","title":{"rendered":"Asignaturas"},"content":{"rendered":"<div class=\"wpb-content-wrapper\"><p>[vc_row][\/vc_row][vc_column][\/vc_column][vc_column_text][\/vc_column_text][vc_row_inner][vc_column_inner width=\u00bb1\/2&#8243;][vc_column_text css=\u00bb\u00bb]<\/p>\n<p style=\"text-align: center;\"><b>Informaci\u00f3n de cada asignatura<\/b><\/p>\n<p style=\"text-align: center;\">Matr\u00edcula de pr\u00e1cticas curso 2025-2026 (m\u00e1s informaci\u00f3n <a href=\"https:\/\/mat.ub.edu\/wp-content\/uploads\/2024\/07\/Grups-a-matricular-alumnes-nou-acces.docx\">AQU\u00cd<\/a>)<\/p>\n<p style=\"text-align: center;\">Matr\u00edcula de pr\u00e1cticas FEBRERO 2024 (m\u00e1s informaci\u00f3n <a href=\"https:\/\/mat.ub.edu\/wp-content\/uploads\/2023\/02\/Grups-a-matricular-alumnes-nou-acces-febrer-2023.pdf\">AQU\u00cd)<\/a><\/p>\n<p>[\/vc_column_text][vc_btn title=\u00bbCurso 2025-26&#8243; style=\u00bbflat\u00bb color=\u00bbsky\u00bb align=\u00bbcenter\u00bb i_icon_fontawesome=\u00bb\u00bb css=\u00bb\u00bb add_icon=\u00bbtrue\u00bb link=\u00bburl:http%3A%2F%2Fwww.ub.edu%2Fgrad%2Finfes%2FfitxaInfe.jsp%3Fn0%3DL%26n1%3D0%26n2%3D1%26curs%3D2025%26ens%3DTG1103|target:_blank\u00bb][\/vc_column_inner][vc_column_inner width=\u00bb1\/2&#8243; css=\u00bb.vc_custom_1499081043755{border-right-width: 1px !important;border-left-width: 1px !important;border-left-color: #cccccc !important;border-left-style: solid !important;border-right-color: #cccccc !important;border-right-style: solid !important;border-radius: 1px !important;}\u00bb][vc_column_text]<\/p>\n<p style=\"text-align: center\"><strong>Asignaturas por menci\u00f3n<\/strong><\/p>\n<p>[\/vc_column_text][vc_btn title=\u00bbCurso 2025-26&#8243; style=\u00bbflat\u00bb color=\u00bbsky\u00bb align=\u00bbcenter\u00bb i_icon_fontawesome=\u00bb\u00bb css=\u00bb\u00bb add_icon=\u00bbtrue\u00bb link=\u00bburl:http%3A%2F%2Fwww.ub.edu%2Fgrad%2Finfes%2FfitxaInfe.jsp%3Fn0%3DN%26n1%3D0%26n2%3D0%26curs%3D2025%26ens%3DTG1103%26idioma%3Dcas|target:_blank\u00bb][\/vc_column_inner][\/vc_row_inner][vc_row_inner][vc_column_inner width=\u00bb1\/2&#8243; css=\u00bb.vc_custom_1499081006093{border-right-width: 1px !important;border-right-color: #cccccc !important;border-right-style: solid !important;border-radius: 1px !important;}\u00bb][vc_column_text]<\/p>\n<p style=\"text-align: center\"><b>Calendario de ex\u00e1menes<\/b><\/p>\n<p>[\/vc_column_text][vc_btn title=\u00bbCurso 2025-26&#8243; style=\u00bbflat\u00bb color=\u00bbsky\u00bb align=\u00bbcenter\u00bb i_icon_fontawesome=\u00bb\u00bb css=\u00bb\u00bb add_icon=\u00bbtrue\u00bb link=\u00bburl:http%3A%2F%2Fwww.ub.edu%2Fgrad%2Finfes%2FfitxaInfe.jsp%3Fn0%3D3%26n1%3D0%26n2%3D0%26curs%3D2025%26ens%3DTG1103|target:_blank\u00bb][\/vc_column_inner][vc_column_inner width=\u00bb1\/2&#8243; css=\u00bb.vc_custom_1499081071177{border-left-width: 1px !important;border-left-color: #cccccc !important;border-left-style: solid !important;border-radius: 1px !important;}\u00bb][vc_column_text]<\/p>\n<p style=\"text-align: center\"><strong>Chronos<\/strong><\/p>\n<p style=\"text-align: center\">Ayuda para la confecci\u00f3n de horarios y de la agenda acad\u00e9mica<\/p>\n<p>[\/vc_column_text][vc_btn title=\u00bbCurso 2025-26&#8243; style=\u00bbflat\u00bb color=\u00bbsky\u00bb align=\u00bbcenter\u00bb i_icon_fontawesome=\u00bb\u00bb css=\u00bb\u00bb add_icon=\u00bbtrue\u00bb link=\u00bburl:http%3A%2F%2Fgrad.ub.edu%2Fchronos%2Fpages%2Fhoraris%2Findex2.xhtml%3Fensenyament%3DTG1103%26curs%3D2025|target:_blank\u00bb][\/vc_column_inner][\/vc_row_inner][vc_column_text]<em><strong>Nota:<\/strong><\/em><\/p>\n<ul>\n<li><em>Les informacions de grups, horaris i calendaris estan subjectes a canvis. S&#8217;han de verificar abans que comencin les classes.<\/em><\/li>\n<li style=\"text-align: justify\"><em>Quan navegueu dins de l&#8217;aplicatiu de les assignatures, si heu de tornar enrere heu de clicar el bot\u00f3 <strong>\u00abTornar\u00bb<\/strong> situat a la part superior dreta de la pantalla.<\/em><\/li>\n<\/ul>\n<p>[\/vc_column_text][vc_btn title=\u00bbActividades con reconocimiento de cr\u00e9ditos\u00bb style=\u00bbflat\u00bb color=\u00bbsky\u00bb align=\u00bbcenter\u00bb i_icon_fontawesome=\u00bbfas fa-check\u00bb add_icon=\u00bbtrue\u00bb link=\u00bburl:http%3A%2F%2Fmat.ub.edu%2Fmatapps%2Fact-credits%2Factivitats%2F\u00bb][vc_row_inner disable_element=\u00bbyes\u00bb][\/vc_row_inner][vc_column_inner width=\u00bb1\/2&#8243;][\/vc_column_inner][vc_column_text][\/vc_column_text]<\/p>\n<\/div>","protected":false},"excerpt":{"rendered":"<p>[vc_row][\/vc_row][vc_column][\/vc_column][vc_column_text][\/vc_column_text][vc_row_inner][vc_column_inner width=\u00bb1\/2&#8243;][vc_column_text css=\u00bb\u00bb] Informaci\u00f3n de cada asignatura Matr\u00edcula de pr\u00e1cticas curso 2025-2026 (m\u00e1s informaci\u00f3n AQU\u00cd) Matr\u00edcula de pr\u00e1cticas FEBRERO 2024 (m\u00e1s informaci\u00f3n AQU\u00cd) [\/vc_column_text][vc_btn title=\u00bbCurso 2025-26&#8243; style=\u00bbflat\u00bb color=\u00bbsky\u00bb align=\u00bbcenter\u00bb i_icon_fontawesome=\u00bb\u00bb css=\u00bb\u00bb add_icon=\u00bbtrue\u00bb link=\u00bburl:http%3A%2F%2Fwww.ub.edu%2Fgrad%2Finfes%2FfitxaInfe.jsp%3Fn0%3DL%26n1%3D0%26n2%3D1%26curs%3D2025%26ens%3DTG1103|target:_blank\u00bb][\/vc_column_inner][vc_column_inner width=\u00bb1\/2&#8243; css=\u00bb.vc_custom_1499081043755{border-right-width: 1px !important;border-left-width: 1px !important;border-left-color: #cccccc !important;border-left-style: solid !important;border-right-color: #cccccc !important;border-right-style: solid !important;border-radius: 1px !important;}\u00bb][vc_column_text] Asignaturas por menci\u00f3n [\/vc_column_text][vc_btn title=\u00bbCurso 2025-26&#8243; [&hellip;]<\/p>\n","protected":false},"author":1,"featured_media":0,"parent":0,"menu_order":0,"comment_status":"closed","ping_status":"closed","template":"","meta":{"footnotes":""},"class_list":["post-14","page","type-page","status-publish","hentry"],"_links":{"self":[{"href":"https:\/\/mat.ub.edu\/gradomatesade\/wp-json\/wp\/v2\/pages\/14","targetHints":{"allow":["GET"]}}],"collection":[{"href":"https:\/\/mat.ub.edu\/gradomatesade\/wp-json\/wp\/v2\/pages"}],"about":[{"href":"https:\/\/mat.ub.edu\/gradomatesade\/wp-json\/wp\/v2\/types\/page"}],"author":[{"embeddable":true,"href":"https:\/\/mat.ub.edu\/gradomatesade\/wp-json\/wp\/v2\/users\/1"}],"replies":[{"embeddable":true,"href":"https:\/\/mat.ub.edu\/gradomatesade\/wp-json\/wp\/v2\/comments?post=14"}],"version-history":[{"count":33,"href":"https:\/\/mat.ub.edu\/gradomatesade\/wp-json\/wp\/v2\/pages\/14\/revisions"}],"predecessor-version":[{"id":125,"href":"https:\/\/mat.ub.edu\/gradomatesade\/wp-json\/wp\/v2\/pages\/14\/revisions\/125"}],"wp:attachment":[{"href":"https:\/\/mat.ub.edu\/gradomatesade\/wp-json\/wp\/v2\/media?parent=14"}],"curies":[{"name":"wp","href":"https:\/\/api.w.org\/{rel}","templated":true}]}}