{"id":8,"date":"2017-06-09T10:01:30","date_gmt":"2017-06-09T10:01:30","guid":{"rendered":"https:\/\/mat.ub.edu\/graumatesade\/?page_id=6"},"modified":"2023-03-13T11:16:35","modified_gmt":"2023-03-13T11:16:35","slug":"presentacio","status":"publish","type":"page","link":"https:\/\/mat.ub.edu\/gradomatesade\/","title":{"rendered":"Presentaci\u00f3n"},"content":{"rendered":"<div class=\"wpb-content-wrapper\"><p>[vc_row][vc_column][vc_single_image image=\u00bb9&#8243; img_size=\u00bb2001&#215;200&#8243; alignment=\u00bbcenter\u00bb style=\u00bbvc_box_rounded\u00bb css_animation=\u00bbappear\u00bb][vc_column_text]<\/p>\n<h1>Grados simult\u00e1neos de Matem\u00e1ticas y ADE<\/h1>\n<p>[\/vc_column_text][vc_row_inner disable_element=\u00bbyes\u00bb][vc_column_inner width=\u00bb1\/2&#8243;][vc_btn title=\u00bbNotas de corte curso 2019\/2020&#8243; style=\u00bbflat\u00bb color=\u00bbsky\u00bb align=\u00bbcenter\u00bb i_icon_fontawesome=\u00bbfa fa-bar-chart\u00bb add_icon=\u00bbtrue\u00bb link=\u00bburl:http%3A%2F%2Fwww.ub.edu%2Fweb%2Fub%2Fes%2Festudis%2Foferta_formativa%2Fgraus%2Fnotes_tall%2Fnotes_tall.html%3F||target:%20_blank|\u00bb][\/vc_column_inner][vc_column_inner width=\u00bb1\/2&#8243;][vc_btn title=\u00bbInformaci\u00f3n para estudiantes de nuevo acceso\u00bb style=\u00bbflat\u00bb color=\u00bbsky\u00bb align=\u00bbcenter\u00bb link=\u00bburl:https%3A%2F%2Fmat.ub.edu%2Falumnat-nou-acces%2Fmatesade||target:%20_blank|\u00bb][\/vc_column_inner][\/vc_row_inner][vc_row_inner][vc_column_inner][vc_btn title=\u00bbNotas de corte curso 2019\/2020&#8243; style=\u00bbflat\u00bb color=\u00bbsky\u00bb align=\u00bbcenter\u00bb i_icon_fontawesome=\u00bbfa fa-bar-chart\u00bb add_icon=\u00bbtrue\u00bb link=\u00bburl:http%3A%2F%2Fwww.ub.edu%2Fweb%2Fub%2Fes%2Festudis%2Foferta_formativa%2Fgraus%2Fnotes_tall%2Fnotes_tall.html%3F||target:%20_blank|\u00bb][\/vc_column_inner][\/vc_row_inner][\/vc_column][\/vc_row][vc_row][vc_column width=\u00bb1\/2&#8243;][vc_text_separator title=\u00bbPlan de estudios\u00bb i_icon_fontawesome=\u00bbfa fa-graduation-cap\u00bb i_color=\u00bbblack\u00bb color=\u00bbcustom\u00bb add_icon=\u00bbtrue\u00bb accent_color=\u00bb#2a2a2a\u00bb][vc_column_text]<\/p>\n<p style=\"text-align: justify;\">La Universitat de Barcelona, a trav\u00e9s de la Facultad de Econom\u00eda y Empresa y la Facultad de Matem\u00e1ticas e Inform\u00e1tica, ofrece un itinerario de estudios que permite obtener simult\u00e1neamente el Grado de Administraci\u00f3n y direcci\u00f3n de empresas (ADE)\u00a0y el Grado de Matem\u00e1ticas (MATE), cada uno con una menci\u00f3n determinada.<\/p>\n<p style=\"text-align: justify;\">Cursando el itinerario doble y mediante el reconocimiento de asignaturas entre los dos grados, se pueden obtener los dos t\u00edtulos haciendo menos de 480 cr\u00e9ditos. Este itinerario doble tiene las caracter\u00edsticas generales siguientes:<\/p>\n<ul>\n<li style=\"text-align: justify;\"><strong>Oferta<\/strong>: 20 plazas (admisi\u00f3n exclusivamente por\u00a0pre-incripci\u00f3n* universitaria espec\u00edfica).<\/li>\n<li style=\"text-align: justify;\"><strong>Horario<\/strong>: ma\u00f1ana (ADE)\u00a0y tarde (MAT), con clases en las dos facultades respectivas.<\/li>\n<li style=\"text-align: justify;\"><strong>Cr\u00e9ditos<\/strong> totales a cursar: 390 \/ 396 (*).<\/li>\n<li style=\"text-align: justify;\"><strong>Duraci\u00f3n<\/strong>: 5 a\u00f1os y medio (11 semestres).<\/li>\n<\/ul>\n<p>[\/vc_column_text][\/vc_column][vc_column width=\u00bb1\/2&#8243;][vc_text_separator title=\u00bbDistribuci\u00f3n de los cr\u00e9ditos\u00bb i_icon_fontawesome=\u00bbfa fa-pencil\u00bb i_color=\u00bbblack\u00bb color=\u00bbcustom\u00bb add_icon=\u00bbtrue\u00bb accent_color=\u00bb#2a2a2a\u00bb][vc_column_text]<\/p>\n<div id=\"d1\">\n<p align=\"center\"><strong>Distribuci\u00f3n de cr\u00e9ditos del itinerario simultaneo y correspondencia con los dos grados<\/strong><\/p>\n<table border=\"2\" width=\"799\" cellspacing=\"0\" cellpadding=\"0\" align=\"center\">\n<tbody>\n<tr>\n<td valign=\"top\" width=\"148\">\n<div align=\"center\"><strong>ADE<\/strong><br \/>\n<strong>Menci\u00f3n<\/strong><br \/>\n<strong>Financias y Seguros<\/strong><\/div>\n<\/td>\n<td valign=\"top\" width=\"148\">\n<div align=\"center\"><strong>MATEM\u00c0TIQUES<\/strong><br \/>\n<strong>Menci\u00f3n<\/strong><br \/>\n<strong>Econom\u00eda<\/strong><\/div>\n<\/td>\n<td colspan=\"2\" valign=\"top\" width=\"355\">\n<div align=\"center\"><strong>DOBLE ITINERARIO<\/strong><br \/>\n<strong>ADE + MAT<\/strong><\/div>\n<\/td>\n<\/tr>\n<tr>\n<td valign=\"top\" width=\"136\"><strong>Formaci\u00f3n B\u00e1sica<\/strong><\/td>\n<td valign=\"top\" width=\"148\">\n<div align=\"center\">84<\/div>\n<\/td>\n<td valign=\"top\" width=\"148\">\n<div align=\"center\">60<\/div>\n<\/td>\n<td valign=\"top\" width=\"355\">A cursar: \u00a0\u00a0\u00a0\u00a0\u00a0114 (60 ADE + 54 MAT)<br \/>\nReconocidos: \u00a030 (24 ADE + 6 MAT)<\/td>\n<\/tr>\n<tr>\n<td valign=\"top\" width=\"136\"><strong>Obligatorias<\/strong><\/td>\n<td valign=\"top\" width=\"148\">\n<div align=\"center\">108<\/div>\n<\/td>\n<td valign=\"top\" width=\"148\">\n<div align=\"center\">120<\/div>\n<\/td>\n<td valign=\"top\" width=\"355\">A cursar: \u00a0\u00a0\u00a0\u00a0\u00a0210\/216\/222 (*)<br \/>\n(108 ADE + 102\/108\/112 MAT) (*)<br \/>\nReconocidos: \u00a018\/12\/6 MAT (*)<\/td>\n<\/tr>\n<tr>\n<td valign=\"top\" width=\"136\"><strong>Optativas<\/strong><\/td>\n<td valign=\"top\" width=\"148\">\n<div align=\"center\">42<br \/>\n(m\u00ednimo 30<br \/>\nde la menci\u00f3n)<\/div>\n<\/td>\n<td valign=\"top\" width=\"148\">\n<div align=\"center\">42<br \/>\n(m\u00ednimo 30<br \/>\nde la menci\u00f3n)<\/div>\n<\/td>\n<td valign=\"top\" width=\"355\">A cursar: \u00a0\u00a0\u00a0\u00a0\u00a0\u00a030 menci\u00f3n ADE<br \/>\n+ 6\/12\/18 MAT o ADE (*)<br \/>\nReconocidos: 36 MAT + 0\/6\/12 MAT o ADE<\/td>\n<\/tr>\n<tr>\n<td valign=\"top\" width=\"136\"><strong>TFG<\/strong><\/td>\n<td valign=\"top\" width=\"148\">\n<div align=\"center\">6<\/div>\n<\/td>\n<td valign=\"top\" width=\"148\">\n<div align=\"center\">18<\/div>\n<\/td>\n<td valign=\"top\" width=\"355\">A cursar: \u00a0\u00a0\u00a0\u00a024 (el trabajo a realizar puede ser de 18)<\/td>\n<\/tr>\n<tr>\n<td valign=\"top\" width=\"136\"><strong>Total<\/strong><\/td>\n<td valign=\"top\" width=\"148\">\n<div align=\"center\">240<\/div>\n<\/td>\n<td valign=\"top\" width=\"148\">\n<div align=\"center\">240<\/div>\n<\/td>\n<td valign=\"top\" width=\"355\">\u00a0\u00a0\u00a0\u00a0\u00a0\u00a0\u00a0\u00a0\u00a0\u00a0\u00a0\u00a0\u00a0\u00a0\u00a0\u00a0\u00a0 390 \/ 396(*)<\/td>\n<\/tr>\n<\/tbody>\n<\/table>\n<p style=\"text-align: center;\">(*) Hay varias posibilidades, pero hace falta que, usando los reconocimientos, se obtengan los requisitos de los dos grados separadamente.<\/p>\n<\/div>\n<p>[\/vc_column_text][\/vc_column][\/vc_row][vc_row][\/vc_row][vc_column][\/vc_column][vc_separator][vc_column_text]<strong>1)<\/strong> La admisi\u00f3n a esta doble titulaci\u00f3n\u00a0ADE-MAT se ha conseguir exclusivamente a trav\u00e9s de la\u00a0pre-inscripci\u00f3n\u00a0universitaria.<\/p>\n<p><strong>2) <\/strong>Este doble grado es muy exigente:<\/p>\n<ul>\n<li>Hace falta mucha dedicaci\u00f3n: 72 o 76 cr\u00e9ditos por curso, en lugar de los 60 que se hacen en un \u00fanico grado.<\/li>\n<li>Hay docencia tanto por la ma\u00f1ana como la tarde, en facultades diferentes. Hay que saber organizarse bien el tiempo.<\/li>\n<\/ul>\n<p><strong>3)<\/strong> Para obtener informaci\u00f3n sobre los perfiles de acceso, los objetivos de los estudios, las competencias que se &#8216;logran, las salidas\u00a0profesionales, &#8230; consultad la informaci\u00f3n propia de cada uno de las dos ense\u00f1anzas:<\/p>\n<ul>\n<li><a class=\"text_base_enll\" href=\"http:\/\/www.mat.ub.edu\/gradomatematicas\" target=\"_blank\" rel=\"noopener noreferrer\">Grado en Matem\u00e1ticas<\/a><\/li>\n<li><a class=\"text_base_enll\" href=\"http:\/\/www.ub.edu\/economiaempresa\/grau\/ade\/\" target=\"_blank\" rel=\"noopener noreferrer\">Grado en ADE<\/a><\/li>\n<\/ul>\n<p>[\/vc_column_text][vc_column_text][\/vc_column_text]<\/p>\n<\/div>","protected":false},"excerpt":{"rendered":"<p>[vc_row][vc_column][vc_single_image image=\u00bb9&#8243; img_size=\u00bb2001&#215;200&#8243; alignment=\u00bbcenter\u00bb style=\u00bbvc_box_rounded\u00bb css_animation=\u00bbappear\u00bb][vc_column_text] Grados simult\u00e1neos de Matem\u00e1ticas y ADE [\/vc_column_text][vc_row_inner disable_element=\u00bbyes\u00bb][vc_column_inner width=\u00bb1\/2&#8243;][vc_btn title=\u00bbNotas de corte curso 2019\/2020&#8243; style=\u00bbflat\u00bb color=\u00bbsky\u00bb align=\u00bbcenter\u00bb i_icon_fontawesome=\u00bbfa fa-bar-chart\u00bb add_icon=\u00bbtrue\u00bb link=\u00bburl:http%3A%2F%2Fwww.ub.edu%2Fweb%2Fub%2Fes%2Festudis%2Foferta_formativa%2Fgraus%2Fnotes_tall%2Fnotes_tall.html%3F||target:%20_blank|\u00bb][\/vc_column_inner][vc_column_inner width=\u00bb1\/2&#8243;][vc_btn title=\u00bbInformaci\u00f3n para estudiantes de nuevo acceso\u00bb style=\u00bbflat\u00bb color=\u00bbsky\u00bb align=\u00bbcenter\u00bb link=\u00bburl:https%3A%2F%2Fmat.ub.edu%2Falumnat-nou-acces%2Fmatesade||target:%20_blank|\u00bb][\/vc_column_inner][\/vc_row_inner][vc_row_inner][vc_column_inner][vc_btn title=\u00bbNotas de corte curso 2019\/2020&#8243; style=\u00bbflat\u00bb color=\u00bbsky\u00bb align=\u00bbcenter\u00bb i_icon_fontawesome=\u00bbfa fa-bar-chart\u00bb add_icon=\u00bbtrue\u00bb link=\u00bburl:http%3A%2F%2Fwww.ub.edu%2Fweb%2Fub%2Fes%2Festudis%2Foferta_formativa%2Fgraus%2Fnotes_tall%2Fnotes_tall.html%3F||target:%20_blank|\u00bb][\/vc_column_inner][\/vc_row_inner][\/vc_column][\/vc_row][vc_row][vc_column width=\u00bb1\/2&#8243;][vc_text_separator title=\u00bbPlan de estudios\u00bb i_icon_fontawesome=\u00bbfa [&hellip;]<\/p>\n","protected":false},"author":1,"featured_media":0,"parent":0,"menu_order":0,"comment_status":"closed","ping_status":"closed","template":"","meta":{"footnotes":""},"class_list":["post-8","page","type-page","status-publish","hentry"],"_links":{"self":[{"href":"https:\/\/mat.ub.edu\/gradomatesade\/wp-json\/wp\/v2\/pages\/8","targetHints":{"allow":["GET"]}}],"collection":[{"href":"https:\/\/mat.ub.edu\/gradomatesade\/wp-json\/wp\/v2\/pages"}],"about":[{"href":"https:\/\/mat.ub.edu\/gradomatesade\/wp-json\/wp\/v2\/types\/page"}],"author":[{"embeddable":true,"href":"https:\/\/mat.ub.edu\/gradomatesade\/wp-json\/wp\/v2\/users\/1"}],"replies":[{"embeddable":true,"href":"https:\/\/mat.ub.edu\/gradomatesade\/wp-json\/wp\/v2\/comments?post=8"}],"version-history":[{"count":13,"href":"https:\/\/mat.ub.edu\/gradomatesade\/wp-json\/wp\/v2\/pages\/8\/revisions"}],"predecessor-version":[{"id":103,"href":"https:\/\/mat.ub.edu\/gradomatesade\/wp-json\/wp\/v2\/pages\/8\/revisions\/103"}],"wp:attachment":[{"href":"https:\/\/mat.ub.edu\/gradomatesade\/wp-json\/wp\/v2\/media?parent=8"}],"curies":[{"name":"wp","href":"https:\/\/api.w.org\/{rel}","templated":true}]}}