{"id":9,"date":"2017-06-09T08:31:53","date_gmt":"2017-06-09T08:31:53","guid":{"rendered":"https:\/\/mat.ub.edu\/graumatesfisica\/?page_id=6"},"modified":"2026-03-24T10:09:06","modified_gmt":"2026-03-24T10:09:06","slug":"presentacio","status":"publish","type":"page","link":"https:\/\/mat.ub.edu\/gradomatesfisica\/","title":{"rendered":"Presentaci\u00f3n"},"content":{"rendered":"<div class=\"wpb-content-wrapper\"><p>[vc_row][vc_column][vc_single_image image=\u00bb11&#8243; img_size=\u00bb2001&#215;200&#8243; alignment=\u00bbcenter\u00bb style=\u00bbvc_box_rounded\u00bb css_animation=\u00bbappear\u00bb][vc_column_text]<\/p>\n<h1>Grados simult\u00e1neos de Matem\u00e1ticas y F\u00edsica<\/h1>\n<p>[\/vc_column_text][vc_row_inner disable_element=\u00bbyes\u00bb][vc_column_inner width=\u00bb1\/2&#8243;][vc_btn title=\u00bbNotas de corte curso 2019\/2020&#8243; style=\u00bbflat\u00bb color=\u00bbsky\u00bb align=\u00bbcenter\u00bb i_icon_fontawesome=\u00bbfa fa-bar-chart\u00bb add_icon=\u00bbtrue\u00bb link=\u00bburl:http%3A%2F%2Fwww.ub.edu%2Fweb%2Fub%2Fes%2Festudis%2Foferta_formativa%2Fgraus%2Fnotes_tall%2Fnotes_tall.html||target:%20_blank\u00bb][\/vc_column_inner][vc_column_inner width=\u00bb1\/2&#8243;][vc_btn title=\u00bbInformaci\u00f3n para estudiantes de nuevo acceso\u00bb style=\u00bbflat\u00bb color=\u00bbsky\u00bb align=\u00bbcenter\u00bb i_icon_fontawesome=\u00bbfa fa-pencil\u00bb add_icon=\u00bbtrue\u00bb link=\u00bburl:https%3A%2F%2Fmat.ub.edu%2Falumnat-nou-acces%2Fmatesfisica||target:%20_blank|\u00bb][\/vc_column_inner][\/vc_row_inner][vc_row_inner][vc_column_inner][vc_btn title=\u00bbNotas de corte curso 2019\/2020&#8243; style=\u00bbflat\u00bb color=\u00bbsky\u00bb align=\u00bbcenter\u00bb i_icon_fontawesome=\u00bbfa fa-bar-chart\u00bb add_icon=\u00bbtrue\u00bb link=\u00bburl:http%3A%2F%2Fwww.ub.edu%2Fweb%2Fub%2Fes%2Festudis%2Foferta_formativa%2Fgraus%2Fnotes_tall%2Fnotes_tall.html||target:%20_blank\u00bb][\/vc_column_inner][\/vc_row_inner][\/vc_column][\/vc_row][vc_row][vc_column width=\u00bb1\/2&#8243;][vc_text_separator title=\u00bbPlan de estudios\u00bb i_icon_fontawesome=\u00bbfa fa-graduation-cap\u00bb i_color=\u00bbblack\u00bb color=\u00bbcustom\u00bb accent_color=\u00bb#2a2a2a\u00bb add_icon=\u00bbtrue\u00bb][vc_column_text]<\/p>\n<p style=\"text-align: justify;\">La Universidad de Barcelona, \u200b\u200ba trav\u00e9s de las facultades de Matem\u00e1ticas y de F\u00edsica, ha organizado, desde el curso 2009-10, un itinerario espec\u00edfico que permite estudiar simult\u00e1neamente el Grado de Matem\u00e1ticas y el Grado de F\u00edsica.<\/p>\n<p style=\"text-align: justify;\">La admisi\u00f3n a este doble grado se obtiene, exclusivamente, por preinscripci\u00f3n universitaria. Se ofrecen 20 plazas.<\/p>\n<p style=\"text-align: justify;\">Las caracter\u00edsticas b\u00e1sicas de este itinerario doble son:<\/p>\n<ol>\n<li style=\"text-align: justify;\">Se obtienen dos t\u00edtulos de grado diferentes. Adem\u00e1s, cada uno tiene una menci\u00f3n:<br \/>\n<strong>&#8211;<\/strong> Grado de F\u00edsica, con intensificaci\u00f3n en F\u00edsica Fundamental y menci\u00f3n de Matem\u00e1ticas.<br \/>\n<strong>&#8211;<\/strong> Grado de Matem\u00e1ticas, con menci\u00f3n de F\u00edsica.<\/li>\n<li style=\"text-align: justify;\">A partir del curso 2020-2021 hay que cursar y superar un total de 330 cr\u00e9ditos ECTS, muchos menos de los 480 que se necesitan para hacer dos grados independientes.<\/li>\n<li style=\"text-align: justify;\">La duraci\u00f3n total prevista de los estudios es de 10 semestres (dependiendo de cuando se haga el Trabajo de Final de Grados), muy inferior a los 16 semestres que ser\u00edan necesarios para hacer los dos grados cursados sucesivamente.<\/li>\n<li style=\"text-align: justify;\">El itinerario doble consiste en una organizaci\u00f3n temporal de las asignaturas de las dos ense\u00f1anzas que hay que cursar y superar. Las asignaturas de cada grado que no es necesario cursar son reconocidas a partir de las cursadas en el otro grado, a trav\u00e9s de unas tablas de equivalencia acordadas por los centros y por la Universidad de Barcelona.<\/li>\n<li style=\"text-align: justify;\">En cada semestre hay que compaginar docencia de las dos ense\u00f1anzas. Las asignaturas propias de Matem\u00e1ticas tienen clases de ma\u00f1ana; y las de fisica, de tarde.<\/li>\n<li>Un alumno de itinerario doble es, de hecho, alumno de las dos facultades. Se ha de gestionar cada cuesti\u00f3n administrativa o acad\u00e9mica en el centro coordinador: Facultad de Matem\u00e1ticas e Inform\u00e1tica.<\/li>\n<\/ol>\n<p>&nbsp;[\/vc_column_text][\/vc_column][vc_column width=\u00bb1\/2&#8243;][vc_text_separator title=\u00bbDistribuci\u00f3n de los cr\u00e9ditos\u00bb i_icon_fontawesome=\u00bbfa fa-pencil\u00bb i_color=\u00bbblack\u00bb color=\u00bbcustom\u00bb accent_color=\u00bb#2a2a2a\u00bb add_icon=\u00bbtrue\u00bb][vc_column_text]<span style=\"font-size: 12pt;\"><strong>Distribuci\u00f3n de los cr\u00e9ditos a superar, seg\u00fan el tipo de asignatura, es la siguiente:<\/strong><\/span><\/p>\n<p>&nbsp;<\/p>\n<table id=\"AutoNumber3\" style=\"border: 1px solid black; height: 216px; width: 100%;\" border=\"1\" width=\"100%\" cellspacing=\"0\">\n<tbody>\n<tr style=\"height: 55px;\">\n<td style=\"border: 1px solid black; height: 55px;\" width=\"60%\">\n<p align=\"center\"><span style=\"font-size: 10pt;\"><b>Tipo<\/b><\/span><\/p>\n<\/td>\n<td style=\"border: 1px solid black; height: 55px;\" align=\"center\" width=\"20%\"><span style=\"font-size: 10pt;\"><b>Siglas<\/b><\/span><\/td>\n<td style=\"border: 1px solid black; height: 55px;\" align=\"center\" width=\"20%\"><span style=\"font-size: 10pt;\"><b>Cr\u00e9ditos ECTS<\/b><\/span><\/td>\n<\/tr>\n<tr style=\"height: 23px;\">\n<td style=\"border: 1px solid black; height: 23px;\" width=\"60%\"><span style=\"font-size: 10pt;\">Formaci\u00f3n B\u00e1sica del Grado de Matem\u00e1ticas<\/span><\/td>\n<td style=\"border: 1px solid black; height: 23px; text-align: center;\" align=\"center\" width=\"20%\"><span style=\"font-size: 10pt;\">FB<\/span><\/td>\n<td style=\"border: 1px solid black; height: 23px; text-align: center;\" align=\"center\" width=\"20%\"><span style=\"font-size: 10pt;\">36<\/span><\/td>\n<\/tr>\n<tr style=\"height: 23px;\">\n<td style=\"border: 1px solid black; height: 23px;\" width=\"60%\"><span style=\"font-size: 10pt;\">Formaci\u00f3n Obligatoria del Grado de Matem\u00e1ticas<\/span><\/td>\n<td style=\"border: 1px solid black; height: 23px; text-align: center;\" align=\"center\" width=\"20%\"><span style=\"font-size: 10pt;\">OB<\/span><\/td>\n<td style=\"border: 1px solid black; height: 23px; text-align: center;\" align=\"center\" width=\"20%\"><span style=\"font-size: 10pt;\">108<\/span><\/td>\n<\/tr>\n<tr style=\"height: 23px;\">\n<td style=\"border: 1px solid black; height: 23px;\" width=\"60%\"><span style=\"font-size: 10pt;\">Formaci\u00f3n B\u00e1sica del Grado de F\u00edsica<\/span><\/td>\n<td style=\"border: 1px solid black; height: 23px; text-align: center;\" align=\"center\" width=\"20%\"><span style=\"font-size: 10pt;\">FB<\/span><\/td>\n<td style=\"border: 1px solid black; height: 23px; text-align: center;\" align=\"center\" width=\"20%\"><span style=\"font-size: 10pt;\">30<\/span><\/td>\n<\/tr>\n<tr style=\"height: 23px;\">\n<td style=\"border: 1px solid black; height: 23px;\" width=\"60%\"><span style=\"font-size: 10pt;\">Formaci\u00f3n Obligatoria del Grado de F\u00edsica<\/span><\/td>\n<td style=\"border: 1px solid black; height: 23px; text-align: center;\" align=\"center\" width=\"20%\"><span style=\"font-size: 10pt;\">OB<\/span><\/td>\n<td style=\"border: 1px solid black; height: 23px; text-align: center;\" align=\"center\" width=\"20%\"><span style=\"font-size: 10pt;\">78<\/span><\/td>\n<\/tr>\n<tr style=\"height: 23px;\">\n<td style=\"border: 1px solid black; height: 23px;\" width=\"60%\"><span style=\"font-size: 10pt;\">Formaci\u00f3n Optativa de Menci\u00f3n en F\u00edsica Fundamental y minor en matem\u00e1ticas del Grado de F\u00edsica<\/span><\/td>\n<td style=\"border: 1px solid black; height: 23px; text-align: center;\" align=\"center\" width=\"20%\"><span style=\"font-size: 10pt;\">OTM<\/span><\/td>\n<td style=\"border: 1px solid black; height: 23px; text-align: center;\" align=\"center\" width=\"20%\"><span style=\"font-size: 10pt;\">48<\/span><\/td>\n<\/tr>\n<tr style=\"height: 23px;\">\n<td style=\"border: 1px solid black; height: 23px;\" width=\"60%\"><span style=\"font-size: 10pt;\">Asignatura Optativa de Matem\u00e1ticas\u00a0<\/span><\/td>\n<td style=\"border: 1px solid black; height: 23px; text-align: center;\" align=\"center\" width=\"20%\"><span style=\"font-size: 10pt;\">OT<\/span><\/td>\n<td style=\"border: 1px solid black; height: 23px; text-align: center;\" align=\"center\" width=\"20%\"><span style=\"font-size: 10pt;\">6<\/span><\/td>\n<\/tr>\n<tr>\n<td style=\"border: 1px solid black;\"><span style=\"font-size: 10pt;\">Asignatura Optativa de F\u00edsica<\/span><\/td>\n<td style=\"border: 1px solid black; text-align: center;\"><span style=\"font-size: 10pt;\">OT<\/span><\/td>\n<td style=\"border: 1px solid black; text-align: center;\"><span style=\"font-size: 10pt;\">6<\/span><\/td>\n<\/tr>\n<tr style=\"height: 23px;\">\n<td style=\"border: 1px solid black; height: 23px;\" width=\"60%\"><span style=\"font-size: 10pt;\">Trabajo de Final de Grados<\/span><\/td>\n<td style=\"border: 1px solid black; height: 23px; text-align: center;\" align=\"center\" width=\"20%\"><span style=\"font-size: 10pt;\">TR<\/span><\/td>\n<td style=\"border: 1px solid black; height: 23px; text-align: center;\" align=\"center\" width=\"20%\"><span style=\"font-size: 10pt;\">18 + 6<\/span><\/td>\n<\/tr>\n<\/tbody>\n<\/table>\n<p>&nbsp;[\/vc_column_text][\/vc_column][\/vc_row][vc_row][vc_column][vc_separator][vc_column_text css=\u00bb\u00bb]<\/p>\n<p style=\"text-align: left;\">Puede encontrar la normativa de la UB sobre estudios simult\u00e1neos en:<\/p>\n<ul>\n<li style=\"text-align: left;\"><a href=\"http:\/\/www.giga.ub.edu\/acad\/gdoc\/fitxers\/pdf\/models_matricula_graus_simultania.pdf\" target=\"_blank\" rel=\"noopener noreferrer\">Modelos para cursar ense\u00f1anzas oficiales de grado de manera simultanea (catal\u00e1n)<\/a><\/li>\n<\/ul>\n<p style=\"text-align: left;\">Consultad la informaci\u00f3n propia de cada uno de los Grados.<\/p>\n<ul>\n<li style=\"text-align: left;\"><a href=\"https:\/\/mat.ub.edu\/gradomatematicas\/\" target=\"_blank\" rel=\"noopener noreferrer\">Grado de Matem\u00e1ticas<\/a><\/li>\n<li style=\"text-align: left;\"><a href=\"https:\/\/www.ub.edu\/portal\/web\/fisica\/grau\/-\/ensenyaments\/detall\/6293998\/24\" target=\"_blank\" rel=\"noopener noreferrer\">Grado de F\u00edsica<\/a><\/li>\n<\/ul>\n<p>[\/vc_column_text][\/vc_column][\/vc_row]<\/p>\n<\/div>","protected":false},"excerpt":{"rendered":"<p>[vc_row][vc_column][vc_single_image image=\u00bb11&#8243; img_size=\u00bb2001&#215;200&#8243; alignment=\u00bbcenter\u00bb style=\u00bbvc_box_rounded\u00bb css_animation=\u00bbappear\u00bb][vc_column_text] Grados simult\u00e1neos de Matem\u00e1ticas y F\u00edsica [\/vc_column_text][vc_row_inner disable_element=\u00bbyes\u00bb][vc_column_inner width=\u00bb1\/2&#8243;][vc_btn title=\u00bbNotas de corte curso 2019\/2020&#8243; style=\u00bbflat\u00bb color=\u00bbsky\u00bb align=\u00bbcenter\u00bb i_icon_fontawesome=\u00bbfa fa-bar-chart\u00bb add_icon=\u00bbtrue\u00bb link=\u00bburl:http%3A%2F%2Fwww.ub.edu%2Fweb%2Fub%2Fes%2Festudis%2Foferta_formativa%2Fgraus%2Fnotes_tall%2Fnotes_tall.html||target:%20_blank\u00bb][\/vc_column_inner][vc_column_inner width=\u00bb1\/2&#8243;][vc_btn title=\u00bbInformaci\u00f3n para estudiantes de nuevo acceso\u00bb style=\u00bbflat\u00bb color=\u00bbsky\u00bb align=\u00bbcenter\u00bb i_icon_fontawesome=\u00bbfa fa-pencil\u00bb add_icon=\u00bbtrue\u00bb link=\u00bburl:https%3A%2F%2Fmat.ub.edu%2Falumnat-nou-acces%2Fmatesfisica||target:%20_blank|\u00bb][\/vc_column_inner][\/vc_row_inner][vc_row_inner][vc_column_inner][vc_btn title=\u00bbNotas de corte curso 2019\/2020&#8243; style=\u00bbflat\u00bb color=\u00bbsky\u00bb align=\u00bbcenter\u00bb i_icon_fontawesome=\u00bbfa fa-bar-chart\u00bb add_icon=\u00bbtrue\u00bb link=\u00bburl:http%3A%2F%2Fwww.ub.edu%2Fweb%2Fub%2Fes%2Festudis%2Foferta_formativa%2Fgraus%2Fnotes_tall%2Fnotes_tall.html||target:%20_blank\u00bb][\/vc_column_inner][\/vc_row_inner][\/vc_column][\/vc_row][vc_row][vc_column width=\u00bb1\/2&#8243;][vc_text_separator title=\u00bbPlan [&hellip;]<\/p>\n","protected":false},"author":1,"featured_media":0,"parent":0,"menu_order":0,"comment_status":"closed","ping_status":"closed","template":"","meta":{"footnotes":""},"class_list":["post-9","page","type-page","status-publish","hentry"],"_links":{"self":[{"href":"https:\/\/mat.ub.edu\/gradomatesfisica\/wp-json\/wp\/v2\/pages\/9","targetHints":{"allow":["GET"]}}],"collection":[{"href":"https:\/\/mat.ub.edu\/gradomatesfisica\/wp-json\/wp\/v2\/pages"}],"about":[{"href":"https:\/\/mat.ub.edu\/gradomatesfisica\/wp-json\/wp\/v2\/types\/page"}],"author":[{"embeddable":true,"href":"https:\/\/mat.ub.edu\/gradomatesfisica\/wp-json\/wp\/v2\/users\/1"}],"replies":[{"embeddable":true,"href":"https:\/\/mat.ub.edu\/gradomatesfisica\/wp-json\/wp\/v2\/comments?post=9"}],"version-history":[{"count":23,"href":"https:\/\/mat.ub.edu\/gradomatesfisica\/wp-json\/wp\/v2\/pages\/9\/revisions"}],"predecessor-version":[{"id":167,"href":"https:\/\/mat.ub.edu\/gradomatesfisica\/wp-json\/wp\/v2\/pages\/9\/revisions\/167"}],"wp:attachment":[{"href":"https:\/\/mat.ub.edu\/gradomatesfisica\/wp-json\/wp\/v2\/media?parent=9"}],"curies":[{"name":"wp","href":"https:\/\/api.w.org\/{rel}","templated":true}]}}