{"id":181,"date":"2017-07-05T09:37:31","date_gmt":"2017-07-05T09:37:31","guid":{"rendered":"https:\/\/mat.ub.edu\/grauinformatica\/?page_id=181"},"modified":"2021-01-31T19:15:06","modified_gmt":"2021-01-31T19:15:06","slug":"horari-cap-destudi","status":"publish","type":"page","link":"https:\/\/mat.ub.edu\/grauinformatica\/horari-cap-destudi\/","title":{"rendered":"Horari del cap d&#8217;estudis"},"content":{"rendered":"<div class=\"wpb-content-wrapper\"><p>[vc_row][vc_column][vc_column_text]<\/p>\n<h3><strong>Horari de visita<\/strong><\/h3>\n<p>&nbsp;<br \/>\nDr. Sergio Escalera Guerrero<\/p>\n<ul>\n<li><strong>Dilluns:\u00a0<\/strong>de 10 a 12 h<\/li>\n<li><strong>Dijous:\u00a0<\/strong>de 10 a 12 h<\/li>\n<\/ul>\n<p><strong>Adre\u00e7a electr\u00f2nica:<\/strong> capest-enginyeria-informatica@ub.edu<\/p>\n<p><strong><em>Durant el mes de juliol es necessita cita pr\u00e8via\u00a0<\/em><\/strong>[\/vc_column_text][\/vc_column][\/vc_row]<\/p>\n<\/div>","protected":false},"excerpt":{"rendered":"<p>[vc_row][vc_column][vc_column_text] Horari de visita &nbsp; Dr. Sergio Escalera Guerrero Dilluns:\u00a0de 10 a 12 h Dijous:\u00a0de 10 a 12 h Adre\u00e7a electr\u00f2nica: capest-enginyeria-informatica@ub.edu Durant el mes de juliol es necessita cita pr\u00e8via\u00a0[\/vc_column_text][\/vc_column][\/vc_row]<\/p>\n","protected":false},"author":1,"featured_media":0,"parent":0,"menu_order":0,"comment_status":"closed","ping_status":"closed","template":"","meta":{"footnotes":""},"class_list":["post-181","page","type-page","status-publish","hentry"],"_links":{"self":[{"href":"https:\/\/mat.ub.edu\/grauinformatica\/wp-json\/wp\/v2\/pages\/181","targetHints":{"allow":["GET"]}}],"collection":[{"href":"https:\/\/mat.ub.edu\/grauinformatica\/wp-json\/wp\/v2\/pages"}],"about":[{"href":"https:\/\/mat.ub.edu\/grauinformatica\/wp-json\/wp\/v2\/types\/page"}],"author":[{"embeddable":true,"href":"https:\/\/mat.ub.edu\/grauinformatica\/wp-json\/wp\/v2\/users\/1"}],"replies":[{"embeddable":true,"href":"https:\/\/mat.ub.edu\/grauinformatica\/wp-json\/wp\/v2\/comments?post=181"}],"version-history":[{"count":19,"href":"https:\/\/mat.ub.edu\/grauinformatica\/wp-json\/wp\/v2\/pages\/181\/revisions"}],"predecessor-version":[{"id":663,"href":"https:\/\/mat.ub.edu\/grauinformatica\/wp-json\/wp\/v2\/pages\/181\/revisions\/663"}],"wp:attachment":[{"href":"https:\/\/mat.ub.edu\/grauinformatica\/wp-json\/wp\/v2\/media?parent=181"}],"curies":[{"name":"wp","href":"https:\/\/api.w.org\/{rel}","templated":true}]}}