{"id":4,"date":"2016-11-28T11:25:19","date_gmt":"2016-11-28T11:25:19","guid":{"rendered":"http:\/\/mat.ub.edu\/grauinfcat\/?page_id=4"},"modified":"2025-10-29T12:45:57","modified_gmt":"2025-10-29T12:45:57","slug":"presentacio","status":"publish","type":"page","link":"https:\/\/mat.ub.edu\/grauinformatica\/","title":{"rendered":"Presentaci\u00f3"},"content":{"rendered":"<div class=\"wpb-content-wrapper\"><p>[vc_row][vc_column][vc_single_image image=&#8221;5&#8243; img_size=&#8221;2000&#215;200&#8243; alignment=&#8221;center&#8221; style=&#8221;vc_box_rounded&#8221; css_animation=&#8221;appear&#8221;][vc_column_text]<\/p>\n<h1>Grau en Enginyeria Inform\u00e0tica<\/h1>\n<p>[\/vc_column_text][vc_row_inner][vc_column_inner][\/vc_column_inner][\/vc_row_inner][vc_text_separator title=&#8221;Pla d&#8217;Estudis&#8221; i_icon_fontawesome=&#8221;fa fa-graduation-cap&#8221; i_color=&#8221;black&#8221; color=&#8221;custom&#8221; accent_color=&#8221;#2a2a2a&#8221; add_icon=&#8221;true&#8221;][vc_column_text]<\/p>\n<p style=\"text-align: justify;\">El Pla d\u2019estudis del grau en Enginyeria Inform\u00e0tica consta de 240 cr\u00e8dits ECTS, distribu\u00efts en quatre anys.<\/p>\n<p style=\"text-align: justify;\">Els tres primers anys es cursen 180 cr\u00e8dits corresponents a mat\u00e8ries b\u00e0siques i obligat\u00f2ries. Totes aquestes mat\u00e8ries es desenvolupen en assignatures de 6 cr\u00e8dits ECTS.<\/p>\n<p style=\"text-align: justify;\">El quart any es cursen 12 cr\u00e8dits obligatoris, 30 cr\u00e8dits optatius i 18 cr\u00e8dits del Treball Final de Grau. Aquests 30 cr\u00e8dits optatius s\u2019han d\u2019escollir d\u2019una sola de les mencions ofertes:<\/p>\n<ul style=\"text-align: justify;\">\n<li><a href=\"http:\/\/www.ub.edu\/gestio-ensenyaments\/Matematiques\/G1077_Z0002_APL.pdf\" target=\"_blank\" rel=\"noopener\">Menci\u00f3 en Inform\u00e0tica<\/a><\/li>\n<li><a href=\"http:\/\/www.ub.edu\/gestio-ensenyaments\/Matematiques\/G1077_Z0003_APL.pdf\" target=\"_blank\" rel=\"noopener\">Menci\u00f3 en Matem\u00e0tiques<\/a><\/li>\n<li><a href=\"http:\/\/www.ub.edu\/gestio-ensenyaments\/Matematiques\/G1077_Z0004_APL.pdf\" target=\"_blank\" rel=\"noopener\">Menci\u00f3 en Gesti\u00f3 Empresarial<\/a><\/li>\n<li><a href=\"http:\/\/www.ub.edu\/gestio-ensenyaments\/Matematiques\/G1077_Z0005_APL.pdf\" target=\"_blank\" rel=\"noopener\">Menci\u00f3 en Bioinform\u00e0tica<\/a><\/li>\n<\/ul>\n<p style=\"text-align: justify;\">La menci\u00f3 escollida es recull en el suplement europeu del t\u00edtol. En tots els casos hi ha la possibilitat d\u2019obtenir 6 cr\u00e8dits ECTS mitjan\u00e7ant la participaci\u00f3 en activitats universit\u00e0ries, culturals, esportives, de representaci\u00f3 estudiantil, solid\u00e0ries i de cooperaci\u00f3 (fins un m\u00e0xim de 6 cr\u00e8dits)<\/p>\n<p style=\"text-align: justify;\">En el cas de <u>Menci\u00f3 en Inform\u00e0tica es poden realitzar Pr\u00e0ctiques en Empreses<\/u> fins a un m\u00e0xim de 12 cr\u00e8dits. En la resta de mencions no es poden fer pr\u00e0ctiques curriculars en empresa.<\/p>\n<p style=\"text-align: justify;\"><strong>Consulteu les assignatures per Menci\u00f3<\/strong><\/p>\n<p>[\/vc_column_text][vc_row_inner][vc_column_inner][vc_btn title=&#8221;Curs 2025-2026&#8243; style=&#8221;flat&#8221; color=&#8221;sky&#8221; align=&#8221;center&#8221; css=&#8221;&#8221; link=&#8221;url:http%3A%2F%2Fwww.ub.edu%2Fgrad%2Finfes%2FfitxaInfe.jsp%3Fn0%3DN%26n1%3D0%26n2%3D0%26curs%3D2025%26ens%3DTG1077%26idioma%3Dcat|target:_blank&#8221;][\/vc_column_inner][\/vc_row_inner][\/vc_column][\/vc_row][vc_row][vc_column][vc_tta_tabs alignment=&#8221;center&#8221; active_section=&#8221;1&#8243;][vc_tta_section i_icon_fontawesome=&#8221;fa fa-mouse-pointer&#8221; add_icon=&#8221;true&#8221; title=&#8221;Objectius&#8221; tab_id=&#8221;objectius&#8221;][vc_column_text]<\/p>\n<p style=\"text-align: justify;\"><strong>El t\u00edtol d\u2019Enginyeria Inform\u00e0tica t\u00e9 com a objectiu fonamental la formaci\u00f3 tecnol\u00f2gica, cient\u00edfica i socioecon\u00f2mica en l\u2019\u00e0mbit de la inform\u00e0tica.<\/strong><\/p>\n<p style=\"text-align: justify;\">La titulaci\u00f3 proporciona un estudi ampli dels ordinadors i dels algoritmes com a processos computacionals incloent-hi els principis, el disseny de programari i maquinari, les aplicacions i l\u2019impacte en la societat. El t\u00edtol s\u2019orienta cap a la formaci\u00f3 b\u00e0sica de professionals que puguin dur a terme dos tipus espec\u00edfics de tasques en el m\u00f3n de la inform\u00e0tica:<\/p>\n<ul>\n<li style=\"text-align: justify;\">(1) dissenyar i implementar programari, i<\/li>\n<li style=\"text-align: justify;\">(2) dissenyar i implementar solucions inform\u00e0tiques innovadores en \u00e0rees de treball d\u2019aparici\u00f3 recent.<\/li>\n<\/ul>\n<p style=\"text-align: justify;\">El primer perfil pret\u00e9n formar professionals que siguin capa\u00e7os de cobrir llocs de treball que requereixin un nivell de programaci\u00f3 elevat, ja sigui per la complexitat dels projectes que es desenvolupin o pel nivell d\u2019innovaci\u00f3 que suposi l\u2019aplicaci\u00f3 proposada. Aquests professionals han de tenir una formaci\u00f3 b\u00e0sica s\u00f2lida a nivell te\u00f2ric, que es completi amb coneixements sobre metodologies i estrat\u00e8gies de treball en aquest tipus d\u2019entorns i sobre el m\u00f3n de l\u2019empresa.<\/p>\n<p style=\"text-align: justify;\">El segon perfil pret\u00e9n formar professionals que, dins de l\u2019\u00e0mbit de les aplicacions de la inform\u00e0tica, puguin treballar en algun camp que estigui innovant en l\u2019\u00fas de la inform\u00e0tica. M\u00e9s concretament, s\u2019han identificat tres \u00e0rees d\u2019especial inter\u00e8s:<\/p>\n<ul style=\"text-align: justify;\">\n<li>Les aplicacions avan\u00e7ades de la inform\u00e0tica en l\u2019\u00e0mbit d\u2019Internet (incloent-hi la inform\u00e0tica m\u00f2bil).<\/li>\n<li>Les aplicacions de la inform\u00e0tica en \u00e0rees cient\u00edfiques, com en el cas de la biotecnologia.<\/li>\n<li>Les aplicacions de la inform\u00e0tica en el processament i l\u2019an\u00e0lisi de grans volums d\u2019informaci\u00f3 no estructurada.<\/li>\n<\/ul>\n<p style=\"text-align: justify;\">La carrera, a m\u00e9s de preparar per a l\u2019exercici professional en el desenvolupament i l\u2019aplicaci\u00f3 de les tecnologies de la informaci\u00f3, ha de donar una formaci\u00f3 b\u00e0sica i experta en inform\u00e0tica que permeti al diplomat d\u2019estar capacitat per continuar els estudis a un nivell superior (m\u00e0ster, doctorat, etc.).<\/p>\n<p style=\"text-align: justify;\">A m\u00e9s, es transmetr\u00e0 als estudiants el respecte pels drets fonamentals i pels drets d\u2019igualtat entre homes i dones, de no discriminaci\u00f3 i d\u2019accessibilitat universal a les persones amb discapacitat.<\/p>\n<p>[\/vc_column_text][\/vc_tta_section][vc_tta_section i_icon_fontawesome=&#8221;fa fa-book&#8221; add_icon=&#8221;true&#8221; title=&#8221;Compet\u00e8ncies&#8221; tab_id=&#8221;competencies&#8221;][vc_column_text]<\/p>\n<p style=\"text-align: justify;\"><strong>Compet\u00e8ncies transversals:<\/strong><\/p>\n<ul style=\"text-align: justify;\">\n<li style=\"text-align: left;\">Capacitat per aplicar els coneixements adquirits per elaborar i defensar arguments, i per resoldre problemes relacionats amb la inform\u00e0tica.<\/li>\n<li style=\"text-align: left;\">Capacitat per reunir i interpretar dades rellevants per emetre judicis que incloguin una reflexi\u00f3 sobre temes importants relacionats amb la inform\u00e0tica.<\/li>\n<li style=\"text-align: left;\">Capacitat de treballar aut\u00f2nomament i de prendre decisions.<\/li>\n<li style=\"text-align: left;\">Capacitat de fer raonaments cr\u00edtics i l\u00f2gics.<\/li>\n<li style=\"text-align: left;\">Capacitat comunicativa.<\/li>\n<li style=\"text-align: left;\">Capacitat abstractiva: crear i utilitzar models que reflecteixin situacions reals.<\/li>\n<li style=\"text-align: left;\">Capacitat de treballar en equip.<\/li>\n<li style=\"text-align: left;\">Capacitat creativa i emprenedora.<\/li>\n<li style=\"text-align: left;\">Capacitat de dissenyar i dur a terme testos i experiments, i analitzar-ne i interpretar-ne els resultats.<\/li>\n<li style=\"text-align: left;\">Capacitat per aprendre de manera aut\u00f2noma nous coneixements i t\u00e8cniques, adequats per concebre, desenvolupar i explotar sistemes inform\u00e0tics.<\/li>\n<\/ul>\n<p style=\"text-align: justify;\"><strong>Compet\u00e8ncies generals:<\/strong><\/p>\n<ul style=\"text-align: justify;\">\n<li style=\"text-align: left;\">Capacitat per concebre, redactar, organitzar, planificar, desenvolupar i signar projectes en l&#8217;\u00e0mbit de l&#8217;enginyeria en inform\u00e0tica que tinguin per objecte, d&#8217;acord amb els coneixements adquirits en el grau, concebre, desenvolupar o explotar sistemes, serveis i aplicacions inform\u00e0tiques.<\/li>\n<li style=\"text-align: left;\">Capacitat per dirigir les activitats objecte dels projectes de l&#8217;\u00e0mbit de la inform\u00e0tica d&#8217;acord amb els coneixements adquirits en el grau.<\/li>\n<li style=\"text-align: left;\">Capacitat per dissenyar, desenvolupar, avaluar i assegurar l&#8217;accessibilitat, ergonomia, usabilitat i seguretat dels sistemes, serveis i aplicacions inform\u00e0tiques, aix\u00ed com de la informaci\u00f3 que gestionen.<\/li>\n<li style=\"text-align: left;\">Capacitat per definir, avaluar i seleccionar plataformes de maquinari i programari per desenvolupar i executar sistemes, serveis i aplicacions inform\u00e0tiques d&#8217;acord amb els coneixements adquirits durant els estudis del grau.<\/li>\n<li style=\"text-align: left;\">Capacitat per concebre, desenvolupar i mantenir sistemes, serveis i aplicacions inform\u00e0tiques emprant els m\u00e8todes de l&#8217;enginyeria del programari com a instrument per assegurar-ne la qualitat d&#8217;acord amb els coneixements adquirits en el grau.<\/li>\n<li style=\"text-align: left;\">Capacitat per concebre i desenvolupar sistemes o arquitectures inform\u00e0tiques centralitzades o distribu\u00efdes integrant maquinari, programari i xarxes d&#8217;acord amb els coneixements adquirits en el grau.<\/li>\n<li style=\"text-align: left;\">Capacitat per con\u00e8ixer, comprendre i aplicar la legislaci\u00f3 necess\u00e0ria durant el desenvolupament de la professi\u00f3 d&#8217;enginyer t\u00e8cnic en inform\u00e0tica i manejar especificacions, reglaments i normes de compliment obligat.<\/li>\n<li style=\"text-align: left;\">Coneixement de les mat\u00e8ries b\u00e0siques i tecnologies, que capacitin per a l&#8217;aprenentatge i desenvolupament de tecnologies i m\u00e8todes nous, com tamb\u00e9 de les que proporcionin una gran versatilitat per adaptar-se a situacions noves.<\/li>\n<li style=\"text-align: left;\">Capacitat per resoldre problemes amb iniciativa, prendre decisions, ser aut\u00f2nom i creatiu.<\/li>\n<li style=\"text-align: left;\">Capacitat per comunicar i transmetre els coneixements, habilitats i destreses de la professi\u00f3 d&#8217;enginyer t\u00e8cnic en inform\u00e0tica.<\/li>\n<li style=\"text-align: left;\">Coneixements per dir a terme mesuraments, c\u00e0lculs, valoracions, taxacions, peritatges, estudis, informes, planificaci\u00f3 de tasques i altres treballs an\u00e0legs d&#8217;inform\u00e0tica, d&#8217;acord amb els coneixements adquirits en el grau.<\/li>\n<li style=\"text-align: left;\">Capacitat per analitzar i valorar l&#8217;impacte social i mediambiental de les solucions t\u00e8cniques, i per comprendre la responsabilitat \u00e8tica i professional de l&#8217;activitat de l&#8217;enginyer t\u00e8cnic en inform\u00e0tica.<\/li>\n<li style=\"text-align: left;\">Coneixement i aplicaci\u00f3 d&#8217;elements b\u00e0sics d&#8217;economia i de gesti\u00f3 de recursos humans, organitzaci\u00f3 i planificaci\u00f3 de projectes, aix\u00ed com la legislaci\u00f3, regulaci\u00f3 i normalitzaci\u00f3 en l&#8217;\u00e0mbit dels projectes inform\u00e0tics, d&#8217;acord amb els coneixements adquirits en el grau.<\/li>\n<\/ul>\n<p style=\"text-align: justify;\"><strong>Compet\u00e8ncies espec\u00edfiques:<\/strong><\/p>\n<ul>\n<li style=\"text-align: justify;\"><strong>Formaci\u00f3 B\u00e0sica:<\/strong>\n<ul>\n<li>Capacitat per resoldre els problemes matem\u00e0tics que puguin plantejar-se en l&#8217;enginyeria.<\/li>\n<li>Capacitat per comprendre i dominar els conceptes b\u00e0sics de camps i ones, electromagnetisme, teoria de circuits el\u00e8ctrics, circuits electr\u00f2nics, principi f\u00edsic dels semiconductors i fam\u00edlies l\u00f2giques, dispositius electr\u00f2nics i fot\u00f2nics, i aplicar-ho per resoldre problemes propis de l&#8217;enginyeria.<\/li>\n<li>Capacitat per comprendre i dominar els conceptes b\u00e0sics de matem\u00e0tica discreta, l\u00f2gica, algor\u00edsmica i complexitat computacional, i aplicar-los per resoldre problemes propis de l&#8217;enginyeria.<\/li>\n<li>Coneixements b\u00e0sics sobre l&#8217;\u00fas i programaci\u00f3 dels ordinadors, sistemes operatius, bases de dades i programes inform\u00e0tics amb aplicaci\u00f3 en enginyeria.<\/li>\n<li>Coneixement de l&#8217;estructura, organitzaci\u00f3, funcionament i interconnexi\u00f3 dels sistemes inform\u00e0tics, els fonaments de la seva programaci\u00f3, i la seva aplicaci\u00f3 per a la resoluci\u00f3 de problemes propis de l&#8217;enginyeria.<\/li>\n<li>Coneixement adequat del concepte d&#8217;empresa, marc institucional i jur\u00eddic de l&#8217;empresa.<\/li>\n<\/ul>\n<\/li>\n<li style=\"text-align: justify;\"><strong>Formaci\u00f3 Comuna:<\/strong>\n<ul>\n<li>Capacitat per dissenyar, desenvolupar, seleccionar i avaluar aplicacions i sistemes inform\u00e0tics, i assegurar-ne la fiabilitat, seguretat i qualitat d&#8217;acord amb principis \u00e8tics i la legislaci\u00f3 i normativa vigents.<\/li>\n<li>Capacitat per planificar, concebre, desplegar i dirigir projectes, serveis i sistemes inform\u00e0tics en tots els \u00e0mbits, liderar-ne la posada en marxa i la millora cont\u00ednua, i valorar-ne l&#8217;impacte econ\u00f2mic i social.<\/li>\n<li>Capacitat per comprendre la import\u00e0ncia de la negociaci\u00f3, els h\u00e0bits de treball efectius, el lideratge i les habilitats de comunicaci\u00f3 en tots els entorns de desenvolupament del programari.<\/li>\n<li>Capacitat per elaborar el plec de condicions t\u00e8cniques d&#8217;una instal\u00b7laci\u00f3 inform\u00e0tica que compleixi els est\u00e0ndards i normatives vigents.<\/li>\n<li>Coneixement, administraci\u00f3 i manteniment de sistemes, serveis i aplicacions inform\u00e0tiques.<\/li>\n<li>Coneixement i aplicaci\u00f3 dels procediments algor\u00edsmics b\u00e0sics de les tecnologies inform\u00e0tiques per dissenyar solucions a problemes, analitzant la idone\u00eftat i complexitat dels algorismes proposats.<\/li>\n<li>Coneixement, disseny i utilitzaci\u00f3 de manera eficient dels tipus i estructures de dades m\u00e9s adequats a la resoluci\u00f3 d&#8217;un problema.<\/li>\n<li>Capacitat per analitzar, dissenyar, construir i mantenir aplicacions de manera robusta, segura i eficient, i triar el paradigma i els llenguatges de programaci\u00f3 m\u00e9s adequats.<\/li>\n<li>Capacitat per con\u00e8ixer, comprendre i avaluar l&#8217;estructura i arquitectura dels computadors, aix\u00ed com els components b\u00e0sics que els conformen.<\/li>\n<li>Coneixement de les caracter\u00edstiques, funcionalitats i estructura dels Sistemes Operatius i dissenyar i implementar aplicacions basades en els seus serveis.<\/li>\n<li>Coneixement i aplicaci\u00f3 de les caracter\u00edstiques, funcionalitats i estructura dels sistemes distribu\u00efts, les xarxes de computadors i Internet, i disseny i implementaci\u00f3 d&#8217;aplicacions que s&#8217;hi basen.<\/li>\n<li>Coneixement i aplicaci\u00f3 de les caracter\u00edstiques, funcionalitats i estructura de les bases de dades, que en permetin l&#8217;\u00fas adequat, i el disseny, an\u00e0lisi i implementaci\u00f3 d&#8217;aplicacions que s&#8217;hi basen.<\/li>\n<li>Coneixement i aplicaci\u00f3 de les eines necess\u00e0ries per emmagatzemar, processar i accedir als sistemes d&#8217;informaci\u00f3, inclosos els basats en web.<\/li>\n<li>Coneixement i aplicaci\u00f3 dels principis fonamentals i t\u00e8cniques b\u00e0siques de la programaci\u00f3 paral\u00b7lela, concurrent, distribu\u00efda i de temps real.<\/li>\n<li>Coneixement i aplicaci\u00f3 dels principis fonamentals i t\u00e8cniques b\u00e0siques dels sistemes intel\u00b7ligents i la seva aplicaci\u00f3 pr\u00e0ctica.<\/li>\n<li>Coneixement i aplicaci\u00f3 dels principis, metodologies i cicles de vida de l&#8217;enginyeria del programari.<\/li>\n<li>Capacitat per dissenyar i avaluar interf\u00edcies persona computador que garanteixin l&#8217;accessibilitat i usabilitat de sistemes, serveis i aplicacions inform\u00e0tiques.<\/li>\n<li>Coneixement de la normativa i la regulaci\u00f3 de la inform\u00e0tica en els \u00e0mbits nacional, europeu i internacional.<\/li>\n<\/ul>\n<\/li>\n<li><strong>Tecnologia espec\u00edfica: Computaci\u00f3:<\/strong>\n<ul>\n<li style=\"text-align: justify;\">Capacitat per tenir un coneixement profund dels principis fonamentals i models de la computaci\u00f3, i saber-los aplicar per interpretar, seleccionar, valorar, modelar i crear nous conceptes, teories, usos i desenvolupaments tecnol\u00f2gics relacionats amb la inform\u00e0tica.<\/li>\n<li style=\"text-align: justify;\">Capacitat per con\u00e8ixer els fonaments te\u00f2rics dels llenguatges de programaci\u00f3 i les t\u00e8cniques de processament l\u00e8xic, sint\u00e0ctic i sem\u00e0ntic associades, i saber aplicar-les per crear, dissenyar i processar llenguatges.<\/li>\n<li style=\"text-align: justify;\">Capacitat per avaluar la complexitat computacional d&#8217;un problema, con\u00e8ixer estrat\u00e8gies algor\u00edsmiques que puguin conduir a resoldre&#8217;l i recomanar, desenvolupar i implementar el que garanteixi el millor rendiment d&#8217;acord amb els requisits establerts.<\/li>\n<li style=\"text-align: justify;\">Capacitat per con\u00e8ixer els fonaments, paradigmes i t\u00e8cniques propis dels sistemes intel\u00b7ligents i analitzar, dissenyar i construir sistemes, serveis i aplicacions inform\u00e0tiques que utilitzin aquestes t\u00e8cniques en qualsevol \u00e0mbit d&#8217;aplicaci\u00f3.<\/li>\n<li style=\"text-align: justify;\">Capacitat per adquirir, obtenir, formalitzar i representar el coneixement hum\u00e0 en una forma computable per resoldre problemes mitjan\u00e7ant un sistema inform\u00e0tic en qualsevol \u00e0mbit d&#8217;aplicaci\u00f3, particularment els relacionats amb aspectes de computaci\u00f3, percepci\u00f3 i actuaci\u00f3 en ambients o entorns intel\u00b7ligents.<\/li>\n<li style=\"text-align: justify;\">Capacitat per desenvolupar i avaluar sistemes interactius i de presentaci\u00f3 d&#8217;informaci\u00f3 complexa, i aplicar-los a la resoluci\u00f3 de problemes de disseny d&#8217;interacci\u00f3 entre persona i ordinador.<\/li>\n<li style=\"text-align: justify;\">Capacitat per con\u00e8ixer i desenvolupar t\u00e8cniques d&#8217;aprenentatge computacional, i dissenyar i implementar aplicacions i sistemes que les utilitzin, incloses les dedicades a l&#8217;extracci\u00f3 autom\u00e0tica d&#8217;informaci\u00f3 i coneixement a partir de grans volums de dades.<\/li>\n<\/ul>\n<\/li>\n<\/ul>\n<p>[\/vc_column_text][\/vc_tta_section][vc_tta_section i_icon_fontawesome=&#8221;fa fa-briefcase&#8221; add_icon=&#8221;true&#8221; title=&#8221;Sortides&#8221; tab_id=&#8221;capacitacio&#8221;][vc_column_text]<\/p>\n<p style=\"text-align: justify;\">Durant els \u00faltims anys, s\u2019han dut a terme estudis d\u2019inserci\u00f3 laboral dels graduats en Enginyeria Inform\u00e0tica, que mostren que les expectatives laborals per a aquests titulats s\u00f3n molt atractives i d\u2019una gran aplicaci\u00f3 en diferents camps, com ara:<\/p>\n<ul>\n<li style=\"text-align: justify;\">Direcci\u00f3 de projectes d\u2019inform\u00e0tica relacionats amb programaci\u00f3 i amb maquin\u00e0ria, inclosa la gesti\u00f3 d\u2019equips de persones, de recursos i de relaci\u00f3 amb els clients.<\/li>\n<li style=\"text-align: justify;\">Gesti\u00f3 i explotaci\u00f3 del coneixement i de la informaci\u00f3 en suport digital.<\/li>\n<li style=\"text-align: justify;\">Estudi i transfer\u00e8ncia de tecnologia a altres professionals.<\/li>\n<li style=\"text-align: justify;\">Participaci\u00f3 en R+D en centres p\u00fablics i privats.<\/li>\n<li style=\"text-align: justify;\">Ind\u00fastria.<\/li>\n<li style=\"text-align: justify;\">Doc\u00e8ncia i recerca.<\/li>\n<li style=\"text-align: justify;\">An\u00e0lisi i programaci\u00f3 en aplicacions inform\u00e0tiques de qualsevol tipus.<\/li>\n<li style=\"text-align: justify;\">Administraci\u00f3 de sistemes inform\u00e0tics i xarxes d\u2019ordinadors de gran complexitat.<\/li>\n<li style=\"text-align: justify;\">Responsabilitat en departaments de tecnologia inform\u00e0tica.<\/li>\n<\/ul>\n<p>[\/vc_column_text][\/vc_tta_section][vc_tta_section i_icon_fontawesome=&#8221;fa fa-line-chart&#8221; add_icon=&#8221;true&#8221; title=&#8221;Inserci\u00f3 Laboral&#8221; tab_id=&#8221;laboral&#8221;][vc_column_text css=&#8221;&#8221;]<\/p>\n<p style=\"text-align: justify;\">Un informe d\u2019inserci\u00f3 laboral de la titulaci\u00f3 proporcionat per AQU-Catalunya confirma l\u2019aplicaci\u00f3 en les \u00e0rees de:<\/p>\n<ul style=\"text-align: justify;\">\n<li>Tecnologies de la comunicaci\u00f3.<\/li>\n<li>Educaci\u00f3 i recerca.<\/li>\n<li>Serveis a les empreses.<\/li>\n<li>Institucions financeres.<\/li>\n<li>Per a les altres titulacions relacionades amb la inform\u00e0tica, les dades d\u2019ocupaci\u00f3 s\u00f3n similars.<\/li>\n<\/ul>\n<p>[\/vc_column_text][\/vc_tta_section][vc_tta_section i_icon_fontawesome=&#8221;fa fa-gavel&#8221; add_icon=&#8221;true&#8221; title=&#8221;Perman\u00e8ncia&#8221; tab_id=&#8221;normativa&#8221;][vc_column_text css=&#8221;&#8221;]<\/p>\n<div id=\"d6\">\n<p style=\"text-align: justify;\">Per con\u00e8ixer les normes que regulen la perman\u00e8ncia dels estudiants a la Universitat, consulteu els enlla\u00e7os seg\u00fcents:<\/p>\n<ul style=\"text-align: justify;\">\n<li><a href=\"https:\/\/mat.ub.edu\/secretaria\/tramits-destudis-de-grau\/matricula\/#normativa\">https:\/\/mat.ub.edu\/secretaria\/tramits-destudis-de-grau\/matricula\/#normativa<\/a><\/li>\n<\/ul>\n<p style=\"text-align: justify;\">Per saber quin \u00e9s el nombre m\u00ednim de cr\u00e8dits de matr\u00edcula per estudiant i per\u00edode lectiu que estableix la Universitat de Barcelona, consulteu els enlla\u00e7os seg\u00fcents:<\/p>\n<ul style=\"text-align: justify;\">\n<li><a href=\"http:\/\/www.ub.edu\/acad\/grau\/matricula\/matricula.html\">http:\/\/www.ub.edu\/acad\/grau\/matricula\/matricula.html<\/a><\/li>\n<li><a href=\"http:\/\/www.ub.edu\/acad\/noracad\/matricula\/welcome.html\">http:\/\/www.ub.edu\/acad\/noracad\/matricula\/welcome.html<\/a><\/li>\n<\/ul>\n<\/div>\n<p>[\/vc_column_text][\/vc_tta_section][\/vc_tta_tabs][vc_text_separator title=&#8221;Assignatures&#8221; i_icon_fontawesome=&#8221;fa fa-pencil&#8221; i_color=&#8221;black&#8221; color=&#8221;custom&#8221; accent_color=&#8221;#2a2a2a&#8221; add_icon=&#8221;true&#8221;][\/vc_column][\/vc_row][vc_row][vc_column][vc_single_image image=&#8221;372&#8243; img_size=&#8221;800&#215;800&#8243; alignment=&#8221;center&#8221;][\/vc_column][\/vc_row]<\/p>\n<\/div>","protected":false},"excerpt":{"rendered":"<p>[vc_row][vc_column][vc_single_image image=&#8221;5&#8243; img_size=&#8221;2000&#215;200&#8243; alignment=&#8221;center&#8221; style=&#8221;vc_box_rounded&#8221; css_animation=&#8221;appear&#8221;][vc_column_text] Grau en Enginyeria Inform\u00e0tica [\/vc_column_text][vc_row_inner][vc_column_inner][\/vc_column_inner][\/vc_row_inner][vc_text_separator title=&#8221;Pla d&#8217;Estudis&#8221; i_icon_fontawesome=&#8221;fa fa-graduation-cap&#8221; i_color=&#8221;black&#8221; color=&#8221;custom&#8221; accent_color=&#8221;#2a2a2a&#8221; add_icon=&#8221;true&#8221;][vc_column_text] El Pla d\u2019estudis del grau en Enginyeria Inform\u00e0tica consta de 240 cr\u00e8dits ECTS, distribu\u00efts en quatre anys. Els tres primers anys es cursen 180 cr\u00e8dits corresponents a mat\u00e8ries b\u00e0siques i obligat\u00f2ries. Totes aquestes mat\u00e8ries es desenvolupen [&hellip;]<\/p>\n","protected":false},"author":3,"featured_media":0,"parent":0,"menu_order":0,"comment_status":"closed","ping_status":"closed","template":"","meta":{"footnotes":""},"class_list":["post-4","page","type-page","status-publish","hentry"],"_links":{"self":[{"href":"https:\/\/mat.ub.edu\/grauinformatica\/wp-json\/wp\/v2\/pages\/4","targetHints":{"allow":["GET"]}}],"collection":[{"href":"https:\/\/mat.ub.edu\/grauinformatica\/wp-json\/wp\/v2\/pages"}],"about":[{"href":"https:\/\/mat.ub.edu\/grauinformatica\/wp-json\/wp\/v2\/types\/page"}],"author":[{"embeddable":true,"href":"https:\/\/mat.ub.edu\/grauinformatica\/wp-json\/wp\/v2\/users\/3"}],"replies":[{"embeddable":true,"href":"https:\/\/mat.ub.edu\/grauinformatica\/wp-json\/wp\/v2\/comments?post=4"}],"version-history":[{"count":75,"href":"https:\/\/mat.ub.edu\/grauinformatica\/wp-json\/wp\/v2\/pages\/4\/revisions"}],"predecessor-version":[{"id":1017,"href":"https:\/\/mat.ub.edu\/grauinformatica\/wp-json\/wp\/v2\/pages\/4\/revisions\/1017"}],"wp:attachment":[{"href":"https:\/\/mat.ub.edu\/grauinformatica\/wp-json\/wp\/v2\/media?parent=4"}],"curies":[{"name":"wp","href":"https:\/\/api.w.org\/{rel}","templated":true}]}}