{"id":414,"date":"2018-07-03T10:15:49","date_gmt":"2018-07-03T10:15:49","guid":{"rendered":"https:\/\/mat.ub.edu\/grauinformatica\/?page_id=414"},"modified":"2025-11-17T08:05:20","modified_gmt":"2025-11-17T08:05:20","slug":"premi-joaquim-font","status":"publish","type":"page","link":"https:\/\/mat.ub.edu\/grauinformatica\/premi-joaquim-font\/","title":{"rendered":"Premi Joaquim Font"},"content":{"rendered":"<div class=\"wpb-content-wrapper\"><p>[vc_row][vc_column][vc_column_text css=&#8221;&#8221;]<\/p>\n<p style=\"text-align: justify\">El premi Joaquim Font s&#8217;atorga a l&#8217;alumne\/a que finalitza els estudis de grau en Enginyeria Inform\u00e0tica amb millor expedient acad\u00e8mic.<\/p>\n<p style=\"text-align: justify\">El professor Joaquim Font i Arj\u00f3 (1958-2010) es va llicenciar i doctorar en Matem\u00e0tiques per la Universitat de Barcelona. Va comen\u00e7ar la seva tasca docent i investigadora en l&#8217;antic Departament de Matem\u00e0tica Aplicada i An\u00e0lisi. L&#8217;any 2000 va rebre l&#8217;enc\u00e0rrec del rector per engegar l&#8217;ensenyament d&#8217;Enginyeria T\u00e8cnica en Inform\u00e0tica de Sistemes, del qual va ser el primer cap d&#8217;estudis.<\/p>\n<p style=\"text-align: justify\">La seva recerca es desenvolup\u00e0\u00a0 en el camp de la mec\u00e0nica celeste, estudiant aspectes del problema restringit de tres cossos i de potencials gal\u00e0ctics. Hom recorda la seva passi\u00f3 per ensenyar i la gran dedicaci\u00f3 a la creaci\u00f3 i l&#8217;impuls dels estudis d&#8217;inform\u00e0tica a la UB.<\/p>\n<p style=\"text-align: justify\">Amb la intenci\u00f3 de visibilitzar aquests estudis, la Facultat de Matem\u00e0tiques va canviar el nom oficial per Facultat de Matem\u00e0tiques i Inform\u00e0tica i ha instaurat aquest premi el curs 2017-2018 amb el patrocini de l&#8217;empresa GMS Management Solutions. El premi s&#8217;atorga d&#8217;ofici al millor expedient d&#8217;Enginyeria Inform\u00e0tica sense que calgui presentar-s&#8217;hi formalment.<\/p>\n<p style=\"text-align: justify\">El premi consta d&#8217;un diploma i 1.000 \u20ac (excepte retencions legals), que es reben en l&#8217;acte de lliurament de diplomes i premis que se celebra en el Paranimf de la UB cada any a la tardor.<\/p>\n<p><a href=\"https:\/\/mat.ub.edu\/fac\/documents\/2019_Premi_Font.pdf\" target=\"_blank\" rel=\"noopener\">Convocat\u00f2ria curs 2018-2019<\/a><\/p>\n<p><a href=\"https:\/\/mat.ub.edu\/grauinformatica\/wp-content\/uploads\/sites\/4\/2020\/12\/convocat\u00f2ria_2020_Premi_Font_EI.pdf\">Convocat\u00f2ria curs 2019-2020<\/a><\/p>\n<p><a href=\"https:\/\/mat.ub.edu\/wp-content\/uploads\/2021\/07\/convocato\u0300ria_2021_Premi_Font_EI_signed.pdf\">Convocat\u00f2ria curs 2020-2021<\/a><\/p>\n<p><a href=\"https:\/\/mat.ub.edu\/wp-content\/uploads\/2022\/05\/convocato\u0300ria_2022_Premi_Font_EI-MODIFICAT-definitiu_signed.pdf\">Convocat\u00f2ria curs 2021-2022<\/a><\/p>\n<p><a href=\"https:\/\/mat.ub.edu\/wp-content\/uploads\/2023\/06\/eg-convocatoria-premi-Font-2022.pdf\">Convocat\u00f2ria curs 2022-2023<\/a><\/p>\n<p><a href=\"https:\/\/mat.ub.edu\/wp-content\/uploads\/2024\/10\/eg-convocatoria-Joaquim-Font-2023-23-1.pdf\">Convocat\u00f2ria curs 2023-2024<\/a><\/p>\n<p><a href=\"https:\/\/mat.ub.edu\/wp-content\/uploads\/2025\/10\/eg-convocatoria-Joaquim-Font-2024-25-signat.pdf\">Convocat\u00f2ria curs 2024-2025<\/a><\/p>\n<p style=\"text-align: center\"><b>Guanyadors del premi Joaquim Font<\/b><\/p>\n<table style=\"margin: auto;width: 34.9407%;height: 161px\">\n<thead>\n<tr style=\"height: 23px\">\n<td style=\"width: 151px;text-align: center;border: 2px solid #707070 !important;background-color: #dddddd !important;height: 23px\"><b>Curs<\/b><\/td>\n<td style=\"width: 198px;text-align: center;border: 2px solid #707070 !important;background-color: #dddddd !important;height: 23px\"><b>Guanyador<\/b><\/td>\n<\/tr>\n<\/thead>\n<tbody>\n<tr>\n<td style=\"width: 153px;text-align: center;padding: 5px !important\">2024-2025<\/td>\n<td style=\"width: 200px;text-align: left;padding: 5px !important\">Diego Hern\u00e1ndez Ant\u00f3n<\/td>\n<\/tr>\n<tr>\n<td style=\"width: 153px;text-align: center;padding: 5px !important\">2023-2024<\/td>\n<td style=\"width: 200px;text-align: left;padding: 5px !important\">Miquel Albert\u00ed Binimelis<\/td>\n<\/tr>\n<tr style=\"height: 23px\">\n<td style=\"width: 153px;text-align: center;padding: 5px !important;height: 23px\">2022-2023<\/td>\n<td style=\"width: 200px;text-align: left;padding: 5px !important;height: 23px\">Nazar Puriy<\/td>\n<\/tr>\n<tr style=\"height: 23px\">\n<td style=\"width: 153px;text-align: center;padding: 5px !important;height: 23px\">2021-2022<\/td>\n<td style=\"width: 200px;text-align: left;padding: 5px !important;height: 23px\">Nil Ball\u00fas Riu<\/td>\n<\/tr>\n<tr style=\"height: 23px\">\n<td style=\"width: 153px;text-align: center;padding: 5px !important;height: 23px\">2020-2021<\/td>\n<td style=\"width: 200px;text-align: left;padding: 5px !important;height: 23px\">Mart\u00ed Pedemonte Bernat<\/td>\n<\/tr>\n<tr style=\"height: 23px\">\n<td style=\"width: 153px;text-align: center;padding: 5px !important;height: 23px\">2019 &#8211; 2020<\/td>\n<td style=\"width: 200px;text-align: left;padding: 5px !important;height: 23px\">Sergio Montoya de Paco<\/td>\n<\/tr>\n<tr style=\"height: 23px\">\n<td style=\"width: 153px;text-align: center;padding: 5px !important;height: 23px\">2018 &#8211; 2019<\/td>\n<td style=\"width: 200px;text-align: left;padding: 5px !important;height: 23px\">Mart\u00ed Huerta Climent<\/td>\n<\/tr>\n<tr style=\"height: 23px\">\n<td style=\"width: 153px;text-align: center;padding: 5px !important;height: 23px\">2017 &#8211; 2018<\/td>\n<td style=\"width: 200px;text-align: left;padding: 5px !important;height: 23px\">Dol\u00e7a Tellols Asensi<\/td>\n<\/tr>\n<\/tbody>\n<\/table>\n<p>[\/vc_column_text][\/vc_column][\/vc_row]<\/p>\n<\/div>","protected":false},"excerpt":{"rendered":"<p>[vc_row][vc_column][vc_column_text css=&#8221;&#8221;] El premi Joaquim Font s&#8217;atorga a l&#8217;alumne\/a que finalitza els estudis de grau en Enginyeria Inform\u00e0tica amb millor expedient acad\u00e8mic. El professor Joaquim Font i Arj\u00f3 (1958-2010) es va llicenciar i doctorar en Matem\u00e0tiques per la Universitat de Barcelona. Va comen\u00e7ar la seva tasca docent i investigadora en l&#8217;antic Departament de Matem\u00e0tica Aplicada [&hellip;]<\/p>\n","protected":false},"author":7,"featured_media":0,"parent":0,"menu_order":0,"comment_status":"closed","ping_status":"closed","template":"","meta":{"footnotes":""},"class_list":["post-414","page","type-page","status-publish","hentry"],"_links":{"self":[{"href":"https:\/\/mat.ub.edu\/grauinformatica\/wp-json\/wp\/v2\/pages\/414","targetHints":{"allow":["GET"]}}],"collection":[{"href":"https:\/\/mat.ub.edu\/grauinformatica\/wp-json\/wp\/v2\/pages"}],"about":[{"href":"https:\/\/mat.ub.edu\/grauinformatica\/wp-json\/wp\/v2\/types\/page"}],"author":[{"embeddable":true,"href":"https:\/\/mat.ub.edu\/grauinformatica\/wp-json\/wp\/v2\/users\/7"}],"replies":[{"embeddable":true,"href":"https:\/\/mat.ub.edu\/grauinformatica\/wp-json\/wp\/v2\/comments?post=414"}],"version-history":[{"count":33,"href":"https:\/\/mat.ub.edu\/grauinformatica\/wp-json\/wp\/v2\/pages\/414\/revisions"}],"predecessor-version":[{"id":1019,"href":"https:\/\/mat.ub.edu\/grauinformatica\/wp-json\/wp\/v2\/pages\/414\/revisions\/1019"}],"wp:attachment":[{"href":"https:\/\/mat.ub.edu\/grauinformatica\/wp-json\/wp\/v2\/media?parent=414"}],"curies":[{"name":"wp","href":"https:\/\/api.w.org\/{rel}","templated":true}]}}