{"id":51,"date":"2017-04-05T13:46:51","date_gmt":"2017-04-05T13:46:51","guid":{"rendered":"https:\/\/mat.ub.edu\/grauinformatica\/?page_id=51"},"modified":"2025-09-15T11:01:01","modified_gmt":"2025-09-15T11:01:01","slug":"ofertes","status":"publish","type":"page","link":"https:\/\/mat.ub.edu\/grauinformatica\/treballs-finals-de-grau\/ofertes\/","title":{"rendered":"Ofertes"},"content":{"rendered":"<p style=\"text-align: justify\">En l&#8217;<a href=\"http:\/\/tfg-informatica-ub.wikidot.com\/mostrar-ofertes-disponibles\">enlla\u00e7<\/a>\u00a0seg\u00fcent es mostren propostes que el professorat ha realitzat de forma individual per al curs 2019-2020. Podeu contactar-los si esteu interessats en alguna d&#8217;aquestes ofertes.<\/p>\n<p style=\"text-align: justify\">Aqu\u00ed es mostra el llistat de professorat\u00a0 segons les \u00e0rees d&#8217;especialitat:<\/p>\n<table width=\"591\">\n<tbody>\n<tr>\n<td width=\"61\">Tutor\/a<\/td>\n<td width=\"530\">\u00c0rea d&#8217;especialitat<\/td>\n<\/tr>\n<tr>\n<td width=\"61\"><\/td>\n<td width=\"530\"><\/td>\n<\/tr>\n<tr>\n<td width=\"61\">Balocco, Simone<\/td>\n<td width=\"530\">Programaci\u00f3n web, imagen medica, computer vision, procesamiento de la imagen<\/td>\n<\/tr>\n<tr>\n<td width=\"61\">Albert Clap\u00e9s<\/td>\n<td width=\"530\">Reconeixament d&#8217;accions, Aprenentatge multi-modal de visi\u00f3 i llenguatge, Aplicacions de visi\u00f3 per computador<\/td>\n<\/tr>\n<tr>\n<td width=\"61\">Cos, Ignasi<\/td>\n<td width=\"530\">Computational Models of Movement, Computational\/Theoretical Neuroscience, Models of Decision-Making, AI, Reinforcement Learning, Machine Learning<\/td>\n<\/tr>\n<tr>\n<td width=\"61\">D\u00edaz, Oliver<\/td>\n<td width=\"530\">Imatge m\u00e8dica, impressi\u00f3 3D, intel\u00b7lig\u00e8ncia artificial, processat d&#8217;imatge, visi\u00f3 per computador, simulacions Monte Carlo<\/td>\n<\/tr>\n<tr>\n<td width=\"61\">Escalera, Sergio<\/td>\n<td width=\"530\">Visi\u00f3 per ordinador, aprenentatge autom\u00e0tic, an\u00e0lisi autom\u00e0tica de persones a imatge i v\u00eddeo, algorismes sobre grafs<\/td>\n<\/tr>\n<tr>\n<td width=\"61\">Igual, Laura<\/td>\n<td width=\"530\">Visi\u00f3 per ordinador, aprenentatge autom\u00e0tic, an\u00e0lisi d&#8217;imatges m\u00e8diques, ci\u00e8ncia de dades<\/td>\n<\/tr>\n<tr>\n<td width=\"61\">L\u00f3pez, Maite<\/td>\n<td width=\"530\">\u00c8tica i Intel\u00b7lig\u00e8ncia Artificial, Participaci\u00f3 ciutadana, Sistemes Multi-Agent, Intel\u00b7lig\u00e8ncia Artificial<\/td>\n<\/tr>\n<tr>\n<td width=\"61\">Madadi, Meysam<\/td>\n<td width=\"530\">Computer Vision, Machine Learning, Optimizing Morphable Models, 3D Object Teconstruction<\/td>\n<\/tr>\n<tr>\n<td width=\"61\">Ortiz, Daniel<\/td>\n<td width=\"530\">Data science, AI, machine learning, natural language processing, bioinformatics<\/td>\n<\/tr>\n<tr>\n<td width=\"61\">Puertas, Eloi<\/td>\n<td width=\"530\">Visi\u00f3 per ordinador, aprenentatge autom\u00e0tic, ci\u00e8ncia de dades, aplicacions distribu\u00efdes, rob\u00f2tica<\/td>\n<\/tr>\n<tr>\n<td width=\"61\">Puig, Anna<\/td>\n<td width=\"530\">Gr\u00e0fics, Visualitzaci\u00f3 de Dades, Videojocs, Serious Games<\/td>\n<\/tr>\n<tr>\n<td width=\"61\">Pujol, Oriol<\/td>\n<td width=\"530\">Anal\u00edtica de dades i Data Science, Machine Learning, Aplicacions de gesti\u00f3 universit\u00e0ria, Seguretat inform\u00e0tica<\/td>\n<\/tr>\n<tr>\n<td width=\"61\">Radeva, Petia<\/td>\n<td width=\"530\">Visi\u00f3 per Computador,\u00a0Ci\u00e8ncia de Dades, Aprenentatge Autom\u00e0tic, Mineria de Dades<\/td>\n<\/tr>\n<tr>\n<td width=\"61\">Ribera, Mireia<\/td>\n<td width=\"530\">Experi\u00e8ncia d&#8217;usuari, accessibilitat, visualitzaci\u00f3 d&#8217;informaci\u00f3, imatges i mapes accessibles<\/td>\n<\/tr>\n<tr>\n<td width=\"61\">Roca, Ra\u00fcl<\/td>\n<td width=\"530\">Ciberseguretat<\/td>\n<\/tr>\n<tr>\n<td width=\"61\">Rodr\u00edguez, Inma<\/td>\n<td width=\"530\">Mons virtuals 3D, Gamificaci\u00f3, Jocs seriosos, Interacci\u00f3 hum\u00e0-computador<\/td>\n<\/tr>\n<tr>\n<td width=\"61\">Salam\u00f3, Maria<\/td>\n<td width=\"530\">Intel\u00b7lig\u00e8ncia artificial, Natural language processing, Aprenentatge Artificial, Sistemes de Recomanaci\u00f3, Aplicacions Web i M\u00f2bils<\/td>\n<\/tr>\n<tr>\n<td width=\"61\">Segu\u00ed, Santi<\/td>\n<td width=\"530\">Ci\u00e8ncia de Dades, Aprenentatge Autom\u00e0tic, Visi\u00f3 per Computador, Sistemes de Recomanaci\u00f3<\/td>\n<\/tr>\n<\/tbody>\n<\/table>\n","protected":false},"excerpt":{"rendered":"<p>En l&#8217;enlla\u00e7\u00a0seg\u00fcent es mostren propostes que el professorat ha realitzat de forma individual per al curs 2019-2020. Podeu contactar-los si esteu interessats en alguna d&#8217;aquestes ofertes. Aqu\u00ed es mostra el llistat de professorat\u00a0 segons les \u00e0rees d&#8217;especialitat: Tutor\/a \u00c0rea d&#8217;especialitat Balocco, Simone Programaci\u00f3n web, imagen medica, computer vision, procesamiento de la imagen Albert Clap\u00e9s Reconeixament [&hellip;]<\/p>\n","protected":false},"author":35,"featured_media":0,"parent":67,"menu_order":0,"comment_status":"closed","ping_status":"closed","template":"","meta":{"footnotes":""},"class_list":["post-51","page","type-page","status-publish","hentry"],"_links":{"self":[{"href":"https:\/\/mat.ub.edu\/grauinformatica\/wp-json\/wp\/v2\/pages\/51","targetHints":{"allow":["GET"]}}],"collection":[{"href":"https:\/\/mat.ub.edu\/grauinformatica\/wp-json\/wp\/v2\/pages"}],"about":[{"href":"https:\/\/mat.ub.edu\/grauinformatica\/wp-json\/wp\/v2\/types\/page"}],"author":[{"embeddable":true,"href":"https:\/\/mat.ub.edu\/grauinformatica\/wp-json\/wp\/v2\/users\/35"}],"replies":[{"embeddable":true,"href":"https:\/\/mat.ub.edu\/grauinformatica\/wp-json\/wp\/v2\/comments?post=51"}],"version-history":[{"count":84,"href":"https:\/\/mat.ub.edu\/grauinformatica\/wp-json\/wp\/v2\/pages\/51\/revisions"}],"predecessor-version":[{"id":998,"href":"https:\/\/mat.ub.edu\/grauinformatica\/wp-json\/wp\/v2\/pages\/51\/revisions\/998"}],"up":[{"embeddable":true,"href":"https:\/\/mat.ub.edu\/grauinformatica\/wp-json\/wp\/v2\/pages\/67"}],"wp:attachment":[{"href":"https:\/\/mat.ub.edu\/grauinformatica\/wp-json\/wp\/v2\/media?parent=51"}],"curies":[{"name":"wp","href":"https:\/\/api.w.org\/{rel}","templated":true}]}}