{"id":53,"date":"2017-04-05T13:47:11","date_gmt":"2017-04-05T13:47:11","guid":{"rendered":"https:\/\/mat.ub.edu\/grauinformatica\/?page_id=53"},"modified":"2024-01-16T09:38:29","modified_gmt":"2024-01-16T09:38:29","slug":"criteris-davaluacio","status":"publish","type":"page","link":"https:\/\/mat.ub.edu\/grauinformatica\/treballs-finals-de-grau\/criteris-davaluacio\/","title":{"rendered":"Criteris d&#8217;avaluaci\u00f3"},"content":{"rendered":"<p style=\"text-align: justify\">L&#8217;estudiant, en acabar el seu TFG, haur\u00e0 d&#8217;entregar en el Campus Virtual la mem\u00f2ria i el codi font del treball realitzat. El tribunal ser\u00e0 l&#8217;encarregat d&#8217;avaluar el treball realitzat per l&#8217;estudiant.<\/p>\n<p style=\"text-align: justify\">Els criteris d&#8217;avaluaci\u00f3 estan definits a la r\u00fabrica que hi ha en els fitxers que hi ha enlla\u00e7ats a continuaci\u00f3. Tots dos tenen el mateix contingut:<\/p>\n<ul style=\"text-align: justify\">\n<li>R\u00fabrica en format LibreOffice (.ods), <a href=\"https:\/\/mat.ub.edu\/grauinformatica\/wp-content\/uploads\/sites\/4\/2017\/04\/rubrica.ods\">fitxer ODS<\/a><\/li>\n<li>R\u00fabrica en format Excel (.xls), <a href=\"https:\/\/mat.ub.edu\/grauinformatica\/wp-content\/uploads\/sites\/4\/2017\/04\/rubrica.xls\">fitxer XLS<\/a><\/li>\n<\/ul>\n<p style=\"text-align: justify\">El fitxer cont\u00e9 tres fulls de c\u00e0lcul num\u00e8ric:<\/p>\n<ol style=\"text-align: justify\">\n<li>El primer full, anomenat <em>tutor<\/em>, avalua el treball de l&#8217;alumne\/a al llarg de la realitzaci\u00f3 del TFG.<\/li>\n<li>El segon full, anomenat <em>mem\u00f2ria<\/em>, avalua la mem\u00f2ria entregada per l&#8217;estudiant.<\/li>\n<li>El tercer full, anomenat <em>presentaci\u00f3<\/em>, avalua la presentaci\u00f3 oral realitzada per l&#8217;estudiant.<\/li>\n<\/ol>\n<p style=\"text-align: justify\">El\/La tutor\/a del TFG \u00e9s qui ha d&#8217;omplir el primer full d&#8217;aquesta r\u00fabrica, mentre que el segon i el tercer full s\u00f3n omplerts pel tribunal encarregat d&#8217;avaluar el TFG.<\/p>\n<p style=\"text-align: justify\"><strong>Sobre la matr\u00edcula d&#8217;honor<\/strong><\/p>\n<p style=\"text-align: justify\">El dia de la presentaci\u00f3, el\/la president\/a del tribunal comunicar\u00e0 la nota num\u00e8rica del treball. En cas que la nota sigui un excel\u00b7lent (igual o superior a 9), el tribunal pot decidir tamb\u00e9 que s&#8217;opta a la matr\u00edcula d&#8217;honor. Cal tenir en compte que un tribunal no pot concedir-la directament per motius legals: per llei, nom\u00e9s es permet una matr\u00edcula d&#8217;honor per a cada 20 alumnes, inclosa l'&#8221;assignatura&#8221; de TFG. Per aix\u00f2, en cas que el tribunal decideixi que opteu a la matr\u00edcula, el tribunal nom\u00e9s us dir\u00e0 que &#8220;opteu a la matr\u00edcula d&#8217;honor&#8221;. Un cop hagin acabat totes les presentacions es decidir\u00e0, en una reuni\u00f3, a quins\/es alumnes (d&#8217;entre els\/les que hi optaven) se&#8217;ls concedeix finalment la matr\u00edcula d&#8217;honor seguint els criteris legals.<\/p>\n","protected":false},"excerpt":{"rendered":"<p>L&#8217;estudiant, en acabar el seu TFG, haur\u00e0 d&#8217;entregar en el Campus Virtual la mem\u00f2ria i el codi font del treball realitzat. El tribunal ser\u00e0 l&#8217;encarregat d&#8217;avaluar el treball realitzat per l&#8217;estudiant. Els criteris d&#8217;avaluaci\u00f3 estan definits a la r\u00fabrica que hi ha en els fitxers que hi ha enlla\u00e7ats a continuaci\u00f3. Tots dos tenen el [&hellip;]<\/p>\n","protected":false},"author":35,"featured_media":0,"parent":67,"menu_order":0,"comment_status":"closed","ping_status":"closed","template":"","meta":{"footnotes":""},"class_list":["post-53","page","type-page","status-publish","hentry"],"_links":{"self":[{"href":"https:\/\/mat.ub.edu\/grauinformatica\/wp-json\/wp\/v2\/pages\/53","targetHints":{"allow":["GET"]}}],"collection":[{"href":"https:\/\/mat.ub.edu\/grauinformatica\/wp-json\/wp\/v2\/pages"}],"about":[{"href":"https:\/\/mat.ub.edu\/grauinformatica\/wp-json\/wp\/v2\/types\/page"}],"author":[{"embeddable":true,"href":"https:\/\/mat.ub.edu\/grauinformatica\/wp-json\/wp\/v2\/users\/35"}],"replies":[{"embeddable":true,"href":"https:\/\/mat.ub.edu\/grauinformatica\/wp-json\/wp\/v2\/comments?post=53"}],"version-history":[{"count":20,"href":"https:\/\/mat.ub.edu\/grauinformatica\/wp-json\/wp\/v2\/pages\/53\/revisions"}],"predecessor-version":[{"id":658,"href":"https:\/\/mat.ub.edu\/grauinformatica\/wp-json\/wp\/v2\/pages\/53\/revisions\/658"}],"up":[{"embeddable":true,"href":"https:\/\/mat.ub.edu\/grauinformatica\/wp-json\/wp\/v2\/pages\/67"}],"wp:attachment":[{"href":"https:\/\/mat.ub.edu\/grauinformatica\/wp-json\/wp\/v2\/media?parent=53"}],"curies":[{"name":"wp","href":"https:\/\/api.w.org\/{rel}","templated":true}]}}