{"id":55,"date":"2017-04-05T13:47:21","date_gmt":"2017-04-05T13:47:21","guid":{"rendered":"https:\/\/mat.ub.edu\/grauinformatica\/?page_id=55"},"modified":"2026-01-30T08:11:15","modified_gmt":"2026-01-30T08:11:15","slug":"tribunals","status":"publish","type":"page","link":"https:\/\/mat.ub.edu\/grauinformatica\/treballs-finals-de-grau\/tribunals\/","title":{"rendered":"Tribunals"},"content":{"rendered":"<p style=\"text-align: justify\">El coordinador de TFG nomenar\u00e0, per a cada estudiant que hagi confirmat que defensar\u00e0 el seu TFG, un tribunal format per 3 persones. ..<\/p>\r\n<ul style=\"text-align: justify\">\r\n<li>El tutor del TFG, sempre que sigui possible, formar\u00e0 part d&#8217;aquest tribunal.<\/li>\r\n<li>El tribunal avaluar\u00e0 la mem\u00f2ria i la defensa oral del TFG de l&#8217;estudiant. El tutor avaluar\u00e0 el treball realitzat per l&#8217;estudiant al llarg de la realitzaci\u00f3 del TFG. Vegeu apartat &#8220;Avaluaci\u00f3&#8221; per a m\u00e9s informaci\u00f3.<\/li>\r\n<\/ul>\r\n<p style=\"text-align: justify\"><strong>Tribunals per a la defensa de treballs de final de grau.\u00a0<\/strong><\/p>\r\n<p>&nbsp;<\/p>\r\n<p style=\"text-align: center\">&#8212;&#8212;- TRIBUNALS INFO &#8212;&#8212;-<\/p>\r\n<p>&nbsp;<\/p>\r\n<p>&nbsp;<\/p>\r\n<table width=\"581\">\r\n<tbody>\r\n<tr>\r\n<td width=\"64\">Tribunal<\/td>\r\n<td width=\"122\">President<\/td>\r\n<td width=\"143\">Secretari<\/td>\r\n<td width=\"109\">Vocal<\/td>\r\n<td width=\"143\">Suplent<\/td>\r\n<\/tr>\r\n<tr>\r\n<td>T1<\/td>\r\n<td>Daniel Ortiz<\/td>\r\n<td>Manel Puig i Vidal<\/td>\r\n<td>Jos\u00e9 Baz\u00e1n<\/td>\r\n<td>Joan Canals<\/td>\r\n<\/tr>\r\n<tr>\r\n<td>\u00a0<\/td>\r\n<td>\u00a0<\/td>\r\n<td>\u00a0<\/td>\r\n<td>\u00a0<\/td>\r\n<td>\u00a0<\/td>\r\n<\/tr>\r\n<tr>\r\n<td>Aula<\/td>\r\n<td>Lagunas Rebollar<\/td>\r\n<td>Quim<\/td>\r\n<td>Canals Gil<\/td>\r\n<td>Joan<\/td>\r\n<\/tr>\r\n<tr>\r\n<td>B7<\/td>\r\n<td>Astudillo Soriano<\/td>\r\n<td>Johnny<\/td>\r\n<td>Puig i Vidal<\/td>\r\n<td>Manel<\/td>\r\n<\/tr>\r\n<tr>\r\n<td>Fecha<\/td>\r\n<td>Demeter Doja<\/td>\r\n<td>Danut Andrei<\/td>\r\n<td>Jos\u00e9 Baz\u00e1n<\/td>\r\n<td>Jordi<\/td>\r\n<\/tr>\r\n<tr>\r\n<td>2\/02 15h<\/td>\r\n<td>Chueca Negre<\/td>\r\n<td>Enrique<\/td>\r\n<td>Ortiz Martinez<\/td>\r\n<td>Daniel<\/td>\r\n<\/tr>\r\n<tr>\r\n<td>\u00a0<\/td>\r\n<td>\u00a0<\/td>\r\n<td>\u00a0<\/td>\r\n<td>\u00a0<\/td>\r\n<td>\u00a0<\/td>\r\n<\/tr>\r\n<tr>\r\n<td>\u00a0<\/td>\r\n<td>\u00a0<\/td>\r\n<td>\u00a0<\/td>\r\n<td>\u00a0<\/td>\r\n<td>\u00a0<\/td>\r\n<\/tr>\r\n<tr>\r\n<td>Tribunal<\/td>\r\n<td>President<\/td>\r\n<td>Secretari<\/td>\r\n<td>Vocal<\/td>\r\n<td>Suplent<\/td>\r\n<\/tr>\r\n<tr>\r\n<td>T2<\/td>\r\n<td>Anna Puig<\/td>\r\n<td>Petia Radeva<\/td>\r\n<td>Maite Lopez<\/td>\r\n<td>Albert Clapes<\/td>\r\n<\/tr>\r\n<tr>\r\n<td>\u00a0<\/td>\r\n<td>\u00a0<\/td>\r\n<td>\u00a0<\/td>\r\n<td>\u00a0<\/td>\r\n<td>\u00a0<\/td>\r\n<\/tr>\r\n<tr>\r\n<td>Aula<\/td>\r\n<td>Benito Reyes<\/td>\r\n<td>Diana<\/td>\r\n<td>L\u00f3pez S\u00e1nchez<\/td>\r\n<td>Maite<\/td>\r\n<\/tr>\r\n<tr>\r\n<td>Aula T2<\/td>\r\n<td>Alfonso Medero<\/td>\r\n<td>Adri\u00e0<\/td>\r\n<td>L\u00f3pez S\u00e1nchez<\/td>\r\n<td>Maite<\/td>\r\n<\/tr>\r\n<tr>\r\n<td>Fecha<\/td>\r\n<td>Caama\u00f1o Barreiro<\/td>\r\n<td>Manuel<\/td>\r\n<td>Puig Puig<\/td>\r\n<td>Anna<\/td>\r\n<\/tr>\r\n<tr>\r\n<td>2\/02 16h<\/td>\r\n<td>Batista Ballesteros<\/td>\r\n<td>Beatriz<\/td>\r\n<td>Puig Puig<\/td>\r\n<td>Anna<\/td>\r\n<\/tr>\r\n<tr>\r\n<td>\u00a0<\/td>\r\n<td>March Rovira<\/td>\r\n<td>Martin<\/td>\r\n<td>\u00a0Ivanova Radeva\u00a0<\/td>\r\n<td>Petia<\/td>\r\n<\/tr>\r\n<tr>\r\n<td>\u00a0<\/td>\r\n<td>\u00a0<\/td>\r\n<td>\u00a0<\/td>\r\n<td>\u00a0<\/td>\r\n<td>\u00a0<\/td>\r\n<\/tr>\r\n<tr>\r\n<td>\u00a0<\/td>\r\n<td>\u00a0<\/td>\r\n<td>\u00a0<\/td>\r\n<td>\u00a0<\/td>\r\n<td>\u00a0<\/td>\r\n<\/tr>\r\n<tr>\r\n<td>Tribunal<\/td>\r\n<td>President<\/td>\r\n<td>Secretari<\/td>\r\n<td>Vocal<\/td>\r\n<td>Suplent<\/td>\r\n<\/tr>\r\n<tr>\r\n<td>T3<\/td>\r\n<td>Maria Salam\u00f3<\/td>\r\n<td>Albert Clapes<\/td>\r\n<td>Nahuel Statuto<\/td>\r\n<td>Inmaculada Rodriguez<\/td>\r\n<\/tr>\r\n<tr>\r\n<td>\u00a0<\/td>\r\n<td>\u00a0<\/td>\r\n<td>\u00a0<\/td>\r\n<td>\u00a0<\/td>\r\n<td>\u00a0<\/td>\r\n<\/tr>\r\n<tr>\r\n<td>Aula<\/td>\r\n<td>Aladjem Ramallo<\/td>\r\n<td>Tom\u00e1s<\/td>\r\n<td>L\u00f3pez S\u00e1nchez<\/td>\r\n<td>Maite<\/td>\r\n<\/tr>\r\n<tr>\r\n<td>B3<\/td>\r\n<td>Baldovino Alva<\/td>\r\n<td>\u00c1ngel Dami\u00e1n<\/td>\r\n<td>Salam\u00f3 Llorente<\/td>\r\n<td>Maria<\/td>\r\n<\/tr>\r\n<tr>\r\n<td>Fecha<\/td>\r\n<td>G\u00f3mez Canales<\/td>\r\n<td>Ra\u00fal<\/td>\r\n<td>Salam\u00f3 Llorente<\/td>\r\n<td>Maria<\/td>\r\n<\/tr>\r\n<tr>\r\n<td>5\/02\u00a0 15h &#8211; 18h<\/td>\r\n<td>Mittal<\/td>\r\n<td>Eshaan<\/td>\r\n<td>Statuto Perez<\/td>\r\n<td>Nahuel Norberto<\/td>\r\n<\/tr>\r\n<tr>\r\n<td>\u00a0<\/td>\r\n<td>Ferrer Fernandez<\/td>\r\n<td>Pol<\/td>\r\n<td>Clap\u00e9s Sintes<\/td>\r\n<td>Albert<\/td>\r\n<\/tr>\r\n<tr>\r\n<td>\u00a0<\/td>\r\n<td>\u00a0<\/td>\r\n<td>\u00a0<\/td>\r\n<td>\u00a0<\/td>\r\n<td>\u00a0<\/td>\r\n<\/tr>\r\n<tr>\r\n<td>\u00a0<\/td>\r\n<td>\u00a0<\/td>\r\n<td>\u00a0<\/td>\r\n<td>\u00a0<\/td>\r\n<td>\u00a0<\/td>\r\n<\/tr>\r\n<tr>\r\n<td>Tribunal<\/td>\r\n<td>President<\/td>\r\n<td>Secretari<\/td>\r\n<td>Vocal<\/td>\r\n<td>Suplent<\/td>\r\n<\/tr>\r\n<tr>\r\n<td>T4<\/td>\r\n<td>Mireia Ribera<\/td>\r\n<td>Laura Igual<\/td>\r\n<td>Oriol Pujol<\/td>\r\n<td>Albert Clapes<\/td>\r\n<\/tr>\r\n<tr>\r\n<td>\u00a0<\/td>\r\n<td>\u00a0<\/td>\r\n<td>\u00a0<\/td>\r\n<td>\u00a0<\/td>\r\n<td>\u00a0<\/td>\r\n<\/tr>\r\n<tr>\r\n<td>Aula<\/td>\r\n<td>Vall\u00e8s Fusta<\/td>\r\n<td>Gemma<\/td>\r\n<td>Ribera Turro<\/td>\r\n<td>Mireia<\/td>\r\n<\/tr>\r\n<tr>\r\n<td>B2<\/td>\r\n<td>Bezares Cano<\/td>\r\n<td>Paula<\/td>\r\n<td>Ribera Turro<\/td>\r\n<td>Mireia<\/td>\r\n<\/tr>\r\n<tr>\r\n<td>Fecha<\/td>\r\n<td>Asins Hidalgo<\/td>\r\n<td>Raul<\/td>\r\n<td>Pujol Vila<\/td>\r\n<td>Oriol<\/td>\r\n<\/tr>\r\n<tr>\r\n<td>5\/02 10h30&#8242; a 13h30<\/td>\r\n<td>Ranz Lorente<\/td>\r\n<td>Ignasi<\/td>\r\n<td>Igual Mu\u00f1oz<\/td>\r\n<td>Laura<\/td>\r\n<\/tr>\r\n<tr>\r\n<td>\u00a0<\/td>\r\n<td>Marquez Cardenas<\/td>\r\n<td>Xavier<\/td>\r\n<td>Igual Mu\u00f1oz<\/td>\r\n<td>Laura<\/td>\r\n<\/tr>\r\n<\/tbody>\r\n<\/table>\r\n<p>&nbsp;<\/p>\r\n<p>&nbsp;<\/p>\r\n<p style=\"text-align: center\">&#8212;&#8212; TRIBUNALS MATES\/INFO &#8212;&#8212;-<\/p>\r\n<p>&nbsp;<\/p>\r\n<p><a href=\"https:\/\/mat.ub.edu\/graumatematiques\/treballs-final-de-grau\/tribunals\/\"><strong>Tribunals de matem\u00e0tiques-inform\u00e0tica es poden consultar aqu\u00ed<\/strong><\/a><\/p>\r\n<p>&nbsp;<\/p>\r\n<table width=\"588\">\r\n<tbody>\r\n<tr>\r\n<td width=\"147\">\u00a0<\/td>\r\n<td width=\"147\">\u00a0<\/td>\r\n<td width=\"147\">\u00a0<\/td>\r\n<td width=\"147\">\u00a0<\/td>\r\n<\/tr>\r\n<tr>\r\n<td width=\"147\"><strong>Tribunal 1-mates\/info<\/strong><\/td>\r\n<td width=\"147\"><strong>President<\/strong><\/td>\r\n<td width=\"147\"><strong>Secretari<\/strong><\/td>\r\n<td width=\"147\"><strong>Vocal<\/strong><\/td>\r\n<\/tr>\r\n<tr>\r\n<td width=\"147\">\u00a0<\/td>\r\n<td width=\"147\"><strong>Kolja Knauer<\/strong><\/td>\r\n<td width=\"147\"><strong>Santi Segui<\/strong><\/td>\r\n<td width=\"147\"><strong>Jordi Vitri\u00e0<\/strong><\/td>\r\n<\/tr>\r\n<tr>\r\n<td width=\"147\">\u00a0<\/td>\r\n<td width=\"147\">\u00a0<\/td>\r\n<td width=\"147\">\u00a0<\/td>\r\n<td width=\"147\">\u00a0<\/td>\r\n<\/tr>\r\n<tr>\r\n<td width=\"147\">\u00a0<\/td>\r\n<td width=\"147\">Alumne<\/td>\r\n<td width=\"147\">T\u00edtol<\/td>\r\n<td width=\"147\">Tutors<\/td>\r\n<\/tr>\r\n<tr>\r\n<td width=\"147\">\u00a0<\/td>\r\n<td width=\"147\">Mart\u00ed Mart\u00ednez Gargallo<\/td>\r\n<td width=\"147\">Time Series Forecasting with Deep Learning<\/td>\r\n<td width=\"147\">Jordi Vitri\u00e0 Marca<\/td>\r\n<\/tr>\r\n<tr>\r\n<td width=\"147\">\u00a0<\/td>\r\n<td width=\"147\">David D\u00edez Vidueira<\/td>\r\n<td width=\"147\">Machine learning for F1<\/td>\r\n<td width=\"147\">Santi Segu\u00ed Mesquida<\/td>\r\n<\/tr>\r\n<tr>\r\n<td width=\"147\">\u00a0<\/td>\r\n<td width=\"147\">Carlos Raso Alonso<\/td>\r\n<td width=\"147\">El Criterio de MacLane: aspectos algoritmicos y genero superior<\/td>\r\n<td width=\"147\">Kolja Knauer, Santi Segu\u00ed Mesquida<\/td>\r\n<\/tr>\r\n<tr>\r\n<td>\u00a0<\/td>\r\n<td>\u00a0<\/td>\r\n<td>\u00a0<\/td>\r\n<td>\u00a0<\/td>\r\n<\/tr>\r\n<tr>\r\n<td width=\"147\">\u00a0<\/td>\r\n<td width=\"147\">\u00a0<\/td>\r\n<td width=\"147\">\u00a0<\/td>\r\n<td width=\"147\">\u00a0<\/td>\r\n<\/tr>\r\n<tr>\r\n<td width=\"147\">\u00a0<\/td>\r\n<td width=\"147\">\u00a0<\/td>\r\n<td width=\"147\">\u00a0<\/td>\r\n<td width=\"147\">\u00a0<\/td>\r\n<\/tr>\r\n<tr>\r\n<td width=\"147\"><strong>Tribunal 2-mates\/info<\/strong><\/td>\r\n<td width=\"147\"><strong>President<\/strong><\/td>\r\n<td width=\"147\"><strong>Secretari<\/strong><\/td>\r\n<td width=\"147\"><strong>Vocal<\/strong><\/td>\r\n<\/tr>\r\n<tr>\r\n<td width=\"147\">\u00a0<\/td>\r\n<td width=\"147\">Albert Clop Ponte<\/td>\r\n<td width=\"147\">Sergio Escalera Guerrero<\/td>\r\n<td width=\"147\">Mireia Ribera<\/td>\r\n<\/tr>\r\n<tr>\r\n<td width=\"147\">\u00a0<\/td>\r\n<td width=\"147\">\u00a0<\/td>\r\n<td width=\"147\">\u00a0<\/td>\r\n<td width=\"147\">\u00a0<\/td>\r\n<\/tr>\r\n<tr>\r\n<td width=\"147\">\u00a0<\/td>\r\n<td width=\"147\">Alumne<\/td>\r\n<td width=\"147\">T\u00edtol<\/td>\r\n<td width=\"147\">Tutors<\/td>\r\n<\/tr>\r\n<tr>\r\n<td width=\"147\">\u00a0<\/td>\r\n<td width=\"147\">David Alejandro Molina Bakhos<\/td>\r\n<td width=\"147\">Orthogonal Multiresolution Analysis applied applied to Image Representation<\/td>\r\n<td width=\"147\">Albert Clop, Petia Radeva<\/td>\r\n<\/tr>\r\n<tr>\r\n<td width=\"147\">\u00a0<\/td>\r\n<td width=\"147\">Diego Hern\u00e1ndez Ant\u00f3n<\/td>\r\n<td width=\"147\">AI based cloth size recommendation system<\/td>\r\n<td width=\"147\">Sergio Escalera Guerrero, Madadi Meysam<\/td>\r\n<\/tr>\r\n<tr>\r\n<td width=\"147\">\u00a0<\/td>\r\n<td width=\"147\">Gemma Ribera Tom\u00e0s<\/td>\r\n<td width=\"147\">Com interpretar els tests en l&#8217;experi\u00e8ncia d&#8217;usuari<\/td>\r\n<td width=\"147\">Mireia Ribera, David M\u00e1rquez-Carreras<\/td>\r\n<\/tr>\r\n<tr>\r\n<td width=\"147\">\u00a0<\/td>\r\n<td width=\"147\">Juan Pablo Mantilla Carre\u00f1o<\/td>\r\n<td width=\"147\">Differentially Private Machine Learning: Implementation and Analysis of Gradient and Dataset Perturbation Techniques<\/td>\r\n<td width=\"147\">Nahuel Norberto Statuto Perez<\/td>\r\n<\/tr>\r\n<tr>\r\n<td>\u00a0<\/td>\r\n<td>\u00a0<\/td>\r\n<td>\u00a0<\/td>\r\n<td>\u00a0<\/td>\r\n<\/tr>\r\n<tr>\r\n<td width=\"147\">\u00a0<\/td>\r\n<td width=\"147\">\u00a0<\/td>\r\n<td width=\"147\">\u00a0<\/td>\r\n<td width=\"147\">\u00a0<\/td>\r\n<\/tr>\r\n<tr>\r\n<td width=\"147\">\u00a0<\/td>\r\n<td width=\"147\">\u00a0<\/td>\r\n<td width=\"147\">\u00a0<\/td>\r\n<td width=\"147\">\u00a0<\/td>\r\n<\/tr>\r\n<tr>\r\n<td width=\"147\"><strong>Tribunal 3-mates\/info<\/strong><\/td>\r\n<td width=\"147\"><strong>President<\/strong><\/td>\r\n<td width=\"147\"><strong>Secretari<\/strong><\/td>\r\n<td width=\"147\"><strong>Vocal<\/strong><\/td>\r\n<\/tr>\r\n<tr>\r\n<td>\u00a0<\/td>\r\n<td width=\"147\">Arturo Viero<\/td>\r\n<td width=\"147\">Mar\u00eda Salam\u00f3 Llorente<\/td>\r\n<td width=\"147\">Anna Puig Puig<\/td>\r\n<\/tr>\r\n<tr>\r\n<td width=\"147\">\u00a0<\/td>\r\n<td width=\"147\">Alumne<\/td>\r\n<td width=\"147\">T\u00edtol<\/td>\r\n<td width=\"147\">Tutors<\/td>\r\n<\/tr>\r\n<tr>\r\n<td width=\"147\">\u00a0<\/td>\r\n<td width=\"147\">Wenwen Yang<\/td>\r\n<td width=\"147\">Collaborative visualization tasks supported by chatbots (collaborative chatbots)<\/td>\r\n<td width=\"147\">Anna Puig Puig, Inmaculada Rodr\u00edgez Santiago<\/td>\r\n<\/tr>\r\n<tr>\r\n<td width=\"147\">\u00a0<\/td>\r\n<td width=\"147\">Miquel Sala Sala Franci<\/td>\r\n<td width=\"147\">Malles triangulars a partir de point clouds: reconstrucci\u00f3 i simplificaci\u00f3<\/td>\r\n<td width=\"147\">Anna Puig Puig<\/td>\r\n<\/tr>\r\n<tr>\r\n<td width=\"147\">\u00a0<\/td>\r\n<td width=\"147\">Jingjing Ye<\/td>\r\n<td width=\"147\">Post-hoc explanations for sequential recommendation systems<\/td>\r\n<td width=\"147\">Mar\u00eda Salam\u00f3 Llorente, Alejandro Ariza Casabona<\/td>\r\n<\/tr>\r\n<tr>\r\n<td width=\"147\">\u00a0<\/td>\r\n<td width=\"147\">Chengheng Li<\/td>\r\n<td width=\"147\">LLMs Value Alignment<\/td>\r\n<td width=\"147\">Maite L\u00f3pez S\u00e1nchez<\/td>\r\n<\/tr>\r\n<tr>\r\n<td>\u00a0<\/td>\r\n<td>\u00a0<\/td>\r\n<td>\u00a0<\/td>\r\n<td>\u00a0<\/td>\r\n<\/tr>\r\n<\/tbody>\r\n<\/table>\r\n<p>&nbsp;<\/p>\r\n<p>&nbsp;<\/p>\r\n<hr \/>\r\n<p><strong>\u00a0<\/strong><\/p>\r\n","protected":false},"excerpt":{"rendered":"<p>El coordinador de TFG nomenar\u00e0, per a cada estudiant que hagi confirmat que defensar\u00e0 el seu TFG, un tribunal format per 3 persones. .. El tutor del TFG, sempre que sigui possible, formar\u00e0 part d&#8217;aquest tribunal. El tribunal avaluar\u00e0 la mem\u00f2ria i la defensa oral del TFG de l&#8217;estudiant. El tutor avaluar\u00e0 el treball realitzat [&hellip;]<\/p>\n","protected":false},"author":45,"featured_media":0,"parent":67,"menu_order":0,"comment_status":"closed","ping_status":"closed","template":"","meta":{"footnotes":""},"class_list":["post-55","page","type-page","status-publish","hentry"],"_links":{"self":[{"href":"https:\/\/mat.ub.edu\/grauinformatica\/wp-json\/wp\/v2\/pages\/55","targetHints":{"allow":["GET"]}}],"collection":[{"href":"https:\/\/mat.ub.edu\/grauinformatica\/wp-json\/wp\/v2\/pages"}],"about":[{"href":"https:\/\/mat.ub.edu\/grauinformatica\/wp-json\/wp\/v2\/types\/page"}],"author":[{"embeddable":true,"href":"https:\/\/mat.ub.edu\/grauinformatica\/wp-json\/wp\/v2\/users\/45"}],"replies":[{"embeddable":true,"href":"https:\/\/mat.ub.edu\/grauinformatica\/wp-json\/wp\/v2\/comments?post=55"}],"version-history":[{"count":291,"href":"https:\/\/mat.ub.edu\/grauinformatica\/wp-json\/wp\/v2\/pages\/55\/revisions"}],"predecessor-version":[{"id":1042,"href":"https:\/\/mat.ub.edu\/grauinformatica\/wp-json\/wp\/v2\/pages\/55\/revisions\/1042"}],"up":[{"embeddable":true,"href":"https:\/\/mat.ub.edu\/grauinformatica\/wp-json\/wp\/v2\/pages\/67"}],"wp:attachment":[{"href":"https:\/\/mat.ub.edu\/grauinformatica\/wp-json\/wp\/v2\/media?parent=55"}],"curies":[{"name":"wp","href":"https:\/\/api.w.org\/{rel}","templated":true}]}}