{"id":64,"date":"2017-04-05T13:52:47","date_gmt":"2017-04-05T13:52:47","guid":{"rendered":"https:\/\/mat.ub.edu\/grauinformatica\/?page_id=64"},"modified":"2025-06-02T12:57:45","modified_gmt":"2025-06-02T12:57:45","slug":"informacio-general","status":"publish","type":"page","link":"https:\/\/mat.ub.edu\/grauinformatica\/treballs-finals-de-grau\/informacio-general\/","title":{"rendered":"Informaci\u00f3 general"},"content":{"rendered":"<p style=\"text-align: justify\">Qu\u00e8 \u00e9s el Treball de Fi de Grau (TFG)? \u00c9s una assignatura obligat\u00f2ria que<\/p>\n<ul style=\"text-align: justify\">\n<li>Consisteix en l\u2019execuci\u00f3 d\u2019un projecte, supervisat per un (o m\u00e9s) directors, en qu\u00e8 s\u2019integren i desenvolupen els continguts formatius rebuts, i les capacitats, compet\u00e8ncies i habilitats adquirides durant el per\u00edode de doc\u00e8ncia del grau.<\/li>\n<li>Cal tenir aprovats 180 cr\u00e8dits al grau per poder-se matricular d\u2019aquesta assignatura.<\/li>\n<\/ul>\n<p><span class=\"VIiyi\" lang=\"ca\"><span class=\"JLqJ4b ChMk0b\"><span class=\"Q4iAWc\"><strong>C\u00e0rrega de treball<\/strong><\/span><\/span><\/span><\/p>\n<ul style=\"text-align: justify\">\n<li><span class=\"VIiyi\" lang=\"ca\"><span class=\"JLqJ4b ChMk0b\"><span class=\"Q4iAWc\">La dedicaci\u00f3 <span class=\"JLqJ4b ChMk0b C1N51c\">aproximada<\/span> d&#8217;un TFG \u00e9s de<strong> 6 hores di\u00e0ries per 6 mesos<\/strong> (o 3 hores per 12 mesos).<\/span><\/span> <span class=\"JLqJ4b ChMk0b\"><span class=\"Q4iAWc\">\u00c9s important valorar oportunament <strong>la c\u00e0rrega de treball<\/strong> d&#8217;altres assignatures o altres treballs en empresa.<\/span><\/span><\/span><\/li>\n<li>El TFG t\u00e9 assignats a la Facultat de Matem\u00e0tiques i Inform\u00e0tica 18 cr\u00e8dits ECTS. No \u00e9s una assignatura, sin\u00f3 tres assignatures de 6 ECTS!<\/li>\n<\/ul>\n<p style=\"text-align: justify\">En aquest document teniu la normativa associada al TFG: <a href=\"https:\/\/mat.ub.edu\/grauinformatica\/wp-content\/uploads\/sites\/4\/2024\/09\/2024_06_19_NormativaTFG2024_v3.pdf\" target=\"_blank\" rel=\"noopener\">Normativa del TFG <i class=\" tiny material-icons\">launch<\/i><\/a><\/p>\n<p style=\"text-align: justify\"><strong>Qu\u00e8 implica fer el TFG?<\/strong><\/p>\n<p style=\"text-align: justify\">El TFG implica:<\/p>\n<ul style=\"text-align: justify\">\n<li>Fer un projecte al llarg d&#8217;un semestre.<\/li>\n<li>Escriure una mem\u00f2ria en qu\u00e8 es descrigui el treball realitzat.<\/li>\n<li>Fer una defensa p\u00fablica davant d&#8217;un tribunal.<\/li>\n<\/ul>\n<p style=\"text-align: justify\">Els criteris d&#8217;avaluaci\u00f3 estan descrits en aquest <a href=\"https:\/\/mat.ub.edu\/grauinformatica\/treballs-finals-de-grau\/criteris-davaluacio\/\">enlla\u00e7<\/a>.<\/p>\n<p><strong>Com s&#8217;assigna un\/a tutor\/a de TFG?<\/strong><\/p>\n<p>Primer de tot es recomana consultar la llista de TFG proposada pel professorat, disponible en aquest <a href=\"http:\/\/tfg-informatica-ub.wikidot.com\/mostrar-ofertes-disponibles\">enlla\u00e7<\/a>.<\/p>\n<p>En cas que cap de les propostes sigui d&#8217;inter\u00e8s, \u00e9s possible proposar un nou tema de TFG. En aquest cas, cal contactar amb algun\/a professor\/a per veure si est\u00e0 interessat\/da en supervisar la nova proposta. En aquest <a href=\"https:\/\/mat.ub.edu\/grauinformatica\/treballs-finals-de-grau\/ofertes\/\">enlla\u00e7<\/a> es troba una llista en la qual el professorat ha indicat la seva especialitat i les seves compet\u00e8ncies. En aquest cas, caldr\u00e0 arribar a un acord o comprom\u00eds amb un\/a professor\/a per a realitzar el TFG en un tema que sigui d&#8217;inter\u00e8s com\u00fa.<\/p>\n<p>\u00c9s responsabilitat de l\u2019alumne fer tot el possible per trobar (com a m\u00ednim) un tutor d\u2019inform\u00e0tica. Tanmateix, en cas que no s\u2019aconsegueixi acordar un projecte seguint els dos passos anteriors, com a \u00faltim recurs, el coordinador dels TFG assignar\u00e0 un\/a tutor\/a a l\u2019alumne\/a. El\/la tutor\/a ser\u00e0 assignat\/da un cop la majoria dels estudiants ja tinguin assignat un tutor; per aquest motiu, l\u2019assignaci\u00f3 autom\u00e0tica podria trigar diverses setmanes o mesos, retardant l\u2019inici del TFG. Addicionalment, el\/la tutor\/a assignat\/da podria no ser de l\u2019\u00e0rea de coneixement espec\u00edfica en la qual l\u2019estudiant vol fer el TFG. Per tant, s\u2019aconsella acordar el tema amb el professorat i no esperar l\u2019assignaci\u00f3 autom\u00e0tica.<\/p>\n<p><span class=\"VIiyi\" lang=\"ca\"><span class=\"JLqJ4b ChMk0b\"><span class=\"Q4iAWc\">Addicionalment, si la proposta ve de l&#8217;estudiant no est\u00e0 assegurada la qualitat cient\u00edfica del TFG.<\/span><\/span> <span class=\"JLqJ4b ChMk0b\"><span class=\"Q4iAWc\">Per tant, l&#8217;alumne haur\u00e0 de preparar 5 p\u00e0gines de proposta de TFG que enviar\u00e0 al tutor.<\/span><\/span> <span class=\"JLqJ4b ChMk0b\"><span class=\"Q4iAWc\">En el cas al tutor no considereu suficient el contingut cient\u00edfic del TFG podr\u00e0 demanar canvis, ampliacions i la preparaci\u00f3 d&#8217;una nova &#8220;proposta de TFG&#8221;. <\/span><\/span><\/span>T<span class=\"tlid-translation translation\" lang=\"ca\"><span title=\"\">amb\u00e9 en<\/span> <span title=\"\">aquest<\/span> <span title=\"\">cas (assignaci\u00f3 autom\u00e0tica)<\/span><span title=\"\">, el tema de<\/span><span title=\"\">l\u00a0<\/span><span title=\"\">TFG<\/span> <span title=\"\">ser\u00e0<\/span> <span title=\"\">consensuat<\/span> <span title=\"\">entre l&#8217;alumne\/a<\/span> <span title=\"\">i el\/la tutor\/a<\/span><span title=\"\">,<\/span> <span title=\"\">i no<\/span> <span title=\"\">nom\u00e9s<\/span> <span title=\"\">una proposta<\/span> <span title=\"\">unilateral.<\/span><\/span><\/p>\n<p>Quan el\/la tutor\/a i l&#8217;estudiant hagin acordat un t\u00edtol provisional de TFG, s&#8217;haur\u00e0 de formalitzar l&#8217;assignaci\u00f3 omplint <span class=\"tlid-translation translation\" lang=\"ca\"><span title=\"\">el<\/span>\u00a0<\/span><span class=\"tlid-translation translation\" lang=\"ca\"><a href=\"https:\/\/forms.office.com\/r\/CPYJKrTBf8\"><span class=\"\" title=\"\">formulari<\/span><\/a><\/span>\u00a0seg\u00fcent.<\/p>\n<p>Tindreu temps fins al proper <strong>25 de setembre<\/strong> per acordar treballs a realitzar durant l&#8217;any acad\u00e8mic, <strong>tant si sou de primer com de segon quadrimestre.<\/strong><\/p>\n<p style=\"text-align: justify\"><strong>La mem\u00f2ria del TFG<\/strong><\/p>\n<div id=\"page-content\" style=\"text-align: justify\">\n<div>\n<p>La normativa recomana les caracter\u00edstiques seg\u00fcents per a la mem\u00f2ria:<\/p>\n<ul>\n<li>El format de la mem\u00f2ria ser\u00e0: mida del paper, DIN A4; portada, d&#8217;acord amb el model que hi ha en el campus virtual de l&#8217;assignatura; lletra, de mida 11\u00a0o 12 punts.<\/li>\n<li>No hi ha un l\u00edmit espec\u00edfic per al treball. Es recomana, per\u00f2, que el treball tingui al voltant de 50 p\u00e0gines (en el format especificat anteriorment).<\/li>\n<\/ul>\n<p>La normativa proposa que l&#8217;estructura de la mem\u00f2ria segueixi aquests punts:<\/p>\n<ul>\n<li>Resum en angl\u00e8s, catal\u00e0 i castell\u00e0 (entre 300 i 1200 paraules).<\/li>\n<li>Introducci\u00f3 i antecedents.<\/li>\n<li>Definici\u00f3 d&#8217;objectius i motivaci\u00f3 del problema.<\/li>\n<li>Desenvolupament.<\/li>\n<li>Metodologia i resultats, si escau.<\/li>\n<li>Concordan\u00e7a de resultats i objectius, si escau.<\/li>\n<li>Conclusions.<\/li>\n<li>Bibliografia.<\/li>\n<li>Annexos, si escau.<\/li>\n<\/ul>\n<p>En tot cas, <strong>parleu amb el\/la vostre\/a tutor\/a<\/strong> per tal de definir amb precisi\u00f3 l&#8217;estructura de la vostra mem\u00f2ria.<\/p>\n<p>El dip\u00f2sit de la mem\u00f2ria es fa electr\u00f2nicament en el Campus Virtual en els terminis establerts en el calendari. La mem\u00f2ria es presentar\u00e0 en format pdf, i el material addicional en format convenient.<\/p>\n<p>Cal lliurar la cessi\u00f3 de drets de la mem\u00f2ria a la Secretaria de la Facultat.<\/p>\n<p><span class=\"VIiyi\" lang=\"ca\"><span class=\"JLqJ4b ChMk0b\"><span class=\"Q4iAWc\"><strong>TFG amb empreses<\/strong> <\/span><\/span><\/span><\/p>\n<p>No es convalida com a TFG la feina que l&#8217;estudiant realitza en una empresa o sol\u00b7licitada per iniciativa de l&#8217;empresa. No es permet realitzar un TFG a l\u2019empresa. La col\u00b7laboraci\u00f3 amb una empresa nom\u00e9s \u00e9s possible com a pr\u00e0ctica a l\u2019empresa. En particular, un projecte sol\u00b7licitat per iniciativa de l&#8217;empresa correspon a una &#8220;pr\u00e0ctica en empresa&#8221;. En cap cas s&#8217;assignar\u00e0 un tutor de la UB, i el tutor ser\u00e0 exclusivament de l&#8217;empresa.<\/p>\n<p>No obstant aix\u00f2, \u00e9s possible que algun professor, en la seva proposta de TFG, faci servir dades de l\u2019empresa (o tingui una col\u00b7laboraci\u00f3 amb una empresa). <span class=\"VIiyi\" lang=\"ca\"><span class=\"JLqJ4b ChMk0b\"><span class=\"Q4iAWc\">Es defineix &#8220;en col\u00b7laboraci\u00f3&#8221; amb una empresa si aquest projecte \u00e9s una iniciativa \/proposta d&#8217;un tutor de la UB y per exemple, utilitza dades d&#8217;aquesta empresa. <\/span><\/span><\/span>Aquesta opci\u00f3 ha de ser aprovada pel coordinador de TFG i el coordinador de pr\u00e0ctiques a l\u2019empresa. En aquests casos, el codi ser\u00e0 sempre p\u00fablic i la propietat intel\u00b7lectual quedar\u00e0 a la UB.\u00a0 Els TFG en col\u00b7laboraci\u00f3 amb empresa s\u00f3n casos molt particulars que han estat pr\u00e8viament aprovats pel coordinador de TFG i els professors. No s&#8217;accepten propostes dels estudiants.<\/p>\n<p><span class=\"VIiyi\" lang=\"ca\"><span class=\"JLqJ4b ChMk0b\"><span class=\"Q4iAWc\">En tots casos, en un TFG &#8220;en col\u00b7laboraci\u00f3&#8221; amb una empresa, ser\u00e0 el tutor de la UB que definir\u00e0 els objectius cientifics, la metodologia, la planificaci\u00f3 que s&#8217;usar\u00e0 al TFG amb empresa, i no el tutor de l&#8217;empresa.<\/span><\/span><\/span><\/p>\n<p>En el <span class=\"VIiyi\" lang=\"ca\"><span class=\"JLqJ4b ChMk0b\"><span class=\"Q4iAWc\">un TFG &#8220;en col\u00b7laboraci\u00f3&#8221; amb una empresa<\/span><\/span><\/span> la propietat intel\u00b7lectual del projecte ser\u00e0 sempre de l&#8217;estudiant, de la UB i del tutor de la UB, i mai es cedir\u00e0 a l&#8217;empresa per a la seva explotaci\u00f3.<\/p>\n<p align=\"justify\"><strong>Alumnes de la doble titulaci\u00f3 Matem\u00e0tiques + Enginyeria Inform\u00e0tica<\/strong><\/p>\n<ul>\n<li>Els alumnes d\u2019aquesta doble titulaci\u00f3 han de matricular el TFG dels dos graus (el de Matem\u00e0tiques i el d\u2019Enginyeria Inform\u00e0tica) i poden optar per fer un sol treball o per fer dos treballs, un a cada titulaci\u00f3. En cas de fer-ne nom\u00e9s un, l\u2019alumne\/a haur\u00e0 de fer una \u00fanica defensa del mateix i la qualificaci\u00f3 que obtindr\u00e0 ser\u00e0 la mateixa per als dos TFG matriculats. En aquest cas es crearan tribunals espec\u00edfics, formats per professorat de Matem\u00e0tiques i d\u2019Enginyeria Inform\u00e0tica, i es regiran per les mateixes normes que els tribunals d\u2019Enginyeria Inform\u00e0tica.<\/li>\n<li><span class=\"tlid-translation translation\" lang=\"ca\"><span title=\"\">Els alumnes necessiten com a m\u00ednim un\/a tutor\/a, per\u00f2 es recomana que n&#8217;hi hagi dos. \u00c9s suficient <span class=\"\" title=\"\">informar<\/span> <span class=\"\" title=\"\">un dels<\/span> coordinadors (de Matem\u00e0tiques o d&#8217;Enginyeria Inform\u00e0tica) que el TFG \u00e9s de doble <span class=\"\" title=\"\">titulaci\u00f3 pel\u00a0<\/span><span class=\"\" title=\"\">procediment<\/span>\u00a0est\u00e0ndard, i matricular-se a Secretaria en <strong>els dos<\/strong> TFG <span class=\"\" title=\"\">de les dues<\/span> <span class=\"\" title=\"\">especialitats.<\/span><\/span><\/span><\/li>\n<\/ul>\n<p><span class=\"VIiyi\" lang=\"ca\"><span class=\"JLqJ4b ChMk0b\" data-language-for-alternatives=\"ca\" data-language-to-translate-into=\"es\" data-phrase-index=\"0\" data-number-of-phrases=\"1\"><span class=\"Q4iAWc\">El coordinador de TFG, Simone Balocco<\/span><\/span><\/span><\/p>\n<\/div>\n<\/div>\n","protected":false},"excerpt":{"rendered":"<p>Qu\u00e8 \u00e9s el Treball de Fi de Grau (TFG)? \u00c9s una assignatura obligat\u00f2ria que Consisteix en l\u2019execuci\u00f3 d\u2019un projecte, supervisat per un (o m\u00e9s) directors, en qu\u00e8 s\u2019integren i desenvolupen els continguts formatius rebuts, i les capacitats, compet\u00e8ncies i habilitats adquirides durant el per\u00edode de doc\u00e8ncia del grau. Cal tenir aprovats 180 cr\u00e8dits al grau [&hellip;]<\/p>\n","protected":false},"author":35,"featured_media":0,"parent":67,"menu_order":0,"comment_status":"closed","ping_status":"closed","template":"","meta":{"footnotes":""},"class_list":["post-64","page","type-page","status-publish","hentry"],"_links":{"self":[{"href":"https:\/\/mat.ub.edu\/grauinformatica\/wp-json\/wp\/v2\/pages\/64","targetHints":{"allow":["GET"]}}],"collection":[{"href":"https:\/\/mat.ub.edu\/grauinformatica\/wp-json\/wp\/v2\/pages"}],"about":[{"href":"https:\/\/mat.ub.edu\/grauinformatica\/wp-json\/wp\/v2\/types\/page"}],"author":[{"embeddable":true,"href":"https:\/\/mat.ub.edu\/grauinformatica\/wp-json\/wp\/v2\/users\/35"}],"replies":[{"embeddable":true,"href":"https:\/\/mat.ub.edu\/grauinformatica\/wp-json\/wp\/v2\/comments?post=64"}],"version-history":[{"count":58,"href":"https:\/\/mat.ub.edu\/grauinformatica\/wp-json\/wp\/v2\/pages\/64\/revisions"}],"predecessor-version":[{"id":980,"href":"https:\/\/mat.ub.edu\/grauinformatica\/wp-json\/wp\/v2\/pages\/64\/revisions\/980"}],"up":[{"embeddable":true,"href":"https:\/\/mat.ub.edu\/grauinformatica\/wp-json\/wp\/v2\/pages\/67"}],"wp:attachment":[{"href":"https:\/\/mat.ub.edu\/grauinformatica\/wp-json\/wp\/v2\/media?parent=64"}],"curies":[{"name":"wp","href":"https:\/\/api.w.org\/{rel}","templated":true}]}}