{"id":6,"date":"2017-06-09T10:01:30","date_gmt":"2017-06-09T10:01:30","guid":{"rendered":"https:\/\/mat.ub.edu\/graumatesade\/?page_id=6"},"modified":"2025-10-23T11:21:28","modified_gmt":"2025-10-23T11:21:28","slug":"presentacio","status":"publish","type":"page","link":"https:\/\/mat.ub.edu\/graumatesade\/","title":{"rendered":"Presentaci\u00f3"},"content":{"rendered":"<div class=\"wpb-content-wrapper\"><p>[vc_row][vc_column][vc_single_image image=&#8221;9&#8243; img_size=&#8221;2001&#215;200&#8243; alignment=&#8221;center&#8221; style=&#8221;vc_box_rounded&#8221; css_animation=&#8221;appear&#8221;][vc_column_text]<\/p>\n<h1>Graus simultanis en Matem\u00e0tiques i en ADE<\/h1>\n<p>[\/vc_column_text][vc_row_inner disable_element=&#8221;yes&#8221;][vc_column_inner width=&#8221;1\/2&#8243;][vc_btn title=&#8221;Notes de tall&#8221; style=&#8221;flat&#8221; color=&#8221;sky&#8221; align=&#8221;center&#8221; i_icon_fontawesome=&#8221;fa fa-bar-chart&#8221; add_icon=&#8221;true&#8221; link=&#8221;url:http%3A%2F%2Fwww.ub.edu%2Fweb%2Fub%2Fca%2Festudis%2Foferta_formativa%2Fgraus%2Fnotes_tall%2Fnotes_tall.html||target:%20_blank&#8221;][\/vc_column_inner][vc_column_inner width=&#8221;1\/2&#8243;][vc_btn title=&#8221;Jornada Introductoria&#8221; style=&#8221;flat&#8221; color=&#8221;sky&#8221; align=&#8221;center&#8221; i_icon_fontawesome=&#8221;fa fa-pencil&#8221; add_icon=&#8221;true&#8221; link=&#8221;url:https%3A%2F%2Fmat.ub.edu%2Fgraumatematiques%2Fjornada-introductoria%2F||target:%20_blank|&#8221;][\/vc_column_inner][\/vc_row_inner][vc_row_inner disable_element=&#8221;yes&#8221;][vc_column_inner width=&#8221;1\/2&#8243;][vc_btn title=&#8221;Notes de tall Curs 2019\/2020&#8243; style=&#8221;flat&#8221; color=&#8221;sky&#8221; align=&#8221;center&#8221; i_icon_fontawesome=&#8221;fa fa-bar-chart&#8221; add_icon=&#8221;true&#8221; link=&#8221;url:http%3A%2F%2Fwww.ub.edu%2Fweb%2Fub%2Fca%2Festudis%2Foferta_formativa%2Fgraus%2Fnotes_tall%2Fnotes_tall.html||target:%20_blank&#8221;][\/vc_column_inner][vc_column_inner width=&#8221;1\/2&#8243;][vc_btn title=&#8221;Informaci\u00f3 per a Alumnat de nou acc\u00e9s&#8221; style=&#8221;flat&#8221; color=&#8221;sky&#8221; align=&#8221;center&#8221; i_icon_fontawesome=&#8221;fa fa-pencil&#8221; add_icon=&#8221;true&#8221; link=&#8221;url:https%3A%2F%2Fmat.ub.edu%2Falumnat-nou-acces%2Fmatesade||target:%20_blank|&#8221;][\/vc_column_inner][\/vc_row_inner][vc_row_inner][vc_column_inner][\/vc_column_inner][\/vc_row_inner][\/vc_column][\/vc_row][vc_row][vc_column width=&#8221;1\/2&#8243; offset=&#8221;vc_col-xs-12&#8243;][vc_text_separator title=&#8221;Pla d&#8217;estudis&#8221; i_icon_fontawesome=&#8221;fa fa-graduation-cap&#8221; i_color=&#8221;black&#8221; color=&#8221;custom&#8221; accent_color=&#8221;#2a2a2a&#8221; add_icon=&#8221;true&#8221;][vc_column_text]<\/p>\n<p style=\"text-align: justify;\">La Universitat de Barcelona, a trav\u00e9s de la Facultat d&#8217;Economia i Empresa i la Facultat de Matem\u00e0tiques i Inform\u00e0tica, ofereix un itinerari d&#8217;estudis que permet obtenir simult\u00e0niament el Grau en Administraci\u00f3 i Direcci\u00f3 d&#8217;Empreses (ADE) i el Grau en Matem\u00e0tiques (MAT), cadascun amb una menci\u00f3 determinada.<\/p>\n<p style=\"text-align: justify;\">Cursant l&#8217;itinerari doble i mitjan\u00e7ant el reconeixement d\u2019assignatures entre els dos graus, es poden obtenir els dos t\u00edtols fent menys de 480 cr\u00e8dits. Aquest itinerari doble t\u00e9 les caracter\u00edstiques generals seg\u00fcents:Les caracter\u00edstiques b\u00e0siques d\u2019aquest itinerari doble s\u00f3n:<\/p>\n<ul>\n<li style=\"text-align: justify;\">Oferta: 20 places (admissi\u00f3 exclusivament per pre-incripci\u00f3 universit\u00e0ria espec\u00edfica).<\/li>\n<li style=\"text-align: justify;\">Horari: mat\u00ed (ADE) i tarda (MAT), amb classes a les dues facultats respectives.<\/li>\n<li style=\"text-align: justify;\">Cr\u00e8dits totals a cursar: 390 \/ 396 (*).<\/li>\n<li style=\"text-align: justify;\">Duraci\u00f3: 5 anys i mig (11 semestres).<\/li>\n<\/ul>\n<p>[\/vc_column_text][\/vc_column][vc_column width=&#8221;1\/2&#8243; offset=&#8221;vc_col-xs-12&#8243;][vc_text_separator title=&#8221;Distribuci\u00f3 dels cr\u00e8dits&#8221; i_icon_fontawesome=&#8221;fa fa-pencil&#8221; i_color=&#8221;black&#8221; color=&#8221;custom&#8221; accent_color=&#8221;#2a2a2a&#8221; add_icon=&#8221;true&#8221;][vc_column_text]<\/p>\n<div id=\"d1\">\n<p align=\"center\"><strong>Distribuci\u00f3 de cr\u00e8dits de l&#8217;itinerari simultani i correspond\u00e8ncia amb els dos graus<\/strong><\/p>\n<div style=\"overflow-x: auto;\">\n<table border=\"2\" width=\"100%\" cellspacing=\"0\" cellpadding=\"0\" align=\"center\">\n<tbody>\n<tr>\n<td style=\"text-align: center;\" valign=\"top\" width=\"136\"><\/td>\n<td style=\"text-align: center;\" valign=\"top\" width=\"148\">\n<div align=\"center\"><strong>ADE<\/strong><br \/>\n<strong>Menci\u00f3<\/strong><br \/>\n<strong>Finances i<\/strong><br \/>\n<strong>Assegurances<\/strong><\/div>\n<\/td>\n<td style=\"text-align: center;\" valign=\"top\" width=\"148\">\n<div align=\"center\"><strong>MATEM\u00c0TIQUES<\/strong><br \/>\n<strong>Menci\u00f3<\/strong><br \/>\n<strong>Economia<\/strong><\/div>\n<\/td>\n<td style=\"text-align: center;\" valign=\"top\" width=\"355\"><strong>DOBLE ITINERARI<\/strong><br \/>\n<strong>ADE + MAT<\/strong><\/td>\n<\/tr>\n<tr>\n<td style=\"text-align: center;\" valign=\"top\" width=\"136\"><strong>Formaci\u00f3 B\u00e0sica<\/strong><\/td>\n<td style=\"text-align: center;\" valign=\"top\" width=\"148\">\n<div align=\"center\">84<\/div>\n<\/td>\n<td style=\"text-align: center;\" valign=\"top\" width=\"148\">\n<div align=\"center\">60<\/div>\n<\/td>\n<td style=\"text-align: center;\" valign=\"top\" width=\"355\">A cursar: \u00a0\u00a0\u00a0\u00a0\u00a0114 (60 ADE + 54 MAT)<br \/>\nReconeguts: \u00a030 (24 ADE + 6 MAT)<\/td>\n<\/tr>\n<tr>\n<td style=\"text-align: center;\" valign=\"top\" width=\"136\"><strong>Obligat\u00f2ries<\/strong><\/td>\n<td style=\"text-align: center;\" valign=\"top\" width=\"148\">\n<div align=\"center\">108<\/div>\n<\/td>\n<td style=\"text-align: center;\" valign=\"top\" width=\"148\">\n<div align=\"center\">120<\/div>\n<\/td>\n<td style=\"text-align: center;\" valign=\"top\" width=\"355\">A cursar: \u00a0\u00a0\u00a0\u00a0\u00a0210\/216\/222 (*)<br \/>\n(108 ADE + 102\/108\/112 MAT) (*)<br \/>\nReconeguts: \u00a018\/12\/6 MAT (*)<\/td>\n<\/tr>\n<tr>\n<td style=\"text-align: center;\" valign=\"top\" width=\"136\"><strong>Optatives<\/strong><\/td>\n<td style=\"text-align: center;\" valign=\"top\" width=\"148\">\n<div align=\"center\">42<br \/>\n(m\u00ednim 30<br \/>\nde la menci\u00f3)<\/div>\n<\/td>\n<td style=\"text-align: center;\" valign=\"top\" width=\"148\">\n<div align=\"center\">42<br \/>\n(m\u00ednim 30<br \/>\nde la menci\u00f3)<\/div>\n<\/td>\n<td style=\"text-align: center;\" valign=\"top\" width=\"355\">A cursar: \u00a0\u00a0\u00a0\u00a0\u00a0\u00a030 menci\u00f3 ADE<br \/>\n+ 6\/12\/18 MAT o ADE (*)<br \/>\nReconeguts: 36 MAT + 0\/6\/12 MAT o ADE<\/td>\n<\/tr>\n<tr>\n<td style=\"text-align: center;\" valign=\"top\" width=\"136\"><strong>TFG<\/strong><\/td>\n<td style=\"text-align: center;\" valign=\"top\" width=\"148\">\n<div align=\"center\">6<\/div>\n<\/td>\n<td style=\"text-align: center;\" valign=\"top\" width=\"148\">\n<div align=\"center\">18<\/div>\n<\/td>\n<td style=\"text-align: center;\" valign=\"top\" width=\"355\">A cursar: \u00a0\u00a0\u00a0\u00a024 (la feina a fer pot ser de 18)<\/td>\n<\/tr>\n<tr>\n<td style=\"text-align: center;\" valign=\"top\" width=\"136\"><strong>Total<\/strong><\/td>\n<td style=\"text-align: center;\" valign=\"top\" width=\"148\">\n<div align=\"center\">240<\/div>\n<\/td>\n<td style=\"text-align: center;\" valign=\"top\" width=\"148\">\n<div align=\"center\">240<\/div>\n<\/td>\n<td style=\"text-align: center;\" valign=\"top\" width=\"355\">\u00a0\u00a0\u00a0\u00a0\u00a0\u00a0\u00a0\u00a0\u00a0\u00a0\u00a0\u00a0\u00a0\u00a0\u00a0\u00a0390 \/ 396 (*)<\/td>\n<\/tr>\n<\/tbody>\n<\/table>\n<\/div>\n<p style=\"text-align: center;\"><em>(*) Hi ha diverses possibilitats, per\u00f2 cal que, usant els reconeixements, s\u2019obtinguin els requisits dels dos graus separadament.<\/em><\/p>\n<\/div>\n<p>[\/vc_column_text][\/vc_column][\/vc_row][vc_row][vc_column][vc_separator][vc_column_text]<\/p>\n<p style=\"text-align: justify;\"><strong>1)<\/strong> L&#8217;admissi\u00f3 a aquesta doble titulaci\u00f3 ADE-MAT s&#8217;ha aconseguir exclusivament a trav\u00e9s de la pre-inscripci\u00f3 universit\u00e0ria.<\/p>\n<p style=\"text-align: justify;\"><strong>2)<\/strong> Aquest doble grau \u00e9s molt exigent:<\/p>\n<ul style=\"text-align: justify;\">\n<li>Cal molta dedicaci\u00f3: 72 o 76 cr\u00e8dits per curs, en lloc dels 60 que es fan en un \u00fanic grau.<\/li>\n<li>Hi ha doc\u00e8ncia tant al mat\u00ed com a la tarda, en facultats diferents. Cal saber organitzar-se b\u00e9 el temps.<\/li>\n<\/ul>\n<p style=\"text-align: justify;\"><strong>3)<\/strong> Per a obtenir informaci\u00f3 sobre els perfils d&#8217;acc\u00e9s, els objectius dels estudis, les compet\u00e8ncies que s\u2019&#8217;assoleixen, les sortides profesionals, &#8230; consulteu la informaci\u00f3 pr\u00f2pia de cadascun dels dos ensenyaments:<\/p>\n<ul>\n<li style=\"text-align: justify;\"><a class=\"text_base_enll\" href=\"http:\/\/www.mat.ub.edu\/graumatematiques\" target=\"_blank\" rel=\"noopener noreferrer\">Grau en Matem\u00e0tiques<\/a><\/li>\n<li style=\"text-align: justify;\"><a class=\"text_base_enll\" href=\"http:\/\/www.ub.edu\/economiaempresa\/grau\/ade\/\" target=\"_blank\" rel=\"noopener noreferrer\">Grau en AD<\/a><\/li>\n<\/ul>\n<p>[\/vc_column_text][\/vc_column][\/vc_row]<\/p>\n<\/div>","protected":false},"excerpt":{"rendered":"<p>[vc_row][vc_column][vc_single_image image=&#8221;9&#8243; img_size=&#8221;2001&#215;200&#8243; alignment=&#8221;center&#8221; style=&#8221;vc_box_rounded&#8221; css_animation=&#8221;appear&#8221;][vc_column_text] Graus simultanis en Matem\u00e0tiques i en ADE [\/vc_column_text][vc_row_inner disable_element=&#8221;yes&#8221;][vc_column_inner width=&#8221;1\/2&#8243;][vc_btn title=&#8221;Notes de tall&#8221; style=&#8221;flat&#8221; color=&#8221;sky&#8221; align=&#8221;center&#8221; i_icon_fontawesome=&#8221;fa fa-bar-chart&#8221; add_icon=&#8221;true&#8221; link=&#8221;url:http%3A%2F%2Fwww.ub.edu%2Fweb%2Fub%2Fca%2Festudis%2Foferta_formativa%2Fgraus%2Fnotes_tall%2Fnotes_tall.html||target:%20_blank&#8221;][\/vc_column_inner][vc_column_inner width=&#8221;1\/2&#8243;][vc_btn title=&#8221;Jornada Introductoria&#8221; style=&#8221;flat&#8221; color=&#8221;sky&#8221; align=&#8221;center&#8221; i_icon_fontawesome=&#8221;fa fa-pencil&#8221; add_icon=&#8221;true&#8221; link=&#8221;url:https%3A%2F%2Fmat.ub.edu%2Fgraumatematiques%2Fjornada-introductoria%2F||target:%20_blank|&#8221;][\/vc_column_inner][\/vc_row_inner][vc_row_inner disable_element=&#8221;yes&#8221;][vc_column_inner width=&#8221;1\/2&#8243;][vc_btn title=&#8221;Notes de tall Curs 2019\/2020&#8243; style=&#8221;flat&#8221; color=&#8221;sky&#8221; align=&#8221;center&#8221; i_icon_fontawesome=&#8221;fa fa-bar-chart&#8221; add_icon=&#8221;true&#8221; link=&#8221;url:http%3A%2F%2Fwww.ub.edu%2Fweb%2Fub%2Fca%2Festudis%2Foferta_formativa%2Fgraus%2Fnotes_tall%2Fnotes_tall.html||target:%20_blank&#8221;][\/vc_column_inner][vc_column_inner width=&#8221;1\/2&#8243;][vc_btn title=&#8221;Informaci\u00f3 per a Alumnat [&hellip;]<\/p>\n","protected":false},"author":1,"featured_media":0,"parent":0,"menu_order":0,"comment_status":"closed","ping_status":"closed","template":"","meta":{"footnotes":""},"class_list":["post-6","page","type-page","status-publish","hentry"],"_links":{"self":[{"href":"https:\/\/mat.ub.edu\/graumatesade\/wp-json\/wp\/v2\/pages\/6","targetHints":{"allow":["GET"]}}],"collection":[{"href":"https:\/\/mat.ub.edu\/graumatesade\/wp-json\/wp\/v2\/pages"}],"about":[{"href":"https:\/\/mat.ub.edu\/graumatesade\/wp-json\/wp\/v2\/types\/page"}],"author":[{"embeddable":true,"href":"https:\/\/mat.ub.edu\/graumatesade\/wp-json\/wp\/v2\/users\/1"}],"replies":[{"embeddable":true,"href":"https:\/\/mat.ub.edu\/graumatesade\/wp-json\/wp\/v2\/comments?post=6"}],"version-history":[{"count":26,"href":"https:\/\/mat.ub.edu\/graumatesade\/wp-json\/wp\/v2\/pages\/6\/revisions"}],"predecessor-version":[{"id":223,"href":"https:\/\/mat.ub.edu\/graumatesade\/wp-json\/wp\/v2\/pages\/6\/revisions\/223"}],"wp:attachment":[{"href":"https:\/\/mat.ub.edu\/graumatesade\/wp-json\/wp\/v2\/media?parent=6"}],"curies":[{"name":"wp","href":"https:\/\/api.w.org\/{rel}","templated":true}]}}